{"id":1355,"date":"2026-02-23T08:47:26","date_gmt":"2026-02-23T08:47:26","guid":{"rendered":"https:\/\/shatranj.art\/?page_id=1355"},"modified":"2026-02-24T06:17:29","modified_gmt":"2026-02-24T06:17:29","slug":"poster-33","status":"publish","type":"page","link":"https:\/\/shatranj.art\/sk\/exhibit\/poster-33\/","title":{"rendered":"plag\u00e1t 33"},"content":{"rendered":"<div data-elementor-type=\"wp-page\" data-elementor-id=\"1355\" class=\"elementor elementor-1355\" data-elementor-post-type=\"page\">\n\t\t\t\t<div class=\"elementor-element elementor-element-2851794 e-flex e-con-boxed e-con e-parent\" data-id=\"2851794\" data-element_type=\"container\" data-e-type=\"container\" data-settings=\"{&quot;background_background&quot;:&quot;classic&quot;}\">\n\t\t\t\t\t<div class=\"e-con-inner\">\n\t\t<div class=\"elementor-element elementor-element-ed4d108 e-con-full e-flex e-con e-child\" data-id=\"ed4d108\" data-element_type=\"container\" data-e-type=\"container\">\n\t\t\t\t<div class=\"elementor-element elementor-element-2753e94 elementor-widget elementor-widget-image\" data-id=\"2753e94\" data-element_type=\"widget\" data-e-type=\"widget\" data-widget_type=\"image.default\">\n\t\t\t\t<div class=\"elementor-widget-container\">\n\t\t\t\t\t\t\t\t\t\t\t\t\t\t\t<img fetchpriority=\"high\" decoding=\"async\" width=\"800\" height=\"534\" src=\"https:\/\/shatranj.art\/wp-content\/uploads\/2026\/02\/ulku-ve-dalkiran-kultur-un-1024x683.jpeg\" class=\"attachment-large size-large wp-image-1359\" alt=\"\" srcset=\"https:\/\/shatranj.art\/wp-content\/uploads\/2026\/02\/ulku-ve-dalkiran-kultur-un-1024x683.jpeg 1024w, https:\/\/shatranj.art\/wp-content\/uploads\/2026\/02\/ulku-ve-dalkiran-kultur-un-300x200.jpeg 300w, https:\/\/shatranj.art\/wp-content\/uploads\/2026\/02\/ulku-ve-dalkiran-kultur-un-768x512.jpeg 768w, https:\/\/shatranj.art\/wp-content\/uploads\/2026\/02\/ulku-ve-dalkiran-kultur-un-1536x1024.jpeg 1536w, https:\/\/shatranj.art\/wp-content\/uploads\/2026\/02\/ulku-ve-dalkiran-kultur-un-2048x1365.jpeg 2048w, https:\/\/shatranj.art\/wp-content\/uploads\/2026\/02\/ulku-ve-dalkiran-kultur-un-18x12.jpeg 18w\" sizes=\"(max-width: 800px) 100vw, 800px\" \/>\t\t\t\t\t\t\t\t\t\t\t\t\t\t\t<\/div>\n\t\t\t\t<\/div>\n\t\t\t\t<div class=\"elementor-element elementor-element-1b1dadb elementor-widget-tablet__width-inherit elementor-widget elementor-widget-text-editor\" data-id=\"1b1dadb\" data-element_type=\"widget\" data-e-type=\"widget\" data-widget_type=\"text-editor.default\">\n\t\t\t\t<div class=\"elementor-widget-container\">\n\t\t\t\t\t\t\t\t\t<h3><strong>\u0160achov\u00e1 s\u00faprava Mustafu Kemala Atat\u00fcrka<\/strong><span style=\"font-weight: 400;\"><br \/><\/span><span style=\"font-weight: 400;\"><br \/><\/span><\/h3><p><span style=\"font-weight: 400;\">V tejto \u010dasti v\u00fdstavy je vystaven\u00fd jedine\u010dn\u00fd kus tureckej hist\u00f3rie: osobn\u00fd \u0161achov\u00fd set Mustafu Kemala Atat\u00fcrka, zakladate\u013ea Tureckej republiky. Na fotografii v gal\u00e9rii je H. Serta\u00e7 Dalk\u0131ran spolu s Atat\u00fcrkovou adopt\u00edvnou dc\u00e9rou \u00dclk\u00fc Adatepe, ktor\u00e1 hrdo prezentuje s\u00fapravu.<\/span><span style=\"font-weight: 400;\"><br \/><\/span><span style=\"font-weight: 400;\"><br \/><\/span><span style=\"font-weight: 400;\">T\u00e1to \u0161achov\u00e1 s\u00faprava bola unik\u00e1tne vyrezan\u00e1 zo \u0161katu\u013eov\u00e9ho dreva ako jedine\u010dn\u00fd dizajn. In\u0161pirovala ju bitka pri Gallipoli a vyrobil ju Tahsin \u00c7ukurluo\u011flu, n\u00e1\u010deln\u00edk stanice Atat\u00fcrkovej lesnej farmy, man\u017eel adopt\u00edvnej dc\u00e9ry Z\u00fcbeyde Han\u0131m Vasfiye Han\u0131m a otec Atat\u00fcrkovej adopt\u00edvnej dc\u00e9ry \u00dclk\u00fc Adatepe. Bol darovan\u00fd Atat\u00fcrkovi ako dar. Havrany s\u00fa zobrazen\u00e9 ako del\u00e1, v s\u00falade s terminol\u00f3giou tohto diela ako del\u00e1, \u201ctop\u201d, v mnoh\u00fdch ju\u017enoslovansk\u00fdch a balk\u00e1nskych jazykoch.\u00a0<\/span><\/p><p><span style=\"font-weight: 400;\">Po Atat\u00fcrkovom odchode s\u00fabor zachovala t\u00e1to rodina. Po smrti Tahsina \u00c7ukurluo\u011flua bola s\u00faprava darovan\u00e1 ako spomienka jeho bl\u00edzkemu priate\u013eovi Selahattinovi A\u015fkanovi, v\u00e1\u017eenej osobnosti \u0161achovej komunity, v ich dome v Cevizli v Istanbule.<\/span><\/p><p><span style=\"font-weight: 400;\">Nesk\u00f4r bola t\u00e1to s\u00faprava darovan\u00e1 H. Serta\u00e7ovi Dalk\u0131ranovi, ktor\u00fd zalo\u017eil prv\u00fa \u0161achov\u00fa \u0161kolu a m\u00fazeum v na\u0161ej krajine ako uznanie za jeho vynikaj\u00face z\u00e1sluhy o \u0161ach v Turecku. Je zn\u00e1me, \u017ee Atat\u00fcrk hral pr\u00e1ve s touto s\u00fapravou proti \u0130smetovi \u0130n\u00f6n\u00fcovi, Selahattinovi Adilovi Pa\u0161ovi a \u010fal\u0161\u00edm spolubojovn\u00edkom.<\/span><\/p>\t\t\t\t\t\t\t\t<\/div>\n\t\t\t\t<\/div>\n\t\t\t\t<div class=\"elementor-element elementor-element-8077669 elementor-widget elementor-widget-image\" data-id=\"8077669\" data-element_type=\"widget\" data-e-type=\"widget\" data-widget_type=\"image.default\">\n\t\t\t\t<div class=\"elementor-widget-container\">\n\t\t\t\t\t\t\t\t\t\t\t\t\t\t\t<img decoding=\"async\" width=\"800\" height=\"576\" src=\"https:\/\/shatranj.art\/wp-content\/uploads\/2026\/02\/ataturkun-takimi-afis-calismasi-1-1024x737.jpg\" class=\"attachment-large size-large wp-image-1358\" alt=\"\" srcset=\"https:\/\/shatranj.art\/wp-content\/uploads\/2026\/02\/ataturkun-takimi-afis-calismasi-1-1024x737.jpg 1024w, https:\/\/shatranj.art\/wp-content\/uploads\/2026\/02\/ataturkun-takimi-afis-calismasi-1-300x216.jpg 300w, https:\/\/shatranj.art\/wp-content\/uploads\/2026\/02\/ataturkun-takimi-afis-calismasi-1-768x553.jpg 768w, https:\/\/shatranj.art\/wp-content\/uploads\/2026\/02\/ataturkun-takimi-afis-calismasi-1-1536x1106.jpg 1536w, https:\/\/shatranj.art\/wp-content\/uploads\/2026\/02\/ataturkun-takimi-afis-calismasi-1-2048x1475.jpg 2048w, https:\/\/shatranj.art\/wp-content\/uploads\/2026\/02\/ataturkun-takimi-afis-calismasi-1-18x12.jpg 18w\" sizes=\"(max-width: 800px) 100vw, 800px\" \/>\t\t\t\t\t\t\t\t\t\t\t\t\t\t\t<\/div>\n\t\t\t\t<\/div>\n\t\t\t\t<div class=\"elementor-element elementor-element-887b309 elementor-widget elementor-widget-image\" data-id=\"887b309\" data-element_type=\"widget\" data-e-type=\"widget\" data-widget_type=\"image.default\">\n\t\t\t\t<div class=\"elementor-widget-container\">\n\t\t\t\t\t\t\t\t\t\t\t\t\t\t\t<img decoding=\"async\" width=\"800\" height=\"504\" src=\"https:\/\/shatranj.art\/wp-content\/uploads\/2026\/02\/mustafa-kemal-ataturk-chess-set-reduced-size-1024x645.jpg\" class=\"attachment-large size-large wp-image-1446\" alt=\"\" srcset=\"https:\/\/shatranj.art\/wp-content\/uploads\/2026\/02\/mustafa-kemal-ataturk-chess-set-reduced-size-1024x645.jpg 1024w, https:\/\/shatranj.art\/wp-content\/uploads\/2026\/02\/mustafa-kemal-ataturk-chess-set-reduced-size-300x189.jpg 300w, https:\/\/shatranj.art\/wp-content\/uploads\/2026\/02\/mustafa-kemal-ataturk-chess-set-reduced-size-768x484.jpg 768w, https:\/\/shatranj.art\/wp-content\/uploads\/2026\/02\/mustafa-kemal-ataturk-chess-set-reduced-size-1536x968.jpg 1536w, https:\/\/shatranj.art\/wp-content\/uploads\/2026\/02\/mustafa-kemal-ataturk-chess-set-reduced-size-2048x1291.jpg 2048w, https:\/\/shatranj.art\/wp-content\/uploads\/2026\/02\/mustafa-kemal-ataturk-chess-set-reduced-size-18x12.jpg 18w\" sizes=\"(max-width: 800px) 100vw, 800px\" \/>\t\t\t\t\t\t\t\t\t\t\t\t\t\t\t<\/div>\n\t\t\t\t<\/div>\n\t\t\t\t<div class=\"elementor-element elementor-element-67db2a3 elementor-widget elementor-widget-image\" data-id=\"67db2a3\" data-element_type=\"widget\" data-e-type=\"widget\" data-widget_type=\"image.default\">\n\t\t\t\t<div class=\"elementor-widget-container\">\n\t\t\t\t\t\t\t\t\t\t\t\t\t\t\t<img loading=\"lazy\" decoding=\"async\" width=\"768\" height=\"1024\" src=\"https:\/\/shatranj.art\/wp-content\/uploads\/2026\/02\/ulku-adatepe-my-childhood-with-ataturk-768x1024.jpg\" class=\"attachment-large size-large wp-image-1451\" alt=\"\" srcset=\"https:\/\/shatranj.art\/wp-content\/uploads\/2026\/02\/ulku-adatepe-my-childhood-with-ataturk-768x1024.jpg 768w, https:\/\/shatranj.art\/wp-content\/uploads\/2026\/02\/ulku-adatepe-my-childhood-with-ataturk-225x300.jpg 225w, https:\/\/shatranj.art\/wp-content\/uploads\/2026\/02\/ulku-adatepe-my-childhood-with-ataturk-1152x1536.jpg 1152w, https:\/\/shatranj.art\/wp-content\/uploads\/2026\/02\/ulku-adatepe-my-childhood-with-ataturk-1536x2048.jpg 1536w, https:\/\/shatranj.art\/wp-content\/uploads\/2026\/02\/ulku-adatepe-my-childhood-with-ataturk-9x12.jpg 9w, https:\/\/shatranj.art\/wp-content\/uploads\/2026\/02\/ulku-adatepe-my-childhood-with-ataturk-scaled.jpg 1920w\" sizes=\"(max-width: 768px) 100vw, 768px\" \/>\t\t\t\t\t\t\t\t\t\t\t\t\t\t\t<\/div>\n\t\t\t\t<\/div>\n\t\t\t\t<div class=\"elementor-element elementor-element-00467b4 elementor-widget elementor-widget-image\" data-id=\"00467b4\" data-element_type=\"widget\" data-e-type=\"widget\" data-widget_type=\"image.default\">\n\t\t\t\t<div class=\"elementor-widget-container\">\n\t\t\t\t\t\t\t\t\t\t\t\t\t\t\t<img loading=\"lazy\" decoding=\"async\" width=\"768\" height=\"1024\" src=\"https:\/\/shatranj.art\/wp-content\/uploads\/2026\/02\/ulku-adatepe-ataturk-memoirs-768x1024.jpg\" class=\"attachment-large size-large wp-image-1447\" alt=\"\" srcset=\"https:\/\/shatranj.art\/wp-content\/uploads\/2026\/02\/ulku-adatepe-ataturk-memoirs-768x1024.jpg 768w, https:\/\/shatranj.art\/wp-content\/uploads\/2026\/02\/ulku-adatepe-ataturk-memoirs-225x300.jpg 225w, https:\/\/shatranj.art\/wp-content\/uploads\/2026\/02\/ulku-adatepe-ataturk-memoirs-1152x1536.jpg 1152w, https:\/\/shatranj.art\/wp-content\/uploads\/2026\/02\/ulku-adatepe-ataturk-memoirs-1536x2048.jpg 1536w, https:\/\/shatranj.art\/wp-content\/uploads\/2026\/02\/ulku-adatepe-ataturk-memoirs-9x12.jpg 9w, https:\/\/shatranj.art\/wp-content\/uploads\/2026\/02\/ulku-adatepe-ataturk-memoirs-scaled.jpg 1920w\" sizes=\"(max-width: 768px) 100vw, 768px\" \/>\t\t\t\t\t\t\t\t\t\t\t\t\t\t\t<\/div>\n\t\t\t\t<\/div>\n\t\t\t\t<div class=\"elementor-element elementor-element-9bf6bee elementor-widget elementor-widget-image\" data-id=\"9bf6bee\" data-element_type=\"widget\" data-e-type=\"widget\" data-widget_type=\"image.default\">\n\t\t\t\t<div class=\"elementor-widget-container\">\n\t\t\t\t\t\t\t\t\t\t\t\t\t\t\t<img loading=\"lazy\" decoding=\"async\" width=\"530\" height=\"800\" src=\"https:\/\/shatranj.art\/wp-content\/uploads\/2026\/02\/mustafa-kemal-atatur-ulku-adatepe.jpg\" class=\"attachment-large size-large wp-image-1449\" alt=\"\" srcset=\"https:\/\/shatranj.art\/wp-content\/uploads\/2026\/02\/mustafa-kemal-atatur-ulku-adatepe.jpg 530w, https:\/\/shatranj.art\/wp-content\/uploads\/2026\/02\/mustafa-kemal-atatur-ulku-adatepe-199x300.jpg 199w, https:\/\/shatranj.art\/wp-content\/uploads\/2026\/02\/mustafa-kemal-atatur-ulku-adatepe-8x12.jpg 8w\" sizes=\"(max-width: 530px) 100vw, 530px\" \/>\t\t\t\t\t\t\t\t\t\t\t\t\t\t\t<\/div>\n\t\t\t\t<\/div>\n\t\t\t\t<div class=\"elementor-element elementor-element-c32a832 elementor-widget elementor-widget-image\" data-id=\"c32a832\" data-element_type=\"widget\" data-e-type=\"widget\" data-widget_type=\"image.default\">\n\t\t\t\t<div class=\"elementor-widget-container\">\n\t\t\t\t\t\t\t\t\t\t\t\t\t\t\t<img loading=\"lazy\" decoding=\"async\" width=\"640\" height=\"1024\" src=\"https:\/\/shatranj.art\/wp-content\/uploads\/2026\/02\/tahsin-cukurluoglu-ulku-adatepe-chesset-memory-640x1024.jpg\" class=\"attachment-large size-large wp-image-1450\" alt=\"\" srcset=\"https:\/\/shatranj.art\/wp-content\/uploads\/2026\/02\/tahsin-cukurluoglu-ulku-adatepe-chesset-memory-640x1024.jpg 640w, https:\/\/shatranj.art\/wp-content\/uploads\/2026\/02\/tahsin-cukurluoglu-ulku-adatepe-chesset-memory-187x300.jpg 187w, https:\/\/shatranj.art\/wp-content\/uploads\/2026\/02\/tahsin-cukurluoglu-ulku-adatepe-chesset-memory-7x12.jpg 7w, https:\/\/shatranj.art\/wp-content\/uploads\/2026\/02\/tahsin-cukurluoglu-ulku-adatepe-chesset-memory.jpg 652w\" sizes=\"(max-width: 640px) 100vw, 640px\" \/>\t\t\t\t\t\t\t\t\t\t\t\t\t\t\t<\/div>\n\t\t\t\t<\/div>\n\t\t\t\t<div class=\"elementor-element elementor-element-4fc3267 elementor-widget elementor-widget-image\" data-id=\"4fc3267\" data-element_type=\"widget\" data-e-type=\"widget\" data-widget_type=\"image.default\">\n\t\t\t\t<div class=\"elementor-widget-container\">\n\t\t\t\t\t\t\t\t\t\t\t\t\t\t\t<img loading=\"lazy\" decoding=\"async\" width=\"580\" height=\"984\" src=\"https:\/\/shatranj.art\/wp-content\/uploads\/2026\/02\/Tahsin-Cukurluoglu.jpg\" class=\"attachment-large size-large wp-image-1448\" alt=\"\" srcset=\"https:\/\/shatranj.art\/wp-content\/uploads\/2026\/02\/Tahsin-Cukurluoglu.jpg 580w, https:\/\/shatranj.art\/wp-content\/uploads\/2026\/02\/Tahsin-Cukurluoglu-177x300.jpg 177w, https:\/\/shatranj.art\/wp-content\/uploads\/2026\/02\/Tahsin-Cukurluoglu-7x12.jpg 7w\" sizes=\"(max-width: 580px) 100vw, 580px\" \/>\t\t\t\t\t\t\t\t\t\t\t\t\t\t\t<\/div>\n\t\t\t\t<\/div>\n\t\t\t\t<div class=\"elementor-element elementor-element-7c081ec elementor-widget-tablet__width-inherit elementor-widget elementor-widget-text-editor\" data-id=\"7c081ec\" data-element_type=\"widget\" data-e-type=\"widget\" data-widget_type=\"text-editor.default\">\n\t\t\t\t<div class=\"elementor-widget-container\">\n\t\t\t\t\t\t\t\t\t<h3><b>Obrovsk\u00e1 \u0161achov\u00e1 \u0161ou na\u017eivo na \u0161tadi\u00f3ne Fenerbah\u00e7e (1997)<\/b><\/h3><p><b>Na z\u00e1klade kol\u00e1\u017ee zo \u0161tadi\u00f3na.<\/b><\/p><p><span style=\"font-weight: 400;\">Tento p\u00f4sobiv\u00fd obrazov\u00fd z\u00e1znam predstavuje obrovsk\u00e9 podujatie \u201c\u017div\u00fd \u0161ach\u201d, ktor\u00e9 sa konalo v roku 1997 na \u0161tadi\u00f3ne Fenerbah\u00e7e, jedn\u00e9ho z najzn\u00e1mej\u0161\u00edch tureck\u00fdch \u0161portov\u00fdch klubov.<\/span><\/p><p><span style=\"font-weight: 400;\">Na tomto podujat\u00ed, na ktorom sa futbalov\u00e9 ihrisko premenilo na obrovsk\u00fa \u0161achovnicu, \u0161peci\u00e1lne kost\u00fdmovan\u00ed umelci o\u017eivili strategick\u00fa hru pred div\u00e1kmi na \u0161tadi\u00f3ne, kde hrali \u0161achov\u00e9 fig\u00farky. Vizu\u00e1l plynulo sp\u00e1ja intelektu\u00e1lnu h\u013abku \u0161achu s fyzickou vizu\u00e1lnou sl\u00e1vnos\u0165ou a \u0161portovou kult\u00farou. Atat\u00fcrkovu fotografiu mo\u017eno vidie\u0165 na vlajke na \u0161tadi\u00f3ne.<\/span><\/p><p><b>Arch\u00edvna pozn\u00e1mka:<\/b><span style=\"font-weight: 400;\"> Ako je uveden\u00e9 na origin\u00e1lnej fotografii, tento v\u00fdnimo\u010dn\u00fd k\u00fasok \u0161achovej hist\u00f3rie je vystaven\u00fd z osobn\u00e9ho arch\u00edvu a zbierky medzin\u00e1rodn\u00e9ho \u0161achov\u00e9ho rozhodcu a spisovate\u013ea FIDE, <\/span><b>H. Serta\u00e7 Dalk\u0131ran<\/b><span style=\"font-weight: 400;\">.<\/span><\/p>\t\t\t\t\t\t\t\t<\/div>\n\t\t\t\t<\/div>\n\t\t\t\t<div class=\"elementor-element elementor-element-2284ad2 elementor-widget elementor-widget-image\" data-id=\"2284ad2\" data-element_type=\"widget\" data-e-type=\"widget\" data-widget_type=\"image.default\">\n\t\t\t\t<div class=\"elementor-widget-container\">\n\t\t\t\t\t\t\t\t\t\t\t\t\t\t\t<img loading=\"lazy\" decoding=\"async\" width=\"800\" height=\"557\" src=\"https:\/\/shatranj.art\/wp-content\/uploads\/2026\/02\/Fenerbahce-stadi-bale-1997-1024x713.jpg\" class=\"attachment-large size-large wp-image-1360\" alt=\"\" srcset=\"https:\/\/shatranj.art\/wp-content\/uploads\/2026\/02\/Fenerbahce-stadi-bale-1997-1024x713.jpg 1024w, https:\/\/shatranj.art\/wp-content\/uploads\/2026\/02\/Fenerbahce-stadi-bale-1997-300x209.jpg 300w, https:\/\/shatranj.art\/wp-content\/uploads\/2026\/02\/Fenerbahce-stadi-bale-1997-768x535.jpg 768w, https:\/\/shatranj.art\/wp-content\/uploads\/2026\/02\/Fenerbahce-stadi-bale-1997-1536x1070.jpg 1536w, https:\/\/shatranj.art\/wp-content\/uploads\/2026\/02\/Fenerbahce-stadi-bale-1997-2048x1426.jpg 2048w, https:\/\/shatranj.art\/wp-content\/uploads\/2026\/02\/Fenerbahce-stadi-bale-1997-18x12.jpg 18w\" sizes=\"(max-width: 800px) 100vw, 800px\" \/>\t\t\t\t\t\t\t\t\t\t\t\t\t\t\t<\/div>\n\t\t\t\t<\/div>\n\t\t\t\t<\/div>\n\t\t\t\t\t<\/div>\n\t\t\t\t<\/div>\n\t\t\t\t<\/div>","protected":false},"excerpt":{"rendered":"<p>The chess set of Mustafa Kemal Atat\u00fcrk This section of the exhibit highlights a unique piece of Turkish history: the personal chess set of Mustafa Kemal Atat\u00fcrk, the founder of the Republic of Turkey. The gallery photo shows H. Serta\u00e7 Dalk\u0131ran alongside Atat\u00fcrk&#8217;s adopted daughter, \u00dclk\u00fc Adatepe, proudly presenting the set. This chess set was [&hellip;]<\/p>\n","protected":false},"author":1,"featured_media":0,"parent":743,"menu_order":0,"comment_status":"closed","ping_status":"closed","template":"","meta":{"footnotes":""},"class_list":["post-1355","page","type-page","status-publish","hentry"],"_links":{"self":[{"href":"https:\/\/shatranj.art\/sk\/wp-json\/wp\/v2\/pages\/1355","targetHints":{"allow":["GET"]}}],"collection":[{"href":"https:\/\/shatranj.art\/sk\/wp-json\/wp\/v2\/pages"}],"about":[{"href":"https:\/\/shatranj.art\/sk\/wp-json\/wp\/v2\/types\/page"}],"author":[{"embeddable":true,"href":"https:\/\/shatranj.art\/sk\/wp-json\/wp\/v2\/users\/1"}],"replies":[{"embeddable":true,"href":"https:\/\/shatranj.art\/sk\/wp-json\/wp\/v2\/comments?post=1355"}],"version-history":[{"count":16,"href":"https:\/\/shatranj.art\/sk\/wp-json\/wp\/v2\/pages\/1355\/revisions"}],"predecessor-version":[{"id":1457,"href":"https:\/\/shatranj.art\/sk\/wp-json\/wp\/v2\/pages\/1355\/revisions\/1457"}],"up":[{"embeddable":true,"href":"https:\/\/shatranj.art\/sk\/wp-json\/wp\/v2\/pages\/743"}],"wp:attachment":[{"href":"https:\/\/shatranj.art\/sk\/wp-json\/wp\/v2\/media?parent=1355"}],"curies":[{"name":"wp","href":"https:\/\/api.w.org\/{rel}","templated":true}]}}