{"id":1488,"date":"2026-02-24T06:58:44","date_gmt":"2026-02-24T06:58:44","guid":{"rendered":"https:\/\/shatranj.art\/?page_id=1488"},"modified":"2026-02-24T07:15:32","modified_gmt":"2026-02-24T07:15:32","slug":"plagat-36","status":"publish","type":"page","link":"https:\/\/shatranj.art\/sk\/exhibit\/plagat-36\/","title":{"rendered":"plag\u00e1t-36"},"content":{"rendered":"<div data-elementor-type=\"wp-page\" data-elementor-id=\"1488\" class=\"elementor elementor-1488\" data-elementor-post-type=\"page\">\n\t\t\t\t<div class=\"elementor-element elementor-element-ffdb7d2 e-flex e-con-boxed e-con e-parent\" data-id=\"ffdb7d2\" data-element_type=\"container\" data-e-type=\"container\" data-settings=\"{&quot;background_background&quot;:&quot;classic&quot;}\">\n\t\t\t\t\t<div class=\"e-con-inner\">\n\t\t<div class=\"elementor-element elementor-element-5551562 e-con-full e-flex e-con e-child\" data-id=\"5551562\" data-element_type=\"container\" data-e-type=\"container\">\n\t\t\t\t<div class=\"elementor-element elementor-element-1e762c9 elementor-widget elementor-widget-image\" data-id=\"1e762c9\" data-element_type=\"widget\" data-e-type=\"widget\" data-widget_type=\"image.default\">\n\t\t\t\t<div class=\"elementor-widget-container\">\n\t\t\t\t\t\t\t\t\t\t\t\t\t\t\t<img fetchpriority=\"high\" decoding=\"async\" width=\"569\" height=\"860\" src=\"https:\/\/shatranj.art\/wp-content\/uploads\/2026\/02\/damiano.jpg\" class=\"attachment-full size-full wp-image-1490\" alt=\"\" srcset=\"https:\/\/shatranj.art\/wp-content\/uploads\/2026\/02\/damiano.jpg 569w, https:\/\/shatranj.art\/wp-content\/uploads\/2026\/02\/damiano-198x300.jpg 198w, https:\/\/shatranj.art\/wp-content\/uploads\/2026\/02\/damiano-8x12.jpg 8w\" sizes=\"(max-width: 569px) 100vw, 569px\" \/>\t\t\t\t\t\t\t\t\t\t\t\t\t\t\t<\/div>\n\t\t\t\t<\/div>\n\t\t\t\t<div class=\"elementor-element elementor-element-4488bb1 elementor-widget elementor-widget-text-editor\" data-id=\"4488bb1\" data-element_type=\"widget\" data-e-type=\"widget\" data-widget_type=\"text-editor.default\">\n\t\t\t\t<div class=\"elementor-widget-container\">\n\t\t\t\t\t\t\t\t\t<h3 data-path-to-node=\"0\">\u0160achov\u00e1 s\u00faprava Damiano (okolo roku 1512)<\/h3><p data-path-to-node=\"1\">T\u00e1to s\u00faprava, pomenovan\u00e1 po Pedrovi Damianovi, portugalskom lek\u00e1rnikovi, ktor\u00fd je autorom vplyvnej pr\u00edru\u010dky Questo Libro e da Imparare Giocare a Scacchi z roku 1512, predstavuje v\u00fdznamn\u00fd prechodn\u00fd moment v \u0161achovom dizajne. Fig\u00farky preklenuj\u00fa medzeru medzi ran\u00fdmi symbolick\u00fdmi formami a modern\u00fdm zobrazen\u00edm. K\u00fdm kr\u00e1li a kr\u00e1\u013eovn\u00e9 maj\u00fa elegantn\u00e9 s\u00fastru\u017een\u00e9 stupne a rytieri s\u00fa zn\u00e1zornen\u00ed ako vyrez\u00e1van\u00e9 hlavy kon\u00ed, ve\u017ee a strelci st\u00e1le pripom\u00ednaj\u00fa svojich stredovek\u00fdch predchodcov. Konkr\u00e9tne ve\u017ea si zachov\u00e1va abstraktn\u00fa siluetu starovek\u00e9ho vojnov\u00e9ho voza, ktor\u00fd sa \u010doskoro vyvinul do podoby modernej hradnej ve\u017ee.<\/p><p data-path-to-node=\"2\">Damianovo pojednanie bolo prv\u00fdm bestsellerom modernej \u00e9ry a stanovilo z\u00e1kladn\u00e9 normy, ako napr\u00edklad po\u017eiadavku, aby biele pole bolo po pravej strane hr\u00e1\u010da. Jeho nad\u010dasov\u00e1 rada \u201cAk vid\u00ed\u0161 dobr\u00fd \u0165ah, n\u00e1jdi lep\u0161\u00ed\u201d odr\u00e1\u017ea intelektu\u00e1lnu h\u013abku, ktor\u00fa do hry vniesol. Tento s\u00fabor sl\u00fa\u017ei ako vizu\u00e1lny z\u00e1znam v\u00fdvoja v 16. storo\u010d\u00ed, ktor\u00fd premenil starovek\u00fd \u0161atrand\u017e na medzin\u00e1rodn\u00fd \u0161port modern\u00e9ho sveta.<\/p>\t\t\t\t\t\t\t\t<\/div>\n\t\t\t\t<\/div>\n\t\t\t\t<\/div>\n\t\t\t\t\t<\/div>\n\t\t\t\t<\/div>\n\t\t\t\t<\/div>","protected":false},"excerpt":{"rendered":"<p>The Damiano Chess Set (c. 1512) Named after Pedro Damiano, the Portuguese apothecary who authored the influential 1512 manual Questo Libro e da Imparare Giocare a Scacchi, this set represents a significant transitional moment in chess design. The pieces bridge the gap between early symbolic forms and modern representation. While the Kings and Queens feature [&hellip;]<\/p>\n","protected":false},"author":1,"featured_media":0,"parent":743,"menu_order":0,"comment_status":"closed","ping_status":"closed","template":"","meta":{"footnotes":""},"class_list":["post-1488","page","type-page","status-publish","hentry"],"_links":{"self":[{"href":"https:\/\/shatranj.art\/sk\/wp-json\/wp\/v2\/pages\/1488","targetHints":{"allow":["GET"]}}],"collection":[{"href":"https:\/\/shatranj.art\/sk\/wp-json\/wp\/v2\/pages"}],"about":[{"href":"https:\/\/shatranj.art\/sk\/wp-json\/wp\/v2\/types\/page"}],"author":[{"embeddable":true,"href":"https:\/\/shatranj.art\/sk\/wp-json\/wp\/v2\/users\/1"}],"replies":[{"embeddable":true,"href":"https:\/\/shatranj.art\/sk\/wp-json\/wp\/v2\/comments?post=1488"}],"version-history":[{"count":5,"href":"https:\/\/shatranj.art\/sk\/wp-json\/wp\/v2\/pages\/1488\/revisions"}],"predecessor-version":[{"id":1501,"href":"https:\/\/shatranj.art\/sk\/wp-json\/wp\/v2\/pages\/1488\/revisions\/1501"}],"up":[{"embeddable":true,"href":"https:\/\/shatranj.art\/sk\/wp-json\/wp\/v2\/pages\/743"}],"wp:attachment":[{"href":"https:\/\/shatranj.art\/sk\/wp-json\/wp\/v2\/media?parent=1488"}],"curies":[{"name":"wp","href":"https:\/\/api.w.org\/{rel}","templated":true}]}}