{"id":1504,"date":"2026-02-24T07:16:45","date_gmt":"2026-02-24T07:16:45","guid":{"rendered":"https:\/\/shatranj.art\/?page_id=1504"},"modified":"2026-02-24T07:21:26","modified_gmt":"2026-02-24T07:21:26","slug":"plagat-38","status":"publish","type":"page","link":"https:\/\/shatranj.art\/sk\/exhibit\/plagat-38\/","title":{"rendered":"poster-38"},"content":{"rendered":"<div data-elementor-type=\"wp-page\" data-elementor-id=\"1504\" class=\"elementor elementor-1504\" data-elementor-post-type=\"page\">\n\t\t\t\t<div class=\"elementor-element elementor-element-d6ea98c e-flex e-con-boxed e-con e-parent\" data-id=\"d6ea98c\" data-element_type=\"container\" data-e-type=\"container\" data-settings=\"{&quot;background_background&quot;:&quot;classic&quot;}\">\n\t\t\t\t\t<div class=\"e-con-inner\">\n\t\t<div class=\"elementor-element elementor-element-8942b74 e-con-full e-flex e-con e-child\" data-id=\"8942b74\" data-element_type=\"container\" data-e-type=\"container\">\n\t\t\t\t<div class=\"elementor-element elementor-element-f1e4538 elementor-widget elementor-widget-image\" data-id=\"f1e4538\" data-element_type=\"widget\" data-e-type=\"widget\" data-widget_type=\"image.default\">\n\t\t\t\t<div class=\"elementor-widget-container\">\n\t\t\t\t\t\t\t\t\t\t\t\t\t\t\t<img fetchpriority=\"high\" decoding=\"async\" width=\"1893\" height=\"798\" src=\"https:\/\/shatranj.art\/wp-content\/uploads\/2026\/02\/romanian-cafe-house-langer-collection.jpg\" class=\"attachment-full size-full wp-image-1506\" alt=\"\" srcset=\"https:\/\/shatranj.art\/wp-content\/uploads\/2026\/02\/romanian-cafe-house-langer-collection.jpg 1893w, https:\/\/shatranj.art\/wp-content\/uploads\/2026\/02\/romanian-cafe-house-langer-collection-300x126.jpg 300w, https:\/\/shatranj.art\/wp-content\/uploads\/2026\/02\/romanian-cafe-house-langer-collection-1024x432.jpg 1024w, https:\/\/shatranj.art\/wp-content\/uploads\/2026\/02\/romanian-cafe-house-langer-collection-768x324.jpg 768w, https:\/\/shatranj.art\/wp-content\/uploads\/2026\/02\/romanian-cafe-house-langer-collection-1536x648.jpg 1536w, https:\/\/shatranj.art\/wp-content\/uploads\/2026\/02\/romanian-cafe-house-langer-collection-18x8.jpg 18w\" sizes=\"(max-width: 1893px) 100vw, 1893px\" \/>\t\t\t\t\t\t\t\t\t\t\t\t\t\t\t<\/div>\n\t\t\t\t<\/div>\n\t\t\t\t<div class=\"elementor-element elementor-element-dced84d elementor-widget elementor-widget-text-editor\" data-id=\"dced84d\" data-element_type=\"widget\" data-e-type=\"widget\" data-widget_type=\"text-editor.default\">\n\t\t\t\t<div class=\"elementor-widget-container\">\n\t\t\t\t\t\t\t\t\t<div id=\"1440505187\" class=\"u_1440505187 dmNewParagraph\"><h3><strong>\u0160achov\u00e1 s\u00faprava rumunskej kaviarne, cca 1920-1940<\/strong><br \/><br \/><\/h3><div>A\u017e do prvej svetovej vojny patrili niektor\u00e9 \u010dasti dne\u0161n\u00e9ho Rumunska - konkr\u00e9tne regi\u00f3n zn\u00e1my ako Transylv\u00e1nia - do Rak\u00fasko-Uhorska, kde vl\u00e1dla dynastia Habsburgovcov. Mo\u017eno predpoklada\u0165, \u017ee v\u010faka tomuto spojeniu sa rak\u00faska kaviarensk\u00e1 kult\u00fara a be\u017en\u00e9 \u0161achov\u00e9 s\u00fapravy v \u0161t\u00fdle tzv. viedenskej kaviarne dostali aj do ju\u017enej \u010dasti Rumunsk\u00e9ho kr\u00e1\u013eovstva, kde sa t\u00e1to s\u00faprava pou\u017e\u00edvala v prv\u00fdch rokoch 20. storo\u010dia. S\u00faprava je vyroben\u00e1 zo s\u00fastru\u017een\u00e9ho dreva, z jednej strany pr\u00edrodn\u00e9ho, z druhej lakovan\u00e9ho \u010diernym lakom. Vykazuje niektor\u00e9 dizajnov\u00e9 prvky spolo\u010dn\u00e9 so spom\u00ednan\u00fdmi viedensk\u00fdmi s\u00fapravami, najm\u00e4 koruny kr\u00e1\u013eovien, ktor\u00e9 maj\u00fa tvar klob\u00faka, biskupi s gu\u013eovit\u00fdmi hlavami v opa\u010dnej farbe alebo robustn\u00e9 ve\u017ee. Zauj\u00edmav\u00fd je najm\u00e4 nezvy\u010dajn\u00fd tvar kr\u00e1\u013ea, ktor\u00e9ho koruna sa na hornej strane zu\u017euje do podlhovast\u00e9ho zakon\u010denia zakon\u010den\u00e9ho malou gu\u013eou, takmer akoby na vrchole kr\u00e1\u013eovskej koruny sedel mal\u00fd pe\u0161iak. S\u00faprava vykazuje ur\u010dit\u00e9 zn\u00e1mky intenz\u00edvneho pou\u017e\u00edvania. Zd\u00e1 sa, \u017ee niektor\u00e9 fig\u00farky boli vymenen\u00e9, \u010do v\u0161ak nezni\u017euje celkov\u00fd dojem. Obr\u00e1zok a text poch\u00e1dzaj\u00fa z Langerovej zbierky.<\/div><\/div>\t\t\t\t\t\t\t\t<\/div>\n\t\t\t\t<\/div>\n\t\t\t\t<\/div>\n\t\t\t\t\t<\/div>\n\t\t\t\t<\/div>\n\t\t\t\t<\/div>","protected":false},"excerpt":{"rendered":"<p>Romanian Coffee House Chess set, ca. 1920-1940 Until WWI, some parts of today&#8217;s Romania &#8211; namely the region known as Transylvania &#8211; belonged to the Austro-Hungarian Empire ruled by the Habsburg dynasty. It can be assumed that through this connection the Austrian coffee house culture and the common chess sets of the so called Vienna [&hellip;]<\/p>\n","protected":false},"author":1,"featured_media":0,"parent":743,"menu_order":0,"comment_status":"closed","ping_status":"closed","template":"","meta":{"footnotes":""},"class_list":["post-1504","page","type-page","status-publish","hentry"],"_links":{"self":[{"href":"https:\/\/shatranj.art\/sk\/wp-json\/wp\/v2\/pages\/1504","targetHints":{"allow":["GET"]}}],"collection":[{"href":"https:\/\/shatranj.art\/sk\/wp-json\/wp\/v2\/pages"}],"about":[{"href":"https:\/\/shatranj.art\/sk\/wp-json\/wp\/v2\/types\/page"}],"author":[{"embeddable":true,"href":"https:\/\/shatranj.art\/sk\/wp-json\/wp\/v2\/users\/1"}],"replies":[{"embeddable":true,"href":"https:\/\/shatranj.art\/sk\/wp-json\/wp\/v2\/comments?post=1504"}],"version-history":[{"count":4,"href":"https:\/\/shatranj.art\/sk\/wp-json\/wp\/v2\/pages\/1504\/revisions"}],"predecessor-version":[{"id":1509,"href":"https:\/\/shatranj.art\/sk\/wp-json\/wp\/v2\/pages\/1504\/revisions\/1509"}],"up":[{"embeddable":true,"href":"https:\/\/shatranj.art\/sk\/wp-json\/wp\/v2\/pages\/743"}],"wp:attachment":[{"href":"https:\/\/shatranj.art\/sk\/wp-json\/wp\/v2\/media?parent=1504"}],"curies":[{"name":"wp","href":"https:\/\/api.w.org\/{rel}","templated":true}]}}