{"id":1510,"date":"2026-02-24T07:22:35","date_gmt":"2026-02-24T07:22:35","guid":{"rendered":"https:\/\/shatranj.art\/?page_id=1510"},"modified":"2026-02-24T07:36:00","modified_gmt":"2026-02-24T07:36:00","slug":"plagat-39","status":"publish","type":"page","link":"https:\/\/shatranj.art\/sk\/exhibit\/plagat-39\/","title":{"rendered":"poster-39"},"content":{"rendered":"<div data-elementor-type=\"wp-page\" data-elementor-id=\"1510\" class=\"elementor elementor-1510\" data-elementor-post-type=\"page\">\n\t\t\t\t<div class=\"elementor-element elementor-element-1426eb0 e-flex e-con-boxed e-con e-parent\" data-id=\"1426eb0\" data-element_type=\"container\" data-e-type=\"container\" data-settings=\"{&quot;background_background&quot;:&quot;classic&quot;}\">\n\t\t\t\t\t<div class=\"e-con-inner\">\n\t\t<div class=\"elementor-element elementor-element-d76d2b5 e-con-full e-flex e-con e-child\" data-id=\"d76d2b5\" data-element_type=\"container\" data-e-type=\"container\">\n\t\t\t\t<div class=\"elementor-element elementor-element-e675f73 elementor-widget elementor-widget-image\" data-id=\"e675f73\" data-element_type=\"widget\" data-e-type=\"widget\" data-widget_type=\"image.default\">\n\t\t\t\t<div class=\"elementor-widget-container\">\n\t\t\t\t\t\t\t\t\t\t\t\t\t\t\t<img fetchpriority=\"high\" decoding=\"async\" width=\"1200\" height=\"942\" src=\"https:\/\/shatranj.art\/wp-content\/uploads\/2026\/02\/Ben-Franklin-Chess-scaled-1200x942-1.jpeg\" class=\"attachment-full size-full wp-image-1513\" alt=\"\" srcset=\"https:\/\/shatranj.art\/wp-content\/uploads\/2026\/02\/Ben-Franklin-Chess-scaled-1200x942-1.jpeg 1200w, https:\/\/shatranj.art\/wp-content\/uploads\/2026\/02\/Ben-Franklin-Chess-scaled-1200x942-1-300x236.jpeg 300w, https:\/\/shatranj.art\/wp-content\/uploads\/2026\/02\/Ben-Franklin-Chess-scaled-1200x942-1-1024x804.jpeg 1024w, https:\/\/shatranj.art\/wp-content\/uploads\/2026\/02\/Ben-Franklin-Chess-scaled-1200x942-1-768x603.jpeg 768w, https:\/\/shatranj.art\/wp-content\/uploads\/2026\/02\/Ben-Franklin-Chess-scaled-1200x942-1-15x12.jpeg 15w\" sizes=\"(max-width: 1200px) 100vw, 1200px\" \/>\t\t\t\t\t\t\t\t\t\t\t\t\t\t\t<\/div>\n\t\t\t\t<\/div>\n\t\t\t\t<div class=\"elementor-element elementor-element-225c171 elementor-widget elementor-widget-text-editor\" data-id=\"225c171\" data-element_type=\"widget\" data-e-type=\"widget\" data-widget_type=\"text-editor.default\">\n\t\t\t\t<div class=\"elementor-widget-container\">\n\t\t\t\t\t\t\t\t\t<h3 data-path-to-node=\"0\"><span class=\"citation-214 citation-end-214\">\u201cMor\u00e1lka \u0161achu\u201d od Benjamina Franklina<\/span><\/h3><p data-path-to-node=\"0\"><span class=\"citation-214 citation-end-214\"><br \/><br \/>Benjamin Franklin vo svojej eseji \u201cMor\u00e1lka \u0161achu\u201d z roku 1786 nanovo definoval t\u00fato hru ako d\u00f4le\u017eit\u00fd n\u00e1stroj osobn\u00e9ho rozvoja a intelektu\u00e1lnej cnosti.<\/span> <span class=\"citation-213 citation-end-213\">Franklin veril, \u017ee \u0161ach je viac ne\u017e len z\u00e1bava; je to cvi\u010denie v predv\u00eddavosti, obozretnosti a opatrnosti - vlastnosti, ktor\u00e9 pova\u017eoval za nevyhnutn\u00e9 pre \u00faspech v s\u00fakromnom \u017eivote aj vo verejnej diplomacii.<\/span> <span class=\"citation-212 citation-end-212\">Po\u010das cel\u00e9ho obdobia osvietenstva Franklin nav\u0161tevoval sl\u00e1vne \u0161achov\u00e9 kaviarne, ako napr\u00edklad Caf\u00e9 de la R\u00e9gence v Par\u00ed\u017ei.<\/span> Tieto priestory sl\u00fa\u017eili ako p\u00f4vodn\u00e9 soci\u00e1lne siete tej doby, kde hra umo\u017e\u0148ovala rigor\u00f3zne debaty a v\u00fdmenu revolu\u010dn\u00fdch my\u0161lienok, sp\u00e1jaj\u00fac svet vedy, politiky a filozofie.<\/p><p data-path-to-node=\"0\">\u00a0<\/p><p data-path-to-node=\"0\">Franklinova fascin\u00e1cia intelektu\u00e1lnymi limitmi tejto hry ho priviedla k historick\u00e9mu stretnutiu s Mechanick\u00fdm Turkom, najzn\u00e1mej\u0161\u00edm automatom hraj\u00facim \u0161ach na svete. Po\u010das z\u00e1pasu v Par\u00ed\u017ei v roku 1783 si Franklin vysk\u00fa\u0161al svoje schopnosti proti stroju, ktor\u00fd bol pr\u00edkladom osvietenskej posadnutosti mechanick\u00fdm rozumom. Turek nakoniec odcestoval do Spojen\u00fdch \u0161t\u00e1tov a svoj kone\u010dn\u00fd domov na\u0161iel v Pealeovom m\u00fazeu (a nesk\u00f4r v \u010c\u00ednskom m\u00fazeu) vo Filadelfii. Zostal z\u00e1kladom pennsylv\u00e1nskej vedeckej kult\u00fary cel\u00e9 desa\u0165ro\u010dia, k\u00fdm sa v roku 1854 nestratil pri po\u017eiari. Tento odkaz \u013eudskej vynaliezavosti a strojovej inteligencie zost\u00e1va z\u00e1kladn\u00fdm pr\u00edbehom pre v\u00fdstavy sk\u00famaj\u00face priese\u010dn\u00edk hist\u00f3rie, hier a evol\u00facie inteligencie.<br \/><br \/><br \/><\/p><p data-path-to-node=\"0\">Na fotografii je Benjamin Franklin pri hre \u0161achu. Dielo Edwarda Harrisona Maya, 1867<\/p>\t\t\t\t\t\t\t\t<\/div>\n\t\t\t\t<\/div>\n\t\t\t\t<\/div>\n\t\t\t\t\t<\/div>\n\t\t\t\t<\/div>\n\t\t\t\t<\/div>","protected":false},"excerpt":{"rendered":"<p>&#8220;The Morals of Chess&#8221; by Benjamin Franklin Benjamin Franklin\u2019s 1786 essay, &#8220;The Morals of Chess,&#8221; redefined the game as a vital tool for personal development and intellectual virtue. Franklin believed that chess was more than a pastime; it was an exercise in foresight, circumspection, and caution\u2014qualities he deemed essential for success in both private life [&hellip;]<\/p>\n","protected":false},"author":1,"featured_media":0,"parent":743,"menu_order":0,"comment_status":"closed","ping_status":"closed","template":"","meta":{"footnotes":""},"class_list":["post-1510","page","type-page","status-publish","hentry"],"_links":{"self":[{"href":"https:\/\/shatranj.art\/sk\/wp-json\/wp\/v2\/pages\/1510","targetHints":{"allow":["GET"]}}],"collection":[{"href":"https:\/\/shatranj.art\/sk\/wp-json\/wp\/v2\/pages"}],"about":[{"href":"https:\/\/shatranj.art\/sk\/wp-json\/wp\/v2\/types\/page"}],"author":[{"embeddable":true,"href":"https:\/\/shatranj.art\/sk\/wp-json\/wp\/v2\/users\/1"}],"replies":[{"embeddable":true,"href":"https:\/\/shatranj.art\/sk\/wp-json\/wp\/v2\/comments?post=1510"}],"version-history":[{"count":4,"href":"https:\/\/shatranj.art\/sk\/wp-json\/wp\/v2\/pages\/1510\/revisions"}],"predecessor-version":[{"id":1516,"href":"https:\/\/shatranj.art\/sk\/wp-json\/wp\/v2\/pages\/1510\/revisions\/1516"}],"up":[{"embeddable":true,"href":"https:\/\/shatranj.art\/sk\/wp-json\/wp\/v2\/pages\/743"}],"wp:attachment":[{"href":"https:\/\/shatranj.art\/sk\/wp-json\/wp\/v2\/media?parent=1510"}],"curies":[{"name":"wp","href":"https:\/\/api.w.org\/{rel}","templated":true}]}}