{"id":1543,"date":"2026-02-24T08:36:27","date_gmt":"2026-02-24T08:36:27","guid":{"rendered":"https:\/\/shatranj.art\/?page_id=1543"},"modified":"2026-02-24T08:53:53","modified_gmt":"2026-02-24T08:53:53","slug":"plagat-41","status":"publish","type":"page","link":"https:\/\/shatranj.art\/sk\/exhibit\/plagat-41\/","title":{"rendered":"plag\u00e1t-41"},"content":{"rendered":"<div data-elementor-type=\"wp-page\" data-elementor-id=\"1543\" class=\"elementor elementor-1543\" data-elementor-post-type=\"page\">\n\t\t\t\t<div class=\"elementor-element elementor-element-7a8daa7 e-flex e-con-boxed e-con e-parent\" data-id=\"7a8daa7\" data-element_type=\"container\" data-e-type=\"container\" data-settings=\"{&quot;background_background&quot;:&quot;classic&quot;}\">\n\t\t\t\t\t<div class=\"e-con-inner\">\n\t\t<div class=\"elementor-element elementor-element-26be55b e-con-full e-flex e-con e-child\" data-id=\"26be55b\" data-element_type=\"container\" data-e-type=\"container\">\n\t\t\t\t<div class=\"elementor-element elementor-element-3278af1 elementor-widget elementor-widget-image\" data-id=\"3278af1\" data-element_type=\"widget\" data-e-type=\"widget\" data-widget_type=\"image.default\">\n\t\t\t\t<div class=\"elementor-widget-container\">\n\t\t\t\t\t\t\t\t\t\t\t\t\t\t\t<img fetchpriority=\"high\" decoding=\"async\" width=\"1280\" height=\"960\" src=\"https:\/\/shatranj.art\/wp-content\/uploads\/2026\/02\/Sahi_Cannon_at_Fort_Nelson_UK.jpg\" class=\"attachment-full size-full wp-image-1545\" alt=\"\" srcset=\"https:\/\/shatranj.art\/wp-content\/uploads\/2026\/02\/Sahi_Cannon_at_Fort_Nelson_UK.jpg 1280w, https:\/\/shatranj.art\/wp-content\/uploads\/2026\/02\/Sahi_Cannon_at_Fort_Nelson_UK-300x225.jpg 300w, https:\/\/shatranj.art\/wp-content\/uploads\/2026\/02\/Sahi_Cannon_at_Fort_Nelson_UK-1024x768.jpg 1024w, https:\/\/shatranj.art\/wp-content\/uploads\/2026\/02\/Sahi_Cannon_at_Fort_Nelson_UK-768x576.jpg 768w, https:\/\/shatranj.art\/wp-content\/uploads\/2026\/02\/Sahi_Cannon_at_Fort_Nelson_UK-16x12.jpg 16w\" sizes=\"(max-width: 1280px) 100vw, 1280px\" \/>\t\t\t\t\t\t\t\t\t\t\t\t\t\t\t<\/div>\n\t\t\t\t<\/div>\n\t\t\t\t<div class=\"elementor-element elementor-element-6723efb elementor-widget elementor-widget-text-editor\" data-id=\"6723efb\" data-element_type=\"widget\" data-e-type=\"widget\" data-widget_type=\"text-editor.default\">\n\t\t\t\t<div class=\"elementor-widget-container\">\n\t\t\t\t\t\t\t\t\t<h3><b>P\u00f4vod slova \u015eAH\u00ce a jeho s\u00favislos\u0165 s v\u00fdvojom \u0161achu\u00a0<\/b><\/h3><p>\u0160ACH (\u015eAH) je v\u00fdraz pou\u017e\u00edvan\u00fd v mnoh\u00fdch slovansk\u00fdch jazykoch pre \u0161ach. Nemeck\u00e9 slovo \u201cschach\u201d, franc\u00fazske \u201c\u00e9checs\u201d a anglick\u00e9 \u201cchess\u201d s\u00fa foneticky odvoden\u00e9 od slova \u201cshah\u201d. V\u00fdraz \u201c\u015eAH\u00ce\u201d ako pr\u00eddavn\u00e9 meno znamen\u00e1 kr\u00e1\u013eovsk\u00fd alebo \u0161pecifick\u00fd \u0161ach. Pou\u017e\u00edva sa aj v liter\u00e1rnych textoch vo v\u00fdzname siln\u00fd a ve\u013ekolep\u00fd.<\/p><p>\u00a0<\/p><p>Kan\u00f3n \u015eAH\u00ce, ktor\u00fd navrhol ma\u010farsk\u00fd in\u017einier Orban, zohral k\u013e\u00fa\u010dov\u00fa \u00falohu pri prelomen\u00ed mohutn\u00fdch hradieb a ve\u017e\u00ed Kon\u0161tant\u00ednopolu po\u010das obliehania v roku 1453, ktor\u00e9 viedol sult\u00e1n Fatih Mehmed, a symbolizoval tak revolu\u010dn\u00fa zmenu v obliehac\u00edch vojn\u00e1ch.<\/p><p>\u00a0<\/p><p>Tri storo\u010dia po dobyt\u00ed Istanbulu, po\u010das oper\u00e1cie Dardanely v roku 1807, bolo na britsk\u00e9 lode vyp\u00e1len\u00e9 \u010fal\u0161ie storo\u010dn\u00e9 delo \u015eAH\u00ce, ktor\u00e9 sp\u00f4sobilo zna\u010dn\u00e9 straty. Osmansk\u00fd sult\u00e1n Abd\u00fclaziz daroval toto delo v roku 1866 kr\u00e1\u013eovnej Vikt\u00f3rii. Uveden\u00e1 fotografia dela \u015eAH\u00ce poch\u00e1dza z pevnosti Fort Nelson v Spojenom kr\u00e1\u013eovstve.<\/p><p>\u00a0<\/p><p>N\u00e1zov \u015eAH\u00ce symbolizuje v\u00fdvoj fig\u00farky ve\u017ee v r\u00f4znych jazykoch od vojnov\u00e9ho voza k ve\u017ei, od kan\u00f3na k lodi, \u010do odr\u00e1\u017ea v\u00fdvoj \u0161achu.<\/p><p>\u00a0<\/p><p>\u0160achov\u00fa s\u00fapravu \u015eAH\u00ce navrhol Tamer Karatekin, b\u00fdval\u00fd prv\u00fd hr\u00e1\u010d \u0161achov\u00e9ho t\u00edmu Massachusettsk\u00e9ho technologick\u00e9ho in\u0161tit\u00fatu a sk\u00fasen\u00fd \u0161achov\u00fd pedag\u00f3g. Elegantne predstavuje hist\u00f3riu a v\u00fdvoj \u0161achu a je vytvoren\u00e1 na vzdel\u00e1vacie aj turnajov\u00e9 pou\u017eitie. Je navrhnut\u00e1 tak, aby bola kult\u00farne a duchovne inkluz\u00edvna. V\u00fdroba bola podporen\u00e1 z grantov Massachusettskej kult\u00farnej rady a programu Eur\u00f3pskej \u00fanie Erasmus+ pre ml\u00e1de\u017e.<\/p><p>\u00a0<\/p><p>Viac inform\u00e1ci\u00ed o dizajne \u015eAH\u00ce n\u00e1jdete na:\u00a0 \u00a0<a href=\"http:\/\/www.shahimasterset.com\/\">www.shahimasterset.com<\/a><\/p><p>Pozrite si aj na\u0161e s\u00favisiace projekty:<br \/>U\u010debn\u00e9 osnovy AI zalo\u017een\u00e9 na \u0161achu: <a href=\"http:\/\/www.shatranj.ai\/\">shatranj.ai<\/a><\/p><p>V\u00fdstava historick\u00fdch hier mysle: <a href=\"https:\/\/shatranj.art\/sk\/\">shatranj.art<\/a><\/p>\t\t\t\t\t\t\t\t<\/div>\n\t\t\t\t<\/div>\n\t\t\t\t<div class=\"elementor-element elementor-element-7946825 elementor-widget elementor-widget-image\" data-id=\"7946825\" data-element_type=\"widget\" data-e-type=\"widget\" data-widget_type=\"image.default\">\n\t\t\t\t<div class=\"elementor-widget-container\">\n\t\t\t\t\t\t\t\t\t\t\t\t\t\t\t<img decoding=\"async\" width=\"559\" height=\"397\" src=\"https:\/\/shatranj.art\/wp-content\/uploads\/2026\/02\/shahi-engish-brochure-A6-page1.png\" class=\"attachment-full size-full wp-image-1548\" alt=\"\" srcset=\"https:\/\/shatranj.art\/wp-content\/uploads\/2026\/02\/shahi-engish-brochure-A6-page1.png 559w, https:\/\/shatranj.art\/wp-content\/uploads\/2026\/02\/shahi-engish-brochure-A6-page1-300x213.png 300w, https:\/\/shatranj.art\/wp-content\/uploads\/2026\/02\/shahi-engish-brochure-A6-page1-18x12.png 18w\" sizes=\"(max-width: 559px) 100vw, 559px\" \/>\t\t\t\t\t\t\t\t\t\t\t\t\t\t\t<\/div>\n\t\t\t\t<\/div>\n\t\t\t\t<\/div>\n\t\t\t\t\t<\/div>\n\t\t\t\t<\/div>\n\t\t\t\t<\/div>","protected":false},"excerpt":{"rendered":"<p>The origins of the \u015eAH\u00ce\u00a0 word and its connection to the evolution of chess\u00a0 SHAH (\u015eAH) is a term used in many Slavic languages for chess. The German word &#8220;schach,&#8221; French &#8220;\u00e9checs,&#8221; and English &#8220;chess&#8221; are all phonetically derived from the word &#8220;shah.&#8221; The term &#8220;\u015eAH\u00ce&#8221; as an adjective means royal or specific to the [&hellip;]<\/p>\n","protected":false},"author":1,"featured_media":0,"parent":743,"menu_order":0,"comment_status":"closed","ping_status":"closed","template":"","meta":{"footnotes":""},"class_list":["post-1543","page","type-page","status-publish","hentry"],"_links":{"self":[{"href":"https:\/\/shatranj.art\/sk\/wp-json\/wp\/v2\/pages\/1543","targetHints":{"allow":["GET"]}}],"collection":[{"href":"https:\/\/shatranj.art\/sk\/wp-json\/wp\/v2\/pages"}],"about":[{"href":"https:\/\/shatranj.art\/sk\/wp-json\/wp\/v2\/types\/page"}],"author":[{"embeddable":true,"href":"https:\/\/shatranj.art\/sk\/wp-json\/wp\/v2\/users\/1"}],"replies":[{"embeddable":true,"href":"https:\/\/shatranj.art\/sk\/wp-json\/wp\/v2\/comments?post=1543"}],"version-history":[{"count":10,"href":"https:\/\/shatranj.art\/sk\/wp-json\/wp\/v2\/pages\/1543\/revisions"}],"predecessor-version":[{"id":1557,"href":"https:\/\/shatranj.art\/sk\/wp-json\/wp\/v2\/pages\/1543\/revisions\/1557"}],"up":[{"embeddable":true,"href":"https:\/\/shatranj.art\/sk\/wp-json\/wp\/v2\/pages\/743"}],"wp:attachment":[{"href":"https:\/\/shatranj.art\/sk\/wp-json\/wp\/v2\/media?parent=1543"}],"curies":[{"name":"wp","href":"https:\/\/api.w.org\/{rel}","templated":true}]}}