{"id":746,"date":"2026-02-21T08:56:19","date_gmt":"2026-02-21T08:56:19","guid":{"rendered":"https:\/\/shatranj.art\/?page_id=746"},"modified":"2026-02-24T09:40:48","modified_gmt":"2026-02-24T09:40:48","slug":"poster-2","status":"publish","type":"page","link":"https:\/\/shatranj.art\/sk\/exhibit\/poster-2\/","title":{"rendered":"plag\u00e1t 2"},"content":{"rendered":"<div data-elementor-type=\"wp-page\" data-elementor-id=\"746\" class=\"elementor elementor-746\" data-elementor-post-type=\"page\">\n\t\t\t\t<div class=\"elementor-element elementor-element-ce34391 e-flex e-con-boxed e-con e-parent\" data-id=\"ce34391\" data-element_type=\"container\" data-e-type=\"container\" data-settings=\"{&quot;background_background&quot;:&quot;classic&quot;}\">\n\t\t\t\t\t<div class=\"e-con-inner\">\n\t\t<div class=\"elementor-element elementor-element-0ae7be7 e-grid e-con-full e-con e-child\" data-id=\"0ae7be7\" data-element_type=\"container\" data-e-type=\"container\">\n\t\t<div class=\"elementor-element elementor-element-1ce30ac e-con-full e-flex e-con e-child\" data-id=\"1ce30ac\" data-element_type=\"container\" data-e-type=\"container\">\n\t\t\t\t<div class=\"elementor-element elementor-element-19e97fe elementor-widget elementor-widget-image\" data-id=\"19e97fe\" data-element_type=\"widget\" data-e-type=\"widget\" data-widget_type=\"image.default\">\n\t\t\t\t<div class=\"elementor-widget-container\">\n\t\t\t\t\t\t\t\t\t\t\t\t\t\t\t<img fetchpriority=\"high\" decoding=\"async\" width=\"1635\" height=\"2180\" src=\"https:\/\/shatranj.art\/wp-content\/uploads\/2026\/02\/3.jpg\" class=\"attachment-full size-full wp-image-765\" alt=\"\" srcset=\"https:\/\/shatranj.art\/wp-content\/uploads\/2026\/02\/3.jpg 1635w, https:\/\/shatranj.art\/wp-content\/uploads\/2026\/02\/3-225x300.jpg 225w, https:\/\/shatranj.art\/wp-content\/uploads\/2026\/02\/3-768x1024.jpg 768w, https:\/\/shatranj.art\/wp-content\/uploads\/2026\/02\/3-1152x1536.jpg 1152w, https:\/\/shatranj.art\/wp-content\/uploads\/2026\/02\/3-1536x2048.jpg 1536w\" sizes=\"(max-width: 1635px) 100vw, 1635px\" \/>\t\t\t\t\t\t\t\t\t\t\t\t\t\t\t<\/div>\n\t\t\t\t<\/div>\n\t\t\t\t<div class=\"elementor-element elementor-element-d10d922 elementor-widget elementor-widget-text-editor\" data-id=\"d10d922\" data-element_type=\"widget\" data-e-type=\"widget\" data-widget_type=\"text-editor.default\">\n\t\t\t\t<div class=\"elementor-widget-container\">\n\t\t\t\t\t\t\t\t\t<p><strong>Rytmus \u017eatvy: Mancala a kolekt\u00edvna m\u00fadros\u0165<\/strong><span style=\"font-weight: 400;\"> <br \/>Mancala, ktor\u00e1 sa rozprestiera od srdca Afriky a\u017e po \u00c1ziu a Bl\u00edzky v\u00fdchod, je najstar\u0161ou hrou \u013eudstva, pri ktorej sa po\u010d\u00edta a chyt\u00e1. N\u00e1jdeme ju v r\u00f4znych podob\u00e1ch, od dier vykopan\u00fdch v zemi a\u017e po n\u00e1dhern\u00e9 dreven\u00e9 dosky vyrez\u00e1van\u00e9 pre kr\u00e1\u013eovsk\u00e9 rodiny, a symbolizuje nielen matematick\u00e9 zru\u010dnosti, ale aj cykly hojnosti a zdie\u013eania. Hoci je zn\u00e1ma pod mnoh\u00fdmi n\u00e1zvami u\u017e po tis\u00edcro\u010dia, jej konzistentn\u00e1 a hlbok\u00e1 logika je svedectvom toho, ako sa \u013eudsk\u00fd intelekt stret\u00e1va na univerz\u00e1lnej p\u00f4de bez oh\u013eadu na geografiu.<br \/><\/span><\/p>\t\t\t\t\t\t\t\t<\/div>\n\t\t\t\t<\/div>\n\t\t\t\t<\/div>\n\t\t<div class=\"elementor-element elementor-element-729250c e-con-full e-flex e-con e-child\" data-id=\"729250c\" data-element_type=\"container\" data-e-type=\"container\">\n\t\t\t\t<div class=\"elementor-element elementor-element-acf6f3e elementor-widget elementor-widget-image\" data-id=\"acf6f3e\" data-element_type=\"widget\" data-e-type=\"widget\" data-widget_type=\"image.default\">\n\t\t\t\t<div class=\"elementor-widget-container\">\n\t\t\t\t\t\t\t\t\t\t\t\t\t\t\t<img decoding=\"async\" width=\"2433\" height=\"1622\" src=\"https:\/\/shatranj.art\/wp-content\/uploads\/2026\/02\/3-2.jpg\" class=\"attachment-full size-full wp-image-766\" alt=\"\" srcset=\"https:\/\/shatranj.art\/wp-content\/uploads\/2026\/02\/3-2.jpg 2433w, https:\/\/shatranj.art\/wp-content\/uploads\/2026\/02\/3-2-300x200.jpg 300w, https:\/\/shatranj.art\/wp-content\/uploads\/2026\/02\/3-2-1024x683.jpg 1024w, https:\/\/shatranj.art\/wp-content\/uploads\/2026\/02\/3-2-768x512.jpg 768w, https:\/\/shatranj.art\/wp-content\/uploads\/2026\/02\/3-2-1536x1024.jpg 1536w, https:\/\/shatranj.art\/wp-content\/uploads\/2026\/02\/3-2-2048x1365.jpg 2048w\" sizes=\"(max-width: 2433px) 100vw, 2433px\" \/>\t\t\t\t\t\t\t\t\t\t\t\t\t\t\t<\/div>\n\t\t\t\t<\/div>\n\t\t\t\t<div class=\"elementor-element elementor-element-d9c2fd4 elementor-widget elementor-widget-text-editor\" data-id=\"d9c2fd4\" data-element_type=\"widget\" data-e-type=\"widget\" data-widget_type=\"text-editor.default\">\n\t\t\t\t<div class=\"elementor-widget-container\">\n\t\t\t\t\t\t\t\t\t<p><b>\u017divot vyryt\u00fd do mramoru: Od Afrodizie po backgammon.<br \/><\/b>Tieto mramorov\u00e9 hracie dosky, ktor\u00e9 sa \u010dasto objavuj\u00fa na schodoch \u0161tadi\u00f3nov a na verejn\u00fdch priestranstv\u00e1ch v Afrodizii, s\u00fa \u017eivou stopou ka\u017edodenn\u00e9ho spolo\u010densk\u00e9ho \u017eivota v R\u00edme. Ludus Duodecim Scriptorum je dedi\u010dstvo, ktor\u00e9 sa z r\u00edmskej pouli\u010dnej kult\u00fary vyvinulo do strategick\u00fdch r\u00e1mcov byzantsk\u00e9ho a islamsk\u00e9ho sveta a nakoniec sa pretransformovalo do modern\u00e9ho backgammonu (Tabula). Tieto riadky na\u0161epk\u00e1vaj\u00fa, \u017ee v antickom svete sa \u013eudia nielen hrali, ale aj stavali kult\u00farne mosty.<\/p>\t\t\t\t\t\t\t\t<\/div>\n\t\t\t\t<\/div>\n\t\t\t\t<\/div>\n\t\t\t\t<\/div>\n\t\t<div class=\"elementor-element elementor-element-236ef5e e-grid e-con-full e-con e-child\" data-id=\"236ef5e\" data-element_type=\"container\" data-e-type=\"container\">\n\t\t<div class=\"elementor-element elementor-element-02db768 e-con-full e-flex e-con e-child\" data-id=\"02db768\" data-element_type=\"container\" data-e-type=\"container\">\n\t\t\t\t<div class=\"elementor-element elementor-element-51f7531 elementor-widget elementor-widget-image\" data-id=\"51f7531\" data-element_type=\"widget\" data-e-type=\"widget\" data-widget_type=\"image.default\">\n\t\t\t\t<div class=\"elementor-widget-container\">\n\t\t\t\t\t\t\t\t\t\t\t\t\t\t\t<img decoding=\"async\" width=\"2129\" height=\"1875\" src=\"https:\/\/shatranj.art\/wp-content\/uploads\/2026\/02\/3-3.jpg\" class=\"attachment-full size-full wp-image-767\" alt=\"\" srcset=\"https:\/\/shatranj.art\/wp-content\/uploads\/2026\/02\/3-3.jpg 2129w, https:\/\/shatranj.art\/wp-content\/uploads\/2026\/02\/3-3-300x264.jpg 300w, https:\/\/shatranj.art\/wp-content\/uploads\/2026\/02\/3-3-1024x902.jpg 1024w, https:\/\/shatranj.art\/wp-content\/uploads\/2026\/02\/3-3-768x676.jpg 768w, https:\/\/shatranj.art\/wp-content\/uploads\/2026\/02\/3-3-1536x1353.jpg 1536w, https:\/\/shatranj.art\/wp-content\/uploads\/2026\/02\/3-3-2048x1804.jpg 2048w\" sizes=\"(max-width: 2129px) 100vw, 2129px\" \/>\t\t\t\t\t\t\t\t\t\t\t\t\t\t\t<\/div>\n\t\t\t\t<\/div>\n\t\t\t\t<div class=\"elementor-element elementor-element-4ca9fa0 elementor-widget elementor-widget-text-editor\" data-id=\"4ca9fa0\" data-element_type=\"widget\" data-e-type=\"widget\" data-widget_type=\"text-editor.default\">\n\t\t\t\t<div class=\"elementor-widget-container\">\n\t\t\t\t\t\t\t\t\t<p><b>Prv\u00e9 pohyby \u010dasu: Kr\u00e1\u013eovsk\u00e1 hra v meste Ur<\/b><span style=\"font-weight: 400;\"> <br \/>T\u00e1to hra, ktor\u00e1 vznikla v srdci Mezopot\u00e1mie pribli\u017ene 2600 rokov pred na\u0161\u00edm letopo\u010dtom, je jednou z najstar\u0161\u00edch zdokumentovan\u00fdch strategick\u00fdch v\u00e1\u0161n\u00ed \u013eudstva. Jej hracia doska, zlo\u017eito vykladan\u00e1 lazuritom a mu\u0161\u013eami, je uk\u00e1\u017ekou d\u00f4myseln\u00e9ho umenia a remeselnej zru\u010dnosti tej doby. Znovuobjavenie jej pravidiel na hlinenej tabu\u013eke o tis\u00edcro\u010dia nesk\u00f4r umo\u017e\u0148uje toto starobyl\u00e9 ment\u00e1lne dedi\u010dstvo znovu spoji\u0165 s modern\u00fdm svetom.<br \/><\/span><\/p>\t\t\t\t\t\t\t\t<\/div>\n\t\t\t\t<\/div>\n\t\t\t\t<\/div>\n\t\t<div class=\"elementor-element elementor-element-0a06631 e-con-full e-flex e-con e-child\" data-id=\"0a06631\" data-element_type=\"container\" data-e-type=\"container\">\n\t\t\t\t<div class=\"elementor-element elementor-element-361ce2f elementor-widget elementor-widget-image\" data-id=\"361ce2f\" data-element_type=\"widget\" data-e-type=\"widget\" data-widget_type=\"image.default\">\n\t\t\t\t<div class=\"elementor-widget-container\">\n\t\t\t\t\t\t\t\t\t\t\t\t\t\t\t<img loading=\"lazy\" decoding=\"async\" width=\"2353\" height=\"1875\" src=\"https:\/\/shatranj.art\/wp-content\/uploads\/2026\/02\/3-4.jpg\" class=\"attachment-full size-full wp-image-768\" alt=\"\" srcset=\"https:\/\/shatranj.art\/wp-content\/uploads\/2026\/02\/3-4.jpg 2353w, https:\/\/shatranj.art\/wp-content\/uploads\/2026\/02\/3-4-300x239.jpg 300w, https:\/\/shatranj.art\/wp-content\/uploads\/2026\/02\/3-4-1024x816.jpg 1024w, https:\/\/shatranj.art\/wp-content\/uploads\/2026\/02\/3-4-768x612.jpg 768w, https:\/\/shatranj.art\/wp-content\/uploads\/2026\/02\/3-4-1536x1224.jpg 1536w, https:\/\/shatranj.art\/wp-content\/uploads\/2026\/02\/3-4-2048x1632.jpg 2048w\" sizes=\"(max-width: 2353px) 100vw, 2353px\" \/>\t\t\t\t\t\t\t\t\t\t\t\t\t\t\t<\/div>\n\t\t\t\t<\/div>\n\t\t\t\t<div class=\"elementor-element elementor-element-c5f325b elementor-widget elementor-widget-text-editor\" data-id=\"c5f325b\" data-element_type=\"widget\" data-e-type=\"widget\" data-widget_type=\"text-editor.default\">\n\t\t\t\t<div class=\"elementor-widget-container\">\n\t\t\t\t\t\t\t\t\t<p><b>Univerz\u00e1lna geometria: Bezhrani\u010dn\u00fd Morris troch mu\u017eov<\/b><span style=\"font-weight: 400;\"> <br \/>Tri mu\u017esk\u00e9 Morrisy, ktor\u00fdch korene siahaj\u00fa od staroegyptsk\u00fdch chr\u00e1mov a\u017e po r\u00edmske f\u00f3ra, s\u00fa symbolom hlbokej strat\u00e9gie v jednoduchosti. Je prinajmen\u0161om rovnako star\u00fd ako \u0161ach, je to \u201cnajdemokratickej\u0161ia\u201d du\u0161evn\u00e1 hra, ktor\u00fa udr\u017eiava pri \u017eivote ka\u017ed\u00e1 civiliz\u00e1cia s pou\u017eit\u00edm miestnych materi\u00e1lov a rezieb. Jej pre\u017eitie po tis\u00edce rokov bez potreby zlo\u017eit\u00fdch pravidiel dokazuje jej nemenn\u00e9 miesto v \u013eudskej psychike.<br \/><\/span><\/p>\t\t\t\t\t\t\t\t<\/div>\n\t\t\t\t<\/div>\n\t\t\t\t<\/div>\n\t\t\t\t<\/div>\n\t\t\t\t\t<\/div>\n\t\t\t\t<\/div>\n\t\t\t\t<\/div>","protected":false},"excerpt":{"rendered":"<p>The Rhythm of Harvest: Mancala and Collective Wisdom Spanning from the heart of Africa to Asia and the Middle East, Mancala is humanity\u2019s oldest &#8220;count-and-capture&#8221; game. Found in forms ranging from holes dug into the earth to magnificent wooden boards carved for royalty, it symbolizes not just mathematical skill, but the cycles of abundance and [&hellip;]<\/p>\n","protected":false},"author":1,"featured_media":0,"parent":743,"menu_order":0,"comment_status":"closed","ping_status":"closed","template":"elementor_header_footer","meta":{"footnotes":""},"class_list":["post-746","page","type-page","status-publish","hentry"],"_links":{"self":[{"href":"https:\/\/shatranj.art\/sk\/wp-json\/wp\/v2\/pages\/746","targetHints":{"allow":["GET"]}}],"collection":[{"href":"https:\/\/shatranj.art\/sk\/wp-json\/wp\/v2\/pages"}],"about":[{"href":"https:\/\/shatranj.art\/sk\/wp-json\/wp\/v2\/types\/page"}],"author":[{"embeddable":true,"href":"https:\/\/shatranj.art\/sk\/wp-json\/wp\/v2\/users\/1"}],"replies":[{"embeddable":true,"href":"https:\/\/shatranj.art\/sk\/wp-json\/wp\/v2\/comments?post=746"}],"version-history":[{"count":11,"href":"https:\/\/shatranj.art\/sk\/wp-json\/wp\/v2\/pages\/746\/revisions"}],"predecessor-version":[{"id":1595,"href":"https:\/\/shatranj.art\/sk\/wp-json\/wp\/v2\/pages\/746\/revisions\/1595"}],"up":[{"embeddable":true,"href":"https:\/\/shatranj.art\/sk\/wp-json\/wp\/v2\/pages\/743"}],"wp:attachment":[{"href":"https:\/\/shatranj.art\/sk\/wp-json\/wp\/v2\/media?parent=746"}],"curies":[{"name":"wp","href":"https:\/\/api.w.org\/{rel}","templated":true}]}}