{"id":775,"date":"2026-02-21T17:19:47","date_gmt":"2026-02-21T17:19:47","guid":{"rendered":"https:\/\/shatranj.art\/?page_id=775"},"modified":"2026-02-24T10:32:05","modified_gmt":"2026-02-24T10:32:05","slug":"poster-4","status":"publish","type":"page","link":"https:\/\/shatranj.art\/sk\/exhibit\/poster-4\/","title":{"rendered":"plag\u00e1t 4"},"content":{"rendered":"<div data-elementor-type=\"wp-page\" data-elementor-id=\"775\" class=\"elementor elementor-775\" data-elementor-post-type=\"page\">\n\t\t\t\t<div class=\"elementor-element elementor-element-9b0f30c e-flex e-con-boxed e-con e-parent\" data-id=\"9b0f30c\" data-element_type=\"container\" data-e-type=\"container\" data-settings=\"{&quot;background_background&quot;:&quot;classic&quot;}\">\n\t\t\t\t\t<div class=\"e-con-inner\">\n\t\t\t\t<div class=\"elementor-element elementor-element-9edfd36 elementor-widget elementor-widget-image\" data-id=\"9edfd36\" data-element_type=\"widget\" data-e-type=\"widget\" data-widget_type=\"image.default\">\n\t\t\t\t<div class=\"elementor-widget-container\">\n\t\t\t\t\t\t\t\t\t\t\t\t\t\t\t<img fetchpriority=\"high\" decoding=\"async\" width=\"2560\" height=\"1657\" src=\"https:\/\/shatranj.art\/wp-content\/uploads\/2026\/02\/4-scaled.jpg\" class=\"attachment-full size-full wp-image-780\" alt=\"\" srcset=\"https:\/\/shatranj.art\/wp-content\/uploads\/2026\/02\/4-scaled.jpg 2560w, https:\/\/shatranj.art\/wp-content\/uploads\/2026\/02\/4-300x194.jpg 300w, https:\/\/shatranj.art\/wp-content\/uploads\/2026\/02\/4-1024x663.jpg 1024w, https:\/\/shatranj.art\/wp-content\/uploads\/2026\/02\/4-768x497.jpg 768w, https:\/\/shatranj.art\/wp-content\/uploads\/2026\/02\/4-1536x994.jpg 1536w, https:\/\/shatranj.art\/wp-content\/uploads\/2026\/02\/4-2048x1325.jpg 2048w\" sizes=\"(max-width: 2560px) 100vw, 2560px\" \/>\t\t\t\t\t\t\t\t\t\t\t\t\t\t\t<\/div>\n\t\t\t\t<\/div>\n\t\t\t\t<div class=\"elementor-element elementor-element-1c7dbdd elementor-widget elementor-widget-text-editor\" data-id=\"1c7dbdd\" data-element_type=\"widget\" data-e-type=\"widget\" data-widget_type=\"text-editor.default\">\n\t\t\t\t<div class=\"elementor-widget-container\">\n\t\t\t\t\t\t\t\t\t<p><strong>\u0160achov\u00e9 fig\u00farky Afrasiyab<\/strong><\/p><p>\u00a0<\/p><p>Fig\u00farky zo slonoviny zo 7.-8. storo\u010dia n\u00e1jden\u00e9 v lokalite Afrasiyab v Samarkande predstavuj\u00fa najstar\u0161iu zn\u00e1mu \u0161achov\u00fa s\u00fapravu. Tieto detailn\u00e9 fig\u00farky poskytuj\u00fa obrazov\u00fd poh\u013ead na stredo\u00e1zijsk\u00e9 korene tejto hry a zobrazuj\u00fa ve\u017eu ako voz s viacer\u00fdmi ko\u0148mi, fig\u00farka jazdca je zobrazen\u00e1 ako jazdec so \u0161t\u00edtom a Alfil na slonovi spolu s nieko\u013ek\u00fdmi fig\u00farkami pe\u0161iakov. S\u00faprava zachyt\u00e1va vojensk\u00fa hierarchiu z obdobia Hodv\u00e1bnej cesty pred prechodom k abstraktn\u00fdm vzorom.<\/p>\t\t\t\t\t\t\t\t<\/div>\n\t\t\t\t<\/div>\n\t\t\t\t<div class=\"elementor-element elementor-element-858fa4b elementor-widget elementor-widget-image\" data-id=\"858fa4b\" data-element_type=\"widget\" data-e-type=\"widget\" data-widget_type=\"image.default\">\n\t\t\t\t<div class=\"elementor-widget-container\">\n\t\t\t\t\t\t\t\t\t\t\t\t\t\t\t<img decoding=\"async\" width=\"2560\" height=\"863\" src=\"https:\/\/shatranj.art\/wp-content\/uploads\/2026\/02\/4-2-scaled.jpg\" class=\"attachment-full size-full wp-image-781\" alt=\"\" srcset=\"https:\/\/shatranj.art\/wp-content\/uploads\/2026\/02\/4-2-scaled.jpg 2560w, https:\/\/shatranj.art\/wp-content\/uploads\/2026\/02\/4-2-300x101.jpg 300w, https:\/\/shatranj.art\/wp-content\/uploads\/2026\/02\/4-2-1024x345.jpg 1024w, https:\/\/shatranj.art\/wp-content\/uploads\/2026\/02\/4-2-768x259.jpg 768w, https:\/\/shatranj.art\/wp-content\/uploads\/2026\/02\/4-2-1536x518.jpg 1536w, https:\/\/shatranj.art\/wp-content\/uploads\/2026\/02\/4-2-2048x691.jpg 2048w\" sizes=\"(max-width: 2560px) 100vw, 2560px\" \/>\t\t\t\t\t\t\t\t\t\t\t\t\t\t\t<\/div>\n\t\t\t\t<\/div>\n\t\t<div class=\"elementor-element elementor-element-8ed3a74 e-con-full e-flex e-con e-child\" data-id=\"8ed3a74\" data-element_type=\"container\" data-e-type=\"container\">\n\t\t\t\t<div class=\"elementor-element elementor-element-bf8591c elementor-widget-tablet__width-initial elementor-widget elementor-widget-image\" data-id=\"bf8591c\" data-element_type=\"widget\" data-e-type=\"widget\" data-widget_type=\"image.default\">\n\t\t\t\t<div class=\"elementor-widget-container\">\n\t\t\t\t\t\t\t\t\t\t\t\t\t\t\t<img decoding=\"async\" width=\"742\" height=\"1024\" src=\"https:\/\/shatranj.art\/wp-content\/uploads\/2026\/02\/4-3-742x1024.jpg\" class=\"attachment-large size-large wp-image-783\" alt=\"\" srcset=\"https:\/\/shatranj.art\/wp-content\/uploads\/2026\/02\/4-3-742x1024.jpg 742w, https:\/\/shatranj.art\/wp-content\/uploads\/2026\/02\/4-3-217x300.jpg 217w, https:\/\/shatranj.art\/wp-content\/uploads\/2026\/02\/4-3-768x1060.jpg 768w, https:\/\/shatranj.art\/wp-content\/uploads\/2026\/02\/4-3.jpg 874w\" sizes=\"(max-width: 742px) 100vw, 742px\" \/>\t\t\t\t\t\t\t\t\t\t\t\t\t\t\t<\/div>\n\t\t\t\t<\/div>\n\t\t\t\t<div class=\"elementor-element elementor-element-344ed8c elementor-widget__width-initial elementor-widget elementor-widget-text-editor\" data-id=\"344ed8c\" data-element_type=\"widget\" data-e-type=\"widget\" data-widget_type=\"text-editor.default\">\n\t\t\t\t<div class=\"elementor-widget-container\">\n\t\t\t\t\t\t\t\t\t<p><strong>Angli\u010dtina: Narrators of the North Sea:<\/strong><\/p><p>\u00a0<\/p><p>\u0160achov\u00e9 fig\u00farky z Lewisu Tieto fig\u00farky z 12. storo\u010dia, vyrezan\u00e9 z mro\u017eej slonoviny a n\u00e1jden\u00e9 na \u0161k\u00f3tskom ostrove Lewis, predstavuj\u00fa ve\u013ekolep\u00fd prechod \u0161achu od abstraktn\u00fdch tvarov k \u017eiv\u00fdm pr\u00edbehom. Tieto fig\u00farky s \u00fazkostliv\u00fdmi kr\u00e1\u013emi, rozj\u00edmav\u00fdmi kr\u00e1\u013eovnami a berserkermi, ktor\u00ed hryz\u00fa \u0161t\u00edtom, vytvarovan\u00e9 seversk\u00fdm remeslom, odr\u00e1\u017eaj\u00fa spolo\u010densk\u00fa hierarchiu a psychiku stredovekej Eur\u00f3py. Ke\u010f sa geometrick\u00e9 fig\u00farky z v\u00fdchodu dostali na sever, premenili sa na tieto dramatick\u00e9, po\u013eud\u0161ten\u00e9 postavy a polo\u017eili vizu\u00e1lny z\u00e1klad modern\u00e9ho \u0161achu.<\/p>\t\t\t\t\t\t\t\t<\/div>\n\t\t\t\t<\/div>\n\t\t\t\t<div class=\"elementor-element elementor-element-6f85ab9 elementor-widget-tablet__width-initial elementor-widget elementor-widget-image\" data-id=\"6f85ab9\" data-element_type=\"widget\" data-e-type=\"widget\" data-widget_type=\"image.default\">\n\t\t\t\t<div class=\"elementor-widget-container\">\n\t\t\t\t\t\t\t\t\t\t\t\t\t\t\t<img loading=\"lazy\" decoding=\"async\" width=\"800\" height=\"854\" src=\"https:\/\/shatranj.art\/wp-content\/uploads\/2026\/02\/4-5-959x1024.jpg\" class=\"attachment-large size-large wp-image-784\" alt=\"\" srcset=\"https:\/\/shatranj.art\/wp-content\/uploads\/2026\/02\/4-5-959x1024.jpg 959w, https:\/\/shatranj.art\/wp-content\/uploads\/2026\/02\/4-5-281x300.jpg 281w, https:\/\/shatranj.art\/wp-content\/uploads\/2026\/02\/4-5-768x820.jpg 768w, https:\/\/shatranj.art\/wp-content\/uploads\/2026\/02\/4-5.jpg 1261w\" sizes=\"(max-width: 800px) 100vw, 800px\" \/>\t\t\t\t\t\t\t\t\t\t\t\t\t\t\t<\/div>\n\t\t\t\t<\/div>\n\t\t\t\t<\/div>\n\t\t\t\t\t<\/div>\n\t\t\t\t<\/div>\n\t\t\t\t<\/div>","protected":false},"excerpt":{"rendered":"<p>Afrasiyab Chess Pieces \u00a0 The ivory pieces from the 7th\u20138th century found at the Afrasiyab site in Samarkand represent the oldest known chess set. These detailed figurines provide a figurative look at the game&#8217;s Central Asian roots, featuring the Rook as a chariot with multiple horses, the knight piece is depicted as a cavalryman with [&hellip;]<\/p>\n","protected":false},"author":1,"featured_media":0,"parent":743,"menu_order":0,"comment_status":"closed","ping_status":"closed","template":"","meta":{"footnotes":""},"class_list":["post-775","page","type-page","status-publish","hentry"],"_links":{"self":[{"href":"https:\/\/shatranj.art\/sk\/wp-json\/wp\/v2\/pages\/775","targetHints":{"allow":["GET"]}}],"collection":[{"href":"https:\/\/shatranj.art\/sk\/wp-json\/wp\/v2\/pages"}],"about":[{"href":"https:\/\/shatranj.art\/sk\/wp-json\/wp\/v2\/types\/page"}],"author":[{"embeddable":true,"href":"https:\/\/shatranj.art\/sk\/wp-json\/wp\/v2\/users\/1"}],"replies":[{"embeddable":true,"href":"https:\/\/shatranj.art\/sk\/wp-json\/wp\/v2\/comments?post=775"}],"version-history":[{"count":22,"href":"https:\/\/shatranj.art\/sk\/wp-json\/wp\/v2\/pages\/775\/revisions"}],"predecessor-version":[{"id":1631,"href":"https:\/\/shatranj.art\/sk\/wp-json\/wp\/v2\/pages\/775\/revisions\/1631"}],"up":[{"embeddable":true,"href":"https:\/\/shatranj.art\/sk\/wp-json\/wp\/v2\/pages\/743"}],"wp:attachment":[{"href":"https:\/\/shatranj.art\/sk\/wp-json\/wp\/v2\/media?parent=775"}],"curies":[{"name":"wp","href":"https:\/\/api.w.org\/{rel}","templated":true}]}}