{"id":817,"date":"2026-02-21T20:02:15","date_gmt":"2026-02-21T20:02:15","guid":{"rendered":"https:\/\/shatranj.art\/?page_id=817"},"modified":"2026-02-24T06:26:33","modified_gmt":"2026-02-24T06:26:33","slug":"poster-8","status":"publish","type":"page","link":"https:\/\/shatranj.art\/sk\/exhibit\/poster-8\/","title":{"rendered":"plag\u00e1t 8"},"content":{"rendered":"<div data-elementor-type=\"wp-page\" data-elementor-id=\"817\" class=\"elementor elementor-817\" data-elementor-post-type=\"page\">\n\t\t\t\t<div class=\"elementor-element elementor-element-3be2f38 e-flex e-con-boxed e-con e-parent\" data-id=\"3be2f38\" data-element_type=\"container\" data-e-type=\"container\" data-settings=\"{&quot;background_background&quot;:&quot;classic&quot;}\">\n\t\t\t\t\t<div class=\"e-con-inner\">\n\t\t\t\t<div class=\"elementor-element elementor-element-18ff8b2 elementor-widget elementor-widget-image\" data-id=\"18ff8b2\" data-element_type=\"widget\" data-e-type=\"widget\" data-widget_type=\"image.default\">\n\t\t\t\t<div class=\"elementor-widget-container\">\n\t\t\t\t\t\t\t\t\t\t\t\t\t\t\t<img fetchpriority=\"high\" decoding=\"async\" width=\"480\" height=\"321\" src=\"https:\/\/shatranj.art\/wp-content\/uploads\/2026\/02\/bobby-fischer-dubrovnik.jpg\" class=\"attachment-full size-full wp-image-1458\" alt=\"\" srcset=\"https:\/\/shatranj.art\/wp-content\/uploads\/2026\/02\/bobby-fischer-dubrovnik.jpg 480w, https:\/\/shatranj.art\/wp-content\/uploads\/2026\/02\/bobby-fischer-dubrovnik-300x201.jpg 300w, https:\/\/shatranj.art\/wp-content\/uploads\/2026\/02\/bobby-fischer-dubrovnik-18x12.jpg 18w\" sizes=\"(max-width: 480px) 100vw, 480px\" \/>\t\t\t\t\t\t\t\t\t\t\t\t\t\t\t<\/div>\n\t\t\t\t<\/div>\n\t\t\t\t<div class=\"elementor-element elementor-element-cec26d3 elementor-widget elementor-widget-image\" data-id=\"cec26d3\" data-element_type=\"widget\" data-e-type=\"widget\" data-widget_type=\"image.default\">\n\t\t\t\t<div class=\"elementor-widget-container\">\n\t\t\t\t\t\t\t\t\t\t\t\t\t\t\t<img decoding=\"async\" width=\"964\" height=\"582\" src=\"https:\/\/shatranj.art\/wp-content\/uploads\/2026\/02\/8.png\" class=\"attachment-full size-full wp-image-820\" alt=\"\" srcset=\"https:\/\/shatranj.art\/wp-content\/uploads\/2026\/02\/8.png 964w, https:\/\/shatranj.art\/wp-content\/uploads\/2026\/02\/8-300x181.png 300w, https:\/\/shatranj.art\/wp-content\/uploads\/2026\/02\/8-768x464.png 768w\" sizes=\"(max-width: 964px) 100vw, 964px\" \/>\t\t\t\t\t\t\t\t\t\t\t\t\t\t\t<\/div>\n\t\t\t\t<\/div>\n\t\t\t\t<div class=\"elementor-element elementor-element-411e3a4 elementor-widget__width-initial elementor-widget elementor-widget-text-editor\" data-id=\"411e3a4\" data-element_type=\"widget\" data-e-type=\"widget\" data-widget_type=\"text-editor.default\">\n\t\t\t\t<div class=\"elementor-widget-container\">\n\t\t\t\t\t\t\t\t\t<p><b>Za hranice ideol\u00f3gi\u00ed: Dubrovn\u00edcky s\u00fabor z roku 1950<\/b><\/p><p>T\u00e1to s\u00faprava, vytvoren\u00e1 \u0161peci\u00e1lne pre 9. \u0161achov\u00fa olympi\u00e1du v roku 1950 v Juhosl\u00e1vii, predstavuje jednu z najradik\u00e1lnej\u0161\u00edch dizajnov\u00fdch revol\u00faci\u00ed v hist\u00f3rii \u0161achu. Cie\u013eom s\u00fapravy, ktor\u00fa navrhol \u010diernohorsk\u00fd maliar a soch\u00e1r Petar Po\u010dek, bolo zjednoti\u0165 svet prostredn\u00edctvom zjednocuj\u00facej sily hry po druhej svetovej vojne. S t\u00fdmto cie\u013eom boli z\u00e1merne odstr\u00e1nen\u00e9 v\u0161etky n\u00e1bo\u017eensk\u00e9 symboly: tradi\u010dn\u00fd kr\u00ed\u017e na vrchole kr\u00e1\u013ea bol nahraden\u00fd jednoduchou gu\u013eou a na biskupovi bol odstr\u00e1nen\u00fd z\u00e1rez symbolizuj\u00faci kleriku.<\/p><p>Tento \u201csvetsk\u00fd\u201d a inkluz\u00edvny dizajn zmenil \u0161ach zo symbolu konkr\u00e9tnych n\u00e1bo\u017eenstiev na univerz\u00e1lne umeleck\u00e9 dielo. Bobby Fischer si ho cenil ako \u201cnajlep\u0161iu s\u00fapravu, na ktorej som kedy hral\u201d, a to a\u017e do takej miery, \u017ee trval na jej pou\u017eit\u00ed v historickom odvetnom z\u00e1pase proti Spassk\u00e9mu v roku 1992, \u017ee tento dizajn je hlbok\u00fdm estetick\u00fdm pr\u00eds\u013eubom remeselnej zru\u010dnosti pre mierov\u00fa a modern\u00fa bud\u00facnos\u0165.<\/p>\t\t\t\t\t\t\t\t<\/div>\n\t\t\t\t<\/div>\n\t\t<div class=\"elementor-element elementor-element-8bffdfb e-con-full e-flex e-con e-child\" data-id=\"8bffdfb\" data-element_type=\"container\" data-e-type=\"container\">\n\t\t\t\t<div class=\"elementor-element elementor-element-e67be09 elementor-widget__width-initial elementor-widget elementor-widget-image\" data-id=\"e67be09\" data-element_type=\"widget\" data-e-type=\"widget\" data-widget_type=\"image.default\">\n\t\t\t\t<div class=\"elementor-widget-container\">\n\t\t\t\t\t\t\t\t\t\t\t\t\t\t\t<img decoding=\"async\" width=\"1028\" height=\"817\" src=\"https:\/\/shatranj.art\/wp-content\/uploads\/2026\/02\/8.jpg\" class=\"attachment-full size-full wp-image-821\" alt=\"\" srcset=\"https:\/\/shatranj.art\/wp-content\/uploads\/2026\/02\/8.jpg 1028w, https:\/\/shatranj.art\/wp-content\/uploads\/2026\/02\/8-300x238.jpg 300w, https:\/\/shatranj.art\/wp-content\/uploads\/2026\/02\/8-1024x814.jpg 1024w, https:\/\/shatranj.art\/wp-content\/uploads\/2026\/02\/8-768x610.jpg 768w\" sizes=\"(max-width: 1028px) 100vw, 1028px\" \/>\t\t\t\t\t\t\t\t\t\t\t\t\t\t\t<\/div>\n\t\t\t\t<\/div>\n\t\t\t\t<div class=\"elementor-element elementor-element-f215331 elementor-widget__width-initial elementor-widget elementor-widget-text-editor\" data-id=\"f215331\" data-element_type=\"widget\" data-e-type=\"widget\" data-widget_type=\"text-editor.default\">\n\t\t\t\t<div class=\"elementor-widget-container\">\n\t\t\t\t\t\t\t\t\t<p><b>V\u00e1\u0161e\u0148 za hranicami: \u0160achov\u00e9 dedi\u010dstvo Subotice<\/b><\/p><p>T\u00e1to s\u00faprava, ktor\u00e1 vznikla v pohrani\u010dnom meste Subotica a bola vyroben\u00e1 v legend\u00e1rnych subozansk\u00fdch diel\u0148ach, je siln\u00fdm symbolom zlat\u00e9ho veku Juhosl\u00e1vie vo svete \u0161achu. Tieto fig\u00farky predstavuj\u00fa obdobie, ke\u010f \u0161ach zapustil korene ako skuto\u010dn\u00e1 \u013eudov\u00e1 kult\u00fara, ktor\u00fa mo\u017eno n\u00e1js\u0165 v ka\u017edej dom\u00e1cnosti, \u0161kole a verejnom parku. Nes\u00fa v sebe jednoduch\u00fa, trvanliv\u00fa a d\u00f4stojn\u00fa estetiku balk\u00e1nskeho remesla a rozpr\u00e1vaj\u00fa pr\u00edbeh o tom, ako sa \u0161ach z elitnej z\u00e1bavy stal spolo\u010dn\u00fdm spolo\u010densk\u00fdm jazykom, ktor\u00fd sp\u00e1jal v\u0161etky vrstvy spolo\u010dnosti. S\u00faprava Subotica zost\u00e1va nad\u010dasov\u00fdm kult\u00farnym mostom, kde sa stret\u00e1va umenie a strat\u00e9gia.<\/p>\t\t\t\t\t\t\t\t<\/div>\n\t\t\t\t<\/div>\n\t\t\t\t<\/div>\n\t\t\t\t\t<\/div>\n\t\t\t\t<\/div>\n\t\t\t\t<\/div>","protected":false},"excerpt":{"rendered":"<p>Beyond Ideologies: The 1950 Dubrovnik Set Specially created for the 9th Chess Olympiad in 1950 in Yugoslavia, this set represents one of the most radical design revolutions in chess history. Designed by Montenegrin painter and sculptor Petar Po\u010dek, the set aimed to reunite the world through the unifying power of play following the Second World [&hellip;]<\/p>\n","protected":false},"author":1,"featured_media":0,"parent":743,"menu_order":0,"comment_status":"closed","ping_status":"closed","template":"","meta":{"footnotes":""},"class_list":["post-817","page","type-page","status-publish","hentry"],"_links":{"self":[{"href":"https:\/\/shatranj.art\/sk\/wp-json\/wp\/v2\/pages\/817","targetHints":{"allow":["GET"]}}],"collection":[{"href":"https:\/\/shatranj.art\/sk\/wp-json\/wp\/v2\/pages"}],"about":[{"href":"https:\/\/shatranj.art\/sk\/wp-json\/wp\/v2\/types\/page"}],"author":[{"embeddable":true,"href":"https:\/\/shatranj.art\/sk\/wp-json\/wp\/v2\/users\/1"}],"replies":[{"embeddable":true,"href":"https:\/\/shatranj.art\/sk\/wp-json\/wp\/v2\/comments?post=817"}],"version-history":[{"count":13,"href":"https:\/\/shatranj.art\/sk\/wp-json\/wp\/v2\/pages\/817\/revisions"}],"predecessor-version":[{"id":1461,"href":"https:\/\/shatranj.art\/sk\/wp-json\/wp\/v2\/pages\/817\/revisions\/1461"}],"up":[{"embeddable":true,"href":"https:\/\/shatranj.art\/sk\/wp-json\/wp\/v2\/pages\/743"}],"wp:attachment":[{"href":"https:\/\/shatranj.art\/sk\/wp-json\/wp\/v2\/media?parent=817"}],"curies":[{"name":"wp","href":"https:\/\/api.w.org\/{rel}","templated":true}]}}