{"id":945,"date":"2026-02-22T14:34:32","date_gmt":"2026-02-22T14:34:32","guid":{"rendered":"https:\/\/shatranj.art\/?page_id=945"},"modified":"2026-02-23T10:43:41","modified_gmt":"2026-02-23T10:43:41","slug":"poster-15","status":"publish","type":"page","link":"https:\/\/shatranj.art\/sk\/exhibit\/poster-15\/","title":{"rendered":"plag\u00e1t 15"},"content":{"rendered":"<div data-elementor-type=\"wp-page\" data-elementor-id=\"945\" class=\"elementor elementor-945\" data-elementor-post-type=\"page\">\n\t\t\t\t<div class=\"elementor-element elementor-element-8fd0c1a e-flex e-con-boxed e-con e-parent\" data-id=\"8fd0c1a\" data-element_type=\"container\" data-e-type=\"container\" data-settings=\"{&quot;background_background&quot;:&quot;classic&quot;}\">\n\t\t\t\t\t<div class=\"e-con-inner\">\n\t\t<div class=\"elementor-element elementor-element-a491ef7 e-con-full e-flex e-con e-child\" data-id=\"a491ef7\" data-element_type=\"container\" data-e-type=\"container\">\n\t\t\t\t<div class=\"elementor-element elementor-element-25c1e59 elementor-widget elementor-widget-image\" data-id=\"25c1e59\" data-element_type=\"widget\" data-e-type=\"widget\" data-widget_type=\"image.default\">\n\t\t\t\t<div class=\"elementor-widget-container\">\n\t\t\t\t\t\t\t\t\t\t\t\t\t\t\t<img fetchpriority=\"high\" decoding=\"async\" width=\"2400\" height=\"1350\" src=\"https:\/\/shatranj.art\/wp-content\/uploads\/2026\/02\/17.jpg\" class=\"attachment-full size-full wp-image-965\" alt=\"\" srcset=\"https:\/\/shatranj.art\/wp-content\/uploads\/2026\/02\/17.jpg 2400w, https:\/\/shatranj.art\/wp-content\/uploads\/2026\/02\/17-300x169.jpg 300w, https:\/\/shatranj.art\/wp-content\/uploads\/2026\/02\/17-1024x576.jpg 1024w, https:\/\/shatranj.art\/wp-content\/uploads\/2026\/02\/17-768x432.jpg 768w, https:\/\/shatranj.art\/wp-content\/uploads\/2026\/02\/17-1536x864.jpg 1536w, https:\/\/shatranj.art\/wp-content\/uploads\/2026\/02\/17-2048x1152.jpg 2048w\" sizes=\"(max-width: 2400px) 100vw, 2400px\" \/>\t\t\t\t\t\t\t\t\t\t\t\t\t\t\t<\/div>\n\t\t\t\t<\/div>\n\t\t\t\t<div class=\"elementor-element elementor-element-ede708d elementor-widget elementor-widget-text-editor\" data-id=\"ede708d\" data-element_type=\"widget\" data-e-type=\"widget\" data-widget_type=\"text-editor.default\">\n\t\t\t\t<div class=\"elementor-widget-container\">\n\t\t\t\t\t\t\t\t\t<h3><b>Tradi\u010dn\u00e9 tureck\u00e9 \u0161achy: Strategick\u00e9 dedi\u010dstvo mesta Urfa<\/b><\/h3><p>Tich\u00fd s\u00faboj v kaviar\u0148ach Tureck\u00e9 \u0161achy (Dama) s\u00fa anat\u00f3lskou intelektu\u00e1lnou discipl\u00ednou, ktor\u00e1 sa od svojich z\u00e1padn\u00fdch n\u00e1protivkov odli\u0161uje jedine\u010dn\u00fdmi pravidlami. V tejto verzii sa fig\u00farky pohybuj\u00fa ortogon\u00e1lne dopredu a do str\u00e1n, a nie diagon\u00e1lne, \u010do vytv\u00e1ra line\u00e1rne a ove\u013ea agres\u00edvnej\u0161ie strategick\u00e9 prostredie. V starobyl\u00fdch mest\u00e1ch, ako je \u015eanl\u0131urfa, nie je Dama len s\u00fa\u0165a\u017eou medzi dvoma hr\u00e1\u010dmi; je to kolekt\u00edvny spolo\u010densk\u00fd ritu\u00e1l sprev\u00e1dzan\u00fd v\u00f4\u0148ou namo\u010den\u00e9ho \u010daju, koment\u00e1rmi div\u00e1kov a hodinami hlbokej anal\u00fdzy.<\/p><p>Kult\u00fara majstrovstva a predv\u00eddavosti V kult\u00fare Dama v Urfe sa ve\u013ekos\u0165 hr\u00e1\u010da nemeria len v\u00ed\u0165azstvami, ale aj t\u00fdm, ko\u013eko \u0165ahov dopredu \u201cvid\u00ed\u201d. Symetrick\u00fd s\u00faboj \u0161estn\u00e1stich fig\u00farok vrchol\u00ed, ke\u010f sa jedin\u00e1 fig\u00farka dostane do posledn\u00e9ho radu a stane sa \u201cD\u00e1mou\u201d (kr\u00e1\u013eom), \u010d\u00edm z\u00edska moc ovl\u00e1da\u0165 cel\u00fa \u0161achovnicu. T\u00e1to trad\u00edcia, ktor\u00e1 odol\u00e1va digit\u00e1lnej vlne 21. storo\u010dia, zost\u00e1va \u017eivou lekciou trpezlivosti a predv\u00eddavosti, ktor\u00e1 sa odovzd\u00e1va z gener\u00e1cie na gener\u00e1ciu na historick\u00fdch baz\u00e1roch v Urfe.\u00a0<\/p>\t\t\t\t\t\t\t\t<\/div>\n\t\t\t\t<\/div>\n\t\t\t\t<\/div>\n\t\t\t\t\t<\/div>\n\t\t\t\t<\/div>\n\t\t\t\t<\/div>","protected":false},"excerpt":{"rendered":"<p>Traditional Turkish Draughts: The Strategic Heritage of Urfa The Silent Duel of the Coffeehouses Turkish Draughts (Dama) is an Anatolian intellectual discipline that stands apart from its Western counterparts through its unique rules. In this version, pieces move orthogonally forwards and sideways rather than diagonally, creating a linear and far more aggressive strategic landscape. In [&hellip;]<\/p>\n","protected":false},"author":1,"featured_media":0,"parent":743,"menu_order":0,"comment_status":"closed","ping_status":"closed","template":"","meta":{"footnotes":""},"class_list":["post-945","page","type-page","status-publish","hentry"],"_links":{"self":[{"href":"https:\/\/shatranj.art\/sk\/wp-json\/wp\/v2\/pages\/945","targetHints":{"allow":["GET"]}}],"collection":[{"href":"https:\/\/shatranj.art\/sk\/wp-json\/wp\/v2\/pages"}],"about":[{"href":"https:\/\/shatranj.art\/sk\/wp-json\/wp\/v2\/types\/page"}],"author":[{"embeddable":true,"href":"https:\/\/shatranj.art\/sk\/wp-json\/wp\/v2\/users\/1"}],"replies":[{"embeddable":true,"href":"https:\/\/shatranj.art\/sk\/wp-json\/wp\/v2\/comments?post=945"}],"version-history":[{"count":25,"href":"https:\/\/shatranj.art\/sk\/wp-json\/wp\/v2\/pages\/945\/revisions"}],"predecessor-version":[{"id":1429,"href":"https:\/\/shatranj.art\/sk\/wp-json\/wp\/v2\/pages\/945\/revisions\/1429"}],"up":[{"embeddable":true,"href":"https:\/\/shatranj.art\/sk\/wp-json\/wp\/v2\/pages\/743"}],"wp:attachment":[{"href":"https:\/\/shatranj.art\/sk\/wp-json\/wp\/v2\/media?parent=945"}],"curies":[{"name":"wp","href":"https:\/\/api.w.org\/{rel}","templated":true}]}}