{"id":954,"date":"2026-02-22T15:10:21","date_gmt":"2026-02-22T15:10:21","guid":{"rendered":"https:\/\/shatranj.art\/?page_id=954"},"modified":"2026-02-24T09:18:28","modified_gmt":"2026-02-24T09:18:28","slug":"poster-16","status":"publish","type":"page","link":"https:\/\/shatranj.art\/sk\/exhibit\/poster-16\/","title":{"rendered":"plag\u00e1t 16"},"content":{"rendered":"<div data-elementor-type=\"wp-page\" data-elementor-id=\"954\" class=\"elementor elementor-954\" data-elementor-post-type=\"page\">\n\t\t\t\t<div class=\"elementor-element elementor-element-05751de e-flex e-con-boxed e-con e-parent\" data-id=\"05751de\" data-element_type=\"container\" data-e-type=\"container\" data-settings=\"{&quot;background_background&quot;:&quot;classic&quot;}\">\n\t\t\t\t\t<div class=\"e-con-inner\">\n\t\t<div class=\"elementor-element elementor-element-415f3f4 e-con-full e-flex e-con e-child\" data-id=\"415f3f4\" data-element_type=\"container\" data-e-type=\"container\">\n\t\t\t\t<div class=\"elementor-element elementor-element-ee52ef0 elementor-widget__width-initial elementor-widget elementor-widget-image\" data-id=\"ee52ef0\" data-element_type=\"widget\" data-e-type=\"widget\" data-widget_type=\"image.default\">\n\t\t\t\t<div class=\"elementor-widget-container\">\n\t\t\t\t\t\t\t\t\t\t\t\t\t\t\t<img fetchpriority=\"high\" decoding=\"async\" width=\"723\" height=\"1024\" src=\"https:\/\/shatranj.art\/wp-content\/uploads\/2026\/02\/16-723x1024.jpg\" class=\"attachment-large size-large wp-image-959\" alt=\"\" srcset=\"https:\/\/shatranj.art\/wp-content\/uploads\/2026\/02\/16-723x1024.jpg 723w, https:\/\/shatranj.art\/wp-content\/uploads\/2026\/02\/16-212x300.jpg 212w, https:\/\/shatranj.art\/wp-content\/uploads\/2026\/02\/16-768x1087.jpg 768w, https:\/\/shatranj.art\/wp-content\/uploads\/2026\/02\/16-1085x1536.jpg 1085w, https:\/\/shatranj.art\/wp-content\/uploads\/2026\/02\/16-1447x2048.jpg 1447w, https:\/\/shatranj.art\/wp-content\/uploads\/2026\/02\/16.jpg 1557w\" sizes=\"(max-width: 723px) 100vw, 723px\" \/>\t\t\t\t\t\t\t\t\t\t\t\t\t\t\t<\/div>\n\t\t\t\t<\/div>\n\t\t\t\t<div class=\"elementor-element elementor-element-bc51b4f elementor-widget__width-initial elementor-widget elementor-widget-text-editor\" data-id=\"bc51b4f\" data-element_type=\"widget\" data-e-type=\"widget\" data-widget_type=\"text-editor.default\">\n\t\t\t\t<div class=\"elementor-widget-container\">\n\t\t\t\t\t\t\t\t\t<h3><b>Bucephalus: Legend\u00e1rny duch step\u00ed a v\u00fdbojov<\/b><\/h3><p>V starovekej gr\u00e9\u010dtine znamenal \u201cvolsk\u00e1 hlava\u201d (Boukephalos), pravdepodobne kv\u00f4li jeho \u0161irok\u00e9mu obo\u010diu alebo zna\u010dke na ramene.Bucephalus je najikonickej\u0161\u00edm vojnov\u00fdm ko\u0148om v hist\u00f3rii. Legenda hovor\u00ed, \u017ee ho kr\u00e1\u013e Filip II. pon\u00fakol Filonikovi Tes\u00e1lskemu za z\u00e1vratn\u00fa sumu 13 talentov, no nikto nedok\u00e1zal skroti\u0165 jeho divok\u00e9ho ducha. Mlad\u00fd Alexander, ktor\u00fd si v\u0161imol, \u017ee k\u00f4\u0148 sa iba boj\u00ed vlastn\u00e9ho tie\u0148a, ho oto\u010dil k slnku, aby ho upokojil. Ke\u010f to videl kr\u00e1\u013e Filip, sl\u00e1vne vyhl\u00e1sil: \u201c\u00d3, m\u00f4j synu, vyhliadni si kr\u00e1\u013eovstvo rovn\u00e9 a hodn\u00e9 teba sam\u00e9ho, lebo Maced\u00f3nsko je pre teba pr\u00edli\u0161 mal\u00e9!\u201d<\/p><p>\u00a0<\/p><p>Od boj\u00edsk k nesmrte\u013enosti<\/p><p>\u00a0<\/p><p>Bucef\u00e1l sprev\u00e1dzal Alexandra po\u010das cel\u00e9ho jeho \u0165a\u017eenia z Gr\u00e9cka do srdca Indie. Svojho p\u00e1na sprev\u00e1dzal najkrvavej\u0161\u00edmi stretmi od Graniku a Issu a\u017e po Gaugamelu a bitku pri Hydaspe. V roku 326 pred n. l. po\u010das indickej kampane zomrel bu\u010f na n\u00e1sledky zranen\u00ed v boji, alebo na starobu (vo veku takmer 30 rokov). Na jeho po\u010des\u0165 zalo\u017eil Alexander mesto Alexandria Bucephala na brehu rieky Jhelum v dne\u0161nom Pakistane.<\/p><p>\u00a0<\/p><p>Kult\u00farny odkaz<\/p><p>\u00a0<\/p><p>V dejin\u00e1ch umenia a literat\u00fary je Bucephalus symbolom sily, vernosti a bystr\u00e9ho in\u0161tinktu. Vo v\u00fdchodn\u00fdch trad\u00edci\u00e1ch, kde je Alexander \u010dasto identifikovan\u00fd ako \u201cIskandar\u201d, je Bucephalus zobrazovan\u00fd ako vern\u00fd spolo\u010dn\u00edk obdaren\u00fd nadprirodzen\u00fdmi vlastnos\u0165ami. Zost\u00e1va skuto\u010dn\u00fdm \u201cduchom\u201d najv\u00e4\u010d\u0161ieho dobyvate\u013ea hist\u00f3rie a predstavuje puto, ktor\u00e9 presahuje hranice bojiska.<\/p>\t\t\t\t\t\t\t\t<\/div>\n\t\t\t\t<\/div>\n\t\t\t\t<\/div>\n\t\t\t\t\t<\/div>\n\t\t\t\t<\/div>\n\t\t\t\t<\/div>","protected":false},"excerpt":{"rendered":"<p>Bucephalus: The Legendary Spirit of the Steppes and Conquests Meaning &#8220;Ox-headed&#8221; (Boukephalos) in Ancient Greek likely due to his broad brow or a branding on his shoulder Bucephalus is the most iconic warhorse in history. Legend tells that he was offered to King Philip II by Philonicus the Thessalian for the staggering sum of 13 [&hellip;]<\/p>\n","protected":false},"author":1,"featured_media":0,"parent":743,"menu_order":0,"comment_status":"closed","ping_status":"closed","template":"","meta":{"footnotes":""},"class_list":["post-954","page","type-page","status-publish","hentry"],"_links":{"self":[{"href":"https:\/\/shatranj.art\/sk\/wp-json\/wp\/v2\/pages\/954","targetHints":{"allow":["GET"]}}],"collection":[{"href":"https:\/\/shatranj.art\/sk\/wp-json\/wp\/v2\/pages"}],"about":[{"href":"https:\/\/shatranj.art\/sk\/wp-json\/wp\/v2\/types\/page"}],"author":[{"embeddable":true,"href":"https:\/\/shatranj.art\/sk\/wp-json\/wp\/v2\/users\/1"}],"replies":[{"embeddable":true,"href":"https:\/\/shatranj.art\/sk\/wp-json\/wp\/v2\/comments?post=954"}],"version-history":[{"count":13,"href":"https:\/\/shatranj.art\/sk\/wp-json\/wp\/v2\/pages\/954\/revisions"}],"predecessor-version":[{"id":1579,"href":"https:\/\/shatranj.art\/sk\/wp-json\/wp\/v2\/pages\/954\/revisions\/1579"}],"up":[{"embeddable":true,"href":"https:\/\/shatranj.art\/sk\/wp-json\/wp\/v2\/pages\/743"}],"wp:attachment":[{"href":"https:\/\/shatranj.art\/sk\/wp-json\/wp\/v2\/media?parent=954"}],"curies":[{"name":"wp","href":"https:\/\/api.w.org\/{rel}","templated":true}]}}