{"id":969,"date":"2026-02-22T15:22:14","date_gmt":"2026-02-22T15:22:14","guid":{"rendered":"https:\/\/shatranj.art\/?page_id=969"},"modified":"2026-02-23T04:55:45","modified_gmt":"2026-02-23T04:55:45","slug":"poster-18","status":"publish","type":"page","link":"https:\/\/shatranj.art\/sk\/exhibit\/poster-18\/","title":{"rendered":"plag\u00e1t 18"},"content":{"rendered":"<div data-elementor-type=\"wp-page\" data-elementor-id=\"969\" class=\"elementor elementor-969\" data-elementor-post-type=\"page\">\n\t\t\t\t<div class=\"elementor-element elementor-element-e18ac67 e-flex e-con-boxed e-con e-parent\" data-id=\"e18ac67\" data-element_type=\"container\" data-e-type=\"container\" data-settings=\"{&quot;background_background&quot;:&quot;classic&quot;}\">\n\t\t\t\t\t<div class=\"e-con-inner\">\n\t\t<div class=\"elementor-element elementor-element-36bf2c2 e-con-full e-flex e-con e-child\" data-id=\"36bf2c2\" data-element_type=\"container\" data-e-type=\"container\">\n\t\t\t\t<div class=\"elementor-element elementor-element-1244f27 elementor-widget__width-initial elementor-widget elementor-widget-image\" data-id=\"1244f27\" data-element_type=\"widget\" data-e-type=\"widget\" data-widget_type=\"image.default\">\n\t\t\t\t<div class=\"elementor-widget-container\">\n\t\t\t\t\t\t\t\t\t\t\t\t\t\t\t<img fetchpriority=\"high\" decoding=\"async\" width=\"800\" height=\"729\" src=\"https:\/\/shatranj.art\/wp-content\/uploads\/2026\/02\/18-1024x933.jpg\" class=\"attachment-large size-large wp-image-971\" alt=\"\" srcset=\"https:\/\/shatranj.art\/wp-content\/uploads\/2026\/02\/18-1024x933.jpg 1024w, https:\/\/shatranj.art\/wp-content\/uploads\/2026\/02\/18-300x273.jpg 300w, https:\/\/shatranj.art\/wp-content\/uploads\/2026\/02\/18-768x700.jpg 768w, https:\/\/shatranj.art\/wp-content\/uploads\/2026\/02\/18.jpg 1279w\" sizes=\"(max-width: 800px) 100vw, 800px\" \/>\t\t\t\t\t\t\t\t\t\t\t\t\t\t\t<\/div>\n\t\t\t\t<\/div>\n\t\t\t\t<div class=\"elementor-element elementor-element-917c746 elementor-widget__width-initial elementor-widget-mobile__width-inherit elementor-widget elementor-widget-image\" data-id=\"917c746\" data-element_type=\"widget\" data-e-type=\"widget\" data-widget_type=\"image.default\">\n\t\t\t\t<div class=\"elementor-widget-container\">\n\t\t\t\t\t\t\t\t\t\t\t\t\t\t\t<img decoding=\"async\" width=\"800\" height=\"790\" src=\"https:\/\/shatranj.art\/wp-content\/uploads\/2026\/02\/18-1-1024x1011.jpg\" class=\"attachment-large size-large wp-image-972\" alt=\"\" srcset=\"https:\/\/shatranj.art\/wp-content\/uploads\/2026\/02\/18-1-1024x1011.jpg 1024w, https:\/\/shatranj.art\/wp-content\/uploads\/2026\/02\/18-1-300x296.jpg 300w, https:\/\/shatranj.art\/wp-content\/uploads\/2026\/02\/18-1-768x758.jpg 768w, https:\/\/shatranj.art\/wp-content\/uploads\/2026\/02\/18-1-1536x1517.jpg 1536w, https:\/\/shatranj.art\/wp-content\/uploads\/2026\/02\/18-1.jpg 1769w\" sizes=\"(max-width: 800px) 100vw, 800px\" \/>\t\t\t\t\t\t\t\t\t\t\t\t\t\t\t<\/div>\n\t\t\t\t<\/div>\n\t\t\t\t<div class=\"elementor-element elementor-element-5c72f2f elementor-widget__width-initial elementor-widget elementor-widget-text-editor\" data-id=\"5c72f2f\" data-element_type=\"widget\" data-e-type=\"widget\" data-widget_type=\"text-editor.default\">\n\t\t\t\t<div class=\"elementor-widget-container\">\n\t\t\t\t\t\t\t\t\t<h3><b>Mechanick\u00fd Turek: prv\u00e1 il\u00fazia umelej inteligencie<\/b><\/h3><p><b>Il\u00fazia, ktor\u00e1 o\u010darila r\u00ed\u0161e<\/b> <span style=\"font-weight: 400;\"><br \/><\/span>Mechanick\u00fd Turek, ktor\u00e9ho v roku 1770 navrhol Wolfgang von Kempelen, aby urobil dojem na cis\u00e1rovn\u00fa M\u00e1riu Ter\u00e9ziu, sa zdal by\u0165 samo\u010dinn\u00fdm automatom poh\u00e1\u0148an\u00fdm zlo\u017eit\u00fdm syst\u00e9mom prevodov. Postava sediaca pri ve\u013ekom kabinete a oble\u010den\u00e1 v tradi\u010dnom osmanskom odeve a turbane vyzvala na s\u00faboj a porazila niektor\u00e9 z najmocnej\u0161\u00edch mozgov hist\u00f3rie vr\u00e1tane Napoleona Bonaparteho a Benjamina Franklina.<\/p><p>\u00a0<\/p><p><b>\u010clovek uprostred ozuben\u00fdch kolies<\/b> <span style=\"font-weight: 400;\"><br \/><\/span>Cel\u00e9 desa\u0165ro\u010dia svet veril, \u017ee je svedkom skuto\u010dn\u00e9ho \u201cmysliaceho stroja\u201d. V skuto\u010dnosti bolo toto zariadenie majstrovsk\u00fdm dielom il\u00fazie. Vn\u00fatro skrine bolo d\u00f4myselne navrhnut\u00e9 tak, aby ukr\u00fdvalo profesion\u00e1lneho \u013eudsk\u00e9ho \u0161achov\u00e9ho majstra, ktor\u00fd menil svoje poz\u00edcie pod\u013ea toho, ako sa otv\u00e1rali r\u00f4zne dvere pre verejnos\u0165. Pomocou mechanizmu pantografu a magnetick\u00fdch indik\u00e1torov pod \u0161achovnicou skryt\u00fd hr\u00e1\u010d sledoval \u0165ahy s\u00fapera a vykon\u00e1val svoje vlastn\u00e9 prostredn\u00edctvom mechanickej ruky Turka.<\/p><p>\u00a0<\/p><p><b>Modern\u00e9 dedi\u010dstvo<\/b> <span style=\"font-weight: 400;\"><br \/><\/span>Mechanick\u00fd Turek je viac ne\u017e len pr\u00edbeh o podvode; je symbolom ve\u010dnej fascin\u00e1cie a strachu \u013eudstva zo strojovej inteligencie. Nie je n\u00e1hoda, \u017ee spolo\u010dnos\u0165 Amazon dnes pomenovala svoju platformu pre mikropr\u00e1cu \u201cMechanical Turk\u201d. N\u00e1zov zost\u00e1va poctou \u00faloh\u00e1m, ktor\u00e9 po\u010d\u00edta\u010de zatia\u013e nedok\u00e1\u017eu vykon\u00e1va\u0165, ale ktor\u00e9 \u013eudia rie\u0161ia potichu \u201cv z\u00e1kulis\u00ed\u201d.\u201d<\/p>\t\t\t\t\t\t\t\t<\/div>\n\t\t\t\t<\/div>\n\t\t\t\t<\/div>\n\t\t\t\t\t<\/div>\n\t\t\t\t<\/div>\n\t\t\t\t<\/div>","protected":false},"excerpt":{"rendered":"<p>The Mechanical Turk: The First Illusion of Artificial Intelligence An Illusion That Enchanted Empires Designed in 1770 by Wolfgang von Kempelen to impress Empress Maria Theresa, the &#8220;Mechanical Turk&#8221; appeared to be a self-operating automaton powered by a complex system of gears. Seated at a large cabinet and dressed in traditional Ottoman robes and a [&hellip;]<\/p>\n","protected":false},"author":1,"featured_media":0,"parent":743,"menu_order":0,"comment_status":"closed","ping_status":"closed","template":"","meta":{"footnotes":""},"class_list":["post-969","page","type-page","status-publish","hentry"],"_links":{"self":[{"href":"https:\/\/shatranj.art\/sk\/wp-json\/wp\/v2\/pages\/969","targetHints":{"allow":["GET"]}}],"collection":[{"href":"https:\/\/shatranj.art\/sk\/wp-json\/wp\/v2\/pages"}],"about":[{"href":"https:\/\/shatranj.art\/sk\/wp-json\/wp\/v2\/types\/page"}],"author":[{"embeddable":true,"href":"https:\/\/shatranj.art\/sk\/wp-json\/wp\/v2\/users\/1"}],"replies":[{"embeddable":true,"href":"https:\/\/shatranj.art\/sk\/wp-json\/wp\/v2\/comments?post=969"}],"version-history":[{"count":7,"href":"https:\/\/shatranj.art\/sk\/wp-json\/wp\/v2\/pages\/969\/revisions"}],"predecessor-version":[{"id":1225,"href":"https:\/\/shatranj.art\/sk\/wp-json\/wp\/v2\/pages\/969\/revisions\/1225"}],"up":[{"embeddable":true,"href":"https:\/\/shatranj.art\/sk\/wp-json\/wp\/v2\/pages\/743"}],"wp:attachment":[{"href":"https:\/\/shatranj.art\/sk\/wp-json\/wp\/v2\/media?parent=969"}],"curies":[{"name":"wp","href":"https:\/\/api.w.org\/{rel}","templated":true}]}}