{"id":976,"date":"2026-02-22T15:26:41","date_gmt":"2026-02-22T15:26:41","guid":{"rendered":"https:\/\/shatranj.art\/?page_id=976"},"modified":"2026-02-23T04:57:59","modified_gmt":"2026-02-23T04:57:59","slug":"poster-19","status":"publish","type":"page","link":"https:\/\/shatranj.art\/sk\/exhibit\/poster-19\/","title":{"rendered":"plag\u00e1t 19"},"content":{"rendered":"<div data-elementor-type=\"wp-page\" data-elementor-id=\"976\" class=\"elementor elementor-976\" data-elementor-post-type=\"page\">\n\t\t\t\t<div class=\"elementor-element elementor-element-bd53a03 e-flex e-con-boxed e-con e-parent\" data-id=\"bd53a03\" data-element_type=\"container\" data-e-type=\"container\" data-settings=\"{&quot;background_background&quot;:&quot;classic&quot;}\">\n\t\t\t\t\t<div class=\"e-con-inner\">\n\t\t<div class=\"elementor-element elementor-element-258a2d8 e-con-full e-flex e-con e-child\" data-id=\"258a2d8\" data-element_type=\"container\" data-e-type=\"container\">\n\t\t\t\t<div class=\"elementor-element elementor-element-54379e5 elementor-widget__width-initial elementor-widget elementor-widget-image\" data-id=\"54379e5\" data-element_type=\"widget\" data-e-type=\"widget\" data-widget_type=\"image.default\">\n\t\t\t\t<div class=\"elementor-widget-container\">\n\t\t\t\t\t\t\t\t\t\t\t\t\t\t\t<img fetchpriority=\"high\" decoding=\"async\" width=\"800\" height=\"842\" src=\"https:\/\/shatranj.art\/wp-content\/uploads\/2026\/02\/19-973x1024.jpg\" class=\"attachment-large size-large wp-image-979\" alt=\"\" srcset=\"https:\/\/shatranj.art\/wp-content\/uploads\/2026\/02\/19-973x1024.jpg 973w, https:\/\/shatranj.art\/wp-content\/uploads\/2026\/02\/19-285x300.jpg 285w, https:\/\/shatranj.art\/wp-content\/uploads\/2026\/02\/19-768x808.jpg 768w, https:\/\/shatranj.art\/wp-content\/uploads\/2026\/02\/19.jpg 1121w\" sizes=\"(max-width: 800px) 100vw, 800px\" \/>\t\t\t\t\t\t\t\t\t\t\t\t\t\t\t<\/div>\n\t\t\t\t<\/div>\n\t\t\t\t<div class=\"elementor-element elementor-element-38b79a5 elementor-widget__width-initial elementor-widget elementor-widget-text-editor\" data-id=\"38b79a5\" data-element_type=\"widget\" data-e-type=\"widget\" data-widget_type=\"text-editor.default\">\n\t\t\t\t<div class=\"elementor-widget-container\">\n\t\t\t\t\t\t\t\t\t<p><strong>Deep Blue vs. Kasparov: Kasparov: \u00dasvit dominancie strojov<\/strong><\/p><p>\u00a0<\/p><p><span style=\"font-weight: 400;\">V roku 1997 bol svet svedkom historick\u00e9ho zlomu vo vz\u0165ahu medzi \u010dlovekom a strojom. Superpo\u010d\u00edta\u010d vyvinut\u00fd spolo\u010dnos\u0165ou IBM <\/span>Hlboko modr\u00e1<span style=\"font-weight: 400;\"> porazil \u00faraduj\u00faceho majstra sveta, <\/span>Garry Kasparov<span style=\"font-weight: 400;\">, v s\u00e9rii \u0161iestich z\u00e1pasov. Bolo to prv\u00fdkr\u00e1t, \u010do po\u010d\u00edta\u010d porazil majstra sveta v turnajovom \u0161t\u00fdle z\u00e1pasu so \u0161tandardnou \u010dasovou kontrolou.<\/span><\/p><p>\u00a0<\/p><p><b>Hrub\u00e1 sila:<\/b><span style=\"font-weight: 400;\"> Deep Blue bol majstrovsk\u00fdm dielom \u0161pecializovan\u00e9ho hardv\u00e9ru, ktor\u00fd dok\u00e1zal vypo\u010d\u00edta\u0165 200 mili\u00f3nov poz\u00edci\u00ed za sekundu.<\/span><\/p><p>\u00a0<\/p><p><b>Symbolick\u00e9 v\u00ed\u0165azstvo:<\/b><span style=\"font-weight: 400;\"> Tento z\u00e1pas zmenil glob\u00e1lne vn\u00edmanie umelej inteligencie. Dok\u00e1zal, \u017ee hoci \u013eudsk\u00e1 intu\u00edcia je hlbok\u00e1, samotn\u00e1 v\u00fdpo\u010dtov\u00e1 r\u00fdchlos\u0165 stroja by mohla prekona\u0165 najv\u00e4\u010d\u0161iu strategick\u00fa myse\u013e tejto \u00e9ry.<\/span><\/p>\t\t\t\t\t\t\t\t<\/div>\n\t\t\t\t<\/div>\n\t\t\t\t<div class=\"elementor-element elementor-element-d1ad4e6 elementor-widget__width-initial elementor-widget elementor-widget-image\" data-id=\"d1ad4e6\" data-element_type=\"widget\" data-e-type=\"widget\" data-widget_type=\"image.default\">\n\t\t\t\t<div class=\"elementor-widget-container\">\n\t\t\t\t\t\t\t\t\t\t\t\t\t\t\t<img decoding=\"async\" width=\"800\" height=\"600\" src=\"https:\/\/shatranj.art\/wp-content\/uploads\/2026\/02\/19-1-1024x768.jpg\" class=\"attachment-large size-large wp-image-980\" alt=\"\" srcset=\"https:\/\/shatranj.art\/wp-content\/uploads\/2026\/02\/19-1-1024x768.jpg 1024w, https:\/\/shatranj.art\/wp-content\/uploads\/2026\/02\/19-1-300x225.jpg 300w, https:\/\/shatranj.art\/wp-content\/uploads\/2026\/02\/19-1-768x576.jpg 768w, https:\/\/shatranj.art\/wp-content\/uploads\/2026\/02\/19-1.jpg 1250w\" sizes=\"(max-width: 800px) 100vw, 800px\" \/>\t\t\t\t\t\t\t\t\t\t\t\t\t\t\t<\/div>\n\t\t\t\t<\/div>\n\t\t\t\t<div class=\"elementor-element elementor-element-e238e58 elementor-widget__width-initial elementor-widget elementor-widget-image\" data-id=\"e238e58\" data-element_type=\"widget\" data-e-type=\"widget\" data-widget_type=\"image.default\">\n\t\t\t\t<div class=\"elementor-widget-container\">\n\t\t\t\t\t\t\t\t\t\t\t\t\t\t\t<img decoding=\"async\" width=\"682\" height=\"1024\" src=\"https:\/\/shatranj.art\/wp-content\/uploads\/2026\/02\/19-2-682x1024.jpg\" class=\"attachment-large size-large wp-image-981\" alt=\"\" srcset=\"https:\/\/shatranj.art\/wp-content\/uploads\/2026\/02\/19-2-682x1024.jpg 682w, https:\/\/shatranj.art\/wp-content\/uploads\/2026\/02\/19-2-200x300.jpg 200w, https:\/\/shatranj.art\/wp-content\/uploads\/2026\/02\/19-2-768x1154.jpg 768w, https:\/\/shatranj.art\/wp-content\/uploads\/2026\/02\/19-2-1023x1536.jpg 1023w, https:\/\/shatranj.art\/wp-content\/uploads\/2026\/02\/19-2-1363x2048.jpg 1363w, https:\/\/shatranj.art\/wp-content\/uploads\/2026\/02\/19-2.jpg 1667w\" sizes=\"(max-width: 682px) 100vw, 682px\" \/>\t\t\t\t\t\t\t\t\t\t\t\t\t\t\t<\/div>\n\t\t\t\t<\/div>\n\t\t\t\t<div class=\"elementor-element elementor-element-a12f1b5 elementor-widget__width-inherit elementor-widget elementor-widget-text-editor\" data-id=\"a12f1b5\" data-element_type=\"widget\" data-e-type=\"widget\" data-widget_type=\"text-editor.default\">\n\t\t\t\t<div class=\"elementor-widget-container\">\n\t\t\t\t\t\t\t\t\t<h3><b>Stockfish: Demokratiz\u00e1cia ve\u013emajstrovskej anal\u00fdzy<\/b><\/h3><p>Stockfish<span style=\"font-weight: 400;\"> je najv\u00fdkonnej\u0161\u00ed open source \u0161achov\u00fd engine na svete. Na rozdiel od exkluz\u00edvnych superpo\u010d\u00edta\u010dov minulosti je Stockfish bezplatn\u00fd a pr\u00edstupn\u00fd v\u0161etk\u00fdm, od amat\u00e9rskych nad\u0161encov a\u017e po ve\u013emajstrov svetovej triedy.<\/span><\/p><ul><li style=\"font-weight: 400;\" aria-level=\"1\"><b>Glob\u00e1lny \u0161tandard:<\/b><span style=\"font-weight: 400;\"> Hra Stockfish, ktor\u00e1 sa neust\u00e1le umiest\u0148uje na popredn\u00fdch prie\u010dkach rebr\u00ed\u010dkov, sl\u00fa\u017ei ako dokonal\u00fd n\u00e1stroj na anal\u00fdzu hier a v\u00fdvoj strat\u00e9gi\u00ed.<\/span><\/li><li style=\"font-weight: 400;\" aria-level=\"1\"><b>Neur\u00f3nov\u00e1 evol\u00facia:<\/b><span style=\"font-weight: 400;\"> Modern\u00e9 verzie syst\u00e9mu Stockfish, p\u00f4vodne zalo\u017een\u00e9 na klasick\u00fdch algoritmoch \u201ch\u013eadania a vyhodnocovania\u201d, teraz vyu\u017e\u00edvaj\u00fa <\/span>NNUE (efekt\u00edvne aktualizovate\u013en\u00e9 neur\u00f3nov\u00e9 siete)<span style=\"font-weight: 400;\">. T\u00e1to f\u00fazia mu umo\u017e\u0148uje kombinova\u0165 obrovsk\u00fa r\u00fdchlos\u0165 v\u00fdpo\u010dtov s hlb\u0161\u00edm, takmer \u013eudsk\u00fdm \u201cpochopen\u00edm\u201d zlo\u017eit\u00fdch poz\u00edci\u00ed, \u010d\u00edm dosahuje hodnotu ELO vysoko nad <\/span>3500<span style=\"font-weight: 400;\">.<\/span><\/li><\/ul>\t\t\t\t\t\t\t\t<\/div>\n\t\t\t\t<\/div>\n\t\t\t\t<div class=\"elementor-element elementor-element-5ec8752 elementor-widget__width-initial elementor-widget elementor-widget-image\" data-id=\"5ec8752\" data-element_type=\"widget\" data-e-type=\"widget\" data-widget_type=\"image.default\">\n\t\t\t\t<div class=\"elementor-widget-container\">\n\t\t\t\t\t\t\t\t\t\t\t\t\t\t\t<img loading=\"lazy\" decoding=\"async\" width=\"800\" height=\"800\" src=\"https:\/\/shatranj.art\/wp-content\/uploads\/2026\/02\/19-1024x1024.png\" class=\"attachment-large size-large wp-image-982\" alt=\"\" srcset=\"https:\/\/shatranj.art\/wp-content\/uploads\/2026\/02\/19-1024x1024.png 1024w, https:\/\/shatranj.art\/wp-content\/uploads\/2026\/02\/19-300x300.png 300w, https:\/\/shatranj.art\/wp-content\/uploads\/2026\/02\/19-150x150.png 150w, https:\/\/shatranj.art\/wp-content\/uploads\/2026\/02\/19-768x768.png 768w, https:\/\/shatranj.art\/wp-content\/uploads\/2026\/02\/19.png 1056w\" sizes=\"(max-width: 800px) 100vw, 800px\" \/>\t\t\t\t\t\t\t\t\t\t\t\t\t\t\t<\/div>\n\t\t\t\t<\/div>\n\t\t\t\t<div class=\"elementor-element elementor-element-f657508 elementor-widget__width-initial elementor-widget-tablet__width-inherit elementor-widget elementor-widget-text-editor\" data-id=\"f657508\" data-element_type=\"widget\" data-e-type=\"widget\" data-widget_type=\"text-editor.default\">\n\t\t\t\t<div class=\"elementor-widget-container\">\n\t\t\t\t\t\t\t\t\t<h3><b>AlphaZero: \u00c9ra strojovej intu\u00edcie a kreativity<\/b><\/h3><p>AlphaZero, vyvinut\u00fd spolo\u010dnos\u0165ou DeepMind spolo\u010dnosti Google, sp\u00f4sobil revol\u00faciu v na\u0161om pon\u00edman\u00ed umelej inteligencie. Zatia\u013e \u010do predch\u00e1dzaj\u00face motory \u201cu\u010dili\u201d \u013eudia pomocou naprogramovan\u00fdch pravidiel, AlphaZero bol samou\u010diaci sa syst\u00e9m.<\/p><ul><li style=\"font-weight: 400;\" aria-level=\"1\"><b>Tabula Rasa (Od nuly):<\/b><span style=\"font-weight: 400;\"> AlphaZero dostal len z\u00e1kladn\u00e9 pravidl\u00e1 \u0161achu. Hran\u00edm mili\u00f3nov parti\u00ed s\u00e1m proti sebe prostredn\u00edctvom posil\u0148ovania u\u010denia dosiahol nad\u013eudsk\u00fa \u00farove\u0148 majstrovstva len za \u0161tyri hodiny.<\/span><\/li><li style=\"font-weight: 400;\" aria-level=\"1\"><b>Tvoriv\u00e1 revol\u00facia:<\/b><span style=\"font-weight: 400;\"> AlphaZero sa nehr\u00e1 ako typick\u00e1 \u201ckalkula\u010dka\u201d. Predstavila vysoko agres\u00edvny, kreat\u00edvny a intuit\u00edvny \u0161t\u00fdl, ktor\u00fd \u010dasto obetoval materi\u00e1l pre dlhodob\u00fd pozi\u010dn\u00fd tlak. Dok\u00e1zala, \u017ee stroje dok\u00e1\u017eu nielen po\u010d\u00edta\u0165 r\u00fdchlej\u0161ie ako \u013eudia, ale dok\u00e1\u017eu aj \u201cvynovi\u0165\u201d umenie a kreativitu samotnej hry.<\/span><\/li><\/ul>\t\t\t\t\t\t\t\t<\/div>\n\t\t\t\t<\/div>\n\t\t\t\t<\/div>\n\t\t\t\t\t<\/div>\n\t\t\t\t<\/div>\n\t\t\t\t<\/div>","protected":false},"excerpt":{"rendered":"<p>Deep Blue vs. Kasparov: The Dawn of Machine Dominance \u00a0 In 1997, the world witnessed a historic turning point in the relationship between man and machine. Developed by IBM, the supercomputer Deep Blue defeated the reigning World Champion, Garry Kasparov, in a six-match series. This was the first time a computer had beaten a world [&hellip;]<\/p>\n","protected":false},"author":1,"featured_media":0,"parent":743,"menu_order":0,"comment_status":"closed","ping_status":"closed","template":"","meta":{"footnotes":""},"class_list":["post-976","page","type-page","status-publish","hentry"],"_links":{"self":[{"href":"https:\/\/shatranj.art\/sk\/wp-json\/wp\/v2\/pages\/976","targetHints":{"allow":["GET"]}}],"collection":[{"href":"https:\/\/shatranj.art\/sk\/wp-json\/wp\/v2\/pages"}],"about":[{"href":"https:\/\/shatranj.art\/sk\/wp-json\/wp\/v2\/types\/page"}],"author":[{"embeddable":true,"href":"https:\/\/shatranj.art\/sk\/wp-json\/wp\/v2\/users\/1"}],"replies":[{"embeddable":true,"href":"https:\/\/shatranj.art\/sk\/wp-json\/wp\/v2\/comments?post=976"}],"version-history":[{"count":7,"href":"https:\/\/shatranj.art\/sk\/wp-json\/wp\/v2\/pages\/976\/revisions"}],"predecessor-version":[{"id":1228,"href":"https:\/\/shatranj.art\/sk\/wp-json\/wp\/v2\/pages\/976\/revisions\/1228"}],"up":[{"embeddable":true,"href":"https:\/\/shatranj.art\/sk\/wp-json\/wp\/v2\/pages\/743"}],"wp:attachment":[{"href":"https:\/\/shatranj.art\/sk\/wp-json\/wp\/v2\/media?parent=976"}],"curies":[{"name":"wp","href":"https:\/\/api.w.org\/{rel}","templated":true}]}}