{"id":1016,"date":"2026-02-22T16:17:45","date_gmt":"2026-02-22T16:17:45","guid":{"rendered":"https:\/\/shatranj.art\/?page_id=1016"},"modified":"2026-02-24T09:42:49","modified_gmt":"2026-02-24T09:42:49","slug":"poster-24","status":"publish","type":"page","link":"https:\/\/shatranj.art\/sl\/exhibit\/poster-24\/","title":{"rendered":"plakat 24"},"content":{"rendered":"<div data-elementor-type=\"wp-page\" data-elementor-id=\"1016\" class=\"elementor elementor-1016\" data-elementor-post-type=\"page\">\n\t\t\t\t<div class=\"elementor-element elementor-element-cbef851 e-flex e-con-boxed e-con e-parent\" data-id=\"cbef851\" data-element_type=\"container\" data-e-type=\"container\" data-settings=\"{&quot;background_background&quot;:&quot;classic&quot;}\">\n\t\t\t\t\t<div class=\"e-con-inner\">\n\t\t<div class=\"elementor-element elementor-element-919ca16 e-con-full e-flex e-con e-child\" data-id=\"919ca16\" data-element_type=\"container\" data-e-type=\"container\">\n\t\t\t\t<div class=\"elementor-element elementor-element-3a8b40d elementor-widget elementor-widget-image\" data-id=\"3a8b40d\" data-element_type=\"widget\" data-e-type=\"widget\" data-widget_type=\"image.default\">\n\t\t\t\t<div class=\"elementor-widget-container\">\n\t\t\t\t\t\t\t\t\t\t\t\t\t\t\t<img fetchpriority=\"high\" decoding=\"async\" width=\"800\" height=\"534\" src=\"https:\/\/shatranj.art\/wp-content\/uploads\/2026\/02\/21-1024x683.jpg\" class=\"attachment-large size-large wp-image-995\" alt=\"\" srcset=\"https:\/\/shatranj.art\/wp-content\/uploads\/2026\/02\/21-1024x683.jpg 1024w, https:\/\/shatranj.art\/wp-content\/uploads\/2026\/02\/21-300x200.jpg 300w, https:\/\/shatranj.art\/wp-content\/uploads\/2026\/02\/21-768x512.jpg 768w, https:\/\/shatranj.art\/wp-content\/uploads\/2026\/02\/21-1536x1024.jpg 1536w, https:\/\/shatranj.art\/wp-content\/uploads\/2026\/02\/21-2048x1366.jpg 2048w\" sizes=\"(max-width: 800px) 100vw, 800px\" \/>\t\t\t\t\t\t\t\t\t\t\t\t\t\t\t<\/div>\n\t\t\t\t<\/div>\n\t\t\t\t<div class=\"elementor-element elementor-element-07a7613 elementor-widget elementor-widget-text-editor\" data-id=\"07a7613\" data-element_type=\"widget\" data-e-type=\"widget\" data-widget_type=\"text-editor.default\">\n\t\t\t\t<div class=\"elementor-widget-container\">\n\t\t\t\t\t\t\t\t\t<p>\u0160ahovski komplet \u015eAH\u00ce je ve\u010d kot le igra; je most med kulturami, obdobji in filozofijami. Set je zasnovan tako, da vzbuja cesarske in kraljevske ob\u010dutke, njegovo ime pa izhaja iz izraza, ki se na Balkanu in v \u0161tevilnih slovanskih jezikih pogosto uporablja za \u0161ahovsko igro.<\/p><p>Beseda \u201c\u015eAH\u00ce\u201d je kraljevski pridevnik, ki pomeni \u201czna\u010dilen za \u0161aha\u201d in ima literarno te\u017eo, ki pomeni mo\u010d, veli\u010dino in strate\u0161ko globino.<\/p><h3><b>Mojstrovina kulturne evolucije<\/b><\/h3><p>Ta komplet, ki ga je oblikoval izku\u0161eni \u0161ahovski pedagog in nekdanji igralec prve deske na univerzi MIT Tamer Karatekin, elegantno povzema zgodovino igre. Vsaka figura je izdelana tako, da odra\u017ea edinstveno zgodovinsko pripoved:<\/p><ul><li style=\"font-weight: 400;\" aria-level=\"1\"><b>G\u00fcl\u015fah (kralj):<\/b><span style=\"font-weight: 400;\"> Predstavlja svetost kupole, ki so jo navdihnile strukture, kot sta Hagia Sophia in Panteon, ter intelektualno zapu\u0161\u010dino naglavne rute.<\/span><\/li><li style=\"font-weight: 400;\" aria-level=\"1\"><b>Sokol (kraljica\/vizir):<\/b><span style=\"font-weight: 400;\"> Poimenovan po voja\u0161kem simbolu sokola in navdihnjen s \u010debulnim zaklju\u010dkom in \u010delado avstrijskega \u0161ahovskega kompleta cafe house simbolizira voja\u0161ko avtoriteto in modrost \u201cvezirja\u201d. Sokolovi\u010di so bili rojstni kraj najvplivnej\u0161ega velikega vezirja Osmanskega cesarstva, Sokolluja Mehmeta Pa\u0161e.<\/span><\/li><li style=\"font-weight: 400;\" aria-level=\"1\"><b>Bukefal (Vitez):<\/b><span style=\"font-weight: 400;\"> Ime je dobil po legendarnem konju Aleksandra Velikega, ki simbolizira dvosmerno izmenjavo kulture med Vzhodom in Zahodom.<\/span><\/li><li style=\"font-weight: 400;\" aria-level=\"1\"><b>Shahrukh (The Rook):<\/b><span style=\"font-weight: 400;\"> Veli\u010dastna sinteza voja\u0161kega razvoja, ki vklju\u010duje elemente bojnega voza, stolpa, topa in ladje. \u0160ahovski mojster in poveljnik Timur je sinu dal ime \u0160ahrukh, saj je novica o njegovem rojstvu pri\u0161la med \u0161ahovsko partijo.<\/span><\/li><li style=\"font-weight: 400;\" aria-level=\"1\"><b>Abul-Abbas (\u0161kof\/slon):<\/b><span style=\"font-weight: 400;\"> Odra\u017ea kultno potovanje slona, ki je bil podarjen Karlu Velikemu, in spremlja selitev \u0161aha \u010dez tri celine.<\/span><\/li><li style=\"font-weight: 400;\" aria-level=\"1\"><b>R\u00e9gence-Philidor (Zastavono\u0161a):<\/b><span style=\"font-weight: 400;\"> Navdih so bile pari\u0161ke kavarne iz obdobja razsvetljenstva in Philidorjev slavni stavek: \u201cPe\u0161ci so du\u0161a \u0161aha\u201d.<\/span><\/li><\/ul>\t\t\t\t\t\t\t\t<\/div>\n\t\t\t\t<\/div>\n\t\t\t\t<div class=\"elementor-element elementor-element-52a94ef elementor-widget elementor-widget-text-editor\" data-id=\"52a94ef\" data-element_type=\"widget\" data-e-type=\"widget\" data-widget_type=\"text-editor.default\">\n\t\t\t\t<div class=\"elementor-widget-container\">\n\t\t\t\t\t\t\t\t\t<h3><b>Oblikovanje in namen<\/b><\/h3><p>Komplet \u015eAH\u00ce je skrbno pripravljen tako, da slu\u017ei kot umetni\u0161ki prikaz in funkcionalno orodje za izobra\u017eevalno in turnirsko uporabo. Njegova filozofija oblikovanja temelji na kulturnem in duhovnem vklju\u010devanju, kar zagotavlja odmevnost pri igralcih po vsem svetu.<\/p><p><b>Zapu\u0161\u010dina podpore:<\/b><\/p><p>Produkcija tega sklopa je bila omogo\u010dena s podporo Kulturnega sveta Massachusettsa in programa Evropske unije za mlade.<\/p>\t\t\t\t\t\t\t\t<\/div>\n\t\t\t\t<\/div>\n\t\t\t\t<\/div>\n\t\t\t\t\t<\/div>\n\t\t\t\t<\/div>\n\t\t\t\t<\/div>","protected":false},"excerpt":{"rendered":"<p>The \u015eAH\u00ce Chess Set is more than just a game; it is a bridge between cultures, eras, and philosophies. Designed to evoke both imperial and royal sensations, the set draws its name from a term widely used in the Balkans and many Slavic languages to refer to the game of chess. The word &#8220;\u015eAH\u00ce&#8221; itself [&hellip;]<\/p>\n","protected":false},"author":1,"featured_media":0,"parent":743,"menu_order":0,"comment_status":"closed","ping_status":"closed","template":"","meta":{"footnotes":""},"class_list":["post-1016","page","type-page","status-publish","hentry"],"_links":{"self":[{"href":"https:\/\/shatranj.art\/sl\/wp-json\/wp\/v2\/pages\/1016","targetHints":{"allow":["GET"]}}],"collection":[{"href":"https:\/\/shatranj.art\/sl\/wp-json\/wp\/v2\/pages"}],"about":[{"href":"https:\/\/shatranj.art\/sl\/wp-json\/wp\/v2\/types\/page"}],"author":[{"embeddable":true,"href":"https:\/\/shatranj.art\/sl\/wp-json\/wp\/v2\/users\/1"}],"replies":[{"embeddable":true,"href":"https:\/\/shatranj.art\/sl\/wp-json\/wp\/v2\/comments?post=1016"}],"version-history":[{"count":19,"href":"https:\/\/shatranj.art\/sl\/wp-json\/wp\/v2\/pages\/1016\/revisions"}],"predecessor-version":[{"id":1601,"href":"https:\/\/shatranj.art\/sl\/wp-json\/wp\/v2\/pages\/1016\/revisions\/1601"}],"up":[{"embeddable":true,"href":"https:\/\/shatranj.art\/sl\/wp-json\/wp\/v2\/pages\/743"}],"wp:attachment":[{"href":"https:\/\/shatranj.art\/sl\/wp-json\/wp\/v2\/media?parent=1016"}],"curies":[{"name":"wp","href":"https:\/\/api.w.org\/{rel}","templated":true}]}}