{"id":1021,"date":"2026-02-22T16:28:38","date_gmt":"2026-02-22T16:28:38","guid":{"rendered":"https:\/\/shatranj.art\/?page_id=1021"},"modified":"2026-02-23T05:16:08","modified_gmt":"2026-02-23T05:16:08","slug":"poster-25","status":"publish","type":"page","link":"https:\/\/shatranj.art\/sl\/exhibit\/poster-25\/","title":{"rendered":"plakat 25"},"content":{"rendered":"<div data-elementor-type=\"wp-page\" data-elementor-id=\"1021\" class=\"elementor elementor-1021\" data-elementor-post-type=\"page\">\n\t\t\t\t<div class=\"elementor-element elementor-element-3d217f0 e-flex e-con-boxed e-con e-parent\" data-id=\"3d217f0\" data-element_type=\"container\" data-e-type=\"container\" data-settings=\"{&quot;background_background&quot;:&quot;classic&quot;}\">\n\t\t\t\t\t<div class=\"e-con-inner\">\n\t\t<div class=\"elementor-element elementor-element-a3a2689 e-con-full e-flex e-con e-child\" data-id=\"a3a2689\" data-element_type=\"container\" data-e-type=\"container\">\n\t\t\t\t<div class=\"elementor-element elementor-element-fa1aaae elementor-widget__width-initial elementor-widget elementor-widget-image\" data-id=\"fa1aaae\" data-element_type=\"widget\" data-e-type=\"widget\" data-widget_type=\"image.default\">\n\t\t\t\t<div class=\"elementor-widget-container\">\n\t\t\t\t\t\t\t\t\t\t\t\t\t\t\t<img fetchpriority=\"high\" decoding=\"async\" width=\"800\" height=\"463\" src=\"https:\/\/shatranj.art\/wp-content\/uploads\/2026\/02\/25-1024x592.jpg\" class=\"attachment-large size-large wp-image-1023\" alt=\"\" srcset=\"https:\/\/shatranj.art\/wp-content\/uploads\/2026\/02\/25-1024x592.jpg 1024w, https:\/\/shatranj.art\/wp-content\/uploads\/2026\/02\/25-300x173.jpg 300w, https:\/\/shatranj.art\/wp-content\/uploads\/2026\/02\/25-768x444.jpg 768w, https:\/\/shatranj.art\/wp-content\/uploads\/2026\/02\/25-1536x887.jpg 1536w, https:\/\/shatranj.art\/wp-content\/uploads\/2026\/02\/25-2048x1183.jpg 2048w\" sizes=\"(max-width: 800px) 100vw, 800px\" \/>\t\t\t\t\t\t\t\t\t\t\t\t\t\t\t<\/div>\n\t\t\t\t<\/div>\n\t\t\t\t<div class=\"elementor-element elementor-element-cbddf52 elementor-widget__width-initial elementor-widget elementor-widget-text-editor\" data-id=\"cbddf52\" data-element_type=\"widget\" data-e-type=\"widget\" data-widget_type=\"text-editor.default\">\n\t\t\t\t<div class=\"elementor-widget-container\">\n\t\t\t\t\t\t\t\t\t<p><strong>\u015eAH\u00ce Bucefalus: <\/strong><strong>Zapu\u0161\u010dina strategije in kulture<\/strong><\/p><p>Ta figura nosi dedi\u0161\u010dino Philippa Stamme, prevajalca iz Alepa, znanega po svojem delu Essai sur le jeu des echecs, objavljenem v Parizu leta 1737. Oblika viteza s francoskimi kodri v grivi predstavlja brezhibno sintezo med racionalno miselnostjo razsvetljenstva in starodavno strate\u0161ko globino Vzhoda. Oblike v delu vzpostavljajo kulturni most, ki zdru\u017euje takti\u010dno genialnost \u201cStamma Mate\u201d, ki ga je Stamma prinesel iz Alepa v Evropo, z voja\u0161ko mo\u010djo makedonskega konja Bucefala.<\/p>\t\t\t\t\t\t\t\t<\/div>\n\t\t\t\t<\/div>\n\t\t\t\t<div class=\"elementor-element elementor-element-f641ab0 elementor-widget__width-initial elementor-widget elementor-widget-text-editor\" data-id=\"f641ab0\" data-element_type=\"widget\" data-e-type=\"widget\" data-widget_type=\"text-editor.default\">\n\t\t\t\t<div class=\"elementor-widget-container\">\n\t\t\t\t\t\t\t\t\t<p><b>1950 Dubrovnik in Staunton: <\/b><b style=\"font-family: -apple-system, BlinkMacSystemFont, 'Segoe UI', Roboto, 'Helvetica Neue', Arial, 'Noto Sans', sans-serif, 'Apple Color Emoji', 'Segoe UI Emoji', 'Segoe UI Symbol', 'Noto Color Emoji';\">Identiteta in tradicionalne meje v oblikovanju<\/b><\/p><p>\u00a0<\/p><p>Ta vizualni prikaz predstavlja kontrast med dvema razli\u010dnima filozofijama oblikovanja v \u0161ahovskem svetu. Dubrovni\u0161ki konjenik iz leta 1950 je figura, polna zna\u010daja, ki jo je Bobby Fischer opisal kot \u201cnajbolj\u0161i \u0161ahovski dizajn, kar jih je bilo kdaj narejenih\u201d, saj izstopa s svojimi ostrimi in kiparskimi linijami. Dinami\u010dnost njegovega oblikovanja odra\u017ea strate\u0161ki duh \u0161aha z edinstvenim umetni\u0161kim jezikom.<\/p><p>\u00a0<\/p><p>Nasprotno pa se je dizajn Staunton pojavil sredi 19. stoletja predvsem zaradi poenostavitve mno\u017ei\u010dne proizvodnje in zagotavljanja enotnosti na podlagi tradicionalnih zahodnih oblik. Ker vklju\u010duje verske simbole, kot sta \u0161kofovska mitra in kri\u017e, set Staunton nima posvetne in vklju\u010dujo\u010de identitete, temve\u010d ostaja omejen na meje dolo\u010dene tradicionalne strukture. Razlika med tema dvema silhuetama poudarja razliko med iskanjem edinstvenega zna\u010daja v \u0161ahu in standardizirano, tradicionalno obliko.<\/p>\t\t\t\t\t\t\t\t<\/div>\n\t\t\t\t<\/div>\n\t\t\t\t<div class=\"elementor-element elementor-element-9b94e22 elementor-widget__width-initial elementor-widget elementor-widget-image\" data-id=\"9b94e22\" data-element_type=\"widget\" data-e-type=\"widget\" data-widget_type=\"image.default\">\n\t\t\t\t<div class=\"elementor-widget-container\">\n\t\t\t\t\t\t\t\t\t\t\t\t\t\t\t<img decoding=\"async\" width=\"800\" height=\"641\" src=\"https:\/\/shatranj.art\/wp-content\/uploads\/2026\/02\/25-1-1024x820.jpg\" class=\"attachment-large size-large wp-image-1024\" alt=\"\" srcset=\"https:\/\/shatranj.art\/wp-content\/uploads\/2026\/02\/25-1-1024x820.jpg 1024w, https:\/\/shatranj.art\/wp-content\/uploads\/2026\/02\/25-1-300x240.jpg 300w, https:\/\/shatranj.art\/wp-content\/uploads\/2026\/02\/25-1-768x615.jpg 768w, https:\/\/shatranj.art\/wp-content\/uploads\/2026\/02\/25-1.jpg 1481w\" sizes=\"(max-width: 800px) 100vw, 800px\" \/>\t\t\t\t\t\t\t\t\t\t\t\t\t\t\t<\/div>\n\t\t\t\t<\/div>\n\t\t\t\t<div class=\"elementor-element elementor-element-7a3f622 elementor-widget__width-initial elementor-widget-tablet__width-inherit elementor-widget elementor-widget-image\" data-id=\"7a3f622\" data-element_type=\"widget\" data-e-type=\"widget\" data-widget_type=\"image.default\">\n\t\t\t\t<div class=\"elementor-widget-container\">\n\t\t\t\t\t\t\t\t\t\t\t\t\t\t\t<img decoding=\"async\" width=\"767\" height=\"1024\" src=\"https:\/\/shatranj.art\/wp-content\/uploads\/2026\/02\/25-2-767x1024.jpg\" class=\"attachment-large size-large wp-image-1025\" alt=\"\" srcset=\"https:\/\/shatranj.art\/wp-content\/uploads\/2026\/02\/25-2-767x1024.jpg 767w, https:\/\/shatranj.art\/wp-content\/uploads\/2026\/02\/25-2-225x300.jpg 225w, https:\/\/shatranj.art\/wp-content\/uploads\/2026\/02\/25-2-768x1025.jpg 768w, https:\/\/shatranj.art\/wp-content\/uploads\/2026\/02\/25-2-1151x1536.jpg 1151w, https:\/\/shatranj.art\/wp-content\/uploads\/2026\/02\/25-2.jpg 1499w\" sizes=\"(max-width: 767px) 100vw, 767px\" \/>\t\t\t\t\t\t\t\t\t\t\t\t\t\t\t<\/div>\n\t\t\t\t<\/div>\n\t\t\t\t<div class=\"elementor-element elementor-element-7e9c0df elementor-widget__width-initial elementor-widget elementor-widget-text-editor\" data-id=\"7e9c0df\" data-element_type=\"widget\" data-e-type=\"widget\" data-widget_type=\"text-editor.default\">\n\t\t\t\t<div class=\"elementor-widget-container\">\n\t\t\t\t\t\t\t\t\t<p><b>Vitez Lewis: Lewisov vitez: severna dedi\u0161\u010dina srednjega veka<\/b><\/p><p>Ta figura je mojstrovina skandinavske obrti iz 12. stoletja in je del svetovno znane zbirke Lewisovih \u0161ahovskih figur, ki so jih leta 1831 odkrili na \u0161kotskem otoku Lewis. Skrbno izrezljana iz mro\u017eeve slonovine, figura dokumentira estetski razvoj \u0161aha, ki se je raz\u0161iril po Evropi. Upodobitev konjeni\u0161kega bojevnika simbolizira globoko povezavo med igro ter plemstvom in voja\u0161ko hierarhijo srednjeve\u0161ke dru\u017ebe. Ta ikoni\u010dna silhueta ostaja izjemen dokaz umetni\u0161ke spretnosti tistega obdobja in trajnega statusa igre kot umetni\u0161kega dela.<\/p>\t\t\t\t\t\t\t\t<\/div>\n\t\t\t\t<\/div>\n\t\t\t\t<div class=\"elementor-element elementor-element-765b6b1 elementor-widget__width-initial elementor-widget elementor-widget-text-editor\" data-id=\"765b6b1\" data-element_type=\"widget\" data-e-type=\"widget\" data-widget_type=\"text-editor.default\">\n\t\t\t\t<div class=\"elementor-widget-container\">\n\t\t\t\t\t\t\t\t\t<p><b>Vite\u0161ka turneja: Geometri\u010dna uganka intelekta<\/b><\/p><p>Vitezova turneja temelji na na\u010delu, da vitez obi\u0161\u010de vsako polje na \u0161ahovnici natanko enkrat. Od Al-Adlija v Bagdadu v 9. stoletju do Leonharda Eulerja v razsvetljenski Evropi v 18. stoletju je ta problem navdu\u0161eval genije kot popolna harmonija matematike in strategije. Prikazana re\u0161itev prikazuje, kako vitezovi skoki ustvarjajo zapleteno in o\u010darljivo simetrijo ter razkrivajo \u201cgeometrijsko poezijo\u201d in univerzalno logiko \u0161aha.<\/p>\t\t\t\t\t\t\t\t<\/div>\n\t\t\t\t<\/div>\n\t\t\t\t<div class=\"elementor-element elementor-element-e34bfdc elementor-widget__width-initial elementor-widget-tablet__width-inherit elementor-widget elementor-widget-image\" data-id=\"e34bfdc\" data-element_type=\"widget\" data-e-type=\"widget\" data-widget_type=\"image.default\">\n\t\t\t\t<div class=\"elementor-widget-container\">\n\t\t\t\t\t\t\t\t\t\t\t\t\t\t\t<img loading=\"lazy\" decoding=\"async\" width=\"800\" height=\"800\" src=\"https:\/\/shatranj.art\/wp-content\/uploads\/2026\/02\/25-3-1024x1024.jpg\" class=\"attachment-large size-large wp-image-1026\" alt=\"\" srcset=\"https:\/\/shatranj.art\/wp-content\/uploads\/2026\/02\/25-3-1024x1024.jpg 1024w, https:\/\/shatranj.art\/wp-content\/uploads\/2026\/02\/25-3-300x300.jpg 300w, https:\/\/shatranj.art\/wp-content\/uploads\/2026\/02\/25-3-150x150.jpg 150w, https:\/\/shatranj.art\/wp-content\/uploads\/2026\/02\/25-3-768x768.jpg 768w, https:\/\/shatranj.art\/wp-content\/uploads\/2026\/02\/25-3.jpg 1486w\" sizes=\"(max-width: 800px) 100vw, 800px\" \/>\t\t\t\t\t\t\t\t\t\t\t\t\t\t\t<\/div>\n\t\t\t\t<\/div>\n\t\t\t\t<div class=\"elementor-element elementor-element-f59bb1a elementor-widget__width-initial elementor-widget elementor-widget-image\" data-id=\"f59bb1a\" data-element_type=\"widget\" data-e-type=\"widget\" data-widget_type=\"image.default\">\n\t\t\t\t<div class=\"elementor-widget-container\">\n\t\t\t\t\t\t\t\t\t\t\t\t\t\t\t<img loading=\"lazy\" decoding=\"async\" width=\"800\" height=\"537\" src=\"https:\/\/shatranj.art\/wp-content\/uploads\/2026\/02\/25-4-1024x687.jpg\" class=\"attachment-large size-large wp-image-1027\" alt=\"\" srcset=\"https:\/\/shatranj.art\/wp-content\/uploads\/2026\/02\/25-4-1024x687.jpg 1024w, https:\/\/shatranj.art\/wp-content\/uploads\/2026\/02\/25-4-300x201.jpg 300w, https:\/\/shatranj.art\/wp-content\/uploads\/2026\/02\/25-4-768x515.jpg 768w, https:\/\/shatranj.art\/wp-content\/uploads\/2026\/02\/25-4.jpg 1107w\" sizes=\"(max-width: 800px) 100vw, 800px\" \/>\t\t\t\t\t\t\t\t\t\t\t\t\t\t\t<\/div>\n\t\t\t\t<\/div>\n\t\t\t\t<div class=\"elementor-element elementor-element-88ba55c elementor-widget__width-initial elementor-widget elementor-widget-text-editor\" data-id=\"88ba55c\" data-element_type=\"widget\" data-e-type=\"widget\" data-widget_type=\"text-editor.default\">\n\t\t\t\t<div class=\"elementor-widget-container\">\n\t\t\t\t\t\t\t\t\t<p><b>Legendarni Bucefalus:\u00a0 <\/b><b>Simbol osvajanja in zvestobe<\/b><\/p><p>\u00a0<\/p><p>Ta mozaik prikazuje Bucefala, makedonskega konja in najbli\u017ejega spremljevalca Aleksandra Velikega. Bucefal, ki je Aleksandru stal ob strani med vsemi njegovimi pohodi, je umrl v dana\u0161njem Pakistanu, na obmo\u010dju, kjer so se prvi\u010d pojavile zgodovinske korenine \u0161aha. Poleg tega, da predstavlja eno najtrdnej\u0161ih vezi med \u010dlovekom in \u017eivaljo v zgodovini, je ta ikoni\u010dna figura simbol kulturnega sti\u010di\u0161\u010da med Vzhodom in Zahodom, saj je njena pot segala od Makedonije do doline reke Ind. Ta zgodba, ki zdru\u017euje voja\u0161ko spretnost in neomajno zvestobo, ohranja spomin na epsko potovanje, ki se je kon\u010dalo v zibelki \u0161aha.<\/p>\t\t\t\t\t\t\t\t<\/div>\n\t\t\t\t<\/div>\n\t\t\t\t<\/div>\n\t\t\t\t\t<\/div>\n\t\t\t\t<\/div>\n\t\t\t\t<\/div>","protected":false},"excerpt":{"rendered":"<p>\u015eAH\u00ce Bucephalus: A Legacy of Strategy and Culture This figure carries the legacy of Philipp Stamma, the translator from Aleppo renowned for his work Essai sur le jeu des echecs, published in Paris in 1737. The design of the knight, featuring French curls in its mane, represents the seamless synthesis between the rational mindset of [&hellip;]<\/p>\n","protected":false},"author":1,"featured_media":0,"parent":743,"menu_order":0,"comment_status":"closed","ping_status":"closed","template":"","meta":{"footnotes":""},"class_list":["post-1021","page","type-page","status-publish","hentry"],"_links":{"self":[{"href":"https:\/\/shatranj.art\/sl\/wp-json\/wp\/v2\/pages\/1021","targetHints":{"allow":["GET"]}}],"collection":[{"href":"https:\/\/shatranj.art\/sl\/wp-json\/wp\/v2\/pages"}],"about":[{"href":"https:\/\/shatranj.art\/sl\/wp-json\/wp\/v2\/types\/page"}],"author":[{"embeddable":true,"href":"https:\/\/shatranj.art\/sl\/wp-json\/wp\/v2\/users\/1"}],"replies":[{"embeddable":true,"href":"https:\/\/shatranj.art\/sl\/wp-json\/wp\/v2\/comments?post=1021"}],"version-history":[{"count":7,"href":"https:\/\/shatranj.art\/sl\/wp-json\/wp\/v2\/pages\/1021\/revisions"}],"predecessor-version":[{"id":1243,"href":"https:\/\/shatranj.art\/sl\/wp-json\/wp\/v2\/pages\/1021\/revisions\/1243"}],"up":[{"embeddable":true,"href":"https:\/\/shatranj.art\/sl\/wp-json\/wp\/v2\/pages\/743"}],"wp:attachment":[{"href":"https:\/\/shatranj.art\/sl\/wp-json\/wp\/v2\/media?parent=1021"}],"curies":[{"name":"wp","href":"https:\/\/api.w.org\/{rel}","templated":true}]}}