{"id":1136,"date":"2026-02-22T20:20:00","date_gmt":"2026-02-22T20:20:00","guid":{"rendered":"https:\/\/shatranj.art\/?page_id=1136"},"modified":"2026-02-23T09:27:46","modified_gmt":"2026-02-23T09:27:46","slug":"poster-32","status":"publish","type":"page","link":"https:\/\/shatranj.art\/sl\/exhibit\/poster-32\/","title":{"rendered":"plakat 32"},"content":{"rendered":"<div data-elementor-type=\"wp-page\" data-elementor-id=\"1136\" class=\"elementor elementor-1136\" data-elementor-post-type=\"page\">\n\t\t\t\t<div class=\"elementor-element elementor-element-e6ecba5 e-flex e-con-boxed e-con e-parent\" data-id=\"e6ecba5\" data-element_type=\"container\" data-e-type=\"container\" data-settings=\"{&quot;background_background&quot;:&quot;classic&quot;}\">\n\t\t\t\t\t<div class=\"e-con-inner\">\n\t\t<div class=\"elementor-element elementor-element-0433a85 e-con-full e-flex e-con e-child\" data-id=\"0433a85\" data-element_type=\"container\" data-e-type=\"container\">\n\t\t\t\t<div class=\"elementor-element elementor-element-4888e73 elementor-widget__width-initial elementor-widget-mobile__width-initial elementor-widget elementor-widget-image\" data-id=\"4888e73\" data-element_type=\"widget\" data-e-type=\"widget\" data-widget_type=\"image.default\">\n\t\t\t\t<div class=\"elementor-widget-container\">\n\t\t\t\t\t\t\t\t\t\t\t\t\t\t\t<img fetchpriority=\"high\" decoding=\"async\" width=\"800\" height=\"600\" src=\"https:\/\/shatranj.art\/wp-content\/uploads\/2024\/05\/il_1588xN.5358651901_7asf-1-1-1024x768.jpg\" class=\"attachment-large size-large wp-image-593\" alt=\"\" srcset=\"https:\/\/shatranj.art\/wp-content\/uploads\/2024\/05\/il_1588xN.5358651901_7asf-1-1-1024x768.jpg 1024w, https:\/\/shatranj.art\/wp-content\/uploads\/2024\/05\/il_1588xN.5358651901_7asf-1-1-300x225.jpg 300w, https:\/\/shatranj.art\/wp-content\/uploads\/2024\/05\/il_1588xN.5358651901_7asf-1-1-768x576.jpg 768w, https:\/\/shatranj.art\/wp-content\/uploads\/2024\/05\/il_1588xN.5358651901_7asf-1-1-1536x1152.jpg 1536w, https:\/\/shatranj.art\/wp-content\/uploads\/2024\/05\/il_1588xN.5358651901_7asf-1-1.jpg 1588w\" sizes=\"(max-width: 800px) 100vw, 800px\" \/>\t\t\t\t\t\t\t\t\t\t\t\t\t\t\t<\/div>\n\t\t\t\t<\/div>\n\t\t\t\t<div class=\"elementor-element elementor-element-7e4018a elementor-widget__width-initial elementor-widget-mobile__width-initial elementor-widget elementor-widget-image\" data-id=\"7e4018a\" data-element_type=\"widget\" data-e-type=\"widget\" data-widget_type=\"image.default\">\n\t\t\t\t<div class=\"elementor-widget-container\">\n\t\t\t\t\t\t\t\t\t\t\t\t\t\t\t<img decoding=\"async\" width=\"599\" height=\"515\" src=\"https:\/\/shatranj.art\/wp-content\/uploads\/2026\/02\/soviet-magnetic-set-baku-design.jpeg\" class=\"attachment-large size-large wp-image-1264\" alt=\"\" srcset=\"https:\/\/shatranj.art\/wp-content\/uploads\/2026\/02\/soviet-magnetic-set-baku-design.jpeg 599w, https:\/\/shatranj.art\/wp-content\/uploads\/2026\/02\/soviet-magnetic-set-baku-design-300x258.jpeg 300w, https:\/\/shatranj.art\/wp-content\/uploads\/2026\/02\/soviet-magnetic-set-baku-design-14x12.jpeg 14w\" sizes=\"(max-width: 599px) 100vw, 599px\" \/>\t\t\t\t\t\t\t\t\t\t\t\t\t\t\t<\/div>\n\t\t\t\t<\/div>\n\t\t\t\t<div class=\"elementor-element elementor-element-0bbe733 elementor-widget__width-initial elementor-widget-mobile__width-inherit elementor-widget elementor-widget-image\" data-id=\"0bbe733\" data-element_type=\"widget\" data-e-type=\"widget\" data-widget_type=\"image.default\">\n\t\t\t\t<div class=\"elementor-widget-container\">\n\t\t\t\t\t\t\t\t\t\t\t\t\t\t\t<img decoding=\"async\" width=\"564\" height=\"407\" src=\"https:\/\/shatranj.art\/wp-content\/uploads\/2026\/02\/soviet-chess-set-1.jpg\" class=\"attachment-large size-large wp-image-1263\" alt=\"\" srcset=\"https:\/\/shatranj.art\/wp-content\/uploads\/2026\/02\/soviet-chess-set-1.jpg 564w, https:\/\/shatranj.art\/wp-content\/uploads\/2026\/02\/soviet-chess-set-1-300x216.jpg 300w, https:\/\/shatranj.art\/wp-content\/uploads\/2026\/02\/soviet-chess-set-1-18x12.jpg 18w\" sizes=\"(max-width: 564px) 100vw, 564px\" \/>\t\t\t\t\t\t\t\t\t\t\t\t\t\t\t<\/div>\n\t\t\t\t<\/div>\n\t\t\t\t<div class=\"elementor-element elementor-element-0c9e576 elementor-widget__width-initial elementor-widget-mobile__width-inherit elementor-widget elementor-widget-image\" data-id=\"0c9e576\" data-element_type=\"widget\" data-e-type=\"widget\" data-widget_type=\"image.default\">\n\t\t\t\t<div class=\"elementor-widget-container\">\n\t\t\t\t\t\t\t\t\t\t\t\t\t\t\t<img loading=\"lazy\" decoding=\"async\" width=\"683\" height=\"1024\" src=\"https:\/\/shatranj.art\/wp-content\/uploads\/2026\/02\/tamerkaratekin-yenisafak-tam-683x1024.jpg\" class=\"attachment-large size-large wp-image-1265\" alt=\"\" srcset=\"https:\/\/shatranj.art\/wp-content\/uploads\/2026\/02\/tamerkaratekin-yenisafak-tam-683x1024.jpg 683w, https:\/\/shatranj.art\/wp-content\/uploads\/2026\/02\/tamerkaratekin-yenisafak-tam-200x300.jpg 200w, https:\/\/shatranj.art\/wp-content\/uploads\/2026\/02\/tamerkaratekin-yenisafak-tam-8x12.jpg 8w, https:\/\/shatranj.art\/wp-content\/uploads\/2026\/02\/tamerkaratekin-yenisafak-tam.jpg 720w\" sizes=\"(max-width: 683px) 100vw, 683px\" \/>\t\t\t\t\t\t\t\t\t\t\t\t\t\t\t<\/div>\n\t\t\t\t<\/div>\n\t\t\t\t<\/div>\n\t\t<div class=\"elementor-element elementor-element-14728a8 e-con-full e-flex e-con e-child\" data-id=\"14728a8\" data-element_type=\"container\" data-e-type=\"container\">\n\t\t\t\t<div class=\"elementor-element elementor-element-98fcbd1 elementor-widget__width-initial elementor-widget-tablet__width-inherit elementor-widget elementor-widget-text-editor\" data-id=\"98fcbd1\" data-element_type=\"widget\" data-e-type=\"widget\" data-widget_type=\"text-editor.default\">\n\t\t\t\t<div class=\"elementor-widget-container\">\n\t\t\t\t\t\t\t\t\t<div class=\"elementor-element elementor-element-486eb829 elementor-widget__width-auto elementor-widget elementor-widget-text-editor\" data-id=\"486eb829\" data-element_type=\"widget\" data-widget_type=\"text-editor.default\"><div class=\"elementor-widget-container\"><p><b>Mostovi \u010dez meje: Balkanska in socialisti\u010dna zapu\u0161\u010dina (1950-1991)<\/b><span style=\"font-weight: 400;\"> \u265f\ufe0f<\/span><\/p><p>Ta zbirka prenosnih \u0161ahovskih kompletov predstavlja edinstveno sti\u010di\u0161\u010de balkanskih, slovanskih, sovjetskih in tur\u0161kih kultur. Ti kosi ne odra\u017eajo enega samega politi\u010dnega bloka, temve\u010d ponazarjajo raznoliko intelektualno pokrajino, kjer so se od neuvr\u0161\u010denih regij Jugoslavije do osr\u010dja Sovjetske zveze razvijali razli\u010dni vzorci. Za Tamera Karatekina, tur\u0161kega dr\u017eavnega \u0161ahovskega prvaka iz leta 2000 in mojstra FIDE, so ti kompleti osebni zemljevid njegove razvojne poti in poklicnih mejnikov.<\/p><ul><li style=\"font-weight: 400;\" aria-level=\"1\"><b>Bolgarski magnetni komplet<\/b><span style=\"font-weight: 400;\">: Balkanska zasnova, kjer se je Tamer prvi\u010d nau\u010dil igre od svojega o\u010deta. Vsebuje nereligiozne simbole, kar je obi\u010dajna zna\u010dilnost kompletov, namenjenih \u0161ir\u0161i regionalni uporabi.<\/span><\/li><li style=\"font-weight: 400;\" aria-level=\"1\"><b>Sovjetski plasti\u010dni komplet v zlo\u017eljivi leseni \u0161katli<\/b><span style=\"font-weight: 400;\">: Klasi\u010dna, trpe\u017ena oblika, ki je slu\u017eila kot bojno polje za ne\u0161teto iger med Tamerjem in njegovim dedkom v njuni poletni hi\u0161i blizu Silivrija v Istanbulu.<\/span><\/li><li style=\"font-weight: 400;\" aria-level=\"1\"><b>Sovjetski Baku Design Magnetni potovalni set<\/b><span style=\"font-weight: 400;\">: \u0160tudijsko orodje iz sovjetskih \u010dasov, ki ga je Tamer uporabljal za analizo mojstrskih iger in izpopolnjevanje lastnih strategij.<\/span><\/li><li style=\"font-weight: 400;\" aria-level=\"1\"><b>Oblikovalski sklop Subotica (Makedonija, Jugoslavija)<\/b><span style=\"font-weight: 400;\">: Kultni jugoslovanski igralec Tamer se je \u0161aha u\u010dil v svoji dru\u017einski hi\u0161i v starem delu Istanbula. Tamer je s svojim dedkom M\u00fccahitom Korco vadil \u0161tevilne partije in se prav s temi figurami u\u010dil zapletenosti igre. Kor\u00e7a je bil vse\u017eivljenjski u\u010ditelj fizike in jezika ter pionirski znanstvenik, ki je bil avtor enega prvih jugoslovansko-tur\u0161kih in albansko-tur\u0161kih slovarjev na Balkanu.<\/span><\/li><li style=\"font-weight: 400;\" aria-level=\"1\"><b>Komplet Varna 1962 \/ \u201cGambit\u201d<\/b><span style=\"font-weight: 400;\">: Ta poseben slog, ki je bil prvotno navdihnjen z olimpijado v Varni leta 1962 in so ga v Tur\u010dijo prinesli tur\u0161ki priseljenci iz Bolgarije, je bil uradni komplet tur\u0161kega \u0161ahovskega prvenstva leta 2000, na katerem je Tamer postal dr\u017eavni prvak. Isti oblikovni komplet je mogo\u010de videti na Tamerjevem fotografskem ozadju kot fotografijo, na kateri igra \u0161ah v veliko mlaj\u0161ih letih. Najznamenitej\u0161e je, da je bil to\u010dno ta vzorec uporabljen v Tamerjevih razstavnih tekmah leta 1997, ki so se kon\u010dale z remijem z legendama Garryjem Kasparovom in Anatolijem Karpovom.<\/span><\/li><\/ul><\/div><\/div>\t\t\t\t\t\t\t\t<\/div>\n\t\t\t\t<\/div>\n\t\t\t\t<\/div>\n\t\t\t\t\t<\/div>\n\t\t\t\t<\/div>\n\t\t\t\t<\/div>","protected":false},"excerpt":{"rendered":"<p>Bridges Across Borders: The Balkan and Socialist Legacy (1950\u20131991) \u265f\ufe0f This collection of portable chess sets represents a unique intersection of Balkan, Slavic, Soviet, and Turkish cultures. Rather than reflecting a single political bloc, these pieces illustrate a diverse intellectual landscape where distinct designs flourished from the Non-Aligned regions of Yugoslavia to the heart of [&hellip;]<\/p>\n","protected":false},"author":1,"featured_media":0,"parent":743,"menu_order":0,"comment_status":"closed","ping_status":"closed","template":"","meta":{"footnotes":""},"class_list":["post-1136","page","type-page","status-publish","hentry"],"_links":{"self":[{"href":"https:\/\/shatranj.art\/sl\/wp-json\/wp\/v2\/pages\/1136","targetHints":{"allow":["GET"]}}],"collection":[{"href":"https:\/\/shatranj.art\/sl\/wp-json\/wp\/v2\/pages"}],"about":[{"href":"https:\/\/shatranj.art\/sl\/wp-json\/wp\/v2\/types\/page"}],"author":[{"embeddable":true,"href":"https:\/\/shatranj.art\/sl\/wp-json\/wp\/v2\/users\/1"}],"replies":[{"embeddable":true,"href":"https:\/\/shatranj.art\/sl\/wp-json\/wp\/v2\/comments?post=1136"}],"version-history":[{"count":16,"href":"https:\/\/shatranj.art\/sl\/wp-json\/wp\/v2\/pages\/1136\/revisions"}],"predecessor-version":[{"id":1383,"href":"https:\/\/shatranj.art\/sl\/wp-json\/wp\/v2\/pages\/1136\/revisions\/1383"}],"up":[{"embeddable":true,"href":"https:\/\/shatranj.art\/sl\/wp-json\/wp\/v2\/pages\/743"}],"wp:attachment":[{"href":"https:\/\/shatranj.art\/sl\/wp-json\/wp\/v2\/media?parent=1136"}],"curies":[{"name":"wp","href":"https:\/\/api.w.org\/{rel}","templated":true}]}}