{"id":1543,"date":"2026-02-24T08:36:27","date_gmt":"2026-02-24T08:36:27","guid":{"rendered":"https:\/\/shatranj.art\/?page_id=1543"},"modified":"2026-02-24T08:53:53","modified_gmt":"2026-02-24T08:53:53","slug":"plakat-41","status":"publish","type":"page","link":"https:\/\/shatranj.art\/sl\/exhibit\/plakat-41\/","title":{"rendered":"plakat-41"},"content":{"rendered":"<div data-elementor-type=\"wp-page\" data-elementor-id=\"1543\" class=\"elementor elementor-1543\" data-elementor-post-type=\"page\">\n\t\t\t\t<div class=\"elementor-element elementor-element-7a8daa7 e-flex e-con-boxed e-con e-parent\" data-id=\"7a8daa7\" data-element_type=\"container\" data-e-type=\"container\" data-settings=\"{&quot;background_background&quot;:&quot;classic&quot;}\">\n\t\t\t\t\t<div class=\"e-con-inner\">\n\t\t<div class=\"elementor-element elementor-element-26be55b e-con-full e-flex e-con e-child\" data-id=\"26be55b\" data-element_type=\"container\" data-e-type=\"container\">\n\t\t\t\t<div class=\"elementor-element elementor-element-3278af1 elementor-widget elementor-widget-image\" data-id=\"3278af1\" data-element_type=\"widget\" data-e-type=\"widget\" data-widget_type=\"image.default\">\n\t\t\t\t<div class=\"elementor-widget-container\">\n\t\t\t\t\t\t\t\t\t\t\t\t\t\t\t<img fetchpriority=\"high\" decoding=\"async\" width=\"1280\" height=\"960\" src=\"https:\/\/shatranj.art\/wp-content\/uploads\/2026\/02\/Sahi_Cannon_at_Fort_Nelson_UK.jpg\" class=\"attachment-full size-full wp-image-1545\" alt=\"\" srcset=\"https:\/\/shatranj.art\/wp-content\/uploads\/2026\/02\/Sahi_Cannon_at_Fort_Nelson_UK.jpg 1280w, https:\/\/shatranj.art\/wp-content\/uploads\/2026\/02\/Sahi_Cannon_at_Fort_Nelson_UK-300x225.jpg 300w, https:\/\/shatranj.art\/wp-content\/uploads\/2026\/02\/Sahi_Cannon_at_Fort_Nelson_UK-1024x768.jpg 1024w, https:\/\/shatranj.art\/wp-content\/uploads\/2026\/02\/Sahi_Cannon_at_Fort_Nelson_UK-768x576.jpg 768w, https:\/\/shatranj.art\/wp-content\/uploads\/2026\/02\/Sahi_Cannon_at_Fort_Nelson_UK-16x12.jpg 16w\" sizes=\"(max-width: 1280px) 100vw, 1280px\" \/>\t\t\t\t\t\t\t\t\t\t\t\t\t\t\t<\/div>\n\t\t\t\t<\/div>\n\t\t\t\t<div class=\"elementor-element elementor-element-6723efb elementor-widget elementor-widget-text-editor\" data-id=\"6723efb\" data-element_type=\"widget\" data-e-type=\"widget\" data-widget_type=\"text-editor.default\">\n\t\t\t\t<div class=\"elementor-widget-container\">\n\t\t\t\t\t\t\t\t\t<h3><b>Izvor besede \u015eAH\u00ce in njena povezava z razvojem \u0161aha\u00a0<\/b><\/h3><p>SHAH (\u015eAH) je izraz, ki se v \u0161tevilnih slovanskih jezikih uporablja za \u0161ah. Nem\u0161ka beseda \u201cschach\u201d, francoska \u201c\u00e9checs\u201d in angle\u0161ka \u201cchess\u201d so foneti\u010dno izpeljane iz besede \u201cshah\u201d. Izraz \u201c\u015eAH\u00ce\u201d kot pridevnik pomeni kraljevski ali zna\u010dilen za \u0161aha. Uporablja se tudi v literarnih besedilih v pomenu mo\u010dan in veli\u010dasten.<\/p><p>\u00a0<\/p><p>Top \u015eAH\u00ce, ki ga je zasnoval mad\u017earski in\u017eenir Orban, je med obleganjem Konstantinopla, ki ga je leta 1453 vodil sultan Fatih Mehmed, odigral klju\u010dno vlogo pri preboju masivnega obzidja in stolpov, kar je pomenilo revolucionarno spremembo v obleganju.<\/p><p>\u00a0<\/p><p>Tri stoletja po osvojitvi Istanbula, med operacijo Dardanele leta 1807, je bil na britanske ladje izstreljen \u0161e en stoletni top \u015eAH\u00ce, ki je povzro\u010dil veliko \u017ertev. Osmanski sultan Abd\u00fclaziz je leta 1866 ta top podaril kraljici Viktoriji. Zgornja fotografija topa \u015eAH\u00ce je iz trdnjave Fort Nelson v Zdru\u017eenem kraljestvu.<\/p><p>\u00a0<\/p><p>Ime \u015eAH\u00ce simbolizira evolucijo figurke lopata v razli\u010dnih jezikih, od vojnega voza do stolpa, od topa do ladje, kar odra\u017ea evolucijo \u0161aha.<\/p><p>\u00a0<\/p><p>\u0160ahovski komplet \u015eAH\u00ce je zasnoval Tamer Karatekin, nekdanji prvi igralec \u0161ahovske ekipe Massachusetts Institute of Technology in izku\u0161en \u0161ahovski pedagog. Elegantno predstavlja zgodovino in razvoj \u0161aha ter je izdelan za izobra\u017eevalno in turnirsko uporabo. Zasnovan je tako, da vklju\u010duje kulturne in duhovne vidike. Produkcija je bila podprta s subvencijami Sveta za kulturo Massachusettsa in mladinskega programa Evropske unije Erasmus+.<\/p><p>\u00a0<\/p><p>Ve\u010d informacij o zgodbi o oblikovanju \u015eAH\u00ce najdete na:\u00a0 \u00a0<a href=\"http:\/\/www.shahimasterset.com\/\">www.shahimasterset.com<\/a><\/p><p>Oglejte si tudi na\u0161e povezane projekte:<br \/>U\u010dni na\u010drt za umetno inteligenco, ki temelji na \u0161ahu: <a href=\"http:\/\/www.shatranj.ai\/\">shatranj.ai<\/a><\/p><p>Razstava zgodovinskih miselnih iger: <a href=\"https:\/\/shatranj.art\/sl\/\">shatranj.art<\/a><\/p>\t\t\t\t\t\t\t\t<\/div>\n\t\t\t\t<\/div>\n\t\t\t\t<div class=\"elementor-element elementor-element-7946825 elementor-widget elementor-widget-image\" data-id=\"7946825\" data-element_type=\"widget\" data-e-type=\"widget\" data-widget_type=\"image.default\">\n\t\t\t\t<div class=\"elementor-widget-container\">\n\t\t\t\t\t\t\t\t\t\t\t\t\t\t\t<img decoding=\"async\" width=\"559\" height=\"397\" src=\"https:\/\/shatranj.art\/wp-content\/uploads\/2026\/02\/shahi-engish-brochure-A6-page1.png\" class=\"attachment-full size-full wp-image-1548\" alt=\"\" srcset=\"https:\/\/shatranj.art\/wp-content\/uploads\/2026\/02\/shahi-engish-brochure-A6-page1.png 559w, https:\/\/shatranj.art\/wp-content\/uploads\/2026\/02\/shahi-engish-brochure-A6-page1-300x213.png 300w, https:\/\/shatranj.art\/wp-content\/uploads\/2026\/02\/shahi-engish-brochure-A6-page1-18x12.png 18w\" sizes=\"(max-width: 559px) 100vw, 559px\" \/>\t\t\t\t\t\t\t\t\t\t\t\t\t\t\t<\/div>\n\t\t\t\t<\/div>\n\t\t\t\t<\/div>\n\t\t\t\t\t<\/div>\n\t\t\t\t<\/div>\n\t\t\t\t<\/div>","protected":false},"excerpt":{"rendered":"<p>The origins of the \u015eAH\u00ce\u00a0 word and its connection to the evolution of chess\u00a0 SHAH (\u015eAH) is a term used in many Slavic languages for chess. The German word &#8220;schach,&#8221; French &#8220;\u00e9checs,&#8221; and English &#8220;chess&#8221; are all phonetically derived from the word &#8220;shah.&#8221; The term &#8220;\u015eAH\u00ce&#8221; as an adjective means royal or specific to the [&hellip;]<\/p>\n","protected":false},"author":1,"featured_media":0,"parent":743,"menu_order":0,"comment_status":"closed","ping_status":"closed","template":"","meta":{"footnotes":""},"class_list":["post-1543","page","type-page","status-publish","hentry"],"_links":{"self":[{"href":"https:\/\/shatranj.art\/sl\/wp-json\/wp\/v2\/pages\/1543","targetHints":{"allow":["GET"]}}],"collection":[{"href":"https:\/\/shatranj.art\/sl\/wp-json\/wp\/v2\/pages"}],"about":[{"href":"https:\/\/shatranj.art\/sl\/wp-json\/wp\/v2\/types\/page"}],"author":[{"embeddable":true,"href":"https:\/\/shatranj.art\/sl\/wp-json\/wp\/v2\/users\/1"}],"replies":[{"embeddable":true,"href":"https:\/\/shatranj.art\/sl\/wp-json\/wp\/v2\/comments?post=1543"}],"version-history":[{"count":10,"href":"https:\/\/shatranj.art\/sl\/wp-json\/wp\/v2\/pages\/1543\/revisions"}],"predecessor-version":[{"id":1557,"href":"https:\/\/shatranj.art\/sl\/wp-json\/wp\/v2\/pages\/1543\/revisions\/1557"}],"up":[{"embeddable":true,"href":"https:\/\/shatranj.art\/sl\/wp-json\/wp\/v2\/pages\/743"}],"wp:attachment":[{"href":"https:\/\/shatranj.art\/sl\/wp-json\/wp\/v2\/media?parent=1543"}],"curies":[{"name":"wp","href":"https:\/\/api.w.org\/{rel}","templated":true}]}}