{"id":826,"date":"2026-02-21T20:39:58","date_gmt":"2026-02-21T20:39:58","guid":{"rendered":"https:\/\/shatranj.art\/?page_id=826"},"modified":"2026-02-23T04:40:58","modified_gmt":"2026-02-23T04:40:58","slug":"poster-9","status":"publish","type":"page","link":"https:\/\/shatranj.art\/sl\/exhibit\/poster-9\/","title":{"rendered":"plakat 9"},"content":{"rendered":"<div data-elementor-type=\"wp-page\" data-elementor-id=\"826\" class=\"elementor elementor-826\" data-elementor-post-type=\"page\">\n\t\t\t\t<div class=\"elementor-element elementor-element-33b56aa e-flex e-con-boxed e-con e-parent\" data-id=\"33b56aa\" data-element_type=\"container\" data-e-type=\"container\" data-settings=\"{&quot;background_background&quot;:&quot;classic&quot;}\">\n\t\t\t\t\t<div class=\"e-con-inner\">\n\t\t<div class=\"elementor-element elementor-element-44a7504 e-con-full e-flex e-con e-child\" data-id=\"44a7504\" data-element_type=\"container\" data-e-type=\"container\">\n\t\t\t\t<div class=\"elementor-element elementor-element-53f2410 elementor-widget__width-initial elementor-widget elementor-widget-image\" data-id=\"53f2410\" data-element_type=\"widget\" data-e-type=\"widget\" data-widget_type=\"image.default\">\n\t\t\t\t<div class=\"elementor-widget-container\">\n\t\t\t\t\t\t\t\t\t\t\t\t\t\t\t<img fetchpriority=\"high\" decoding=\"async\" width=\"1356\" height=\"1803\" src=\"https:\/\/shatranj.art\/wp-content\/uploads\/2026\/02\/9.jpg\" class=\"attachment-full size-full wp-image-828\" alt=\"\" srcset=\"https:\/\/shatranj.art\/wp-content\/uploads\/2026\/02\/9.jpg 1356w, https:\/\/shatranj.art\/wp-content\/uploads\/2026\/02\/9-226x300.jpg 226w, https:\/\/shatranj.art\/wp-content\/uploads\/2026\/02\/9-770x1024.jpg 770w, https:\/\/shatranj.art\/wp-content\/uploads\/2026\/02\/9-768x1021.jpg 768w, https:\/\/shatranj.art\/wp-content\/uploads\/2026\/02\/9-1155x1536.jpg 1155w\" sizes=\"(max-width: 1356px) 100vw, 1356px\" \/>\t\t\t\t\t\t\t\t\t\t\t\t\t\t\t<\/div>\n\t\t\t\t<\/div>\n\t\t\t\t<div class=\"elementor-element elementor-element-efc76fe elementor-widget__width-initial elementor-widget elementor-widget-text-editor\" data-id=\"efc76fe\" data-element_type=\"widget\" data-e-type=\"widget\" data-widget_type=\"text-editor.default\">\n\t\t\t\t<div class=\"elementor-widget-container\">\n\t\t\t\t\t\t\t\t\t<p><strong>Strate\u0161ka zapu\u0161\u010dina: Arhitekturne linije naselja Averbakh<\/strong><\/p><p>\u00a0<\/p><p>Ta komplet, poimenovan po Juriju Averbakhu, enem najve\u010djih teoretikov sodobnega \u0161aha in mojstru kon\u010dne igre, predstavlja zlato dobo sovjetske \u0161ahovske \u0161ole. Ta oblika, ki se je pogosto uporabljala na presti\u017enih turnirjih v petdesetih in \u0161estdesetih letih prej\u0161njega stoletja, je znana po svojih minimalisti\u010dnih in arhitekturno uravnote\u017eenih linijah, ki pove\u010dujejo osredoto\u010denost. Odra\u017eajo Averbakhov znanstveni pristop, pri katerem je bila \u0161ahovnica obravnavana kot laboratorij, te figure s svojimi vitkimi stebli in poenostavljenimi silhuetami pa simbolizirajo naj\u010distej\u0161o obliko intelekta. Ta komplet je ve\u010d kot igralno orodje; je vizualni manifest obdobja sovjetske \u0161ahovske hegemonije ter disciplinirano prese\u010di\u0161\u010de obrtni\u0161kega mojstrstva in strategije.<\/p>\t\t\t\t\t\t\t\t<\/div>\n\t\t\t\t<\/div>\n\t\t\t\t<\/div>\n\t\t<div class=\"elementor-element elementor-element-ae859ed e-con-full e-flex e-con e-child\" data-id=\"ae859ed\" data-element_type=\"container\" data-e-type=\"container\">\n\t\t\t\t<div class=\"elementor-element elementor-element-c38a481 elementor-widget elementor-widget-image\" data-id=\"c38a481\" data-element_type=\"widget\" data-e-type=\"widget\" data-widget_type=\"image.default\">\n\t\t\t\t<div class=\"elementor-widget-container\">\n\t\t\t\t\t\t\t\t\t\t\t\t\t\t\t<img decoding=\"async\" width=\"1972\" height=\"1308\" src=\"https:\/\/shatranj.art\/wp-content\/uploads\/2026\/02\/9-1.jpg\" class=\"attachment-full size-full wp-image-829\" alt=\"\" srcset=\"https:\/\/shatranj.art\/wp-content\/uploads\/2026\/02\/9-1.jpg 1972w, https:\/\/shatranj.art\/wp-content\/uploads\/2026\/02\/9-1-300x199.jpg 300w, https:\/\/shatranj.art\/wp-content\/uploads\/2026\/02\/9-1-1024x679.jpg 1024w, https:\/\/shatranj.art\/wp-content\/uploads\/2026\/02\/9-1-768x509.jpg 768w, https:\/\/shatranj.art\/wp-content\/uploads\/2026\/02\/9-1-1536x1019.jpg 1536w\" sizes=\"(max-width: 1972px) 100vw, 1972px\" \/>\t\t\t\t\t\t\t\t\t\t\t\t\t\t\t<\/div>\n\t\t\t\t<\/div>\n\t\t\t\t<div class=\"elementor-element elementor-element-f7be571 elementor-widget elementor-widget-image\" data-id=\"f7be571\" data-element_type=\"widget\" data-e-type=\"widget\" data-widget_type=\"image.default\">\n\t\t\t\t<div class=\"elementor-widget-container\">\n\t\t\t\t\t\t\t\t\t\t\t\t\t\t\t<img decoding=\"async\" width=\"2160\" height=\"1317\" src=\"https:\/\/shatranj.art\/wp-content\/uploads\/2026\/02\/9-2.jpg\" class=\"attachment-full size-full wp-image-830\" alt=\"\" srcset=\"https:\/\/shatranj.art\/wp-content\/uploads\/2026\/02\/9-2.jpg 2160w, https:\/\/shatranj.art\/wp-content\/uploads\/2026\/02\/9-2-300x183.jpg 300w, https:\/\/shatranj.art\/wp-content\/uploads\/2026\/02\/9-2-1024x624.jpg 1024w, https:\/\/shatranj.art\/wp-content\/uploads\/2026\/02\/9-2-768x468.jpg 768w, https:\/\/shatranj.art\/wp-content\/uploads\/2026\/02\/9-2-1536x937.jpg 1536w, https:\/\/shatranj.art\/wp-content\/uploads\/2026\/02\/9-2-2048x1249.jpg 2048w\" sizes=\"(max-width: 2160px) 100vw, 2160px\" \/>\t\t\t\t\t\t\t\t\t\t\t\t\t\t\t<\/div>\n\t\t\t\t<\/div>\n\t\t\t\t<\/div>\n\t\t\t\t<div class=\"elementor-element elementor-element-9d4fead elementor-widget elementor-widget-text-editor\" data-id=\"9d4fead\" data-element_type=\"widget\" data-e-type=\"widget\" data-widget_type=\"text-editor.default\">\n\t\t\t\t<div class=\"elementor-widget-container\">\n\t\t\t\t\t\t\t\t\t<p><b>Kulturni fenomen:\u00a0<\/b><b> Latvijska zapu\u0161\u010dina Beth Harmon<\/b><\/p><p>Ta komplet je simbol revolucionarnega trenutka, ko se je popularna kultura zdru\u017eila s \u0161ahom, in je reprodukcija legendarnega \u201csovjetskega latvijskega\u201d dizajna iz 50. let prej\u0161njega stoletja. Te figure so bile predstavljene v osupljivem finalnem dvoboju med Betom Harmonom in Vasilijem Borgovom in so bile s svojimi vitkimi, visokimi in elegantnimi silhuetami priljubljene pri svetovnem prvaku Mihailu Talu, \u201c\u010darovniku iz Rige\u201d. Ta oblika, izdelana iz ebonizirane breze in bokserja, je osrednja ikona \u201cu\u010dinka kralji\u010dinega gambita\u201d, ki je spro\u017eil velik svetovni porast zanimanja za \u0161ah. Ta komplet, v katerem se obrtni\u0161ka spretnost prepleta s filmsko pripovedjo, je mo\u010dan dokaz univerzalne privla\u010dnosti \u0161aha v sodobnem \u010dasu.<\/p>\t\t\t\t\t\t\t\t<\/div>\n\t\t\t\t<\/div>\n\t\t<div class=\"elementor-element elementor-element-dc9aff1 e-con-full e-flex e-con e-child\" data-id=\"dc9aff1\" data-element_type=\"container\" data-e-type=\"container\">\n\t\t\t\t<div class=\"elementor-element elementor-element-96cc3e0 elementor-widget elementor-widget-image\" data-id=\"96cc3e0\" data-element_type=\"widget\" data-e-type=\"widget\" data-widget_type=\"image.default\">\n\t\t\t\t<div class=\"elementor-widget-container\">\n\t\t\t\t\t\t\t\t\t\t\t\t\t\t\t<img loading=\"lazy\" decoding=\"async\" width=\"1513\" height=\"1360\" src=\"https:\/\/shatranj.art\/wp-content\/uploads\/2026\/02\/9-3.jpg\" class=\"attachment-full size-full wp-image-831\" alt=\"\" srcset=\"https:\/\/shatranj.art\/wp-content\/uploads\/2026\/02\/9-3.jpg 1513w, https:\/\/shatranj.art\/wp-content\/uploads\/2026\/02\/9-3-300x270.jpg 300w, https:\/\/shatranj.art\/wp-content\/uploads\/2026\/02\/9-3-1024x920.jpg 1024w, https:\/\/shatranj.art\/wp-content\/uploads\/2026\/02\/9-3-768x690.jpg 768w\" sizes=\"(max-width: 1513px) 100vw, 1513px\" \/>\t\t\t\t\t\t\t\t\t\t\t\t\t\t\t<\/div>\n\t\t\t\t<\/div>\n\t\t\t\t<div class=\"elementor-element elementor-element-59f8cf3 elementor-widget elementor-widget-image\" data-id=\"59f8cf3\" data-element_type=\"widget\" data-e-type=\"widget\" data-widget_type=\"image.default\">\n\t\t\t\t<div class=\"elementor-widget-container\">\n\t\t\t\t\t\t\t\t\t\t\t\t\t\t\t<img loading=\"lazy\" decoding=\"async\" width=\"1637\" height=\"990\" src=\"https:\/\/shatranj.art\/wp-content\/uploads\/2026\/02\/9-4.jpg\" class=\"attachment-full size-full wp-image-833\" alt=\"\" srcset=\"https:\/\/shatranj.art\/wp-content\/uploads\/2026\/02\/9-4.jpg 1637w, https:\/\/shatranj.art\/wp-content\/uploads\/2026\/02\/9-4-300x181.jpg 300w, https:\/\/shatranj.art\/wp-content\/uploads\/2026\/02\/9-4-1024x619.jpg 1024w, https:\/\/shatranj.art\/wp-content\/uploads\/2026\/02\/9-4-768x464.jpg 768w, https:\/\/shatranj.art\/wp-content\/uploads\/2026\/02\/9-4-1536x929.jpg 1536w\" sizes=\"(max-width: 1637px) 100vw, 1637px\" \/>\t\t\t\t\t\t\t\t\t\t\t\t\t\t\t<\/div>\n\t\t\t\t<\/div>\n\t\t\t\t<div class=\"elementor-element elementor-element-5ed6e7b elementor-widget elementor-widget-image\" data-id=\"5ed6e7b\" data-element_type=\"widget\" data-e-type=\"widget\" data-widget_type=\"image.default\">\n\t\t\t\t<div class=\"elementor-widget-container\">\n\t\t\t\t\t\t\t\t\t\t\t\t\t\t\t<img loading=\"lazy\" decoding=\"async\" width=\"1464\" height=\"1310\" src=\"https:\/\/shatranj.art\/wp-content\/uploads\/2026\/02\/9-5.jpg\" class=\"attachment-full size-full wp-image-834\" alt=\"\" srcset=\"https:\/\/shatranj.art\/wp-content\/uploads\/2026\/02\/9-5.jpg 1464w, https:\/\/shatranj.art\/wp-content\/uploads\/2026\/02\/9-5-300x268.jpg 300w, https:\/\/shatranj.art\/wp-content\/uploads\/2026\/02\/9-5-1024x916.jpg 1024w, https:\/\/shatranj.art\/wp-content\/uploads\/2026\/02\/9-5-768x687.jpg 768w\" sizes=\"(max-width: 1464px) 100vw, 1464px\" \/>\t\t\t\t\t\t\t\t\t\t\t\t\t\t\t<\/div>\n\t\t\t\t<\/div>\n\t\t\t\t<\/div>\n\t\t\t\t<div class=\"elementor-element elementor-element-cd06d9e elementor-widget elementor-widget-text-editor\" data-id=\"cd06d9e\" data-element_type=\"widget\" data-e-type=\"widget\" data-widget_type=\"text-editor.default\">\n\t\t\t\t<div class=\"elementor-widget-container\">\n\t\t\t\t\t\t\t\t\t<p><b>Mesto, prvenstvo, mit:\u00a0<\/b><b>Zapu\u0161\u010dina \u201cBakuja\u201d v Leningradu<\/b><\/p><p>Ta komplet, ki je v \u0161ahovskem svetu znan kot komplet \u201cBaku 1961\u201d, je pravzaprav mojstrovina delavnic podjetja Artel Drevprom iz leningrajske regije. Svoj vzdevek si je prislu\u017eil, ker so ga na prvenstvu ZSSR leta 1961 v Bakuju uporabljali velikani, kot je Mihail Tal. Njegova ikoni\u010dna silhueta z dolgimi in vitkimi stebli je pravzaprav \u010disti izraz leningrajskega modernizma.<\/p><p>Ti kosi, ki so zaradi vojnega pomanjkanja namesto svinca obte\u017eeni s stisnjeno \u017eagovino, dokazujejo, da lahko obrtni\u0161ka izdelava ostane estetska tudi ob hudih omejitvah. S svojo posvetno in minimalisti\u010dno obliko, popolnoma brez verskih simbolov, se je komplet spremenil v univerzalno strate\u0161ko orodje. Ta leningrajski dizajn, ki nosi figurativne odtise mladega Kasparova, ki je odra\u0161\u010dal ob igranju s temi kosi v Bakuju, je klasi\u010den primer, kako lahko napa\u010dno ime postane svetovna legenda.<\/p>\t\t\t\t\t\t\t\t<\/div>\n\t\t\t\t<\/div>\n\t\t\t\t\t<\/div>\n\t\t\t\t<\/div>\n\t\t\t\t<\/div>","protected":false},"excerpt":{"rendered":"<p>A Strategic Legacy:\u00a0The Architectural Lines of the Averbakh Set \u00a0 Named after Yuri Averbakh, one of the greatest theorists of modern chess and a master of the endgame, this set represents the golden age of the Soviet Chess School. Frequently used in the prestigious tournaments of the 1950s and 60s, this design is renowned for [&hellip;]<\/p>\n","protected":false},"author":1,"featured_media":0,"parent":743,"menu_order":0,"comment_status":"closed","ping_status":"closed","template":"","meta":{"footnotes":""},"class_list":["post-826","page","type-page","status-publish","hentry"],"_links":{"self":[{"href":"https:\/\/shatranj.art\/sl\/wp-json\/wp\/v2\/pages\/826","targetHints":{"allow":["GET"]}}],"collection":[{"href":"https:\/\/shatranj.art\/sl\/wp-json\/wp\/v2\/pages"}],"about":[{"href":"https:\/\/shatranj.art\/sl\/wp-json\/wp\/v2\/types\/page"}],"author":[{"embeddable":true,"href":"https:\/\/shatranj.art\/sl\/wp-json\/wp\/v2\/users\/1"}],"replies":[{"embeddable":true,"href":"https:\/\/shatranj.art\/sl\/wp-json\/wp\/v2\/comments?post=826"}],"version-history":[{"count":10,"href":"https:\/\/shatranj.art\/sl\/wp-json\/wp\/v2\/pages\/826\/revisions"}],"predecessor-version":[{"id":1195,"href":"https:\/\/shatranj.art\/sl\/wp-json\/wp\/v2\/pages\/826\/revisions\/1195"}],"up":[{"embeddable":true,"href":"https:\/\/shatranj.art\/sl\/wp-json\/wp\/v2\/pages\/743"}],"wp:attachment":[{"href":"https:\/\/shatranj.art\/sl\/wp-json\/wp\/v2\/media?parent=826"}],"curies":[{"name":"wp","href":"https:\/\/api.w.org\/{rel}","templated":true}]}}