{"id":1002,"date":"2026-02-22T16:04:24","date_gmt":"2026-02-22T16:04:24","guid":{"rendered":"https:\/\/shatranj.art\/?page_id=1002"},"modified":"2026-02-23T08:09:23","modified_gmt":"2026-02-23T08:09:23","slug":"poster-22","status":"publish","type":"page","link":"https:\/\/shatranj.art\/sq\/exhibit\/poster-22\/","title":{"rendered":"Posteri 22"},"content":{"rendered":"<div data-elementor-type=\"wp-page\" data-elementor-id=\"1002\" class=\"elementor elementor-1002\" data-elementor-post-type=\"page\">\n\t\t\t\t<div class=\"elementor-element elementor-element-e27c206 e-flex e-con-boxed e-con e-parent\" data-id=\"e27c206\" data-element_type=\"container\" data-e-type=\"container\" data-settings=\"{&quot;background_background&quot;:&quot;classic&quot;}\">\n\t\t\t\t\t<div class=\"e-con-inner\">\n\t\t\t\t<div class=\"elementor-element elementor-element-702222a elementor-widget__width-initial elementor-widget elementor-widget-heading\" data-id=\"702222a\" data-element_type=\"widget\" data-e-type=\"widget\" data-widget_type=\"heading.default\">\n\t\t\t\t<div class=\"elementor-widget-container\">\n\t\t\t\t\t<h1 class=\"elementor-heading-title elementor-size-default\">Seti i shahut i Olimpiad\u00ebs s\u00eb Varn\u00ebs 1962: Riprodhim pa kryq\u00eb<\/h1>\t\t\t\t<\/div>\n\t\t\t\t<\/div>\n\t\t\t\t<div class=\"elementor-element elementor-element-0f1f08f elementor-widget elementor-widget-image\" data-id=\"0f1f08f\" data-element_type=\"widget\" data-e-type=\"widget\" data-widget_type=\"image.default\">\n\t\t\t\t<div class=\"elementor-widget-container\">\n\t\t\t\t\t\t\t\t\t\t\t\t\t\t\t<img fetchpriority=\"high\" decoding=\"async\" width=\"1588\" height=\"1191\" src=\"https:\/\/shatranj.art\/wp-content\/uploads\/2024\/05\/il_1588xN.5358614537_a8l3.jpg\" class=\"attachment-full size-full wp-image-590\" alt=\"\" srcset=\"https:\/\/shatranj.art\/wp-content\/uploads\/2024\/05\/il_1588xN.5358614537_a8l3.jpg 1588w, https:\/\/shatranj.art\/wp-content\/uploads\/2024\/05\/il_1588xN.5358614537_a8l3-300x225.jpg 300w, https:\/\/shatranj.art\/wp-content\/uploads\/2024\/05\/il_1588xN.5358614537_a8l3-1024x768.jpg 1024w, https:\/\/shatranj.art\/wp-content\/uploads\/2024\/05\/il_1588xN.5358614537_a8l3-768x576.jpg 768w, https:\/\/shatranj.art\/wp-content\/uploads\/2024\/05\/il_1588xN.5358614537_a8l3-1536x1152.jpg 1536w\" sizes=\"(max-width: 1588px) 100vw, 1588px\" \/>\t\t\t\t\t\t\t\t\t\t\t\t\t\t\t<\/div>\n\t\t\t\t<\/div>\n\t\t\t\t<div class=\"elementor-element elementor-element-17659f5 elementor-widget elementor-widget-text-editor\" data-id=\"17659f5\" data-element_type=\"widget\" data-e-type=\"widget\" data-widget_type=\"text-editor.default\">\n\t\t\t\t<div class=\"elementor-widget-container\">\n\t\t\t\t\t\t\t\t\t<p data-path-to-node=\"4\">Ky set \u00ebsht\u00eb nj\u00eb riprodhim specifik i dizajnit ikonik t\u00eb Olimpiad\u00ebs s\u00eb Shahut n\u00eb Varna 1962, i prodhuar n\u00eb Bullgari pa kryqin tradicional. N\u00eb vend t\u00eb nj\u00eb modifikimi t\u00eb m\u00ebvonsh\u00ebm, k\u00ebto figura u prodhuan n\u00eb burim p\u00ebr t\u00eb qen\u00eb neutrale nga ana simbolike. Ato u soll\u00ebn n\u00eb Turqi nga emigrant\u00ebt turq nga Bullgaria dhe shpejt u b\u00ebn\u00eb pjes\u00eb e pandashme e Shoqat\u00ebs s\u00eb Shahut t\u00eb Stambollit (\u0130SD) pas vitit 1965. Ky dizajn pa kryq, i prodhuar n\u00eb Bullgari, m\u00eb n\u00eb fund sh\u00ebrbeu si model p\u00ebr setet e famshme \u201cGambit\u201d, duke u b\u00ebr\u00eb kompleti i shahut m\u00eb i njohur dhe m\u00eb i p\u00ebrdorur n\u00eb historin\u00eb moderne t\u00eb Turqis\u00eb.<\/p>\t\t\t\t\t\t\t\t<\/div>\n\t\t\t\t<\/div>\n\t\t\t\t<div class=\"elementor-element elementor-element-23b035a elementor-widget elementor-widget-image\" data-id=\"23b035a\" data-element_type=\"widget\" data-e-type=\"widget\" data-widget_type=\"image.default\">\n\t\t\t\t<div class=\"elementor-widget-container\">\n\t\t\t\t\t\t\t\t\t\t\t\t\t\t\t<img decoding=\"async\" width=\"500\" height=\"704\" src=\"https:\/\/shatranj.art\/wp-content\/uploads\/2026\/02\/FA-ismet-artvit-simultane-gambit-takimi.png\" class=\"attachment-full size-full wp-image-852\" alt=\"\" srcset=\"https:\/\/shatranj.art\/wp-content\/uploads\/2026\/02\/FA-ismet-artvit-simultane-gambit-takimi.png 500w, https:\/\/shatranj.art\/wp-content\/uploads\/2026\/02\/FA-ismet-artvit-simultane-gambit-takimi-213x300.png 213w\" sizes=\"(max-width: 500px) 100vw, 500px\" \/>\t\t\t\t\t\t\t\t\t\t\t\t\t\t\t<\/div>\n\t\t\t\t<\/div>\n\t\t\t\t<div class=\"elementor-element elementor-element-0f0f4fe elementor-widget elementor-widget-text-editor\" data-id=\"0f0f4fe\" data-element_type=\"widget\" data-e-type=\"widget\" data-widget_type=\"text-editor.default\">\n\t\t\t\t<div class=\"elementor-widget-container\">\n\t\t\t\t\t\t\t\t\t<p>Nj\u00eb vizitor i shpesht\u00eb n\u00eb Shoqat\u00ebn e Shahut t\u00eb Stambollit, arbitri i FIDE-s dhe imigrant nga Bullgaria, \u0130smet Arvit, duke b\u00ebr\u00eb nj\u00eb l\u00ebvizje me figurat e shahut model \"Gambit\" gjat\u00eb nj\u00eb ekspozite simultan\u00eb n\u00eb Stamboll.<\/p>\t\t\t\t\t\t\t\t<\/div>\n\t\t\t\t<\/div>\n\t\t\t\t\t<\/div>\n\t\t\t\t<\/div>\n\t\t\t\t<\/div>","protected":false},"excerpt":{"rendered":"<p>The Varna 1962 Olympiad chess set: Crossless Reproduction This set is a specific reproduction of the iconic 1962 Varna Chess Olympiad design, manufactured in Bulgaria without the traditional cross. Rather than a later modification, these pieces were produced at the source to be symbol-neutral. They were brought to Turkey by Turkish immigrants from Bulgaria and [&hellip;]<\/p>\n","protected":false},"author":1,"featured_media":0,"parent":743,"menu_order":0,"comment_status":"closed","ping_status":"closed","template":"","meta":{"footnotes":""},"class_list":["post-1002","page","type-page","status-publish","hentry"],"_links":{"self":[{"href":"https:\/\/shatranj.art\/sq\/wp-json\/wp\/v2\/pages\/1002","targetHints":{"allow":["GET"]}}],"collection":[{"href":"https:\/\/shatranj.art\/sq\/wp-json\/wp\/v2\/pages"}],"about":[{"href":"https:\/\/shatranj.art\/sq\/wp-json\/wp\/v2\/types\/page"}],"author":[{"embeddable":true,"href":"https:\/\/shatranj.art\/sq\/wp-json\/wp\/v2\/users\/1"}],"replies":[{"embeddable":true,"href":"https:\/\/shatranj.art\/sq\/wp-json\/wp\/v2\/comments?post=1002"}],"version-history":[{"count":13,"href":"https:\/\/shatranj.art\/sq\/wp-json\/wp\/v2\/pages\/1002\/revisions"}],"predecessor-version":[{"id":1298,"href":"https:\/\/shatranj.art\/sq\/wp-json\/wp\/v2\/pages\/1002\/revisions\/1298"}],"up":[{"embeddable":true,"href":"https:\/\/shatranj.art\/sq\/wp-json\/wp\/v2\/pages\/743"}],"wp:attachment":[{"href":"https:\/\/shatranj.art\/sq\/wp-json\/wp\/v2\/media?parent=1002"}],"curies":[{"name":"wp","href":"https:\/\/api.w.org\/{rel}","templated":true}]}}