{"id":1016,"date":"2026-02-22T16:17:45","date_gmt":"2026-02-22T16:17:45","guid":{"rendered":"https:\/\/shatranj.art\/?page_id=1016"},"modified":"2026-02-24T09:42:49","modified_gmt":"2026-02-24T09:42:49","slug":"poster-24","status":"publish","type":"page","link":"https:\/\/shatranj.art\/sq\/exhibit\/poster-24\/","title":{"rendered":"Posteri 24"},"content":{"rendered":"<div data-elementor-type=\"wp-page\" data-elementor-id=\"1016\" class=\"elementor elementor-1016\" data-elementor-post-type=\"page\">\n\t\t\t\t<div class=\"elementor-element elementor-element-cbef851 e-flex e-con-boxed e-con e-parent\" data-id=\"cbef851\" data-element_type=\"container\" data-e-type=\"container\" data-settings=\"{&quot;background_background&quot;:&quot;classic&quot;}\">\n\t\t\t\t\t<div class=\"e-con-inner\">\n\t\t<div class=\"elementor-element elementor-element-919ca16 e-con-full e-flex e-con e-child\" data-id=\"919ca16\" data-element_type=\"container\" data-e-type=\"container\">\n\t\t\t\t<div class=\"elementor-element elementor-element-3a8b40d elementor-widget elementor-widget-image\" data-id=\"3a8b40d\" data-element_type=\"widget\" data-e-type=\"widget\" data-widget_type=\"image.default\">\n\t\t\t\t<div class=\"elementor-widget-container\">\n\t\t\t\t\t\t\t\t\t\t\t\t\t\t\t<img fetchpriority=\"high\" decoding=\"async\" width=\"800\" height=\"534\" src=\"https:\/\/shatranj.art\/wp-content\/uploads\/2026\/02\/21-1024x683.jpg\" class=\"attachment-large size-large wp-image-995\" alt=\"\" srcset=\"https:\/\/shatranj.art\/wp-content\/uploads\/2026\/02\/21-1024x683.jpg 1024w, https:\/\/shatranj.art\/wp-content\/uploads\/2026\/02\/21-300x200.jpg 300w, https:\/\/shatranj.art\/wp-content\/uploads\/2026\/02\/21-768x512.jpg 768w, https:\/\/shatranj.art\/wp-content\/uploads\/2026\/02\/21-1536x1024.jpg 1536w, https:\/\/shatranj.art\/wp-content\/uploads\/2026\/02\/21-2048x1366.jpg 2048w\" sizes=\"(max-width: 800px) 100vw, 800px\" \/>\t\t\t\t\t\t\t\t\t\t\t\t\t\t\t<\/div>\n\t\t\t\t<\/div>\n\t\t\t\t<div class=\"elementor-element elementor-element-07a7613 elementor-widget elementor-widget-text-editor\" data-id=\"07a7613\" data-element_type=\"widget\" data-e-type=\"widget\" data-widget_type=\"text-editor.default\">\n\t\t\t\t<div class=\"elementor-widget-container\">\n\t\t\t\t\t\t\t\t\t<p>Seti i shahut \u015eAH\u00ce \u00ebsht\u00eb m\u00eb shum\u00eb se nj\u00eb loj\u00eb; ai \u00ebsht\u00eb nj\u00eb ur\u00eb midis kulturave, epokave dhe filozofive. Projektuar p\u00ebr t\u00eb ngjallur ndjenja perandorake dhe mbret\u00ebrore, seti merr emrin nga nj\u00eb term i p\u00ebrdorur gjer\u00ebsisht n\u00eb Ballkan dhe n\u00eb shum\u00eb gjuh\u00eb sllave p\u00ebr t\u00eb treguar loj\u00ebn e shahut.<\/p><p>Fjala \u201c\u015eAH\u00ce\u201d vet\u00eb funksionon si nj\u00eb mbiem\u00ebr mbret\u00ebror q\u00eb do t\u00eb thot\u00eb \u201ci ve\u00e7ant\u00eb p\u00ebr Shahun,\u201d duke mbajtur nj\u00eb pesh\u00eb letrare q\u00eb tregon forc\u00eb, madh\u00ebshtin\u00eb dhe thell\u00ebsi strategjike.<\/p><h3><b>Nj\u00eb kryevep\u00ebr e evolucionit kulturor<\/b><\/h3><p>Projektuar nga edukatori me p\u00ebrvoj\u00eb i shahut dhe ish-lojtari i bordit t\u00eb par\u00eb i MIT-it, Tamer Karatekin, ky set p\u00ebrmbledh n\u00eb m\u00ebnyr\u00eb elegante historin\u00eb e loj\u00ebs. \u00c7do figur\u00eb \u00ebsht\u00eb punuar p\u00ebr t\u00eb pasqyruar nj\u00eb rr\u00ebfim historik unik:<\/p><ul><li style=\"font-weight: 400;\" aria-level=\"1\"><b>G\u00fcl\u015fah (Mbreti):<\/b><span style=\"font-weight: 400;\"> P\u00ebrfaq\u00ebson shenjt\u00ebrin\u00eb e kupol\u00ebs, t\u00eb frym\u00ebzuar nga struktura si Hagia Sophia dhe Panteoni, dhe trash\u00ebgimin\u00eb intelektuale t\u00eb mbules\u00ebs s\u00eb kok\u00ebs.<\/span><\/li><li style=\"font-weight: 400;\" aria-level=\"1\"><b>Sokol (Mbret\u00ebresha\/Viziri):<\/b><span style=\"font-weight: 400;\"> E em\u00ebruar sipas simbolit ushtarak shqiponj\u00eb dhe e frym\u00ebzuar nga kulmi me kupol\u00eb qep\u00eb dhe dizajni i helmet\u00ebs s\u00eb setit t\u00eb shahut t\u00eb sht\u00ebpis\u00eb s\u00eb kafeneve austriake, simbolizon autoritetin ushtarak dhe urt\u00ebsin\u00eb e \u201cvezirit\u201d. Sokolovi\u00e7i ishte qyteti i lindjes s\u00eb vezirit t\u00eb madh m\u00eb me ndikim t\u00eb Perandoris\u00eb Osmane, Sokollu Mehmet Pasha.<\/span><\/li><li style=\"font-weight: 400;\" aria-level=\"1\"><b>Bukefal (Kalor\u00ebsi):<\/b><span style=\"font-weight: 400;\"> E em\u00ebruar pas kalit legjendar t\u00eb Aleksandrit t\u00eb Madh, q\u00eb simbolizon shk\u00ebmbimin dypal\u00ebsh t\u00eb kultur\u00ebs midis Lindjes dhe Per\u00ebndimit.<\/span><\/li><li style=\"font-weight: 400;\" aria-level=\"1\"><b>Shahrukh (Rooku):<\/b><span style=\"font-weight: 400;\"> Nj\u00eb sintez\u00eb madh\u00ebshtore e evolucionit ushtarak, q\u00eb p\u00ebrfshin element\u00eb t\u00eb karroc\u00ebs s\u00eb luft\u00ebs, kull\u00ebs, topit dhe anijes. Mjeshtri i shahut dhe komandanti Timur i vuri djalit t\u00eb tij emrin Shahrukh, pasi lajmi p\u00ebr lindjen e tij mb\u00ebrriti gjat\u00eb nj\u00eb ndeshjeje shahu.<\/span><\/li><li style=\"font-weight: 400;\" aria-level=\"1\"><b>Abul-Abbas (Peshkopi\/Elefanti):<\/b><span style=\"font-weight: 400;\"> Pasqyron udh\u00ebtimin ikonik t\u00eb elefantit t\u00eb dhuruar Charlemagne-it, duke gjurmuar migrimin e shahut n\u00eb tre kontinente.<\/span><\/li><li style=\"font-weight: 400;\" aria-level=\"1\"><b>R\u00e9gence-Philidor (Thelbi):<\/b><span style=\"font-weight: 400;\"> Inspiruar nga kafenet\u00eb e epok\u00ebs s\u00eb Iluminizmit n\u00eb Paris dhe maksima e famshme e Philidorit: \u201cFigurat e pionit jan\u00eb shpirti i shahut\u201d.<\/span><\/li><\/ul>\t\t\t\t\t\t\t\t<\/div>\n\t\t\t\t<\/div>\n\t\t\t\t<div class=\"elementor-element elementor-element-52a94ef elementor-widget elementor-widget-text-editor\" data-id=\"52a94ef\" data-element_type=\"widget\" data-e-type=\"widget\" data-widget_type=\"text-editor.default\">\n\t\t\t\t<div class=\"elementor-widget-container\">\n\t\t\t\t\t\t\t\t\t<h3><b>Dizajni dhe q\u00ebllimi<\/b><\/h3><p>Seti \u015eAH\u00ce \u00ebsht\u00eb p\u00ebrgatitur me kujdes t\u00eb ve\u00e7ant\u00eb p\u00ebr t'u sh\u00ebrbyer si nj\u00eb ekspozit\u00eb artistike dhe si nj\u00eb mjet funksional p\u00ebr p\u00ebrdorim arsimor dhe n\u00eb turne. Filozofia e dizajnit t\u00eb tij bazohet n\u00eb p\u00ebrfshirjen kulturore dhe shpirt\u00ebrore, duke siguruar q\u00eb ai t\u00eb rezoj\u00eb me lojtar\u00ebt n\u00eb mbar\u00eb bot\u00ebn.<\/p><p><b>Nj\u00eb trash\u00ebgimi mb\u00ebshtet\u00ebse:<\/b><\/p><p>Prodhimi i k\u00ebtij seti u b\u00eb i mundur fal\u00eb mb\u00ebshtetjes s\u00eb K\u00ebshillit Kulturor t\u00eb Massachusetts-it dhe programit Rinis\u00eb s\u00eb Bashkimit Evropian.<\/p>\t\t\t\t\t\t\t\t<\/div>\n\t\t\t\t<\/div>\n\t\t\t\t<\/div>\n\t\t\t\t\t<\/div>\n\t\t\t\t<\/div>\n\t\t\t\t<\/div>","protected":false},"excerpt":{"rendered":"<p>The \u015eAH\u00ce Chess Set is more than just a game; it is a bridge between cultures, eras, and philosophies. Designed to evoke both imperial and royal sensations, the set draws its name from a term widely used in the Balkans and many Slavic languages to refer to the game of chess. The word &#8220;\u015eAH\u00ce&#8221; itself [&hellip;]<\/p>\n","protected":false},"author":1,"featured_media":0,"parent":743,"menu_order":0,"comment_status":"closed","ping_status":"closed","template":"","meta":{"footnotes":""},"class_list":["post-1016","page","type-page","status-publish","hentry"],"_links":{"self":[{"href":"https:\/\/shatranj.art\/sq\/wp-json\/wp\/v2\/pages\/1016","targetHints":{"allow":["GET"]}}],"collection":[{"href":"https:\/\/shatranj.art\/sq\/wp-json\/wp\/v2\/pages"}],"about":[{"href":"https:\/\/shatranj.art\/sq\/wp-json\/wp\/v2\/types\/page"}],"author":[{"embeddable":true,"href":"https:\/\/shatranj.art\/sq\/wp-json\/wp\/v2\/users\/1"}],"replies":[{"embeddable":true,"href":"https:\/\/shatranj.art\/sq\/wp-json\/wp\/v2\/comments?post=1016"}],"version-history":[{"count":19,"href":"https:\/\/shatranj.art\/sq\/wp-json\/wp\/v2\/pages\/1016\/revisions"}],"predecessor-version":[{"id":1601,"href":"https:\/\/shatranj.art\/sq\/wp-json\/wp\/v2\/pages\/1016\/revisions\/1601"}],"up":[{"embeddable":true,"href":"https:\/\/shatranj.art\/sq\/wp-json\/wp\/v2\/pages\/743"}],"wp:attachment":[{"href":"https:\/\/shatranj.art\/sq\/wp-json\/wp\/v2\/media?parent=1016"}],"curies":[{"name":"wp","href":"https:\/\/api.w.org\/{rel}","templated":true}]}}