{"id":1021,"date":"2026-02-22T16:28:38","date_gmt":"2026-02-22T16:28:38","guid":{"rendered":"https:\/\/shatranj.art\/?page_id=1021"},"modified":"2026-02-23T05:16:08","modified_gmt":"2026-02-23T05:16:08","slug":"poster-25","status":"publish","type":"page","link":"https:\/\/shatranj.art\/sq\/exhibit\/poster-25\/","title":{"rendered":"Posteri 25"},"content":{"rendered":"<div data-elementor-type=\"wp-page\" data-elementor-id=\"1021\" class=\"elementor elementor-1021\" data-elementor-post-type=\"page\">\n\t\t\t\t<div class=\"elementor-element elementor-element-3d217f0 e-flex e-con-boxed e-con e-parent\" data-id=\"3d217f0\" data-element_type=\"container\" data-e-type=\"container\" data-settings=\"{&quot;background_background&quot;:&quot;classic&quot;}\">\n\t\t\t\t\t<div class=\"e-con-inner\">\n\t\t<div class=\"elementor-element elementor-element-a3a2689 e-con-full e-flex e-con e-child\" data-id=\"a3a2689\" data-element_type=\"container\" data-e-type=\"container\">\n\t\t\t\t<div class=\"elementor-element elementor-element-fa1aaae elementor-widget__width-initial elementor-widget elementor-widget-image\" data-id=\"fa1aaae\" data-element_type=\"widget\" data-e-type=\"widget\" data-widget_type=\"image.default\">\n\t\t\t\t<div class=\"elementor-widget-container\">\n\t\t\t\t\t\t\t\t\t\t\t\t\t\t\t<img fetchpriority=\"high\" decoding=\"async\" width=\"800\" height=\"463\" src=\"https:\/\/shatranj.art\/wp-content\/uploads\/2026\/02\/25-1024x592.jpg\" class=\"attachment-large size-large wp-image-1023\" alt=\"\" srcset=\"https:\/\/shatranj.art\/wp-content\/uploads\/2026\/02\/25-1024x592.jpg 1024w, https:\/\/shatranj.art\/wp-content\/uploads\/2026\/02\/25-300x173.jpg 300w, https:\/\/shatranj.art\/wp-content\/uploads\/2026\/02\/25-768x444.jpg 768w, https:\/\/shatranj.art\/wp-content\/uploads\/2026\/02\/25-1536x887.jpg 1536w, https:\/\/shatranj.art\/wp-content\/uploads\/2026\/02\/25-2048x1183.jpg 2048w\" sizes=\"(max-width: 800px) 100vw, 800px\" \/>\t\t\t\t\t\t\t\t\t\t\t\t\t\t\t<\/div>\n\t\t\t\t<\/div>\n\t\t\t\t<div class=\"elementor-element elementor-element-cbddf52 elementor-widget__width-initial elementor-widget elementor-widget-text-editor\" data-id=\"cbddf52\" data-element_type=\"widget\" data-e-type=\"widget\" data-widget_type=\"text-editor.default\">\n\t\t\t\t<div class=\"elementor-widget-container\">\n\t\t\t\t\t\t\t\t\t<p><strong>\u015eAH\u00ce Bucephalus: <\/strong><strong>Nj\u00eb trash\u00ebgimi e strategjis\u00eb dhe kultur\u00ebs<\/strong><\/p><p>Kjo figur\u00eb mban trash\u00ebgimin\u00eb e Philipp Stamma-s, p\u00ebrkthyesit nga Alepo i njohur p\u00ebr vepr\u00ebn e tij Essai sur le jeu des \u00e9checs, botuar n\u00eb Paris n\u00eb vitin 1737. Dizajni i kalor\u00ebsit, me ka\u00e7urrela franceze n\u00eb man\u00eb, p\u00ebrfaq\u00ebson sintez\u00ebn e pandashme midis mend\u00ebsis\u00eb racionale t\u00eb Iluminizmit dhe thell\u00ebsis\u00eb strategjike t\u00eb lasht\u00eb t\u00eb Lindjes. Format brenda vepr\u00ebs krijojn\u00eb nj\u00eb ur\u00eb kulturore, duke bashkuar gjenialitetin taktik t\u00eb \u201cStamma Mate\u201d-it, t\u00eb sjell\u00eb nga Stamma nga Alepo n\u00eb Evrop\u00eb, me fuqin\u00eb ushtarake t\u00eb kalit maqedonas, Bucefal.<\/p>\t\t\t\t\t\t\t\t<\/div>\n\t\t\t\t<\/div>\n\t\t\t\t<div class=\"elementor-element elementor-element-f641ab0 elementor-widget__width-initial elementor-widget elementor-widget-text-editor\" data-id=\"f641ab0\" data-element_type=\"widget\" data-e-type=\"widget\" data-widget_type=\"text-editor.default\">\n\t\t\t\t<div class=\"elementor-widget-container\">\n\t\t\t\t\t\t\t\t\t<p><b>1950 Dubrovnik dhe Staunton: <\/b><b style=\"font-family: -apple-system, BlinkMacSystemFont, 'Segoe UI', Roboto, 'Helvetica Neue', Arial, 'Noto Sans', sans-serif, 'Apple Color Emoji', 'Segoe UI Emoji', 'Segoe UI Symbol', 'Noto Color Emoji';\">Identiteti dhe Kufijt\u00eb Tradicional\u00eb n\u00eb Dizajn<\/b><\/p><p>\u00a0<\/p><p>Ky vizual kontrastizon dy filozofi t\u00eb ndryshme dizajni n\u00eb bot\u00ebn e shahut. K\u00eblyshi i Dubrovnikut i vitit 1950 \u00ebsht\u00eb nj\u00eb figur\u00eb plot karakter, e p\u00ebrshkruar nga Bobby Fischer si \u201cdizajni m\u00eb i mir\u00eb i shahut q\u00eb \u00ebsht\u00eb b\u00ebr\u00eb ndonj\u00ebher\u00eb,\u201d duke u dalluar me linjat e tij t\u00eb mprehta dhe skulpturale. Dinamika n\u00eb dizajnin e tij pasqyron shpirtin strategjik t\u00eb shahut p\u00ebrmes nj\u00eb gjuhe artistike unike.<\/p><p>\u00a0<\/p><p>N\u00eb kontrast, dizajni Staunton u shfaq n\u00eb mes t\u00eb shekullit t\u00eb 19-t\u00eb kryesisht p\u00ebr t\u00eb thjeshtuar prodhimin masiv dhe p\u00ebr t\u00eb siguruar nj\u00ebtrajtshm\u00ebri bazuar n\u00eb format tradicionale per\u00ebndimore. P\u00ebr shkak se p\u00ebrfshin simbole fetare si mitr\u00ebn e ipeshkvit dhe kryqin, kompleti Staunton nuk ka nj\u00eb identitet laik dhe gjith\u00ebp\u00ebrfshir\u00ebs; p\u00ebrkundrazi, ai mbetet i kufizuar brenda caqeve t\u00eb nj\u00eb strukture tradicionale t\u00eb ve\u00e7ant\u00eb. Dallimi midis k\u00ebtyre dy siluetave thekson dallimin midis k\u00ebrkimit t\u00eb nj\u00eb karakteri unik n\u00eb shah dhe nj\u00eb formati t\u00eb standardizuar, tradicional.<\/p>\t\t\t\t\t\t\t\t<\/div>\n\t\t\t\t<\/div>\n\t\t\t\t<div class=\"elementor-element elementor-element-9b94e22 elementor-widget__width-initial elementor-widget elementor-widget-image\" data-id=\"9b94e22\" data-element_type=\"widget\" data-e-type=\"widget\" data-widget_type=\"image.default\">\n\t\t\t\t<div class=\"elementor-widget-container\">\n\t\t\t\t\t\t\t\t\t\t\t\t\t\t\t<img decoding=\"async\" width=\"800\" height=\"641\" src=\"https:\/\/shatranj.art\/wp-content\/uploads\/2026\/02\/25-1-1024x820.jpg\" class=\"attachment-large size-large wp-image-1024\" alt=\"\" srcset=\"https:\/\/shatranj.art\/wp-content\/uploads\/2026\/02\/25-1-1024x820.jpg 1024w, https:\/\/shatranj.art\/wp-content\/uploads\/2026\/02\/25-1-300x240.jpg 300w, https:\/\/shatranj.art\/wp-content\/uploads\/2026\/02\/25-1-768x615.jpg 768w, https:\/\/shatranj.art\/wp-content\/uploads\/2026\/02\/25-1.jpg 1481w\" sizes=\"(max-width: 800px) 100vw, 800px\" \/>\t\t\t\t\t\t\t\t\t\t\t\t\t\t\t<\/div>\n\t\t\t\t<\/div>\n\t\t\t\t<div class=\"elementor-element elementor-element-7a3f622 elementor-widget__width-initial elementor-widget-tablet__width-inherit elementor-widget elementor-widget-image\" data-id=\"7a3f622\" data-element_type=\"widget\" data-e-type=\"widget\" data-widget_type=\"image.default\">\n\t\t\t\t<div class=\"elementor-widget-container\">\n\t\t\t\t\t\t\t\t\t\t\t\t\t\t\t<img decoding=\"async\" width=\"767\" height=\"1024\" src=\"https:\/\/shatranj.art\/wp-content\/uploads\/2026\/02\/25-2-767x1024.jpg\" class=\"attachment-large size-large wp-image-1025\" alt=\"\" srcset=\"https:\/\/shatranj.art\/wp-content\/uploads\/2026\/02\/25-2-767x1024.jpg 767w, https:\/\/shatranj.art\/wp-content\/uploads\/2026\/02\/25-2-225x300.jpg 225w, https:\/\/shatranj.art\/wp-content\/uploads\/2026\/02\/25-2-768x1025.jpg 768w, https:\/\/shatranj.art\/wp-content\/uploads\/2026\/02\/25-2-1151x1536.jpg 1151w, https:\/\/shatranj.art\/wp-content\/uploads\/2026\/02\/25-2.jpg 1499w\" sizes=\"(max-width: 767px) 100vw, 767px\" \/>\t\t\t\t\t\t\t\t\t\t\t\t\t\t\t<\/div>\n\t\t\t\t<\/div>\n\t\t\t\t<div class=\"elementor-element elementor-element-7e9c0df elementor-widget__width-initial elementor-widget elementor-widget-text-editor\" data-id=\"7e9c0df\" data-element_type=\"widget\" data-e-type=\"widget\" data-widget_type=\"text-editor.default\">\n\t\t\t\t<div class=\"elementor-widget-container\">\n\t\t\t\t\t\t\t\t\t<p><b>Kalor\u00ebsi Lewis: Nj\u00eb trash\u00ebgimi veriore e Mesjet\u00ebs<\/b><\/p><p>Nj\u00eb kryevep\u00ebr e mjesht\u00ebris\u00eb skandinave t\u00eb shekullit t\u00eb 12-t\u00eb, kjo figur\u00eb \u00ebsht\u00eb pjes\u00eb e koleksionit t\u00eb famsh\u00ebm bot\u00ebrisht t\u00eb Pirjes s\u00eb Lewis, i zbuluar n\u00eb Ishullin Lewis t\u00eb Skocis\u00eb n\u00eb vitin 1831. Gdhendur me kujdes nga ivori i mors\u00ebs, kjo figur\u00eb dokumenton evolucionin estetik t\u00eb shahut nd\u00ebrsa u p\u00ebrhap n\u00ebp\u00ebr Evrop\u00eb. P\u00ebrshkrimi i luft\u00ebtarit t\u00eb hipur n\u00eb kal\u00eb simbolizon lidhjen e thell\u00eb midis loj\u00ebs dhe fisnik\u00ebris\u00eb e hierarkis\u00eb ushtarake t\u00eb shoq\u00ebris\u00eb mesjetare. Kjo siluet\u00eb ikonike mbetet nj\u00eb d\u00ebshmi e jasht\u00ebzakonshme e aft\u00ebsis\u00eb artistike t\u00eb asaj kohe dhe e statusit t\u00eb p\u00ebrjetsh\u00ebm t\u00eb loj\u00ebs si vep\u00ebr arti.<\/p>\t\t\t\t\t\t\t\t<\/div>\n\t\t\t\t<\/div>\n\t\t\t\t<div class=\"elementor-element elementor-element-765b6b1 elementor-widget__width-initial elementor-widget elementor-widget-text-editor\" data-id=\"765b6b1\" data-element_type=\"widget\" data-e-type=\"widget\" data-widget_type=\"text-editor.default\">\n\t\t\t\t<div class=\"elementor-widget-container\">\n\t\t\t\t\t\t\t\t\t<p><b>Turneu i Kalor\u00ebsit: Nj\u00eb enigm\u00eb gjeometrike e intelektit<\/b><\/p><p>Turi i kalor\u00ebsit bazohet n\u00eb parimin q\u00eb kalor\u00ebsi viziton \u00e7do katror t\u00eb tabel\u00ebs s\u00eb shahut sakt\u00ebsisht nj\u00eb her\u00eb. Q\u00eb nga Al-Adli n\u00eb Bagdatin e shekullit t\u00eb 9-t\u00eb deri te Leonhard Euler n\u00eb Evrop\u00ebn e Iluminizmit t\u00eb shekullit t\u00eb 18-t\u00eb, ky problem ka magjepsur gjeni\u00ebt si nj\u00eb harmoni e p\u00ebrsosur midis matematik\u00ebs dhe strategjis\u00eb. Zgjidhja e paraqitur k\u00ebtu tregon se si k\u00ebrcimet e kalor\u00ebsit krijojn\u00eb nj\u00eb simetri komplekse dhe magjeps\u00ebse, duke zbuluar \u201cpoezin\u00eb gjeometrike\u201d dhe logjik\u00ebn universale t\u00eb shahut.<\/p>\t\t\t\t\t\t\t\t<\/div>\n\t\t\t\t<\/div>\n\t\t\t\t<div class=\"elementor-element elementor-element-e34bfdc elementor-widget__width-initial elementor-widget-tablet__width-inherit elementor-widget elementor-widget-image\" data-id=\"e34bfdc\" data-element_type=\"widget\" data-e-type=\"widget\" data-widget_type=\"image.default\">\n\t\t\t\t<div class=\"elementor-widget-container\">\n\t\t\t\t\t\t\t\t\t\t\t\t\t\t\t<img loading=\"lazy\" decoding=\"async\" width=\"800\" height=\"800\" src=\"https:\/\/shatranj.art\/wp-content\/uploads\/2026\/02\/25-3-1024x1024.jpg\" class=\"attachment-large size-large wp-image-1026\" alt=\"\" srcset=\"https:\/\/shatranj.art\/wp-content\/uploads\/2026\/02\/25-3-1024x1024.jpg 1024w, https:\/\/shatranj.art\/wp-content\/uploads\/2026\/02\/25-3-300x300.jpg 300w, https:\/\/shatranj.art\/wp-content\/uploads\/2026\/02\/25-3-150x150.jpg 150w, https:\/\/shatranj.art\/wp-content\/uploads\/2026\/02\/25-3-768x768.jpg 768w, https:\/\/shatranj.art\/wp-content\/uploads\/2026\/02\/25-3.jpg 1486w\" sizes=\"(max-width: 800px) 100vw, 800px\" \/>\t\t\t\t\t\t\t\t\t\t\t\t\t\t\t<\/div>\n\t\t\t\t<\/div>\n\t\t\t\t<div class=\"elementor-element elementor-element-f59bb1a elementor-widget__width-initial elementor-widget elementor-widget-image\" data-id=\"f59bb1a\" data-element_type=\"widget\" data-e-type=\"widget\" data-widget_type=\"image.default\">\n\t\t\t\t<div class=\"elementor-widget-container\">\n\t\t\t\t\t\t\t\t\t\t\t\t\t\t\t<img loading=\"lazy\" decoding=\"async\" width=\"800\" height=\"537\" src=\"https:\/\/shatranj.art\/wp-content\/uploads\/2026\/02\/25-4-1024x687.jpg\" class=\"attachment-large size-large wp-image-1027\" alt=\"\" srcset=\"https:\/\/shatranj.art\/wp-content\/uploads\/2026\/02\/25-4-1024x687.jpg 1024w, https:\/\/shatranj.art\/wp-content\/uploads\/2026\/02\/25-4-300x201.jpg 300w, https:\/\/shatranj.art\/wp-content\/uploads\/2026\/02\/25-4-768x515.jpg 768w, https:\/\/shatranj.art\/wp-content\/uploads\/2026\/02\/25-4.jpg 1107w\" sizes=\"(max-width: 800px) 100vw, 800px\" \/>\t\t\t\t\t\t\t\t\t\t\t\t\t\t\t<\/div>\n\t\t\t\t<\/div>\n\t\t\t\t<div class=\"elementor-element elementor-element-88ba55c elementor-widget__width-initial elementor-widget elementor-widget-text-editor\" data-id=\"88ba55c\" data-element_type=\"widget\" data-e-type=\"widget\" data-widget_type=\"text-editor.default\">\n\t\t\t\t<div class=\"elementor-widget-container\">\n\t\t\t\t\t\t\t\t\t<p><b>Bucefali legjendar:\u00a0 <\/b><b>Nj\u00eb simbol i pushtimit dhe besnik\u00ebris\u00eb<\/b><\/p><p>\u00a0<\/p><p>Ky mozaik paraqet Bucefalin, kalin maqedonas dhe shokun m\u00eb t\u00eb af\u00ebrt t\u00eb Aleksandrit t\u00eb Madh. Bucefali, i cili q\u00ebndroi pran\u00eb Aleksandrit gjat\u00eb t\u00eb gjitha fushatave t\u00eb tij, vdiq n\u00eb at\u00eb q\u00eb sot \u00ebsht\u00eb Pakistani, pik\u00ebrisht n\u00eb rajonin ku rr\u00ebnj\u00ebt historike t\u00eb shahut u formuan p\u00ebr her\u00eb t\u00eb par\u00eb. P\u00ebrtej p\u00ebrfaq\u00ebsimit t\u00eb nj\u00eb nga lidhjeve m\u00eb t\u00eb q\u00ebndrueshme njeri-kafsh\u00eb n\u00eb histori, kjo figur\u00eb ikonike q\u00ebndron si simbol i kryq\u00ebzimit kulturor midis Lindjes dhe Per\u00ebndimit, me nj\u00eb udh\u00ebtim q\u00eb shtrihet nga Maqedonia deri n\u00eb Lugin\u00ebn e Indusit. Kjo histori, duke bashkuar aft\u00ebsin\u00eb ushtarake me besnik\u00ebrin\u00eb e pal\u00ebkundur, ruan kujtimin e nj\u00eb udh\u00ebtimi epik q\u00eb arriti p\u00ebrfundimin e tij n\u00eb djepin e shahut.<\/p>\t\t\t\t\t\t\t\t<\/div>\n\t\t\t\t<\/div>\n\t\t\t\t<\/div>\n\t\t\t\t\t<\/div>\n\t\t\t\t<\/div>\n\t\t\t\t<\/div>","protected":false},"excerpt":{"rendered":"<p>\u015eAH\u00ce Bucephalus: A Legacy of Strategy and Culture This figure carries the legacy of Philipp Stamma, the translator from Aleppo renowned for his work Essai sur le jeu des echecs, published in Paris in 1737. The design of the knight, featuring French curls in its mane, represents the seamless synthesis between the rational mindset of [&hellip;]<\/p>\n","protected":false},"author":1,"featured_media":0,"parent":743,"menu_order":0,"comment_status":"closed","ping_status":"closed","template":"","meta":{"footnotes":""},"class_list":["post-1021","page","type-page","status-publish","hentry"],"_links":{"self":[{"href":"https:\/\/shatranj.art\/sq\/wp-json\/wp\/v2\/pages\/1021","targetHints":{"allow":["GET"]}}],"collection":[{"href":"https:\/\/shatranj.art\/sq\/wp-json\/wp\/v2\/pages"}],"about":[{"href":"https:\/\/shatranj.art\/sq\/wp-json\/wp\/v2\/types\/page"}],"author":[{"embeddable":true,"href":"https:\/\/shatranj.art\/sq\/wp-json\/wp\/v2\/users\/1"}],"replies":[{"embeddable":true,"href":"https:\/\/shatranj.art\/sq\/wp-json\/wp\/v2\/comments?post=1021"}],"version-history":[{"count":7,"href":"https:\/\/shatranj.art\/sq\/wp-json\/wp\/v2\/pages\/1021\/revisions"}],"predecessor-version":[{"id":1243,"href":"https:\/\/shatranj.art\/sq\/wp-json\/wp\/v2\/pages\/1021\/revisions\/1243"}],"up":[{"embeddable":true,"href":"https:\/\/shatranj.art\/sq\/wp-json\/wp\/v2\/pages\/743"}],"wp:attachment":[{"href":"https:\/\/shatranj.art\/sq\/wp-json\/wp\/v2\/media?parent=1021"}],"curies":[{"name":"wp","href":"https:\/\/api.w.org\/{rel}","templated":true}]}}