{"id":1465,"date":"2026-02-24T06:30:11","date_gmt":"2026-02-24T06:30:11","guid":{"rendered":"https:\/\/shatranj.art\/?page_id=1465"},"modified":"2026-02-24T07:42:10","modified_gmt":"2026-02-24T07:42:10","slug":"posteri-35","status":"publish","type":"page","link":"https:\/\/shatranj.art\/sq\/exhibit\/posteri-35\/","title":{"rendered":"pankarta-35"},"content":{"rendered":"<div data-elementor-type=\"wp-page\" data-elementor-id=\"1465\" class=\"elementor elementor-1465\" data-elementor-post-type=\"page\">\n\t\t\t\t<div class=\"elementor-element elementor-element-08b263e e-flex e-con-boxed e-con e-parent\" data-id=\"08b263e\" data-element_type=\"container\" data-e-type=\"container\" data-settings=\"{&quot;background_background&quot;:&quot;classic&quot;}\">\n\t\t\t\t\t<div class=\"e-con-inner\">\n\t\t<div class=\"elementor-element elementor-element-7869a40 e-con-full e-flex e-con e-child\" data-id=\"7869a40\" data-element_type=\"container\" data-e-type=\"container\">\n\t\t\t\t<div class=\"elementor-element elementor-element-1c616f4 elementor-widget elementor-widget-image\" data-id=\"1c616f4\" data-element_type=\"widget\" data-e-type=\"widget\" data-widget_type=\"image.default\">\n\t\t\t\t<div class=\"elementor-widget-container\">\n\t\t\t\t\t\t\t\t\t\t\t\t\t\t\t<img fetchpriority=\"high\" decoding=\"async\" width=\"453\" height=\"371\" src=\"https:\/\/shatranj.art\/wp-content\/uploads\/2026\/02\/Cambridge_Springs_Staunton_Chessmen.jpg\" class=\"attachment-full size-full wp-image-1468\" alt=\"\" srcset=\"https:\/\/shatranj.art\/wp-content\/uploads\/2026\/02\/Cambridge_Springs_Staunton_Chessmen.jpg 453w, https:\/\/shatranj.art\/wp-content\/uploads\/2026\/02\/Cambridge_Springs_Staunton_Chessmen-300x246.jpg 300w, https:\/\/shatranj.art\/wp-content\/uploads\/2026\/02\/Cambridge_Springs_Staunton_Chessmen-15x12.jpg 15w\" sizes=\"(max-width: 453px) 100vw, 453px\" \/>\t\t\t\t\t\t\t\t\t\t\t\t\t\t\t<\/div>\n\t\t\t\t<\/div>\n\t\t\t\t<div class=\"elementor-element elementor-element-a5ffbc0 elementor-widget elementor-widget-text-editor\" data-id=\"a5ffbc0\" data-element_type=\"widget\" data-e-type=\"widget\" data-widget_type=\"text-editor.default\">\n\t\t\t\t<div class=\"elementor-widget-container\">\n\t\t\t\t\t\t\t\t\t<h3 data-path-to-node=\"0\">Seti Nd\u00ebrkomb\u00ebtar i Cambridge Springs i vitit 1904<\/h3><p data-path-to-node=\"2\">Kongresi Nd\u00ebrkomb\u00ebtar i Shahut i vitit 1904 n\u00eb Cambridge Springs, Pennsylvania, sh\u00ebnoi nj\u00eb pik\u00eb historike si turneu i par\u00eb i madh nd\u00ebrkomb\u00ebtar i mbajtur n\u00eb Shtetet e Bashkuara. Ky eveniment u b\u00eb nj\u00eb moment p\u00ebrcaktues p\u00ebr Epok\u00ebn e Art\u00eb t\u00eb shahut, duke p\u00ebrfaq\u00ebsuar nj\u00eb ur\u00eb midis traditave klasike evropiane dhe rritjes s\u00eb r\u00ebnd\u00ebsis\u00eb s\u00eb sken\u00ebs amerikane t\u00eb shahut.<\/p><p data-path-to-node=\"2\">\u00a0<\/p><p data-path-to-node=\"3\"><strong>Nj\u00eb tubim i mjeshtrave legjendar\u00eb<\/strong><\/p><p data-path-to-node=\"3\">\u00a0<\/p><p data-path-to-node=\"4\">Turneu p\u00ebrfshiu gjasht\u00ebmb\u00ebdhjet\u00eb nga lojtar\u00ebt m\u00eb t\u00eb fuqish\u00ebm n\u00eb bot\u00eb, duke e b\u00ebr\u00eb at\u00eb nj\u00eb nga garat m\u00eb t\u00eb forta t\u00eb fillimit t\u00eb shekullit t\u00eb 20-t\u00eb. P\u00ebrb\u00ebrja p\u00ebrfshinte:<\/p><p data-path-to-node=\"5,0,0\">Emanuel Lasker: Kampioni aktual i bot\u00ebs dhe nj\u00eb forc\u00eb dominuese n\u00eb strategjin\u00eb e shahut.<\/p><p data-path-to-node=\"5,1,0\">Mikhail Chigorin: Mjeshtri legjendar rus dhe pionier i shkoll\u00ebs sovjetike t\u00eb shahut.<\/p><p data-path-to-node=\"5,2,0\">Dawid Janowski: Nj\u00eb taktikant polako-francez brilant, i njohur p\u00ebr loj\u00ebn e tij agresive dhe krijuese.<\/p><p data-path-to-node=\"5,3,0\">Frank James Marshall: sfiduesi i ri amerikan q\u00eb tronditi bot\u00ebn duke fituar turneun pa humbur asnj\u00eb ndeshje, duke p\u00ebrfunduar p\u00ebrpara Kampionit Bot\u00ebror.<\/p><p data-path-to-node=\"5,4,0\">Nd\u00ebr pjes\u00ebmarr\u00ebsit e tjer\u00eb t\u00eb shquar ishin Harry Nelson Pillsbury, Carl Schlechter dhe Richard Teichmann.<\/p><p data-path-to-node=\"5,4,0\">\u00a0<\/p><p>Heqja e kryqit t\u00eb Mbretit nga dizajni origjinal i Stauntonit ishte nj\u00eb veprim i q\u00ebllimsh\u00ebm drejt p\u00ebrfshirjes, duke nderuar sfondet e ndryshme t\u00eb lojtar\u00ebve nd\u00ebrkomb\u00ebtar\u00eb dhe duke rikthyer loj\u00ebn te rr\u00ebnj\u00ebt e saj sekulare dhe abstrakte. Ky dizajn e vendosi tabel\u00ebn e shahut si nj\u00eb aren\u00eb neutrale t\u00eb logjik\u00ebs, t\u00eb lir\u00eb nga konotacione specifike fetare.<\/p>\t\t\t\t\t\t\t\t<\/div>\n\t\t\t\t<\/div>\n\t\t\t\t<div class=\"elementor-element elementor-element-26ec034 elementor-widget elementor-widget-image\" data-id=\"26ec034\" data-element_type=\"widget\" data-e-type=\"widget\" data-widget_type=\"image.default\">\n\t\t\t\t<div class=\"elementor-widget-container\">\n\t\t\t\t\t\t\t\t\t\t\t\t\t\t\t<img decoding=\"async\" width=\"413\" height=\"520\" src=\"https:\/\/shatranj.art\/wp-content\/uploads\/2026\/02\/1904-cambridge-springs-chess-tournament.jpeg\" class=\"attachment-full size-full wp-image-1517\" alt=\"\" srcset=\"https:\/\/shatranj.art\/wp-content\/uploads\/2026\/02\/1904-cambridge-springs-chess-tournament.jpeg 413w, https:\/\/shatranj.art\/wp-content\/uploads\/2026\/02\/1904-cambridge-springs-chess-tournament-238x300.jpeg 238w, https:\/\/shatranj.art\/wp-content\/uploads\/2026\/02\/1904-cambridge-springs-chess-tournament-10x12.jpeg 10w\" sizes=\"(max-width: 413px) 100vw, 413px\" \/>\t\t\t\t\t\t\t\t\t\t\t\t\t\t\t<\/div>\n\t\t\t\t<\/div>\n\t\t\t\t<\/div>\n\t\t\t\t\t<\/div>\n\t\t\t\t<\/div>\n\t\t\t\t<\/div>","protected":false},"excerpt":{"rendered":"<p>The 1904 Cambridge Springs International Set The 1904 International Chess Congress in Cambridge Springs, Pennsylvania, marked a historic milestone as the first major international tournament hosted in the United States. This event became a defining moment for the Golden Age of chess, representing a bridge between the classic European traditions and the rising prominence of [&hellip;]<\/p>\n","protected":false},"author":1,"featured_media":0,"parent":743,"menu_order":0,"comment_status":"closed","ping_status":"closed","template":"","meta":{"footnotes":""},"class_list":["post-1465","page","type-page","status-publish","hentry"],"_links":{"self":[{"href":"https:\/\/shatranj.art\/sq\/wp-json\/wp\/v2\/pages\/1465","targetHints":{"allow":["GET"]}}],"collection":[{"href":"https:\/\/shatranj.art\/sq\/wp-json\/wp\/v2\/pages"}],"about":[{"href":"https:\/\/shatranj.art\/sq\/wp-json\/wp\/v2\/types\/page"}],"author":[{"embeddable":true,"href":"https:\/\/shatranj.art\/sq\/wp-json\/wp\/v2\/users\/1"}],"replies":[{"embeddable":true,"href":"https:\/\/shatranj.art\/sq\/wp-json\/wp\/v2\/comments?post=1465"}],"version-history":[{"count":17,"href":"https:\/\/shatranj.art\/sq\/wp-json\/wp\/v2\/pages\/1465\/revisions"}],"predecessor-version":[{"id":1520,"href":"https:\/\/shatranj.art\/sq\/wp-json\/wp\/v2\/pages\/1465\/revisions\/1520"}],"up":[{"embeddable":true,"href":"https:\/\/shatranj.art\/sq\/wp-json\/wp\/v2\/pages\/743"}],"wp:attachment":[{"href":"https:\/\/shatranj.art\/sq\/wp-json\/wp\/v2\/media?parent=1465"}],"curies":[{"name":"wp","href":"https:\/\/api.w.org\/{rel}","templated":true}]}}