{"id":1504,"date":"2026-02-24T07:16:45","date_gmt":"2026-02-24T07:16:45","guid":{"rendered":"https:\/\/shatranj.art\/?page_id=1504"},"modified":"2026-02-24T07:21:26","modified_gmt":"2026-02-24T07:21:26","slug":"posteri-38","status":"publish","type":"page","link":"https:\/\/shatranj.art\/sq\/exhibit\/posteri-38\/","title":{"rendered":"poster-38"},"content":{"rendered":"<div data-elementor-type=\"wp-page\" data-elementor-id=\"1504\" class=\"elementor elementor-1504\" data-elementor-post-type=\"page\">\n\t\t\t\t<div class=\"elementor-element elementor-element-d6ea98c e-flex e-con-boxed e-con e-parent\" data-id=\"d6ea98c\" data-element_type=\"container\" data-e-type=\"container\" data-settings=\"{&quot;background_background&quot;:&quot;classic&quot;}\">\n\t\t\t\t\t<div class=\"e-con-inner\">\n\t\t<div class=\"elementor-element elementor-element-8942b74 e-con-full e-flex e-con e-child\" data-id=\"8942b74\" data-element_type=\"container\" data-e-type=\"container\">\n\t\t\t\t<div class=\"elementor-element elementor-element-f1e4538 elementor-widget elementor-widget-image\" data-id=\"f1e4538\" data-element_type=\"widget\" data-e-type=\"widget\" data-widget_type=\"image.default\">\n\t\t\t\t<div class=\"elementor-widget-container\">\n\t\t\t\t\t\t\t\t\t\t\t\t\t\t\t<img fetchpriority=\"high\" decoding=\"async\" width=\"1893\" height=\"798\" src=\"https:\/\/shatranj.art\/wp-content\/uploads\/2026\/02\/romanian-cafe-house-langer-collection.jpg\" class=\"attachment-full size-full wp-image-1506\" alt=\"\" srcset=\"https:\/\/shatranj.art\/wp-content\/uploads\/2026\/02\/romanian-cafe-house-langer-collection.jpg 1893w, https:\/\/shatranj.art\/wp-content\/uploads\/2026\/02\/romanian-cafe-house-langer-collection-300x126.jpg 300w, https:\/\/shatranj.art\/wp-content\/uploads\/2026\/02\/romanian-cafe-house-langer-collection-1024x432.jpg 1024w, https:\/\/shatranj.art\/wp-content\/uploads\/2026\/02\/romanian-cafe-house-langer-collection-768x324.jpg 768w, https:\/\/shatranj.art\/wp-content\/uploads\/2026\/02\/romanian-cafe-house-langer-collection-1536x648.jpg 1536w, https:\/\/shatranj.art\/wp-content\/uploads\/2026\/02\/romanian-cafe-house-langer-collection-18x8.jpg 18w\" sizes=\"(max-width: 1893px) 100vw, 1893px\" \/>\t\t\t\t\t\t\t\t\t\t\t\t\t\t\t<\/div>\n\t\t\t\t<\/div>\n\t\t\t\t<div class=\"elementor-element elementor-element-dced84d elementor-widget elementor-widget-text-editor\" data-id=\"dced84d\" data-element_type=\"widget\" data-e-type=\"widget\" data-widget_type=\"text-editor.default\">\n\t\t\t\t<div class=\"elementor-widget-container\">\n\t\t\t\t\t\t\t\t\t<div id=\"1440505187\" class=\"u_1440505187 dmNewParagraph\"><h3><strong>Seti rumun i shahut p\u00ebr kafene, rreth 1920-1940<\/strong><br \/><br \/><\/h3><div>Deri n\u00eb Luft\u00ebn e Par\u00eb Bot\u00ebrore, disa pjes\u00eb t\u00eb Rumanis\u00eb s\u00eb sotme \u2013 konkretisht rajoni i njohur si Transilvani \u2013 i p\u00ebrkisnin Perandoris\u00eb Austro-Hungareze t\u00eb sunduar nga dinastia Habsburg. Mund t\u00eb supozohet se p\u00ebrmes k\u00ebsaj lidhjeje kultura austriake e kafeneve dhe setet e zakonshme t\u00eb shahut n\u00eb stilin e ashtuquajtur \u2019Kafeneja e Vjen\u00ebs\" gjet\u00ebn rrug\u00ebn e tyre edhe n\u00eb Mbret\u00ebrin\u00eb jugore t\u00eb Rumanis\u00eb, ku ky set u p\u00ebrdor n\u00eb vitet e para t\u00eb shekullit t\u00eb 20-t\u00eb. Seti \u00ebsht\u00eb b\u00ebr\u00eb nga druri i p\u00ebrpunuar me torn\u00eb, nj\u00ebra an\u00eb natyrale, tjetra e veshur me laker t\u00eb zi. Ai tregon disa ve\u00e7ori dizajni t\u00eb p\u00ebrbashk\u00ebta me setet e p\u00ebrmendura t\u00eb Vjen\u00ebs, ve\u00e7an\u00ebrisht kuror\u00ebn e mbret\u00ebresh\u00ebs, e cila ka form\u00eb kapele, figurat e shahut me kok\u00eb n\u00eb form\u00eb topi n\u00eb ngjyr\u00eb t\u00eb kund\u00ebrt, ose k\u00ebshtjellat e forta. Ajo q\u00eb \u00ebsht\u00eb ve\u00e7an\u00ebrisht interesante \u00ebsht\u00eb forma e pazakont\u00eb e mbretit, kurora e t\u00eb cilit n\u00eb pjes\u00ebn e sip\u00ebrme ngushtohet n\u00eb nj\u00eb maj\u00eb t\u00eb zgjatur t\u00eb mbushur me nj\u00eb top t\u00eb vog\u00ebl, thuajse sikur nj\u00eb pion i vog\u00ebl t\u00eb ulet mbi kuror\u00ebn e mbretit. Seti tregon disa shenja t\u00eb p\u00ebrdorimit intensiv. Disa nga figurat duket se jan\u00eb z\u00ebvend\u00ebsuar, por kjo nuk i heq asgj\u00eb p\u00ebrshtypjes s\u00eb p\u00ebrgjithshme. Imazhi dhe teksti marr\u00eb nga koleksioni Langer.<\/div><\/div>\t\t\t\t\t\t\t\t<\/div>\n\t\t\t\t<\/div>\n\t\t\t\t<\/div>\n\t\t\t\t\t<\/div>\n\t\t\t\t<\/div>\n\t\t\t\t<\/div>","protected":false},"excerpt":{"rendered":"<p>Romanian Coffee House Chess set, ca. 1920-1940 Until WWI, some parts of today&#8217;s Romania &#8211; namely the region known as Transylvania &#8211; belonged to the Austro-Hungarian Empire ruled by the Habsburg dynasty. It can be assumed that through this connection the Austrian coffee house culture and the common chess sets of the so called Vienna [&hellip;]<\/p>\n","protected":false},"author":1,"featured_media":0,"parent":743,"menu_order":0,"comment_status":"closed","ping_status":"closed","template":"","meta":{"footnotes":""},"class_list":["post-1504","page","type-page","status-publish","hentry"],"_links":{"self":[{"href":"https:\/\/shatranj.art\/sq\/wp-json\/wp\/v2\/pages\/1504","targetHints":{"allow":["GET"]}}],"collection":[{"href":"https:\/\/shatranj.art\/sq\/wp-json\/wp\/v2\/pages"}],"about":[{"href":"https:\/\/shatranj.art\/sq\/wp-json\/wp\/v2\/types\/page"}],"author":[{"embeddable":true,"href":"https:\/\/shatranj.art\/sq\/wp-json\/wp\/v2\/users\/1"}],"replies":[{"embeddable":true,"href":"https:\/\/shatranj.art\/sq\/wp-json\/wp\/v2\/comments?post=1504"}],"version-history":[{"count":4,"href":"https:\/\/shatranj.art\/sq\/wp-json\/wp\/v2\/pages\/1504\/revisions"}],"predecessor-version":[{"id":1509,"href":"https:\/\/shatranj.art\/sq\/wp-json\/wp\/v2\/pages\/1504\/revisions\/1509"}],"up":[{"embeddable":true,"href":"https:\/\/shatranj.art\/sq\/wp-json\/wp\/v2\/pages\/743"}],"wp:attachment":[{"href":"https:\/\/shatranj.art\/sq\/wp-json\/wp\/v2\/media?parent=1504"}],"curies":[{"name":"wp","href":"https:\/\/api.w.org\/{rel}","templated":true}]}}