{"id":788,"date":"2026-02-21T17:52:41","date_gmt":"2026-02-21T17:52:41","guid":{"rendered":"https:\/\/shatranj.art\/?page_id=788"},"modified":"2026-02-23T08:09:25","modified_gmt":"2026-02-23T08:09:25","slug":"poster-5","status":"publish","type":"page","link":"https:\/\/shatranj.art\/sq\/exhibit\/poster-5\/","title":{"rendered":"Posteri 5"},"content":{"rendered":"<div data-elementor-type=\"wp-page\" data-elementor-id=\"788\" class=\"elementor elementor-788\" data-elementor-post-type=\"page\">\n\t\t\t\t<div class=\"elementor-element elementor-element-392e0f4 e-flex e-con-boxed e-con e-parent\" data-id=\"392e0f4\" data-element_type=\"container\" data-e-type=\"container\" data-settings=\"{&quot;background_background&quot;:&quot;classic&quot;}\">\n\t\t\t\t\t<div class=\"e-con-inner\">\n\t\t<div class=\"elementor-element elementor-element-7cea5b8 e-con-full e-flex e-con e-child\" data-id=\"7cea5b8\" data-element_type=\"container\" data-e-type=\"container\">\n\t\t\t\t<div class=\"elementor-element elementor-element-022fe27 elementor-widget elementor-widget-image\" data-id=\"022fe27\" data-element_type=\"widget\" data-e-type=\"widget\" data-widget_type=\"image.default\">\n\t\t\t\t<div class=\"elementor-widget-container\">\n\t\t\t\t\t\t\t\t\t\t\t\t\t\t\t<img fetchpriority=\"high\" decoding=\"async\" width=\"800\" height=\"667\" src=\"https:\/\/shatranj.art\/wp-content\/uploads\/2026\/02\/22-1024x854.jpg\" class=\"attachment-large size-large wp-image-1004\" alt=\"\" srcset=\"https:\/\/shatranj.art\/wp-content\/uploads\/2026\/02\/22-1024x854.jpg 1024w, https:\/\/shatranj.art\/wp-content\/uploads\/2026\/02\/22-300x250.jpg 300w, https:\/\/shatranj.art\/wp-content\/uploads\/2026\/02\/22-768x640.jpg 768w, https:\/\/shatranj.art\/wp-content\/uploads\/2026\/02\/22-1536x1280.jpg 1536w, https:\/\/shatranj.art\/wp-content\/uploads\/2026\/02\/22-2048x1707.jpg 2048w\" sizes=\"(max-width: 800px) 100vw, 800px\" \/>\t\t\t\t\t\t\t\t\t\t\t\t\t\t\t<\/div>\n\t\t\t\t<\/div>\n\t\t\t\t<div class=\"elementor-element elementor-element-883ad20 elementor-widget elementor-widget-text-editor\" data-id=\"883ad20\" data-element_type=\"widget\" data-e-type=\"widget\" data-widget_type=\"text-editor.default\">\n\t\t\t\t<div class=\"elementor-widget-container\">\n\t\t\t\t\t\t\t\t\t<h3><b>Ludus Duodecim Scriptorum: Trash\u00ebgimia romake e tav\u00ebs<\/b><\/h3><p>Misteri i Dymb\u00ebdhjet\u00eb Shenjave, q\u00eb n\u00eb latinisht quhej Ludus Duodecim Scriptorum dhe do t\u00eb thoshte \u201cLoja e Dymb\u00ebdhjet\u00eb Shenjave\u201d, ishte nj\u00eb loj\u00eb strategjie dhe fati shum\u00eb e p\u00ebrhapur n\u00eb t\u00eb gjith\u00eb Perandorin\u00eb Romake, nga kazermat ushtarake deri te pallatet perandorake. Shembuj t\u00eb gdhendur n\u00eb dyshemet\u00eb prej mermeri t\u00eb qytetit t\u00eb lasht\u00eb t\u00eb Efesit, ve\u00e7an\u00ebrisht n\u00eb shkall\u00ebt e Bibliotek\u00ebs s\u00eb Celsusit, dokumentojn\u00eb rolin qendror t\u00eb k\u00ebtij loje n\u00eb jet\u00ebn e p\u00ebrditshme romake. Me nj\u00eb tabel\u00eb me tre rreshta, secili me 12 shenja, loja p\u00ebrfaq\u00ebson nj\u00eb gar\u00eb p\u00ebr t\u00eb l\u00ebvizur figurat n\u00eb zon\u00ebn e sht\u00ebpis\u00eb duke p\u00ebrdorur tre zar\u00eb.<\/p><p>\u00a0<\/p><p><b>Paraardh\u00ebsi i tav\u00ebs s\u00eb shpin\u00ebs<\/b> <span style=\"font-weight: 400;\"><br \/><\/span>Gjat\u00eb shekujve, thjeshtimi i rregullave t\u00eb saj dhe kalimi n\u00eb nj\u00eb format me dy rreshta dhan\u00eb jet\u00eb loj\u00ebs s\u00eb njohur si Tabula, paraardh\u00ebsja e drejtp\u00ebrdrejt\u00eb e backgammon-it modern. Ludus Duodecim Scriptorum nuk \u00ebsht\u00eb thjesht nj\u00eb arg\u00ebtim; \u00ebsht\u00eb nj\u00eb d\u00ebshmi e gdhendur n\u00eb gur p\u00ebr p\u00ebrpjekjen e mendjes s\u00eb lasht\u00eb drejt probabilitetit matematikor, menaxhimit t\u00eb rrezikut dhe luft\u00ebs s\u00eb p\u00ebrjetshme kund\u00ebr fatit.<\/p>\t\t\t\t\t\t\t\t<\/div>\n\t\t\t\t<\/div>\n\t\t\t\t<\/div>\n\t\t\t\t\t<\/div>\n\t\t\t\t<\/div>\n\t\t\t\t<\/div>","protected":false},"excerpt":{"rendered":"<p>Ludus Duodecim Scriptorum: The Roman Heritage of Backgammon The Mystery of the Twelve Markings Meaning &#8220;The Game of Twelve Markings&#8221; in Latin, Ludus Duodecim Scriptorum was a widely played strategy and chance game throughout the Roman Empire, from military barracks to imperial palaces. Examples etched into the marble floors of the ancient city of Ephesus [&hellip;]<\/p>\n","protected":false},"author":1,"featured_media":0,"parent":743,"menu_order":0,"comment_status":"closed","ping_status":"closed","template":"","meta":{"footnotes":""},"class_list":["post-788","page","type-page","status-publish","hentry"],"_links":{"self":[{"href":"https:\/\/shatranj.art\/sq\/wp-json\/wp\/v2\/pages\/788","targetHints":{"allow":["GET"]}}],"collection":[{"href":"https:\/\/shatranj.art\/sq\/wp-json\/wp\/v2\/pages"}],"about":[{"href":"https:\/\/shatranj.art\/sq\/wp-json\/wp\/v2\/types\/page"}],"author":[{"embeddable":true,"href":"https:\/\/shatranj.art\/sq\/wp-json\/wp\/v2\/users\/1"}],"replies":[{"embeddable":true,"href":"https:\/\/shatranj.art\/sq\/wp-json\/wp\/v2\/comments?post=788"}],"version-history":[{"count":19,"href":"https:\/\/shatranj.art\/sq\/wp-json\/wp\/v2\/pages\/788\/revisions"}],"predecessor-version":[{"id":1301,"href":"https:\/\/shatranj.art\/sq\/wp-json\/wp\/v2\/pages\/788\/revisions\/1301"}],"up":[{"embeddable":true,"href":"https:\/\/shatranj.art\/sq\/wp-json\/wp\/v2\/pages\/743"}],"wp:attachment":[{"href":"https:\/\/shatranj.art\/sq\/wp-json\/wp\/v2\/media?parent=788"}],"curies":[{"name":"wp","href":"https:\/\/api.w.org\/{rel}","templated":true}]}}