{"id":817,"date":"2026-02-21T20:02:15","date_gmt":"2026-02-21T20:02:15","guid":{"rendered":"https:\/\/shatranj.art\/?page_id=817"},"modified":"2026-02-24T06:26:33","modified_gmt":"2026-02-24T06:26:33","slug":"poster-8","status":"publish","type":"page","link":"https:\/\/shatranj.art\/sq\/exhibit\/poster-8\/","title":{"rendered":"Posteri 8"},"content":{"rendered":"<div data-elementor-type=\"wp-page\" data-elementor-id=\"817\" class=\"elementor elementor-817\" data-elementor-post-type=\"page\">\n\t\t\t\t<div class=\"elementor-element elementor-element-3be2f38 e-flex e-con-boxed e-con e-parent\" data-id=\"3be2f38\" data-element_type=\"container\" data-e-type=\"container\" data-settings=\"{&quot;background_background&quot;:&quot;classic&quot;}\">\n\t\t\t\t\t<div class=\"e-con-inner\">\n\t\t\t\t<div class=\"elementor-element elementor-element-18ff8b2 elementor-widget elementor-widget-image\" data-id=\"18ff8b2\" data-element_type=\"widget\" data-e-type=\"widget\" data-widget_type=\"image.default\">\n\t\t\t\t<div class=\"elementor-widget-container\">\n\t\t\t\t\t\t\t\t\t\t\t\t\t\t\t<img fetchpriority=\"high\" decoding=\"async\" width=\"480\" height=\"321\" src=\"https:\/\/shatranj.art\/wp-content\/uploads\/2026\/02\/bobby-fischer-dubrovnik.jpg\" class=\"attachment-full size-full wp-image-1458\" alt=\"\" srcset=\"https:\/\/shatranj.art\/wp-content\/uploads\/2026\/02\/bobby-fischer-dubrovnik.jpg 480w, https:\/\/shatranj.art\/wp-content\/uploads\/2026\/02\/bobby-fischer-dubrovnik-300x201.jpg 300w, https:\/\/shatranj.art\/wp-content\/uploads\/2026\/02\/bobby-fischer-dubrovnik-18x12.jpg 18w\" sizes=\"(max-width: 480px) 100vw, 480px\" \/>\t\t\t\t\t\t\t\t\t\t\t\t\t\t\t<\/div>\n\t\t\t\t<\/div>\n\t\t\t\t<div class=\"elementor-element elementor-element-cec26d3 elementor-widget elementor-widget-image\" data-id=\"cec26d3\" data-element_type=\"widget\" data-e-type=\"widget\" data-widget_type=\"image.default\">\n\t\t\t\t<div class=\"elementor-widget-container\">\n\t\t\t\t\t\t\t\t\t\t\t\t\t\t\t<img decoding=\"async\" width=\"964\" height=\"582\" src=\"https:\/\/shatranj.art\/wp-content\/uploads\/2026\/02\/8.png\" class=\"attachment-full size-full wp-image-820\" alt=\"\" srcset=\"https:\/\/shatranj.art\/wp-content\/uploads\/2026\/02\/8.png 964w, https:\/\/shatranj.art\/wp-content\/uploads\/2026\/02\/8-300x181.png 300w, https:\/\/shatranj.art\/wp-content\/uploads\/2026\/02\/8-768x464.png 768w\" sizes=\"(max-width: 964px) 100vw, 964px\" \/>\t\t\t\t\t\t\t\t\t\t\t\t\t\t\t<\/div>\n\t\t\t\t<\/div>\n\t\t\t\t<div class=\"elementor-element elementor-element-411e3a4 elementor-widget__width-initial elementor-widget elementor-widget-text-editor\" data-id=\"411e3a4\" data-element_type=\"widget\" data-e-type=\"widget\" data-widget_type=\"text-editor.default\">\n\t\t\t\t<div class=\"elementor-widget-container\">\n\t\t\t\t\t\t\t\t\t<p><b>P\u00ebrtej ideologjive: Grupi i Dubrovnikut i vitit 1950<\/b><\/p><p>Krijuar posa\u00e7\u00ebrisht p\u00ebr Olimpiad\u00ebn e 9-t\u00eb t\u00eb Shahut n\u00eb vitin 1950 n\u00eb Jugosllavi, ky set p\u00ebrfaq\u00ebson nj\u00eb nga revolucionet m\u00eb radikale t\u00eb dizajnit n\u00eb historin\u00eb e shahut. Projektuar nga piktori dhe skulptori malazez Petar Po\u010dek, seti synonte t\u00eb ribashkonte bot\u00ebn p\u00ebrmes fuqis\u00eb bashkuese t\u00eb loj\u00ebs pas Luft\u00ebs s\u00eb Dyt\u00eb Bot\u00ebrore. Me k\u00ebt\u00eb q\u00ebllim n\u00eb mendje, t\u00eb gjitha simbolet fetare u hoq\u00ebn me q\u00ebllim: kryqi tradicional mbi Mbretin u z\u00ebvend\u00ebsua me nj\u00eb sfer\u00eb t\u00eb thjesht\u00eb, dhe gropa n\u00eb Figur\u00ebn e Rreshterit q\u00eb simbolizonte mitr\u00ebn e nj\u00eb kleriku u eliminua.<\/p><p>Ky dizajn \u201csekular\u201d dhe gjith\u00ebp\u00ebrfshir\u00ebs e transformoi shahun nga nj\u00eb simbol i besimeve t\u00eb caktuara n\u00eb nj\u00eb vep\u00ebr arti universale. I njohur p\u00ebr adhurimin e Bobby Fischer-it si \u201cseti m\u00eb i mir\u00eb mbi t\u00eb cilin kam luajtur ndonj\u00ebher\u00eb\u201d, aq sa ai insistoi p\u00ebr p\u00ebrdorimin e tij n\u00eb ndeshjen historike t\u00eb vitit 1992 kund\u00ebr Spassky-t, ky dizajn q\u00ebndron si nj\u00eb premtim i thell\u00eb estetik i mjesht\u00ebris\u00eb p\u00ebr nj\u00eb t\u00eb ardhme paq\u00ebsore dhe moderne.<\/p>\t\t\t\t\t\t\t\t<\/div>\n\t\t\t\t<\/div>\n\t\t<div class=\"elementor-element elementor-element-8bffdfb e-con-full e-flex e-con e-child\" data-id=\"8bffdfb\" data-element_type=\"container\" data-e-type=\"container\">\n\t\t\t\t<div class=\"elementor-element elementor-element-e67be09 elementor-widget__width-initial elementor-widget elementor-widget-image\" data-id=\"e67be09\" data-element_type=\"widget\" data-e-type=\"widget\" data-widget_type=\"image.default\">\n\t\t\t\t<div class=\"elementor-widget-container\">\n\t\t\t\t\t\t\t\t\t\t\t\t\t\t\t<img decoding=\"async\" width=\"1028\" height=\"817\" src=\"https:\/\/shatranj.art\/wp-content\/uploads\/2026\/02\/8.jpg\" class=\"attachment-full size-full wp-image-821\" alt=\"\" srcset=\"https:\/\/shatranj.art\/wp-content\/uploads\/2026\/02\/8.jpg 1028w, https:\/\/shatranj.art\/wp-content\/uploads\/2026\/02\/8-300x238.jpg 300w, https:\/\/shatranj.art\/wp-content\/uploads\/2026\/02\/8-1024x814.jpg 1024w, https:\/\/shatranj.art\/wp-content\/uploads\/2026\/02\/8-768x610.jpg 768w\" sizes=\"(max-width: 1028px) 100vw, 1028px\" \/>\t\t\t\t\t\t\t\t\t\t\t\t\t\t\t<\/div>\n\t\t\t\t<\/div>\n\t\t\t\t<div class=\"elementor-element elementor-element-f215331 elementor-widget__width-initial elementor-widget elementor-widget-text-editor\" data-id=\"f215331\" data-element_type=\"widget\" data-e-type=\"widget\" data-widget_type=\"text-editor.default\">\n\t\t\t\t<div class=\"elementor-widget-container\">\n\t\t\t\t\t\t\t\t\t<p><b>Nj\u00eb pasion p\u00ebrtej kufijve: Trash\u00ebgimia e shahut n\u00eb Subotic\u00eb<\/b><\/p><p>I sjell\u00eb n\u00eb jet\u00eb n\u00eb qytetin kufitar t\u00eb Subotic\u00ebs dhe i punuar n\u00eb punishtet legjendare t\u00eb Subozanit, ky set q\u00ebndron si nj\u00eb simbol i fuqish\u00ebm i epok\u00ebs s\u00eb art\u00eb t\u00eb Jugosllavis\u00eb n\u00eb bot\u00ebn e shahut. K\u00ebto copa p\u00ebrfaq\u00ebsojn\u00eb nj\u00eb epok\u00eb kur shahu u rr\u00ebnjos si nj\u00eb kultur\u00eb e v\u00ebrtet\u00eb popullore e pranishme n\u00eb \u00e7do sht\u00ebpi, shkoll\u00eb dhe park publik. Duke mbartur estetik\u00ebn e thjesht\u00eb, t\u00eb q\u00ebndrueshme dhe dinjitoze t\u00eb artizanatit ballkanik, ato tregojn\u00eb historin\u00eb e m\u00ebnyr\u00ebs se si shahu u zhvillua nga nj\u00eb aktivitet elit\u00eb n\u00eb nj\u00eb gjuh\u00eb sociale t\u00eb p\u00ebrbashk\u00ebt q\u00eb bashkoi t\u00eb gjitha shtresat e shoq\u00ebris\u00eb. Seti i Subotic\u00ebs mbetet nj\u00eb ur\u00eb kulturore e p\u00ebrjetshme ku arti dhe strategjia takohen.<\/p>\t\t\t\t\t\t\t\t<\/div>\n\t\t\t\t<\/div>\n\t\t\t\t<\/div>\n\t\t\t\t\t<\/div>\n\t\t\t\t<\/div>\n\t\t\t\t<\/div>","protected":false},"excerpt":{"rendered":"<p>Beyond Ideologies: The 1950 Dubrovnik Set Specially created for the 9th Chess Olympiad in 1950 in Yugoslavia, this set represents one of the most radical design revolutions in chess history. Designed by Montenegrin painter and sculptor Petar Po\u010dek, the set aimed to reunite the world through the unifying power of play following the Second World [&hellip;]<\/p>\n","protected":false},"author":1,"featured_media":0,"parent":743,"menu_order":0,"comment_status":"closed","ping_status":"closed","template":"","meta":{"footnotes":""},"class_list":["post-817","page","type-page","status-publish","hentry"],"_links":{"self":[{"href":"https:\/\/shatranj.art\/sq\/wp-json\/wp\/v2\/pages\/817","targetHints":{"allow":["GET"]}}],"collection":[{"href":"https:\/\/shatranj.art\/sq\/wp-json\/wp\/v2\/pages"}],"about":[{"href":"https:\/\/shatranj.art\/sq\/wp-json\/wp\/v2\/types\/page"}],"author":[{"embeddable":true,"href":"https:\/\/shatranj.art\/sq\/wp-json\/wp\/v2\/users\/1"}],"replies":[{"embeddable":true,"href":"https:\/\/shatranj.art\/sq\/wp-json\/wp\/v2\/comments?post=817"}],"version-history":[{"count":13,"href":"https:\/\/shatranj.art\/sq\/wp-json\/wp\/v2\/pages\/817\/revisions"}],"predecessor-version":[{"id":1461,"href":"https:\/\/shatranj.art\/sq\/wp-json\/wp\/v2\/pages\/817\/revisions\/1461"}],"up":[{"embeddable":true,"href":"https:\/\/shatranj.art\/sq\/wp-json\/wp\/v2\/pages\/743"}],"wp:attachment":[{"href":"https:\/\/shatranj.art\/sq\/wp-json\/wp\/v2\/media?parent=817"}],"curies":[{"name":"wp","href":"https:\/\/api.w.org\/{rel}","templated":true}]}}