{"id":894,"date":"2026-02-22T08:28:54","date_gmt":"2026-02-22T08:28:54","guid":{"rendered":"https:\/\/shatranj.art\/?page_id=894"},"modified":"2026-02-23T04:42:50","modified_gmt":"2026-02-23T04:42:50","slug":"poster-10","status":"publish","type":"page","link":"https:\/\/shatranj.art\/sq\/exhibit\/poster-10\/","title":{"rendered":"Posteri 10"},"content":{"rendered":"<div data-elementor-type=\"wp-page\" data-elementor-id=\"894\" class=\"elementor elementor-894\" data-elementor-post-type=\"page\">\n\t\t\t\t<div class=\"elementor-element elementor-element-96a2a82 e-flex e-con-boxed e-con e-parent\" data-id=\"96a2a82\" data-element_type=\"container\" data-e-type=\"container\" data-settings=\"{&quot;background_background&quot;:&quot;classic&quot;}\">\n\t\t\t\t\t<div class=\"e-con-inner\">\n\t\t<div class=\"elementor-element elementor-element-7a9d5df e-con-full e-flex e-con e-child\" data-id=\"7a9d5df\" data-element_type=\"container\" data-e-type=\"container\">\n\t\t\t\t<div class=\"elementor-element elementor-element-4c3a07b elementor-widget__width-initial elementor-widget elementor-widget-text-editor\" data-id=\"4c3a07b\" data-element_type=\"widget\" data-e-type=\"widget\" data-widget_type=\"text-editor.default\">\n\t\t\t\t<div class=\"elementor-widget-container\">\n\t\t\t\t\t\t\t\t\t<p><strong>Nj\u00eb p\u00ebrballje intelektuale: Lojtaret e shahut t\u00eb Mesjet\u00ebs<\/strong><\/p><p>\u00a0<\/p><p>Kjo miniatur\u00eb e rrall\u00eb nga manuskripti i vitit 1283, Libro de los Juegos, p\u00ebrmban nj\u00eb nga p\u00ebrshkrimet m\u00eb t\u00eb fuqishme t\u00eb grave n\u00eb historin\u00eb e shahut. E p\u00ebrqendruar n\u00eb loj\u00ebn me thell\u00ebsi strategjike n\u00ebn hijen e nj\u00eb tende, k\u00ebto dy figura p\u00ebrfaq\u00ebsojn\u00eb nj\u00eb bashkim intelektual q\u00eb tejkalon kufijt\u00eb shoq\u00ebror\u00eb dhe fetar\u00eb t\u00eb asaj kohe. Duke pasqyruar \u201cConvivencia\u201d-n multikulturore t\u00eb Al-Andalusit, kjo vep\u00ebr d\u00ebshmon se shahu nuk ishte thjesht nj\u00eb arg\u00ebtim oborri, por nj\u00eb hap\u00ebsir\u00eb universale shprehjeje ku grat\u00eb shfaqnin aft\u00ebsit\u00eb e tyre mendore. Ajo q\u00eb mish\u00ebrohet n\u00eb k\u00ebt\u00eb tavolin\u00eb \u00ebsht\u00eb nj\u00eb dialog i qytet\u00ebruar midis grave me besime dhe kultura t\u00eb ndryshme, q\u00eb takohen brenda bot\u00ebs s\u00eb drejt\u00eb dhe t\u00eb strukturuar t\u00eb loj\u00ebs.<\/p>\t\t\t\t\t\t\t\t<\/div>\n\t\t\t\t<\/div>\n\t\t\t\t<div class=\"elementor-element elementor-element-0b75406 elementor-widget__width-initial elementor-widget elementor-widget-image\" data-id=\"0b75406\" data-element_type=\"widget\" data-e-type=\"widget\" data-widget_type=\"image.default\">\n\t\t\t\t<div class=\"elementor-widget-container\">\n\t\t\t\t\t\t\t\t\t\t\t\t\t\t\t<img fetchpriority=\"high\" decoding=\"async\" width=\"800\" height=\"570\" src=\"https:\/\/shatranj.art\/wp-content\/uploads\/2026\/02\/10-1024x730.jpg\" class=\"attachment-large size-large wp-image-900\" alt=\"\" srcset=\"https:\/\/shatranj.art\/wp-content\/uploads\/2026\/02\/10-1024x730.jpg 1024w, https:\/\/shatranj.art\/wp-content\/uploads\/2026\/02\/10-300x214.jpg 300w, https:\/\/shatranj.art\/wp-content\/uploads\/2026\/02\/10-768x548.jpg 768w, https:\/\/shatranj.art\/wp-content\/uploads\/2026\/02\/10.jpg 1474w\" sizes=\"(max-width: 800px) 100vw, 800px\" \/>\t\t\t\t\t\t\t\t\t\t\t\t\t\t\t<\/div>\n\t\t\t\t<\/div>\n\t\t\t\t<div class=\"elementor-element elementor-element-58f2c39 elementor-widget__width-initial elementor-widget elementor-widget-image\" data-id=\"58f2c39\" data-element_type=\"widget\" data-e-type=\"widget\" data-widget_type=\"image.default\">\n\t\t\t\t<div class=\"elementor-widget-container\">\n\t\t\t\t\t\t\t\t\t\t\t\t\t\t\t<img decoding=\"async\" width=\"800\" height=\"450\" src=\"https:\/\/shatranj.art\/wp-content\/uploads\/2026\/02\/10-1-1024x576.jpg\" class=\"attachment-large size-large wp-image-901\" alt=\"\" srcset=\"https:\/\/shatranj.art\/wp-content\/uploads\/2026\/02\/10-1-1024x576.jpg 1024w, https:\/\/shatranj.art\/wp-content\/uploads\/2026\/02\/10-1-300x169.jpg 300w, https:\/\/shatranj.art\/wp-content\/uploads\/2026\/02\/10-1-768x432.jpg 768w, https:\/\/shatranj.art\/wp-content\/uploads\/2026\/02\/10-1.jpg 1534w\" sizes=\"(max-width: 800px) 100vw, 800px\" \/>\t\t\t\t\t\t\t\t\t\t\t\t\t\t\t<\/div>\n\t\t\t\t<\/div>\n\t\t\t\t<div class=\"elementor-element elementor-element-41081fb elementor-widget__width-initial elementor-widget elementor-widget-text-editor\" data-id=\"41081fb\" data-element_type=\"widget\" data-e-type=\"widget\" data-widget_type=\"text-editor.default\">\n\t\t\t\t<div class=\"elementor-widget-container\">\n\t\t\t\t\t\t\t\t\t<p><b>Goditja e paragjykimit n\u00eb mat: <\/b><b>Ura Kulturore e Al-Andalusit<\/b><\/p><p>\u00a0<\/p><p>Kjo sken\u00eb mbres\u00ebl\u00ebn\u00ebse nga manuskripti i vitit 1283, Libro de los Juegos, bashkon struktur\u00ebn multikulturore t\u00eb Mesjet\u00ebs n\u00eb nj\u00eb tabel\u00eb t\u00eb vetme shahu. Duke paraqitur nj\u00eb mysliman dhe nj\u00eb hebre q\u00eb l\u00ebn\u00eb m\u00ebnjan\u00eb barrierat fetare dhe sociale p\u00ebr t'u p\u00ebrfshir\u00eb n\u00eb nj\u00eb p\u00ebrballje mendore, ajo sh\u00ebrben si d\u00ebshmi e fuqis\u00eb sekulare dhe universale t\u00eb shahut. Figurat e shahut p\u00ebrfaq\u00ebsojn\u00eb trash\u00ebgimin\u00eb kulturore t\u00eb unifikuar t\u00eb Mesdheut, Afrik\u00ebs s\u00eb Veriut dhe Lindjes s\u00eb Mesme, me forma abstrakte dhe gjeometrike krejt\u00ebsisht t\u00eb zbrazura nga ikonografia fetare. Kjo filozofi gjith\u00ebp\u00ebrfshir\u00ebse e dizajnit u lejon lojtar\u00ebve t\u00eb p\u00ebrqendrohen vet\u00ebm te rregullat e loj\u00ebs dhe te inteligjenca e nj\u00ebri-tjetrit, duke e kthyer tabel\u00ebn e shahut n\u00eb nj\u00eb terren v\u00ebrtet neutral. Dialogu i qytet\u00ebruar i vendosur n\u00eb k\u00ebt\u00eb tavolin\u00eb simbolizon fuqin\u00eb bashkuese t\u00eb mjesht\u00ebris\u00eb dhe strategjis\u00eb.<\/p>\t\t\t\t\t\t\t\t<\/div>\n\t\t\t\t<\/div>\n\t\t\t\t<\/div>\n\t\t\t\t\t<\/div>\n\t\t\t\t<\/div>\n\t\t\t\t<\/div>","protected":false},"excerpt":{"rendered":"<p>An Intellectual Encounter: The Female Chess Players of the Middle Ages \u00a0 This rare miniature from the 1283 manuscript Libro de los Juegos features one of the most powerful depictions of women in chess history. Focused on the game with strategic depth under the shade of a tent, these two figures represent a union of [&hellip;]<\/p>\n","protected":false},"author":1,"featured_media":0,"parent":743,"menu_order":0,"comment_status":"closed","ping_status":"closed","template":"","meta":{"footnotes":""},"class_list":["post-894","page","type-page","status-publish","hentry"],"_links":{"self":[{"href":"https:\/\/shatranj.art\/sq\/wp-json\/wp\/v2\/pages\/894","targetHints":{"allow":["GET"]}}],"collection":[{"href":"https:\/\/shatranj.art\/sq\/wp-json\/wp\/v2\/pages"}],"about":[{"href":"https:\/\/shatranj.art\/sq\/wp-json\/wp\/v2\/types\/page"}],"author":[{"embeddable":true,"href":"https:\/\/shatranj.art\/sq\/wp-json\/wp\/v2\/users\/1"}],"replies":[{"embeddable":true,"href":"https:\/\/shatranj.art\/sq\/wp-json\/wp\/v2\/comments?post=894"}],"version-history":[{"count":7,"href":"https:\/\/shatranj.art\/sq\/wp-json\/wp\/v2\/pages\/894\/revisions"}],"predecessor-version":[{"id":1198,"href":"https:\/\/shatranj.art\/sq\/wp-json\/wp\/v2\/pages\/894\/revisions\/1198"}],"up":[{"embeddable":true,"href":"https:\/\/shatranj.art\/sq\/wp-json\/wp\/v2\/pages\/743"}],"wp:attachment":[{"href":"https:\/\/shatranj.art\/sq\/wp-json\/wp\/v2\/media?parent=894"}],"curies":[{"name":"wp","href":"https:\/\/api.w.org\/{rel}","templated":true}]}}