{"id":936,"date":"2026-02-22T10:03:32","date_gmt":"2026-02-22T10:03:32","guid":{"rendered":"https:\/\/shatranj.art\/?page_id=936"},"modified":"2026-02-23T08:46:38","modified_gmt":"2026-02-23T08:46:38","slug":"poster-14","status":"publish","type":"page","link":"https:\/\/shatranj.art\/sq\/exhibit\/poster-14\/","title":{"rendered":"Posteri 14"},"content":{"rendered":"<div data-elementor-type=\"wp-page\" data-elementor-id=\"936\" class=\"elementor elementor-936\" data-elementor-post-type=\"page\">\n\t\t\t\t<div class=\"elementor-element elementor-element-c355192 e-flex e-con-boxed e-con e-parent\" data-id=\"c355192\" data-element_type=\"container\" data-e-type=\"container\" data-settings=\"{&quot;background_background&quot;:&quot;classic&quot;}\">\n\t\t\t\t\t<div class=\"e-con-inner\">\n\t\t<div class=\"elementor-element elementor-element-5bf7f96 e-con-full e-flex e-con e-child\" data-id=\"5bf7f96\" data-element_type=\"container\" data-e-type=\"container\">\n\t\t\t\t<div class=\"elementor-element elementor-element-82eab3c elementor-widget__width-initial elementor-widget-mobile__width-inherit elementor-widget elementor-widget-image\" data-id=\"82eab3c\" data-element_type=\"widget\" data-e-type=\"widget\" data-widget_type=\"image.default\">\n\t\t\t\t<div class=\"elementor-widget-container\">\n\t\t\t\t\t\t\t\t\t\t\t\t\t\t\t<img fetchpriority=\"high\" decoding=\"async\" width=\"768\" height=\"1024\" src=\"https:\/\/shatranj.art\/wp-content\/uploads\/2026\/02\/14-768x1024.jpg\" class=\"attachment-large size-large wp-image-939\" alt=\"\" srcset=\"https:\/\/shatranj.art\/wp-content\/uploads\/2026\/02\/14-768x1024.jpg 768w, https:\/\/shatranj.art\/wp-content\/uploads\/2026\/02\/14-225x300.jpg 225w, https:\/\/shatranj.art\/wp-content\/uploads\/2026\/02\/14-1152x1536.jpg 1152w, https:\/\/shatranj.art\/wp-content\/uploads\/2026\/02\/14-1536x2048.jpg 1536w, https:\/\/shatranj.art\/wp-content\/uploads\/2026\/02\/14-scaled.jpg 1920w\" sizes=\"(max-width: 768px) 100vw, 768px\" \/>\t\t\t\t\t\t\t\t\t\t\t\t\t\t\t<\/div>\n\t\t\t\t<\/div>\n\t\t\t\t<div class=\"elementor-element elementor-element-f30dc26 elementor-widget__width-initial elementor-widget elementor-widget-text-editor\" data-id=\"f30dc26\" data-element_type=\"widget\" data-e-type=\"widget\" data-widget_type=\"text-editor.default\">\n\t\t\t\t<div class=\"elementor-widget-container\">\n\t\t\t\t\t\t\t\t\t<p><strong>Trash\u00ebgimia intelektuale e nj\u00eb aristokrati gorganit<\/strong><\/p><p>\u00a0<\/p><p>Al-Suli nuk ishte thjesht mjeshtri m\u00eb i shquar i shahut t\u00eb koh\u00ebs s\u00eb tij; ai ishte \u201cnadim\u201d (shoq\u00ebrues i oborrit) i kalif\u00ebve abbasid\u00eb, historian i pallatit dhe poet i mpreht\u00eb. I lindur n\u00eb Gorgan rreth vitit 870 pas Krishtit, origjina e tij gjurmohet n\u00eb fortes\u00ebn e fortifikuar t\u00eb Sulit n\u00eb stepat e Dehistanit, ku dikur sundoi gjyshi i tij, princi turk Sul tekin. Ky trash\u00ebgimi fisnik p\u00ebrkujtohet sot me nj\u00eb statuj\u00eb n\u00eb Monumentin e Pavar\u00ebsis\u00eb n\u00eb Ashgabat, Turkmenistan.<\/p><p>\u00a0<\/p><p>Duke mbajtur grad\u00ebn \u201cAliya\u201d, titullin m\u00eb t\u00eb lart\u00eb q\u00eb mund t\u00eb arrihet n\u00eb shah, Al-Suli e transformoi loj\u00ebn n\u00eb nj\u00eb arkitektur\u00eb shkencore t\u00eb strukturuar. N\u00eb vepr\u00ebn e tij themelore Kitab al-Shatranj, ai ishte i pari q\u00eb dokumentoi n\u00eb m\u00ebnyr\u00eb sistematike formacionet e hapjes (tabiyas) dhe strategjit\u00eb e fundloj\u00ebs (mansubas). Korniza teorike q\u00eb ai themeloi mbeti standardi p\u00ebrfundimtar i mjesht\u00ebris\u00eb dhe burimi kryesor i referenc\u00ebs p\u00ebr shekuj me radh\u00eb, duke q\u00ebndruar e paprekur deri n\u00eb shfaqjen e rregullave moderne t\u00eb shahut.<\/p>\t\t\t\t\t\t\t\t<\/div>\n\t\t\t\t<\/div>\n\t\t<div class=\"elementor-element elementor-element-8f27e89 e-con-full e-flex e-con e-child\" data-id=\"8f27e89\" data-element_type=\"container\" data-e-type=\"container\">\n\t\t\t\t<div class=\"elementor-element elementor-element-374a727 elementor-widget-mobile__width-inherit elementor-widget elementor-widget-image\" data-id=\"374a727\" data-element_type=\"widget\" data-e-type=\"widget\" data-widget_type=\"image.default\">\n\t\t\t\t<div class=\"elementor-widget-container\">\n\t\t\t\t\t\t\t\t\t\t\t\t\t\t\t<img decoding=\"async\" width=\"800\" height=\"457\" src=\"https:\/\/shatranj.art\/wp-content\/uploads\/2026\/02\/14-1-1024x585.jpg\" class=\"attachment-large size-large wp-image-940\" alt=\"\" srcset=\"https:\/\/shatranj.art\/wp-content\/uploads\/2026\/02\/14-1-1024x585.jpg 1024w, https:\/\/shatranj.art\/wp-content\/uploads\/2026\/02\/14-1-300x171.jpg 300w, https:\/\/shatranj.art\/wp-content\/uploads\/2026\/02\/14-1-768x439.jpg 768w, https:\/\/shatranj.art\/wp-content\/uploads\/2026\/02\/14-1-1536x877.jpg 1536w, https:\/\/shatranj.art\/wp-content\/uploads\/2026\/02\/14-1-2048x1170.jpg 2048w\" sizes=\"(max-width: 800px) 100vw, 800px\" \/>\t\t\t\t\t\t\t\t\t\t\t\t\t\t\t<\/div>\n\t\t\t\t<\/div>\n\t\t\t\t<div class=\"elementor-element elementor-element-118c953 elementor-widget-mobile__width-inherit elementor-widget elementor-widget-image\" data-id=\"118c953\" data-element_type=\"widget\" data-e-type=\"widget\" data-widget_type=\"image.default\">\n\t\t\t\t<div class=\"elementor-widget-container\">\n\t\t\t\t\t\t\t\t\t\t\t\t\t\t\t<img decoding=\"async\" width=\"800\" height=\"488\" src=\"https:\/\/shatranj.art\/wp-content\/uploads\/2026\/02\/14-2-1024x624.jpg\" class=\"attachment-large size-large wp-image-941\" alt=\"\" srcset=\"https:\/\/shatranj.art\/wp-content\/uploads\/2026\/02\/14-2-1024x624.jpg 1024w, https:\/\/shatranj.art\/wp-content\/uploads\/2026\/02\/14-2-300x183.jpg 300w, https:\/\/shatranj.art\/wp-content\/uploads\/2026\/02\/14-2-768x468.jpg 768w, https:\/\/shatranj.art\/wp-content\/uploads\/2026\/02\/14-2-1536x936.jpg 1536w, https:\/\/shatranj.art\/wp-content\/uploads\/2026\/02\/14-2-2048x1249.jpg 2048w\" sizes=\"(max-width: 800px) 100vw, 800px\" \/>\t\t\t\t\t\t\t\t\t\t\t\t\t\t\t<\/div>\n\t\t\t\t<\/div>\n\t\t\t\t<\/div>\n\t\t\t\t<div class=\"elementor-element elementor-element-bbcc28f elementor-widget__width-initial elementor-widget elementor-widget-text-editor\" data-id=\"bbcc28f\" data-element_type=\"widget\" data-e-type=\"widget\" data-widget_type=\"text-editor.default\">\n\t\t\t\t<div class=\"elementor-widget-container\">\n\t\t\t\t\t\t\t\t\t<p><b>Diamanti i Sulit: Kulmi \u201ci pazgjidhsh\u00ebm\u201d i strategjis\u00eb q\u00eb zgjati nj\u00eb mij\u00ebvje\u00e7ar<\/b><\/p><p>\u00a0<\/p><p>Kompozuar n\u00eb shekullin e 10-t\u00eb nga mjeshtri Gorganit Abu Bakr bin Yahya al-Suli, \u201cDiamanti\u201d \u00ebsht\u00eb enigma m\u00eb legjendare dhe m\u00eb e diskutuar n\u00eb historin\u00eb e shahut. Pavar\u00ebsisht thjesht\u00ebsis\u00eb s\u00eb tij absolute t\u00eb jashtme, nj\u00eb fundloj\u00eb me vet\u00ebm nj\u00eb Mbret dhe nj\u00eb Ferz (paraardh\u00ebsi historik i Mbret\u00ebresh\u00ebs) p\u00ebr secil\u00ebn pal\u00eb, kjo kompozicion mbeti p\u00ebr nj\u00eb mij\u00eb vjet \u201cEveresti i pazgjidhsh\u00ebm\u201d i bot\u00ebs s\u00eb shahut. Kjo krijim brilant i Al-Suli-t \u00ebsht\u00eb nj\u00eb art i lart\u00eb manovrash q\u00eb shtyn vet\u00eb kufijt\u00eb e shahut historik.<\/p><p>\u00a0<\/p><p><strong>Sekreti brenda dor\u00ebshkrimit S\u00fcleymaniye<\/strong><\/p><p>\u00a0<\/p><p>Regjistri m\u00eb i r\u00ebnd\u00ebsish\u00ebm i k\u00ebsaj enigme gjendet n\u00eb kopjen e Kitab Ash-Shatranj t\u00eb ruajtur n\u00eb Bibliotek\u00ebn S\u00fcleymaniye n\u00eb Stamboll. Nd\u00ebrsa faqet e k\u00ebtij dor\u00ebshkrimi jan\u00eb t\u00eb paprekura, \u00ebsht\u00eb e qart\u00eb se disa pozicione dhe l\u00ebvizje jan\u00eb transkriptuar gabim ose n\u00eb m\u00ebnyr\u00eb t\u00eb paplot\u00eb nga burimi origjinal. Megjithat\u00eb, edhe me k\u00ebto gabime historike t\u00eb shkrimit, zgjidhja e pjesshme e dh\u00ebn\u00eb n\u00eb tekst p\u00ebrputhet n\u00eb m\u00ebnyr\u00eb t\u00eb p\u00ebrkryer me pun\u00ebn e thell\u00eb analitike t\u00eb kryer nga Grandmaster Yuri Averbakh n\u00eb shekullin e 20-t\u00eb. Al-Suli e p\u00ebrjet\u00ebsoi ekskluzivitetin e mjesht\u00ebris\u00eb s\u00eb tij me k\u00ebt\u00eb pohim sfidues:<\/p><p>\u201cAskush nuk do ta zgjidh\u00eb, p\u00ebrve\u00e7 atyre q\u00eb un\u00eb i kam udh\u00ebzuar.\u201d<\/p><p>\u00a0<\/p><p><strong>Triumfi i algoritmeve:<\/strong> <strong>shatranj.ai<\/strong><\/p><p>\u00a0<\/p><p>\u201cDiamanti\u201d, i cili la mendjet njer\u00ebzore n\u00eb admirim p\u00ebr nj\u00eb mij\u00ebvje\u00e7ar, tani \u00ebsht\u00eb ndri\u00e7uar plot\u00ebsisht nga fuqia e epok\u00ebs digjitale. Brenda kuadrit t\u00eb projektit shatranj.ai, duke p\u00ebrdorur metodat e programimit dinamik dhe algoritmet moderne me ve\u00e7orit\u00eb e mund\u00ebsuara \u201chash\u201d (tabela e transpozimit), \u00e7do variant i k\u00ebsaj kompozicioni gjenial \u00ebsht\u00eb zgjidhur matematikisht. Ky udh\u00ebtim, q\u00eb shtrihet nga rreshtat e dor\u00ebshkrimeve t\u00eb S\u00fcleymaniye-s\u00eb deri te kodi modern, \u00ebsht\u00eb verifikimi p\u00ebrfundimtar i gjenialitetit strategjik t\u00eb p\u00ebrjetsh\u00ebm t\u00eb Al-Suli-t, duke d\u00ebshmuar se ajo q\u00eb dikur ishte e rezervuar p\u00ebr nx\u00ebn\u00ebsit e zgjedhur t\u00eb mjeshtrit tani mund t\u00eb kuptohet p\u00ebrmes gjuh\u00ebs s\u00eb logjik\u00ebs s\u00eb past\u00ebr.<\/p>\t\t\t\t\t\t\t\t<\/div>\n\t\t\t\t<\/div>\n\t\t\t\t<\/div>\n\t\t\t\t\t<\/div>\n\t\t\t\t<\/div>\n\t\t\t\t<\/div>","protected":false},"excerpt":{"rendered":"<p>The Intellectual Legacy of a Gorganite Aristocrat \u00a0 Al-Suli was not merely the preeminent chess master of his age; he was a &#8220;nadim&#8221; (court companion) to Abbasid Caliphs, a palace historian, and a sharp-witted poet. Born in Gorgan around 870 AD, his lineage traces back to the fortified Fortress of Sul in the Dehistan steppes, [&hellip;]<\/p>\n","protected":false},"author":1,"featured_media":0,"parent":743,"menu_order":0,"comment_status":"closed","ping_status":"closed","template":"","meta":{"footnotes":""},"class_list":["post-936","page","type-page","status-publish","hentry"],"_links":{"self":[{"href":"https:\/\/shatranj.art\/sq\/wp-json\/wp\/v2\/pages\/936","targetHints":{"allow":["GET"]}}],"collection":[{"href":"https:\/\/shatranj.art\/sq\/wp-json\/wp\/v2\/pages"}],"about":[{"href":"https:\/\/shatranj.art\/sq\/wp-json\/wp\/v2\/types\/page"}],"author":[{"embeddable":true,"href":"https:\/\/shatranj.art\/sq\/wp-json\/wp\/v2\/users\/1"}],"replies":[{"embeddable":true,"href":"https:\/\/shatranj.art\/sq\/wp-json\/wp\/v2\/comments?post=936"}],"version-history":[{"count":31,"href":"https:\/\/shatranj.art\/sq\/wp-json\/wp\/v2\/pages\/936\/revisions"}],"predecessor-version":[{"id":1351,"href":"https:\/\/shatranj.art\/sq\/wp-json\/wp\/v2\/pages\/936\/revisions\/1351"}],"up":[{"embeddable":true,"href":"https:\/\/shatranj.art\/sq\/wp-json\/wp\/v2\/pages\/743"}],"wp:attachment":[{"href":"https:\/\/shatranj.art\/sq\/wp-json\/wp\/v2\/media?parent=936"}],"curies":[{"name":"wp","href":"https:\/\/api.w.org\/{rel}","templated":true}]}}