{"id":945,"date":"2026-02-22T14:34:32","date_gmt":"2026-02-22T14:34:32","guid":{"rendered":"https:\/\/shatranj.art\/?page_id=945"},"modified":"2026-02-23T10:43:41","modified_gmt":"2026-02-23T10:43:41","slug":"poster-15","status":"publish","type":"page","link":"https:\/\/shatranj.art\/sq\/exhibit\/poster-15\/","title":{"rendered":"Posteri 15"},"content":{"rendered":"<div data-elementor-type=\"wp-page\" data-elementor-id=\"945\" class=\"elementor elementor-945\" data-elementor-post-type=\"page\">\n\t\t\t\t<div class=\"elementor-element elementor-element-8fd0c1a e-flex e-con-boxed e-con e-parent\" data-id=\"8fd0c1a\" data-element_type=\"container\" data-e-type=\"container\" data-settings=\"{&quot;background_background&quot;:&quot;classic&quot;}\">\n\t\t\t\t\t<div class=\"e-con-inner\">\n\t\t<div class=\"elementor-element elementor-element-a491ef7 e-con-full e-flex e-con e-child\" data-id=\"a491ef7\" data-element_type=\"container\" data-e-type=\"container\">\n\t\t\t\t<div class=\"elementor-element elementor-element-25c1e59 elementor-widget elementor-widget-image\" data-id=\"25c1e59\" data-element_type=\"widget\" data-e-type=\"widget\" data-widget_type=\"image.default\">\n\t\t\t\t<div class=\"elementor-widget-container\">\n\t\t\t\t\t\t\t\t\t\t\t\t\t\t\t<img fetchpriority=\"high\" decoding=\"async\" width=\"2400\" height=\"1350\" src=\"https:\/\/shatranj.art\/wp-content\/uploads\/2026\/02\/17.jpg\" class=\"attachment-full size-full wp-image-965\" alt=\"\" srcset=\"https:\/\/shatranj.art\/wp-content\/uploads\/2026\/02\/17.jpg 2400w, https:\/\/shatranj.art\/wp-content\/uploads\/2026\/02\/17-300x169.jpg 300w, https:\/\/shatranj.art\/wp-content\/uploads\/2026\/02\/17-1024x576.jpg 1024w, https:\/\/shatranj.art\/wp-content\/uploads\/2026\/02\/17-768x432.jpg 768w, https:\/\/shatranj.art\/wp-content\/uploads\/2026\/02\/17-1536x864.jpg 1536w, https:\/\/shatranj.art\/wp-content\/uploads\/2026\/02\/17-2048x1152.jpg 2048w\" sizes=\"(max-width: 2400px) 100vw, 2400px\" \/>\t\t\t\t\t\t\t\t\t\t\t\t\t\t\t<\/div>\n\t\t\t\t<\/div>\n\t\t\t\t<div class=\"elementor-element elementor-element-ede708d elementor-widget elementor-widget-text-editor\" data-id=\"ede708d\" data-element_type=\"widget\" data-e-type=\"widget\" data-widget_type=\"text-editor.default\">\n\t\t\t\t<div class=\"elementor-widget-container\">\n\t\t\t\t\t\t\t\t\t<h3><b>Damat Tradicionale Turke: Trash\u00ebgimia Strategjike e Urf\u00ebs<\/b><\/h3><p>Dueli i Heshtur i Kafeneve: Shahu Turqez (Dama) \u00ebsht\u00eb nj\u00eb disiplin\u00eb intelektuale anatoliane q\u00eb dallohet nga homolog\u00ebt e saj per\u00ebndimor\u00eb p\u00ebrmes rregullave t\u00eb saj unike. N\u00eb k\u00ebt\u00eb version, figurat l\u00ebvizin ortogonalisht p\u00ebrpara dhe anash, n\u00eb vend q\u00eb t\u00eb l\u00ebvizin diagonal, duke krijuar nj\u00eb peizazh strategjik linear dhe shum\u00eb m\u00eb agresiv. N\u00eb qytete t\u00eb lashta si \u015eanl\u0131urfa, Dama nuk \u00ebsht\u00eb thjesht nj\u00eb gar\u00eb midis dy lojtar\u00ebsh; ajo \u00ebsht\u00eb nj\u00eb ritual social kolektiv i shoq\u00ebruar nga aroma e \u00e7ajit t\u00eb zier, komentet e spektator\u00ebve dhe or\u00ebt e analiz\u00ebs s\u00eb thell\u00eb.<\/p><p>Kultura e mjesht\u00ebris\u00eb dhe parashikimit   N\u00eb kultur\u00ebn e dam\u00ebs s\u00eb Urf\u00ebs, madh\u00ebshtia e nj\u00eb lojtari matet jo vet\u00ebm me fitore, por edhe me sa l\u00ebvizje p\u00ebrpara mund t\u00eb \u201cshoh\u00eb\u201d. Lufta simetrike me gjasht\u00ebmb\u00ebdhjet\u00eb figura arrin kulmin kur nj\u00eb figur\u00eb e vetme arrin n\u00eb rreshtin e fundit p\u00ebr t'u b\u00ebr\u00eb \u201cDama\u201d (Mbret), duke fituar fuqin\u00eb p\u00ebr t\u00eb dominuar t\u00ebr\u00eb bordin. Duke i rezistuar val\u00ebs dixhitale t\u00eb shekullit t\u00eb 21-t\u00eb, kjo tradit\u00eb mbetet nj\u00eb m\u00ebsim i gjall\u00eb i durimit dhe parashikimit, i transmetuar brez pas brezi n\u00eb bazar\u00ebt historik\u00eb t\u00eb Urf\u00ebs.\u00a0<\/p>\t\t\t\t\t\t\t\t<\/div>\n\t\t\t\t<\/div>\n\t\t\t\t<\/div>\n\t\t\t\t\t<\/div>\n\t\t\t\t<\/div>\n\t\t\t\t<\/div>","protected":false},"excerpt":{"rendered":"<p>Traditional Turkish Draughts: The Strategic Heritage of Urfa The Silent Duel of the Coffeehouses Turkish Draughts (Dama) is an Anatolian intellectual discipline that stands apart from its Western counterparts through its unique rules. In this version, pieces move orthogonally forwards and sideways rather than diagonally, creating a linear and far more aggressive strategic landscape. In [&hellip;]<\/p>\n","protected":false},"author":1,"featured_media":0,"parent":743,"menu_order":0,"comment_status":"closed","ping_status":"closed","template":"","meta":{"footnotes":""},"class_list":["post-945","page","type-page","status-publish","hentry"],"_links":{"self":[{"href":"https:\/\/shatranj.art\/sq\/wp-json\/wp\/v2\/pages\/945","targetHints":{"allow":["GET"]}}],"collection":[{"href":"https:\/\/shatranj.art\/sq\/wp-json\/wp\/v2\/pages"}],"about":[{"href":"https:\/\/shatranj.art\/sq\/wp-json\/wp\/v2\/types\/page"}],"author":[{"embeddable":true,"href":"https:\/\/shatranj.art\/sq\/wp-json\/wp\/v2\/users\/1"}],"replies":[{"embeddable":true,"href":"https:\/\/shatranj.art\/sq\/wp-json\/wp\/v2\/comments?post=945"}],"version-history":[{"count":25,"href":"https:\/\/shatranj.art\/sq\/wp-json\/wp\/v2\/pages\/945\/revisions"}],"predecessor-version":[{"id":1429,"href":"https:\/\/shatranj.art\/sq\/wp-json\/wp\/v2\/pages\/945\/revisions\/1429"}],"up":[{"embeddable":true,"href":"https:\/\/shatranj.art\/sq\/wp-json\/wp\/v2\/pages\/743"}],"wp:attachment":[{"href":"https:\/\/shatranj.art\/sq\/wp-json\/wp\/v2\/media?parent=945"}],"curies":[{"name":"wp","href":"https:\/\/api.w.org\/{rel}","templated":true}]}}