{"id":954,"date":"2026-02-22T15:10:21","date_gmt":"2026-02-22T15:10:21","guid":{"rendered":"https:\/\/shatranj.art\/?page_id=954"},"modified":"2026-02-24T09:18:28","modified_gmt":"2026-02-24T09:18:28","slug":"poster-16","status":"publish","type":"page","link":"https:\/\/shatranj.art\/sq\/exhibit\/poster-16\/","title":{"rendered":"Posteri 16"},"content":{"rendered":"<div data-elementor-type=\"wp-page\" data-elementor-id=\"954\" class=\"elementor elementor-954\" data-elementor-post-type=\"page\">\n\t\t\t\t<div class=\"elementor-element elementor-element-05751de e-flex e-con-boxed e-con e-parent\" data-id=\"05751de\" data-element_type=\"container\" data-e-type=\"container\" data-settings=\"{&quot;background_background&quot;:&quot;classic&quot;}\">\n\t\t\t\t\t<div class=\"e-con-inner\">\n\t\t<div class=\"elementor-element elementor-element-415f3f4 e-con-full e-flex e-con e-child\" data-id=\"415f3f4\" data-element_type=\"container\" data-e-type=\"container\">\n\t\t\t\t<div class=\"elementor-element elementor-element-ee52ef0 elementor-widget__width-initial elementor-widget elementor-widget-image\" data-id=\"ee52ef0\" data-element_type=\"widget\" data-e-type=\"widget\" data-widget_type=\"image.default\">\n\t\t\t\t<div class=\"elementor-widget-container\">\n\t\t\t\t\t\t\t\t\t\t\t\t\t\t\t<img fetchpriority=\"high\" decoding=\"async\" width=\"723\" height=\"1024\" src=\"https:\/\/shatranj.art\/wp-content\/uploads\/2026\/02\/16-723x1024.jpg\" class=\"attachment-large size-large wp-image-959\" alt=\"\" srcset=\"https:\/\/shatranj.art\/wp-content\/uploads\/2026\/02\/16-723x1024.jpg 723w, https:\/\/shatranj.art\/wp-content\/uploads\/2026\/02\/16-212x300.jpg 212w, https:\/\/shatranj.art\/wp-content\/uploads\/2026\/02\/16-768x1087.jpg 768w, https:\/\/shatranj.art\/wp-content\/uploads\/2026\/02\/16-1085x1536.jpg 1085w, https:\/\/shatranj.art\/wp-content\/uploads\/2026\/02\/16-1447x2048.jpg 1447w, https:\/\/shatranj.art\/wp-content\/uploads\/2026\/02\/16.jpg 1557w\" sizes=\"(max-width: 723px) 100vw, 723px\" \/>\t\t\t\t\t\t\t\t\t\t\t\t\t\t\t<\/div>\n\t\t\t\t<\/div>\n\t\t\t\t<div class=\"elementor-element elementor-element-bc51b4f elementor-widget__width-initial elementor-widget elementor-widget-text-editor\" data-id=\"bc51b4f\" data-element_type=\"widget\" data-e-type=\"widget\" data-widget_type=\"text-editor.default\">\n\t\t\t\t<div class=\"elementor-widget-container\">\n\t\t\t\t\t\t\t\t\t<h3><b>Bucephalus: Fryma Legjendare e Stepeve dhe Pushtimeve<\/b><\/h3><p>Me kuptimin \u201cme kok\u00eb dem\u201d (Boukephalos) n\u00eb greqishten e lasht\u00eb, ndoshta p\u00ebr shkak t\u00eb ballit t\u00eb tij t\u00eb gjer\u00eb ose nj\u00eb shenje n\u00eb shpatull, Bucephalus \u00ebsht\u00eb kali m\u00eb ikonik i luft\u00ebs n\u00eb histori. Legjenda thot\u00eb se ai iu ofrua Mbretit Filip II nga Filoniku i Tesalis\u00eb p\u00ebr shum\u00ebn marramend\u00ebse prej 13 talentesh, por askush nuk mundi t\u00eb zbus\u00eb shpirtin e tij t\u00eb eg\u00ebr. Nj\u00eb Aleksand\u00ebr i ri, duke v\u00ebrejtur se kali ishte thjesht i trembur nga hijeja e tij, e ktheu at\u00eb drejt diellit p\u00ebr ta qet\u00ebsuar. Pasi pa k\u00ebt\u00eb, Mbreti Filip me fam\u00eb shpalli: \u201cO biri im, k\u00ebrko nj\u00eb mbret\u00ebri q\u00eb t\u00eb jet\u00eb e barabart\u00eb dhe e denj\u00eb p\u00ebr ty, sepse Maqedonia \u00ebsht\u00eb tep\u00ebr e vog\u00ebl p\u00ebr ty!\u201d<\/p><p>\u00a0<\/p><p>Nga fushat e betejave deri te pavdek\u00ebsia<\/p><p>\u00a0<\/p><p>Bucefali e shoq\u00ebroi Aleksandrin gjat\u00eb gjith\u00eb fushat\u00ebs s\u00eb tij nga Greqia deri n\u00eb zem\u00ebr t\u00eb Indis\u00eb. Ai e mbajti zotin e tij n\u00ebp\u00ebr p\u00ebrplasjet m\u00eb t\u00eb p\u00ebrgjakshme, nga Graniku dhe Isusi deri te Gaugamela dhe Beteja e Hidaspesit. N\u00eb vitin 326 p.e.s., gjat\u00eb fushat\u00ebs indiane, ai vdiq ose nga plag\u00ebt e betej\u00ebs, ose nga pleq\u00ebria (af\u00ebrsisht 30 vje\u00e7). N\u00eb nder t\u00eb tij, Aleksandri themeloi qytetin Aleksandri e Bucefal\u00ebs n\u00eb bregun e lumit Jhelum n\u00eb Pakistanin e sot\u00ebm.<\/p><p>\u00a0<\/p><p>Trash\u00ebgimia kulturore<\/p><p>\u00a0<\/p><p>N\u00eb historin\u00eb e artit dhe let\u00ebrsis\u00eb, Bucefali q\u00ebndron si simbol i fuqis\u00eb, besnik\u00ebris\u00eb dhe instinktit t\u00eb mpreht\u00eb. N\u00eb traditat lindore, ku Aleksandri shpesh njihet si \u201cIskandar\u201d, Bucefali paraqitet si nj\u00eb shok besnik i pajisur me cil\u00ebsi mbinatyrore. Ai mbetet \u201cshpirti\u201d i v\u00ebrtet\u00eb pas pushtuesit m\u00eb t\u00eb madh n\u00eb histori, duke p\u00ebrfaq\u00ebsuar nj\u00eb lidhje q\u00eb tejkaloi fush\u00ebn e betej\u00ebs.<\/p>\t\t\t\t\t\t\t\t<\/div>\n\t\t\t\t<\/div>\n\t\t\t\t<\/div>\n\t\t\t\t\t<\/div>\n\t\t\t\t<\/div>\n\t\t\t\t<\/div>","protected":false},"excerpt":{"rendered":"<p>Bucephalus: The Legendary Spirit of the Steppes and Conquests Meaning &#8220;Ox-headed&#8221; (Boukephalos) in Ancient Greek likely due to his broad brow or a branding on his shoulder Bucephalus is the most iconic warhorse in history. Legend tells that he was offered to King Philip II by Philonicus the Thessalian for the staggering sum of 13 [&hellip;]<\/p>\n","protected":false},"author":1,"featured_media":0,"parent":743,"menu_order":0,"comment_status":"closed","ping_status":"closed","template":"","meta":{"footnotes":""},"class_list":["post-954","page","type-page","status-publish","hentry"],"_links":{"self":[{"href":"https:\/\/shatranj.art\/sq\/wp-json\/wp\/v2\/pages\/954","targetHints":{"allow":["GET"]}}],"collection":[{"href":"https:\/\/shatranj.art\/sq\/wp-json\/wp\/v2\/pages"}],"about":[{"href":"https:\/\/shatranj.art\/sq\/wp-json\/wp\/v2\/types\/page"}],"author":[{"embeddable":true,"href":"https:\/\/shatranj.art\/sq\/wp-json\/wp\/v2\/users\/1"}],"replies":[{"embeddable":true,"href":"https:\/\/shatranj.art\/sq\/wp-json\/wp\/v2\/comments?post=954"}],"version-history":[{"count":13,"href":"https:\/\/shatranj.art\/sq\/wp-json\/wp\/v2\/pages\/954\/revisions"}],"predecessor-version":[{"id":1579,"href":"https:\/\/shatranj.art\/sq\/wp-json\/wp\/v2\/pages\/954\/revisions\/1579"}],"up":[{"embeddable":true,"href":"https:\/\/shatranj.art\/sq\/wp-json\/wp\/v2\/pages\/743"}],"wp:attachment":[{"href":"https:\/\/shatranj.art\/sq\/wp-json\/wp\/v2\/media?parent=954"}],"curies":[{"name":"wp","href":"https:\/\/api.w.org\/{rel}","templated":true}]}}