{"id":969,"date":"2026-02-22T15:22:14","date_gmt":"2026-02-22T15:22:14","guid":{"rendered":"https:\/\/shatranj.art\/?page_id=969"},"modified":"2026-02-23T04:55:45","modified_gmt":"2026-02-23T04:55:45","slug":"poster-18","status":"publish","type":"page","link":"https:\/\/shatranj.art\/sq\/exhibit\/poster-18\/","title":{"rendered":"Posteri 18"},"content":{"rendered":"<div data-elementor-type=\"wp-page\" data-elementor-id=\"969\" class=\"elementor elementor-969\" data-elementor-post-type=\"page\">\n\t\t\t\t<div class=\"elementor-element elementor-element-e18ac67 e-flex e-con-boxed e-con e-parent\" data-id=\"e18ac67\" data-element_type=\"container\" data-e-type=\"container\" data-settings=\"{&quot;background_background&quot;:&quot;classic&quot;}\">\n\t\t\t\t\t<div class=\"e-con-inner\">\n\t\t<div class=\"elementor-element elementor-element-36bf2c2 e-con-full e-flex e-con e-child\" data-id=\"36bf2c2\" data-element_type=\"container\" data-e-type=\"container\">\n\t\t\t\t<div class=\"elementor-element elementor-element-1244f27 elementor-widget__width-initial elementor-widget elementor-widget-image\" data-id=\"1244f27\" data-element_type=\"widget\" data-e-type=\"widget\" data-widget_type=\"image.default\">\n\t\t\t\t<div class=\"elementor-widget-container\">\n\t\t\t\t\t\t\t\t\t\t\t\t\t\t\t<img fetchpriority=\"high\" decoding=\"async\" width=\"800\" height=\"729\" src=\"https:\/\/shatranj.art\/wp-content\/uploads\/2026\/02\/18-1024x933.jpg\" class=\"attachment-large size-large wp-image-971\" alt=\"\" srcset=\"https:\/\/shatranj.art\/wp-content\/uploads\/2026\/02\/18-1024x933.jpg 1024w, https:\/\/shatranj.art\/wp-content\/uploads\/2026\/02\/18-300x273.jpg 300w, https:\/\/shatranj.art\/wp-content\/uploads\/2026\/02\/18-768x700.jpg 768w, https:\/\/shatranj.art\/wp-content\/uploads\/2026\/02\/18.jpg 1279w\" sizes=\"(max-width: 800px) 100vw, 800px\" \/>\t\t\t\t\t\t\t\t\t\t\t\t\t\t\t<\/div>\n\t\t\t\t<\/div>\n\t\t\t\t<div class=\"elementor-element elementor-element-917c746 elementor-widget__width-initial elementor-widget-mobile__width-inherit elementor-widget elementor-widget-image\" data-id=\"917c746\" data-element_type=\"widget\" data-e-type=\"widget\" data-widget_type=\"image.default\">\n\t\t\t\t<div class=\"elementor-widget-container\">\n\t\t\t\t\t\t\t\t\t\t\t\t\t\t\t<img decoding=\"async\" width=\"800\" height=\"790\" src=\"https:\/\/shatranj.art\/wp-content\/uploads\/2026\/02\/18-1-1024x1011.jpg\" class=\"attachment-large size-large wp-image-972\" alt=\"\" srcset=\"https:\/\/shatranj.art\/wp-content\/uploads\/2026\/02\/18-1-1024x1011.jpg 1024w, https:\/\/shatranj.art\/wp-content\/uploads\/2026\/02\/18-1-300x296.jpg 300w, https:\/\/shatranj.art\/wp-content\/uploads\/2026\/02\/18-1-768x758.jpg 768w, https:\/\/shatranj.art\/wp-content\/uploads\/2026\/02\/18-1-1536x1517.jpg 1536w, https:\/\/shatranj.art\/wp-content\/uploads\/2026\/02\/18-1.jpg 1769w\" sizes=\"(max-width: 800px) 100vw, 800px\" \/>\t\t\t\t\t\t\t\t\t\t\t\t\t\t\t<\/div>\n\t\t\t\t<\/div>\n\t\t\t\t<div class=\"elementor-element elementor-element-5c72f2f elementor-widget__width-initial elementor-widget elementor-widget-text-editor\" data-id=\"5c72f2f\" data-element_type=\"widget\" data-e-type=\"widget\" data-widget_type=\"text-editor.default\">\n\t\t\t\t<div class=\"elementor-widget-container\">\n\t\t\t\t\t\t\t\t\t<h3><b>Turku Mekanik: Iluzioni i Par\u00eb i Inteligjenc\u00ebs Artificiale<\/b><\/h3><p><b>Nj\u00eb iluzion q\u00eb magjeps\u00eb perandorit\u00eb<\/b> <span style=\"font-weight: 400;\"><br \/><\/span>Projektuar n\u00eb vitin 1770 nga Wolfgang von Kempelen p\u00ebr t\u00eb impresionuar perand\u00ebresh\u00ebn Maria Terez\u00eb, \u201cTurku Mekanik\u201d dukej si nj\u00eb automat q\u00eb funksiononte vet\u00eb, i furnizuar nga nj\u00eb sistem kompleks ingranazhesh. I ulur n\u00eb nj\u00eb kabinet t\u00eb madh dhe i veshur me rroba tradicionale osmane dhe nj\u00eb turban, figura sfidoi dhe mposhti disa nga mendjet m\u00eb t\u00eb fuqishme t\u00eb historis\u00eb, p\u00ebrfshir\u00eb Napoleon Bonaparte dhe Benjamin Franklin.<\/p><p>\u00a0<\/p><p><b>Njeriu mes ingranazheve<\/b> <span style=\"font-weight: 400;\"><br \/><\/span>P\u00ebr dekada, bota besoi se po d\u00ebshmonte nj\u00eb t\u00eb v\u00ebrtet\u00eb \u201cmakin\u00eb menduese\u201d. N\u00eb t\u00eb v\u00ebrtet\u00eb, pajisja ishte nj\u00eb kryevep\u00ebr iluzioni. Brend\u00ebsia e kabin\u00ebs ishte projektuar me zgjuarsi p\u00ebr t\u00eb fshehur nj\u00eb mjesht\u00ebr profesionist shahu, i cili ndryshonte pozicionet nd\u00ebrsa dyer t\u00eb ndryshme hapej p\u00ebr publikun. Duke p\u00ebrdorur nj\u00eb mekaniz\u00ebm pantograf dhe tregues magnetik\u00eb n\u00ebn tabel\u00eb, lojtari i fshehur monitoronte l\u00ebvizjet e kund\u00ebrshtarit dhe ekzekutonte t\u00eb tijat p\u00ebrmes krahut mekanik t\u00eb Turkut.<\/p><p>\u00a0<\/p><p><b>Nj\u00eb trash\u00ebgimi moderne<\/b> <span style=\"font-weight: 400;\"><br \/><\/span>Turku Mekanik \u00ebsht\u00eb m\u00eb shum\u00eb se nj\u00eb tregim mashtrimi; ai \u00ebsht\u00eb nj\u00eb simbol i fascinimit t\u00eb p\u00ebrjetsh\u00ebm t\u00eb njer\u00ebzimit dhe i frik\u00ebs s\u00eb tij ndaj inteligjenc\u00ebs s\u00eb makinave. Nuk \u00ebsht\u00eb rast\u00ebsi q\u00eb Amazon e ka quajtur sot platform\u00ebn e saj t\u00eb mikro-detyrave \u201cMechanical Turk\u201d. Emri mbetet nj\u00eb nderim p\u00ebr detyrat q\u00eb kompjuter\u00ebt ende nuk mund t'i kryejn\u00eb, por q\u00eb njer\u00ebzit i zgjidhin qet\u00ebsisht \u201cpas skenave.\u201d<\/p>\t\t\t\t\t\t\t\t<\/div>\n\t\t\t\t<\/div>\n\t\t\t\t<\/div>\n\t\t\t\t\t<\/div>\n\t\t\t\t<\/div>\n\t\t\t\t<\/div>","protected":false},"excerpt":{"rendered":"<p>The Mechanical Turk: The First Illusion of Artificial Intelligence An Illusion That Enchanted Empires Designed in 1770 by Wolfgang von Kempelen to impress Empress Maria Theresa, the &#8220;Mechanical Turk&#8221; appeared to be a self-operating automaton powered by a complex system of gears. Seated at a large cabinet and dressed in traditional Ottoman robes and a [&hellip;]<\/p>\n","protected":false},"author":1,"featured_media":0,"parent":743,"menu_order":0,"comment_status":"closed","ping_status":"closed","template":"","meta":{"footnotes":""},"class_list":["post-969","page","type-page","status-publish","hentry"],"_links":{"self":[{"href":"https:\/\/shatranj.art\/sq\/wp-json\/wp\/v2\/pages\/969","targetHints":{"allow":["GET"]}}],"collection":[{"href":"https:\/\/shatranj.art\/sq\/wp-json\/wp\/v2\/pages"}],"about":[{"href":"https:\/\/shatranj.art\/sq\/wp-json\/wp\/v2\/types\/page"}],"author":[{"embeddable":true,"href":"https:\/\/shatranj.art\/sq\/wp-json\/wp\/v2\/users\/1"}],"replies":[{"embeddable":true,"href":"https:\/\/shatranj.art\/sq\/wp-json\/wp\/v2\/comments?post=969"}],"version-history":[{"count":7,"href":"https:\/\/shatranj.art\/sq\/wp-json\/wp\/v2\/pages\/969\/revisions"}],"predecessor-version":[{"id":1225,"href":"https:\/\/shatranj.art\/sq\/wp-json\/wp\/v2\/pages\/969\/revisions\/1225"}],"up":[{"embeddable":true,"href":"https:\/\/shatranj.art\/sq\/wp-json\/wp\/v2\/pages\/743"}],"wp:attachment":[{"href":"https:\/\/shatranj.art\/sq\/wp-json\/wp\/v2\/media?parent=969"}],"curies":[{"name":"wp","href":"https:\/\/api.w.org\/{rel}","templated":true}]}}