{"id":976,"date":"2026-02-22T15:26:41","date_gmt":"2026-02-22T15:26:41","guid":{"rendered":"https:\/\/shatranj.art\/?page_id=976"},"modified":"2026-02-23T04:57:59","modified_gmt":"2026-02-23T04:57:59","slug":"poster-19","status":"publish","type":"page","link":"https:\/\/shatranj.art\/sq\/exhibit\/poster-19\/","title":{"rendered":"Posteri 19"},"content":{"rendered":"<div data-elementor-type=\"wp-page\" data-elementor-id=\"976\" class=\"elementor elementor-976\" data-elementor-post-type=\"page\">\n\t\t\t\t<div class=\"elementor-element elementor-element-bd53a03 e-flex e-con-boxed e-con e-parent\" data-id=\"bd53a03\" data-element_type=\"container\" data-e-type=\"container\" data-settings=\"{&quot;background_background&quot;:&quot;classic&quot;}\">\n\t\t\t\t\t<div class=\"e-con-inner\">\n\t\t<div class=\"elementor-element elementor-element-258a2d8 e-con-full e-flex e-con e-child\" data-id=\"258a2d8\" data-element_type=\"container\" data-e-type=\"container\">\n\t\t\t\t<div class=\"elementor-element elementor-element-54379e5 elementor-widget__width-initial elementor-widget elementor-widget-image\" data-id=\"54379e5\" data-element_type=\"widget\" data-e-type=\"widget\" data-widget_type=\"image.default\">\n\t\t\t\t<div class=\"elementor-widget-container\">\n\t\t\t\t\t\t\t\t\t\t\t\t\t\t\t<img fetchpriority=\"high\" decoding=\"async\" width=\"800\" height=\"842\" src=\"https:\/\/shatranj.art\/wp-content\/uploads\/2026\/02\/19-973x1024.jpg\" class=\"attachment-large size-large wp-image-979\" alt=\"\" srcset=\"https:\/\/shatranj.art\/wp-content\/uploads\/2026\/02\/19-973x1024.jpg 973w, https:\/\/shatranj.art\/wp-content\/uploads\/2026\/02\/19-285x300.jpg 285w, https:\/\/shatranj.art\/wp-content\/uploads\/2026\/02\/19-768x808.jpg 768w, https:\/\/shatranj.art\/wp-content\/uploads\/2026\/02\/19.jpg 1121w\" sizes=\"(max-width: 800px) 100vw, 800px\" \/>\t\t\t\t\t\t\t\t\t\t\t\t\t\t\t<\/div>\n\t\t\t\t<\/div>\n\t\t\t\t<div class=\"elementor-element elementor-element-38b79a5 elementor-widget__width-initial elementor-widget elementor-widget-text-editor\" data-id=\"38b79a5\" data-element_type=\"widget\" data-e-type=\"widget\" data-widget_type=\"text-editor.default\">\n\t\t\t\t<div class=\"elementor-widget-container\">\n\t\t\t\t\t\t\t\t\t<p><strong>Deep Blue kund\u00ebr Kasparovit: Agimi i dominimit t\u00eb makinave<\/strong><\/p><p>\u00a0<\/p><p><span style=\"font-weight: 400;\">N\u00eb vitin 1997, bota d\u00ebshmoi nj\u00eb pik\u00eb kthese historike n\u00eb marr\u00ebdh\u00ebnien midis njeriut dhe makin\u00ebs. E zhvilluar nga IBM, superkompjuteri <\/span>Blu e thell\u00eb<span style=\"font-weight: 400;\"> mundi kampionin aktual bot\u00ebror, <\/span>Garri Kasparov<span style=\"font-weight: 400;\">, n\u00eb nj\u00eb seri prej gjasht\u00eb ndeshjesh. Kjo ishte hera e par\u00eb q\u00eb nj\u00eb kompjuter mundi nj\u00eb kampion bote n\u00eb nj\u00eb ndeshje me stil turneu n\u00ebn kontrollet standarde t\u00eb koh\u00ebs.<\/span><\/p><p>\u00a0<\/p><p><b>Fuqi brute:<\/b><span style=\"font-weight: 400;\"> Deep Blue ishte nj\u00eb kryevep\u00ebr e harduerit t\u00eb specializuar, i aft\u00eb t\u00eb llogariste 200 milion\u00eb pozicione n\u00eb sekond\u00eb.<\/span><\/p><p>\u00a0<\/p><p><b>Nj\u00eb fitore simbolike:<\/b><span style=\"font-weight: 400;\"> Kjo ndeshje ndryshoi perceptimin global t\u00eb Inteligjenc\u00ebs Artificiale. Ajo provoi se, nd\u00ebrsa intuita njer\u00ebzore \u00ebsht\u00eb e thell\u00eb, shpejt\u00ebsia e llogaritjes s\u00eb nj\u00eb makine mund t\u00eb mposht\u00eb mendjen m\u00eb t\u00eb madhe strategjike t\u00eb epok\u00ebs.<\/span><\/p>\t\t\t\t\t\t\t\t<\/div>\n\t\t\t\t<\/div>\n\t\t\t\t<div class=\"elementor-element elementor-element-d1ad4e6 elementor-widget__width-initial elementor-widget elementor-widget-image\" data-id=\"d1ad4e6\" data-element_type=\"widget\" data-e-type=\"widget\" data-widget_type=\"image.default\">\n\t\t\t\t<div class=\"elementor-widget-container\">\n\t\t\t\t\t\t\t\t\t\t\t\t\t\t\t<img decoding=\"async\" width=\"800\" height=\"600\" src=\"https:\/\/shatranj.art\/wp-content\/uploads\/2026\/02\/19-1-1024x768.jpg\" class=\"attachment-large size-large wp-image-980\" alt=\"\" srcset=\"https:\/\/shatranj.art\/wp-content\/uploads\/2026\/02\/19-1-1024x768.jpg 1024w, https:\/\/shatranj.art\/wp-content\/uploads\/2026\/02\/19-1-300x225.jpg 300w, https:\/\/shatranj.art\/wp-content\/uploads\/2026\/02\/19-1-768x576.jpg 768w, https:\/\/shatranj.art\/wp-content\/uploads\/2026\/02\/19-1.jpg 1250w\" sizes=\"(max-width: 800px) 100vw, 800px\" \/>\t\t\t\t\t\t\t\t\t\t\t\t\t\t\t<\/div>\n\t\t\t\t<\/div>\n\t\t\t\t<div class=\"elementor-element elementor-element-e238e58 elementor-widget__width-initial elementor-widget elementor-widget-image\" data-id=\"e238e58\" data-element_type=\"widget\" data-e-type=\"widget\" data-widget_type=\"image.default\">\n\t\t\t\t<div class=\"elementor-widget-container\">\n\t\t\t\t\t\t\t\t\t\t\t\t\t\t\t<img decoding=\"async\" width=\"682\" height=\"1024\" src=\"https:\/\/shatranj.art\/wp-content\/uploads\/2026\/02\/19-2-682x1024.jpg\" class=\"attachment-large size-large wp-image-981\" alt=\"\" srcset=\"https:\/\/shatranj.art\/wp-content\/uploads\/2026\/02\/19-2-682x1024.jpg 682w, https:\/\/shatranj.art\/wp-content\/uploads\/2026\/02\/19-2-200x300.jpg 200w, https:\/\/shatranj.art\/wp-content\/uploads\/2026\/02\/19-2-768x1154.jpg 768w, https:\/\/shatranj.art\/wp-content\/uploads\/2026\/02\/19-2-1023x1536.jpg 1023w, https:\/\/shatranj.art\/wp-content\/uploads\/2026\/02\/19-2-1363x2048.jpg 1363w, https:\/\/shatranj.art\/wp-content\/uploads\/2026\/02\/19-2.jpg 1667w\" sizes=\"(max-width: 682px) 100vw, 682px\" \/>\t\t\t\t\t\t\t\t\t\t\t\t\t\t\t<\/div>\n\t\t\t\t<\/div>\n\t\t\t\t<div class=\"elementor-element elementor-element-a12f1b5 elementor-widget__width-inherit elementor-widget elementor-widget-text-editor\" data-id=\"a12f1b5\" data-element_type=\"widget\" data-e-type=\"widget\" data-widget_type=\"text-editor.default\">\n\t\t\t\t<div class=\"elementor-widget-container\">\n\t\t\t\t\t\t\t\t\t<h3><b>Stockfish: Demokratizimi i analiz\u00ebs s\u00eb grandmaster\u00ebve<\/b><\/h3><p>Peshk i stokut<span style=\"font-weight: 400;\"> \u00cbsht\u00eb motori m\u00eb i fuqish\u00ebm i shahut me burim t\u00eb hapur n\u00eb bot\u00eb. Ndryshe nga superkompjuter\u00ebt ekskluziv\u00eb t\u00eb s\u00eb kaluar\u00ebs, Stockfish \u00ebsht\u00eb falas dhe i aksesuesh\u00ebm p\u00ebr t\u00eb gjith\u00eb, nga hobist\u00ebt amator\u00eb deri te Grandmaster\u00ebt e klas\u00ebs bot\u00ebrore.<\/span><\/p><ul><li style=\"font-weight: 400;\" aria-level=\"1\"><b>Standardi Global:<\/b><span style=\"font-weight: 400;\"> Duke u renditur vazhdimisht n\u00eb krye t\u00eb tabelave t\u00eb motor\u00ebve, Stockfish sh\u00ebrben si mjeti p\u00ebrfundimtar p\u00ebr analiz\u00ebn e loj\u00ebs dhe zhvillimin e strategjis\u00eb.<\/span><\/li><li style=\"font-weight: 400;\" aria-level=\"1\"><b>Evolucioni neural:<\/b><span style=\"font-weight: 400;\"> Fillimisht t\u00eb bazuara n\u00eb algoritmet klasike \u201ck\u00ebrkim dhe vler\u00ebsim\u201d, versionet moderne t\u00eb Stockfish tani p\u00ebrdorin <\/span>NNUE (Rrjetet nervore t\u00eb p\u00ebrdit\u00ebsueshme n\u00eb m\u00ebnyr\u00eb efikase)<span style=\"font-weight: 400;\">. Kjo fuzion i lejon t\u00eb kombinoj\u00eb shpejt\u00ebsi masive llogaritjeje me nj\u00eb \u201ckuptim\u201d m\u00eb t\u00eb thell\u00eb, pothuajse njer\u00ebzor, t\u00eb pozicioneve komplekse, duke arritur nj\u00eb vler\u00ebsim ELO shum\u00eb m\u00eb t\u00eb lart\u00eb <\/span>3500<span style=\"font-weight: 400;\">.<\/span><\/li><\/ul>\t\t\t\t\t\t\t\t<\/div>\n\t\t\t\t<\/div>\n\t\t\t\t<div class=\"elementor-element elementor-element-5ec8752 elementor-widget__width-initial elementor-widget elementor-widget-image\" data-id=\"5ec8752\" data-element_type=\"widget\" data-e-type=\"widget\" data-widget_type=\"image.default\">\n\t\t\t\t<div class=\"elementor-widget-container\">\n\t\t\t\t\t\t\t\t\t\t\t\t\t\t\t<img loading=\"lazy\" decoding=\"async\" width=\"800\" height=\"800\" src=\"https:\/\/shatranj.art\/wp-content\/uploads\/2026\/02\/19-1024x1024.png\" class=\"attachment-large size-large wp-image-982\" alt=\"\" srcset=\"https:\/\/shatranj.art\/wp-content\/uploads\/2026\/02\/19-1024x1024.png 1024w, https:\/\/shatranj.art\/wp-content\/uploads\/2026\/02\/19-300x300.png 300w, https:\/\/shatranj.art\/wp-content\/uploads\/2026\/02\/19-150x150.png 150w, https:\/\/shatranj.art\/wp-content\/uploads\/2026\/02\/19-768x768.png 768w, https:\/\/shatranj.art\/wp-content\/uploads\/2026\/02\/19.png 1056w\" sizes=\"(max-width: 800px) 100vw, 800px\" \/>\t\t\t\t\t\t\t\t\t\t\t\t\t\t\t<\/div>\n\t\t\t\t<\/div>\n\t\t\t\t<div class=\"elementor-element elementor-element-f657508 elementor-widget__width-initial elementor-widget-tablet__width-inherit elementor-widget elementor-widget-text-editor\" data-id=\"f657508\" data-element_type=\"widget\" data-e-type=\"widget\" data-widget_type=\"text-editor.default\">\n\t\t\t\t<div class=\"elementor-widget-container\">\n\t\t\t\t\t\t\t\t\t<h3><b>AlphaZero: Epoka e Intuicionit dhe Krijimtaris\u00eb s\u00eb Makineris\u00eb<\/b><\/h3><p>Zhvilluar nga DeepMind i Google-it, AlphaZero revolucionarizoi m\u00ebnyr\u00ebn se si mendojm\u00eb p\u00ebr Inteligjenc\u00ebn Artificiale. Nd\u00ebrsa motor\u00ebt e m\u00ebparsh\u00ebm ishin \u201cm\u00ebsuar\u201d nga njer\u00ebzit duke p\u00ebrdorur rregulla t\u00eb programuar, AlphaZero ishte nj\u00eb sistem q\u00eb m\u00ebsonte vet\u00eb.<\/p><ul><li style=\"font-weight: 400;\" aria-level=\"1\"><b>Tabula Rasa (Nga e para):<\/b><span style=\"font-weight: 400;\"> AlphaZero-s iu dhan\u00eb vet\u00ebm rregullat baz\u00eb t\u00eb shahut. Duke luajtur miliona ndeshje kund\u00ebr vetes p\u00ebrmes m\u00ebsimit t\u00eb p\u00ebrforcuar, ai arriti nj\u00eb nivel mjesht\u00ebrie mbi njer\u00ebzor n\u00eb vet\u00ebm kat\u00ebr or\u00eb.<\/span><\/li><li style=\"font-weight: 400;\" aria-level=\"1\"><b>Nj\u00eb revolucion krijues:<\/b><span style=\"font-weight: 400;\"> AlphaZero nuk luajti si nj\u00eb \u201cllogarit\u00ebs\u201d tipik. Ai prezantoi nj\u00eb stil shum\u00eb agresiv, krijues dhe intuitiv, shpesh duke sakrifikuar material p\u00ebr presion pozicional afatgjat\u00eb. Ai provoi se makinat jo vet\u00ebm q\u00eb mund t\u00eb llogarisin m\u00eb shpejt se njer\u00ebzit, por edhe t\u00eb \u201cri-zbulojn\u00eb\u201d artin dhe kreativitetin e vet\u00eb loj\u00ebs.<\/span><\/li><\/ul>\t\t\t\t\t\t\t\t<\/div>\n\t\t\t\t<\/div>\n\t\t\t\t<\/div>\n\t\t\t\t\t<\/div>\n\t\t\t\t<\/div>\n\t\t\t\t<\/div>","protected":false},"excerpt":{"rendered":"<p>Deep Blue vs. Kasparov: The Dawn of Machine Dominance \u00a0 In 1997, the world witnessed a historic turning point in the relationship between man and machine. Developed by IBM, the supercomputer Deep Blue defeated the reigning World Champion, Garry Kasparov, in a six-match series. This was the first time a computer had beaten a world [&hellip;]<\/p>\n","protected":false},"author":1,"featured_media":0,"parent":743,"menu_order":0,"comment_status":"closed","ping_status":"closed","template":"","meta":{"footnotes":""},"class_list":["post-976","page","type-page","status-publish","hentry"],"_links":{"self":[{"href":"https:\/\/shatranj.art\/sq\/wp-json\/wp\/v2\/pages\/976","targetHints":{"allow":["GET"]}}],"collection":[{"href":"https:\/\/shatranj.art\/sq\/wp-json\/wp\/v2\/pages"}],"about":[{"href":"https:\/\/shatranj.art\/sq\/wp-json\/wp\/v2\/types\/page"}],"author":[{"embeddable":true,"href":"https:\/\/shatranj.art\/sq\/wp-json\/wp\/v2\/users\/1"}],"replies":[{"embeddable":true,"href":"https:\/\/shatranj.art\/sq\/wp-json\/wp\/v2\/comments?post=976"}],"version-history":[{"count":7,"href":"https:\/\/shatranj.art\/sq\/wp-json\/wp\/v2\/pages\/976\/revisions"}],"predecessor-version":[{"id":1228,"href":"https:\/\/shatranj.art\/sq\/wp-json\/wp\/v2\/pages\/976\/revisions\/1228"}],"up":[{"embeddable":true,"href":"https:\/\/shatranj.art\/sq\/wp-json\/wp\/v2\/pages\/743"}],"wp:attachment":[{"href":"https:\/\/shatranj.art\/sq\/wp-json\/wp\/v2\/media?parent=976"}],"curies":[{"name":"wp","href":"https:\/\/api.w.org\/{rel}","templated":true}]}}