{"id":986,"date":"2026-02-22T15:44:16","date_gmt":"2026-02-22T15:44:16","guid":{"rendered":"https:\/\/shatranj.art\/?page_id=986"},"modified":"2026-02-23T04:58:50","modified_gmt":"2026-02-23T04:58:50","slug":"poster-20","status":"publish","type":"page","link":"https:\/\/shatranj.art\/sq\/exhibit\/poster-20\/","title":{"rendered":"Posteri 20"},"content":{"rendered":"<div data-elementor-type=\"wp-page\" data-elementor-id=\"986\" class=\"elementor elementor-986\" data-elementor-post-type=\"page\">\n\t\t\t\t<div class=\"elementor-element elementor-element-12aafbd e-flex e-con-boxed e-con e-parent\" data-id=\"12aafbd\" data-element_type=\"container\" data-e-type=\"container\" data-settings=\"{&quot;background_background&quot;:&quot;classic&quot;}\">\n\t\t\t\t\t<div class=\"e-con-inner\">\n\t\t<div class=\"elementor-element elementor-element-63eb695 e-con-full e-flex e-con e-child\" data-id=\"63eb695\" data-element_type=\"container\" data-e-type=\"container\">\n\t\t\t\t<div class=\"elementor-element elementor-element-c65f0f2 elementor-widget elementor-widget-image\" data-id=\"c65f0f2\" data-element_type=\"widget\" data-e-type=\"widget\" data-widget_type=\"image.default\">\n\t\t\t\t<div class=\"elementor-widget-container\">\n\t\t\t\t\t\t\t\t\t\t\t\t\t\t\t<img fetchpriority=\"high\" decoding=\"async\" width=\"800\" height=\"563\" src=\"https:\/\/shatranj.art\/wp-content\/uploads\/2026\/02\/20-1024x720.jpg\" class=\"attachment-large size-large wp-image-989\" alt=\"\" srcset=\"https:\/\/shatranj.art\/wp-content\/uploads\/2026\/02\/20-1024x720.jpg 1024w, https:\/\/shatranj.art\/wp-content\/uploads\/2026\/02\/20-300x211.jpg 300w, https:\/\/shatranj.art\/wp-content\/uploads\/2026\/02\/20-768x540.jpg 768w, https:\/\/shatranj.art\/wp-content\/uploads\/2026\/02\/20-1536x1080.jpg 1536w, https:\/\/shatranj.art\/wp-content\/uploads\/2026\/02\/20-2048x1440.jpg 2048w\" sizes=\"(max-width: 800px) 100vw, 800px\" \/>\t\t\t\t\t\t\t\t\t\t\t\t\t\t\t<\/div>\n\t\t\t\t<\/div>\n\t\t\t\t<div class=\"elementor-element elementor-element-c898b64 elementor-widget elementor-widget-text-editor\" data-id=\"c898b64\" data-element_type=\"widget\" data-e-type=\"widget\" data-widget_type=\"text-editor.default\">\n\t\t\t\t<div class=\"elementor-widget-container\">\n\t\t\t\t\t\t\t\t\t<h3><b>Alquerque: Paraardh\u00ebsi i lasht\u00eb i dam\u00ebs dhe trash\u00ebgimia e Alfonsos<\/b><\/h3><p><b>Nj\u00eb strategji q\u00eb shtrihet nga Kastilia deri n\u00eb t\u00eb tashmen<\/b> <span style=\"font-weight: 400;\"><br \/><\/span>Porositur n\u00eb vitin 1283 nga Mbreti Alfonso X i Kastiljes (Alfonso i Men\u00e7uri), Libro de los Juegos (Libri i Loj\u00ebrave) mbetet regjistri m\u00eb i plot\u00eb i kultur\u00ebs s\u00eb loj\u00ebrave n\u00eb Evrop\u00ebn Mesjetare. Alquerque, i detajuar n\u00eb faqet e tij, \u00ebsht\u00eb evolucioni evropian i nj\u00eb loje strategjike t\u00eb lasht\u00eb t\u00eb njohur n\u00eb bot\u00ebn arabe si \u201cEl-Qirkat\u201d, me rr\u00ebnj\u00eb q\u00eb datojn\u00eb n\u00eb Egjiptin e lasht\u00eb. N\u00eb Spanj\u00ebn e shekullit t\u00eb 13-t\u00eb, Alquerque q\u00ebndroi si d\u00ebshmi e m\u00ebnyr\u00ebs se si studiuesit e krishter\u00eb, mysliman\u00eb dhe hebrenj bashk\u00ebpunuan p\u00ebr t\u00eb lidhur njohurit\u00eb e Lindjes me ato t\u00eb Per\u00ebndimit.<\/p><p><b>Rruga drejt damave<\/b> <span style=\"font-weight: 400;\"><br \/><\/span>Luhet me 12 copa secili n\u00eb nj\u00eb rrjet\u00eb 5\u00d75, Alquerque \u00ebsht\u00eb vendlindja e mekanik\u00ebs s\u00eb kapjes me k\u00ebrcim, e cila \u00ebsht\u00eb rregulla themelore e damave moderne. N\u00eb fund t\u00eb shekullit t\u00eb 15-t\u00eb, kur k\u00ebto rregulla dinamike u transferuan n\u00eb tabel\u00ebn 8\u00d78 t\u00eb shahut, lindi loja \u201cDraughts\u201d (Checkers) si\u00e7 e njohim sot. Ky p\u00ebrshkrim sh\u00ebrben si d\u00ebshmi se loj\u00ebrat nuk jan\u00eb thjesht kalime kohe, por nj\u00eb gjuh\u00eb universale q\u00eb lidh gjeografi, gjuh\u00eb dhe fe.<\/p>\t\t\t\t\t\t\t\t<\/div>\n\t\t\t\t<\/div>\n\t\t\t\t<\/div>\n\t\t\t\t\t<\/div>\n\t\t\t\t<\/div>\n\t\t\t\t<\/div>","protected":false},"excerpt":{"rendered":"<p>Alquerque: The Ancient Ancestor of Draughts and the Legacy of Alfonso A Strategy Stretching from Castile to the Present Commissioned in 1283 by King Alfonso X of Castile (Alfonso the Wise), the Libro de los Juegos (The Book of Games) remains the most comprehensive record of gaming culture in Medieval Europe. Alquerque, detailed within its [&hellip;]<\/p>\n","protected":false},"author":1,"featured_media":0,"parent":743,"menu_order":0,"comment_status":"closed","ping_status":"closed","template":"","meta":{"footnotes":""},"class_list":["post-986","page","type-page","status-publish","hentry"],"_links":{"self":[{"href":"https:\/\/shatranj.art\/sq\/wp-json\/wp\/v2\/pages\/986","targetHints":{"allow":["GET"]}}],"collection":[{"href":"https:\/\/shatranj.art\/sq\/wp-json\/wp\/v2\/pages"}],"about":[{"href":"https:\/\/shatranj.art\/sq\/wp-json\/wp\/v2\/types\/page"}],"author":[{"embeddable":true,"href":"https:\/\/shatranj.art\/sq\/wp-json\/wp\/v2\/users\/1"}],"replies":[{"embeddable":true,"href":"https:\/\/shatranj.art\/sq\/wp-json\/wp\/v2\/comments?post=986"}],"version-history":[{"count":7,"href":"https:\/\/shatranj.art\/sq\/wp-json\/wp\/v2\/pages\/986\/revisions"}],"predecessor-version":[{"id":1231,"href":"https:\/\/shatranj.art\/sq\/wp-json\/wp\/v2\/pages\/986\/revisions\/1231"}],"up":[{"embeddable":true,"href":"https:\/\/shatranj.art\/sq\/wp-json\/wp\/v2\/pages\/743"}],"wp:attachment":[{"href":"https:\/\/shatranj.art\/sq\/wp-json\/wp\/v2\/media?parent=986"}],"curies":[{"name":"wp","href":"https:\/\/api.w.org\/{rel}","templated":true}]}}