{"id":1016,"date":"2026-02-22T16:17:45","date_gmt":"2026-02-22T16:17:45","guid":{"rendered":"https:\/\/shatranj.art\/?page_id=1016"},"modified":"2026-02-24T09:42:49","modified_gmt":"2026-02-24T09:42:49","slug":"poster-24","status":"publish","type":"page","link":"https:\/\/shatranj.art\/sv\/exhibit\/poster-24\/","title":{"rendered":"affisch 24"},"content":{"rendered":"<div data-elementor-type=\"wp-page\" data-elementor-id=\"1016\" class=\"elementor elementor-1016\" data-elementor-post-type=\"page\">\n\t\t\t\t<div class=\"elementor-element elementor-element-cbef851 e-flex e-con-boxed e-con e-parent\" data-id=\"cbef851\" data-element_type=\"container\" data-e-type=\"container\" data-settings=\"{&quot;background_background&quot;:&quot;classic&quot;}\">\n\t\t\t\t\t<div class=\"e-con-inner\">\n\t\t<div class=\"elementor-element elementor-element-919ca16 e-con-full e-flex e-con e-child\" data-id=\"919ca16\" data-element_type=\"container\" data-e-type=\"container\">\n\t\t\t\t<div class=\"elementor-element elementor-element-3a8b40d elementor-widget elementor-widget-image\" data-id=\"3a8b40d\" data-element_type=\"widget\" data-e-type=\"widget\" data-widget_type=\"image.default\">\n\t\t\t\t<div class=\"elementor-widget-container\">\n\t\t\t\t\t\t\t\t\t\t\t\t\t\t\t<img fetchpriority=\"high\" decoding=\"async\" width=\"800\" height=\"534\" src=\"https:\/\/shatranj.art\/wp-content\/uploads\/2026\/02\/21-1024x683.jpg\" class=\"attachment-large size-large wp-image-995\" alt=\"\" srcset=\"https:\/\/shatranj.art\/wp-content\/uploads\/2026\/02\/21-1024x683.jpg 1024w, https:\/\/shatranj.art\/wp-content\/uploads\/2026\/02\/21-300x200.jpg 300w, https:\/\/shatranj.art\/wp-content\/uploads\/2026\/02\/21-768x512.jpg 768w, https:\/\/shatranj.art\/wp-content\/uploads\/2026\/02\/21-1536x1024.jpg 1536w, https:\/\/shatranj.art\/wp-content\/uploads\/2026\/02\/21-2048x1366.jpg 2048w\" sizes=\"(max-width: 800px) 100vw, 800px\" \/>\t\t\t\t\t\t\t\t\t\t\t\t\t\t\t<\/div>\n\t\t\t\t<\/div>\n\t\t\t\t<div class=\"elementor-element elementor-element-07a7613 elementor-widget elementor-widget-text-editor\" data-id=\"07a7613\" data-element_type=\"widget\" data-e-type=\"widget\" data-widget_type=\"text-editor.default\">\n\t\t\t\t<div class=\"elementor-widget-container\">\n\t\t\t\t\t\t\t\t\t<p>\u015eAH\u00ce Chess Set \u00e4r mer \u00e4n bara ett spel; det \u00e4r en bro mellan kulturer, epoker och filosofier. Setet \u00e4r utformat f\u00f6r att framkalla b\u00e5de kejserliga och kungliga k\u00e4nslor och har f\u00e5tt sitt namn fr\u00e5n en term som ofta anv\u00e4nds p\u00e5 Balkan och m\u00e5nga slaviska spr\u00e5k f\u00f6r att h\u00e4nvisa till schackspelet.<\/p><p>Ordet \u201c\u015eAH\u00ce\u201d i sig fungerar som ett kungligt adjektiv som betyder \u201cspecifikt f\u00f6r shahen\u201d och har en litter\u00e4r tyngd som betyder styrka, storslagenhet och strategiskt djup.<\/p><h3><b>Ett m\u00e4sterverk av kulturell evolution<\/b><\/h3><p>Detta set har designats av den erfarne schackpedagogen och f\u00f6re detta MIT-spelaren Tamer Karatekin och sammanfattar p\u00e5 ett elegant s\u00e4tt spelets historia. Varje pj\u00e4s \u00e4r utformad f\u00f6r att \u00e5terspegla en unik historisk ber\u00e4ttelse:<\/p><ul><li style=\"font-weight: 400;\" aria-level=\"1\"><b>G\u00fcl\u015fah (Kungen):<\/b><span style=\"font-weight: 400;\"> Representerar kupolens helighet inspirerad av strukturer som Hagia Sofia och Pantheon och det intellektuella arvet fr\u00e5n huvudbonaden.<\/span><\/li><li style=\"font-weight: 400;\" aria-level=\"1\"><b>Sokol (Drottningen\/Viziren):<\/b><span style=\"font-weight: 400;\"> Namnet kommer fr\u00e5n den milit\u00e4ra symbolen falken och \u00e4r inspirerat av det \u00f6sterrikiska cafe house-schackspelets l\u00f6kformade final och hj\u00e4lmdesign och symboliserar milit\u00e4r auktoritet och \u201cvizierns\u201d visdom. Sokolovichi var f\u00f6delsestaden f\u00f6r den mest inflytelserika storvisiren i det ottomanska riket, Sokollu Mehmet Pasha.<\/span><\/li><li style=\"font-weight: 400;\" aria-level=\"1\"><b>Bukefal (riddaren):<\/b><span style=\"font-weight: 400;\"> Uppkallad efter Alexander den stores legendariska h\u00e4st, som symboliserar det dubbelriktade kulturutbytet mellan \u00f6st och v\u00e4st.<\/span><\/li><li style=\"font-weight: 400;\" aria-level=\"1\"><b>Shahrukh (tornet):<\/b><span style=\"font-weight: 400;\"> En magnifik syntes av den milit\u00e4ra evolutionen, med inslag av krigsvagn, torn, kanon och skepp. Schackm\u00e4staren och bef\u00e4lhavaren Timur gav sin son namnet Shahrukh, eftersom nyheten om hans f\u00f6delse kom under ett schackparti.<\/span><\/li><li style=\"font-weight: 400;\" aria-level=\"1\"><b>Abul-Abbas (Biskopen\/Elefanten):<\/b><span style=\"font-weight: 400;\"> Speglar den ikoniska resan f\u00f6r elefanten som gavs till Karl den store, och sp\u00e5rar schackets migration \u00f6ver tre kontinenter.<\/span><\/li><li style=\"font-weight: 400;\" aria-level=\"1\"><b>R\u00e9gence-Philidor (Bonden):<\/b><span style=\"font-weight: 400;\"> Inspirerad av upplysningstidens kaf\u00e9er i Paris och Philidors ber\u00f6mda maxim: \u201cPj\u00e4serna \u00e4r schackets sj\u00e4l\u201d.<\/span><\/li><\/ul>\t\t\t\t\t\t\t\t<\/div>\n\t\t\t\t<\/div>\n\t\t\t\t<div class=\"elementor-element elementor-element-52a94ef elementor-widget elementor-widget-text-editor\" data-id=\"52a94ef\" data-element_type=\"widget\" data-e-type=\"widget\" data-widget_type=\"text-editor.default\">\n\t\t\t\t<div class=\"elementor-widget-container\">\n\t\t\t\t\t\t\t\t\t<h3><b>Design och syfte<\/b><\/h3><p>\u015eAH\u00ce-setet \u00e4r noggrant f\u00f6rberett f\u00f6r att fungera som b\u00e5de en konstn\u00e4rlig utst\u00e4llning och ett funktionellt verktyg f\u00f6r utbildning och turneringsbruk. Dess designfilosofi \u00e4r rotad i att vara kulturellt och andligt inkluderande, vilket s\u00e4kerst\u00e4ller att den resonerar med spelare \u00f6ver hela v\u00e4rlden.<\/p><p><b>Ett arv av st\u00f6d:<\/b><\/p><p>Produktionen av denna upps\u00e4ttning m\u00f6jliggjordes genom st\u00f6d fr\u00e5n Massachusetts Cultural Council och Europeiska unionens ungdomsprogram.<\/p>\t\t\t\t\t\t\t\t<\/div>\n\t\t\t\t<\/div>\n\t\t\t\t<\/div>\n\t\t\t\t\t<\/div>\n\t\t\t\t<\/div>\n\t\t\t\t<\/div>","protected":false},"excerpt":{"rendered":"<p>The \u015eAH\u00ce Chess Set is more than just a game; it is a bridge between cultures, eras, and philosophies. Designed to evoke both imperial and royal sensations, the set draws its name from a term widely used in the Balkans and many Slavic languages to refer to the game of chess. The word &#8220;\u015eAH\u00ce&#8221; itself [&hellip;]<\/p>\n","protected":false},"author":1,"featured_media":0,"parent":743,"menu_order":0,"comment_status":"closed","ping_status":"closed","template":"","meta":{"footnotes":""},"class_list":["post-1016","page","type-page","status-publish","hentry"],"_links":{"self":[{"href":"https:\/\/shatranj.art\/sv\/wp-json\/wp\/v2\/pages\/1016","targetHints":{"allow":["GET"]}}],"collection":[{"href":"https:\/\/shatranj.art\/sv\/wp-json\/wp\/v2\/pages"}],"about":[{"href":"https:\/\/shatranj.art\/sv\/wp-json\/wp\/v2\/types\/page"}],"author":[{"embeddable":true,"href":"https:\/\/shatranj.art\/sv\/wp-json\/wp\/v2\/users\/1"}],"replies":[{"embeddable":true,"href":"https:\/\/shatranj.art\/sv\/wp-json\/wp\/v2\/comments?post=1016"}],"version-history":[{"count":19,"href":"https:\/\/shatranj.art\/sv\/wp-json\/wp\/v2\/pages\/1016\/revisions"}],"predecessor-version":[{"id":1601,"href":"https:\/\/shatranj.art\/sv\/wp-json\/wp\/v2\/pages\/1016\/revisions\/1601"}],"up":[{"embeddable":true,"href":"https:\/\/shatranj.art\/sv\/wp-json\/wp\/v2\/pages\/743"}],"wp:attachment":[{"href":"https:\/\/shatranj.art\/sv\/wp-json\/wp\/v2\/media?parent=1016"}],"curies":[{"name":"wp","href":"https:\/\/api.w.org\/{rel}","templated":true}]}}