{"id":1045,"date":"2026-02-22T18:00:08","date_gmt":"2026-02-22T18:00:08","guid":{"rendered":"https:\/\/shatranj.art\/?page_id=1045"},"modified":"2026-02-23T06:54:44","modified_gmt":"2026-02-23T06:54:44","slug":"poster-27","status":"publish","type":"page","link":"https:\/\/shatranj.art\/sv\/exhibit\/poster-27\/","title":{"rendered":"affisch 27"},"content":{"rendered":"<div data-elementor-type=\"wp-page\" data-elementor-id=\"1045\" class=\"elementor elementor-1045\" data-elementor-post-type=\"page\">\n\t\t\t\t<div class=\"elementor-element elementor-element-cb9e80e e-flex e-con-boxed e-con e-parent\" data-id=\"cb9e80e\" data-element_type=\"container\" data-e-type=\"container\" data-settings=\"{&quot;background_background&quot;:&quot;classic&quot;}\">\n\t\t\t\t\t<div class=\"e-con-inner\">\n\t\t<div class=\"elementor-element elementor-element-c0024d0 e-con-full e-flex e-con e-child\" data-id=\"c0024d0\" data-element_type=\"container\" data-e-type=\"container\">\n\t\t\t\t<div class=\"elementor-element elementor-element-99752bb elementor-widget elementor-widget-image\" data-id=\"99752bb\" data-element_type=\"widget\" data-e-type=\"widget\" data-widget_type=\"image.default\">\n\t\t\t\t<div class=\"elementor-widget-container\">\n\t\t\t\t\t\t\t\t\t\t\t\t\t\t\t<img fetchpriority=\"high\" decoding=\"async\" width=\"800\" height=\"720\" src=\"https:\/\/shatranj.art\/wp-content\/uploads\/2026\/02\/dede-takimi-kale-top-subotica.jpg\" class=\"attachment-large size-large wp-image-1047\" alt=\"\" srcset=\"https:\/\/shatranj.art\/wp-content\/uploads\/2026\/02\/dede-takimi-kale-top-subotica.jpg 1024w, https:\/\/shatranj.art\/wp-content\/uploads\/2026\/02\/dede-takimi-kale-top-subotica-300x270.jpg 300w, https:\/\/shatranj.art\/wp-content\/uploads\/2026\/02\/dede-takimi-kale-top-subotica-768x692.jpg 768w\" sizes=\"(max-width: 800px) 100vw, 800px\" \/>\t\t\t\t\t\t\t\t\t\t\t\t\t\t\t<\/div>\n\t\t\t\t<\/div>\n\t\t\t\t<div class=\"elementor-element elementor-element-d61bb1f elementor-widget elementor-widget-text-editor\" data-id=\"d61bb1f\" data-element_type=\"widget\" data-e-type=\"widget\" data-widget_type=\"text-editor.default\">\n\t\t\t\t<div class=\"elementor-widget-container\">\n\t\t\t\t\t\t\t\t\t<h3><b>Balkans kanoner<\/b><\/h3><p><b>Sydslavisk \u201cTop\u201d (Kanon) Design<\/b><\/p><p>I den sydslaviska traditionen skiftar tornets ikonografi fr\u00e5n arkitektur till artilleri. Eftersom pj\u00e4sen heter Top (som betyder \u201ckanon\u201d) har m\u00e5nga regionala m\u00f6nster, t.ex. den ber\u00f6mda Subotica-upps\u00e4ttningen, \u00f6vergett de traditionella tinnarna p\u00e5 ett slottstorn. Ist\u00e4llet f\u00e5r pj\u00e4sen en cylindrisk eller avsmalnande form med en konkav, koppliknande topp som liknar mynningen p\u00e5 en kanon. Denna utveckling \u00e5terspeglar de unika spr\u00e5kliga och kulturella skikten p\u00e5 Balkan, d\u00e4r turkiska, slaviska och \u00f6sterrikisk-ungerska influenser ofta ger pj\u00e4serna dubbla namn, till exempel Top och Kula (torn). Denna kulturella korsning belyser hur schack fungerar som en bro mellan olika historiska epoker och samh\u00e4llen.<\/p>\t\t\t\t\t\t\t\t<\/div>\n\t\t\t\t<\/div>\n\t\t\t\t<\/div>\n\t\t<div class=\"elementor-element elementor-element-d9490d4 e-con-full e-flex e-con e-child\" data-id=\"d9490d4\" data-element_type=\"container\" data-e-type=\"container\">\n\t\t\t\t<div class=\"elementor-element elementor-element-53c002b elementor-widget elementor-widget-image\" data-id=\"53c002b\" data-element_type=\"widget\" data-e-type=\"widget\" data-widget_type=\"image.default\">\n\t\t\t\t<div class=\"elementor-widget-container\">\n\t\t\t\t\t\t\t\t\t\t\t\t\t\t\t<img decoding=\"async\" width=\"800\" height=\"921\" src=\"https:\/\/shatranj.art\/wp-content\/uploads\/2026\/02\/rook-nishapur-889x1024.jpeg\" class=\"attachment-large size-large wp-image-1048\" alt=\"\" srcset=\"https:\/\/shatranj.art\/wp-content\/uploads\/2026\/02\/rook-nishapur-889x1024.jpeg 889w, https:\/\/shatranj.art\/wp-content\/uploads\/2026\/02\/rook-nishapur-261x300.jpeg 261w, https:\/\/shatranj.art\/wp-content\/uploads\/2026\/02\/rook-nishapur-768x884.jpeg 768w, https:\/\/shatranj.art\/wp-content\/uploads\/2026\/02\/rook-nishapur.jpeg 1042w\" sizes=\"(max-width: 800px) 100vw, 800px\" \/>\t\t\t\t\t\t\t\t\t\t\t\t\t\t\t<\/div>\n\t\t\t\t<\/div>\n\t\t\t\t<div class=\"elementor-element elementor-element-7b2ef7f elementor-widget elementor-widget-text-editor\" data-id=\"7b2ef7f\" data-element_type=\"widget\" data-e-type=\"widget\" data-widget_type=\"text-editor.default\">\n\t\t\t\t<div class=\"elementor-widget-container\">\n\t\t\t\t\t\t\t\t\t<p><b>Nishapur-tornet (Rukh)<\/b> <span style=\"font-weight: 400;\"><br \/><\/span><span style=\"font-weight: 400;\"><br \/><\/span>Detta stenstycke fr\u00e5n Nishapur \u00e4r ett gammalt torn, ursprungligen k\u00e4nt som Rukh. Medan den delade toppen p\u00e5 den moderna Bishop ofta felaktigt tillskrivs betarna p\u00e5 forntida elefantbitar, var det faktiskt det traditionella Rook som hade detta framtr\u00e4dande gap mellan tv\u00e5 h\u00f6ga kanter. Den V-formade silhuetten var en abstrakt representation av en stridsvagn och framh\u00e4vde det geometriska formspr\u00e5k som definierade tidiga persiska och medelhavsschackspel.<\/p>\t\t\t\t\t\t\t\t<\/div>\n\t\t\t\t<\/div>\n\t\t\t\t<\/div>\n\t\t<div class=\"elementor-element elementor-element-03fdcd4 e-con-full e-flex e-con e-child\" data-id=\"03fdcd4\" data-element_type=\"container\" data-e-type=\"container\">\n\t\t\t\t<div class=\"elementor-element elementor-element-05ec882 elementor-widget elementor-widget-image\" data-id=\"05ec882\" data-element_type=\"widget\" data-e-type=\"widget\" data-widget_type=\"image.default\">\n\t\t\t\t<div class=\"elementor-widget-container\">\n\t\t\t\t\t\t\t\t\t\t\t\t\t\t\t<img decoding=\"async\" width=\"800\" height=\"800\" src=\"https:\/\/shatranj.art\/wp-content\/uploads\/2026\/02\/shahi-rook-shahkrukh-piece-1024x1024.png\" class=\"attachment-large size-large wp-image-1049\" alt=\"\" srcset=\"https:\/\/shatranj.art\/wp-content\/uploads\/2026\/02\/shahi-rook-shahkrukh-piece-1024x1024.png 1024w, https:\/\/shatranj.art\/wp-content\/uploads\/2026\/02\/shahi-rook-shahkrukh-piece-300x300.png 300w, https:\/\/shatranj.art\/wp-content\/uploads\/2026\/02\/shahi-rook-shahkrukh-piece-150x150.png 150w, https:\/\/shatranj.art\/wp-content\/uploads\/2026\/02\/shahi-rook-shahkrukh-piece-768x768.png 768w, https:\/\/shatranj.art\/wp-content\/uploads\/2026\/02\/shahi-rook-shahkrukh-piece-1536x1536.png 1536w, https:\/\/shatranj.art\/wp-content\/uploads\/2026\/02\/shahi-rook-shahkrukh-piece-2048x2048.png 2048w\" sizes=\"(max-width: 800px) 100vw, 800px\" \/>\t\t\t\t\t\t\t\t\t\t\t\t\t\t\t<\/div>\n\t\t\t\t<\/div>\n\t\t\t\t<div class=\"elementor-element elementor-element-cb65d08 elementor-widget elementor-widget-text-editor\" data-id=\"cb65d08\" data-element_type=\"widget\" data-e-type=\"widget\" data-widget_type=\"text-editor.default\">\n\t\t\t\t<div class=\"elementor-widget-container\">\n\t\t\t\t\t\t\t\t\t<p><b>\u015eAH\u00ce set rook piece: Shahrukh<\/b><span style=\"font-weight: 400;\"><br \/><\/span><span style=\"font-weight: 400;\"><br \/><\/span>Shahrukh, uppkallad efter bef\u00e4lhavaren och schackm\u00e4staren Timurs son, betyder \u201dh\u00e4rskare, m\u00e4stare och magnifik av torn\u201d. Shahrukh blev en betydande beskyddare av vetenskap, kultur och konst. Termen \u201cRukh\u201d betyder krigsvagn och utvecklades till \u201croca\u201d, som betyder torn p\u00e5 spanska och italienska, vilket p\u00e5verkade schackpj\u00e4sernas design. Denna pj\u00e4s har historiskt kallats krigsvagn, torn, fartyg och kanon. \u015eahruh-pj\u00e4sen inneh\u00e5ller de rullande hjulen p\u00e5 en krigsvagn, tegelstenarna i ett torn, pipan p\u00e5 en kanon och ankaret p\u00e5 ett fartyg.<\/p>\t\t\t\t\t\t\t\t<\/div>\n\t\t\t\t<\/div>\n\t\t\t\t<\/div>\n\t\t\t\t\t<\/div>\n\t\t\t\t<\/div>\n\t\t\t\t<\/div>","protected":false},"excerpt":{"rendered":"<p>The Cannon of the Balkans South Slavic &#8220;Top&#8221; (Cannon) Design In the South Slavic tradition, the iconography of the rook shifts from architecture to artillery. Because the piece is named Top (meaning &#8220;Cannon&#8221;), many regional designs such as the famous Subotica set abandon the traditional battlements of a castle tower. Instead, the piece takes on [&hellip;]<\/p>\n","protected":false},"author":1,"featured_media":0,"parent":743,"menu_order":0,"comment_status":"closed","ping_status":"closed","template":"","meta":{"footnotes":""},"class_list":["post-1045","page","type-page","status-publish","hentry"],"_links":{"self":[{"href":"https:\/\/shatranj.art\/sv\/wp-json\/wp\/v2\/pages\/1045","targetHints":{"allow":["GET"]}}],"collection":[{"href":"https:\/\/shatranj.art\/sv\/wp-json\/wp\/v2\/pages"}],"about":[{"href":"https:\/\/shatranj.art\/sv\/wp-json\/wp\/v2\/types\/page"}],"author":[{"embeddable":true,"href":"https:\/\/shatranj.art\/sv\/wp-json\/wp\/v2\/users\/1"}],"replies":[{"embeddable":true,"href":"https:\/\/shatranj.art\/sv\/wp-json\/wp\/v2\/comments?post=1045"}],"version-history":[{"count":10,"href":"https:\/\/shatranj.art\/sv\/wp-json\/wp\/v2\/pages\/1045\/revisions"}],"predecessor-version":[{"id":1292,"href":"https:\/\/shatranj.art\/sv\/wp-json\/wp\/v2\/pages\/1045\/revisions\/1292"}],"up":[{"embeddable":true,"href":"https:\/\/shatranj.art\/sv\/wp-json\/wp\/v2\/pages\/743"}],"wp:attachment":[{"href":"https:\/\/shatranj.art\/sv\/wp-json\/wp\/v2\/media?parent=1045"}],"curies":[{"name":"wp","href":"https:\/\/api.w.org\/{rel}","templated":true}]}}