{"id":1136,"date":"2026-02-22T20:20:00","date_gmt":"2026-02-22T20:20:00","guid":{"rendered":"https:\/\/shatranj.art\/?page_id=1136"},"modified":"2026-02-23T09:27:46","modified_gmt":"2026-02-23T09:27:46","slug":"poster-32","status":"publish","type":"page","link":"https:\/\/shatranj.art\/sv\/exhibit\/poster-32\/","title":{"rendered":"affisch 32"},"content":{"rendered":"<div data-elementor-type=\"wp-page\" data-elementor-id=\"1136\" class=\"elementor elementor-1136\" data-elementor-post-type=\"page\">\n\t\t\t\t<div class=\"elementor-element elementor-element-e6ecba5 e-flex e-con-boxed e-con e-parent\" data-id=\"e6ecba5\" data-element_type=\"container\" data-e-type=\"container\" data-settings=\"{&quot;background_background&quot;:&quot;classic&quot;}\">\n\t\t\t\t\t<div class=\"e-con-inner\">\n\t\t<div class=\"elementor-element elementor-element-0433a85 e-con-full e-flex e-con e-child\" data-id=\"0433a85\" data-element_type=\"container\" data-e-type=\"container\">\n\t\t\t\t<div class=\"elementor-element elementor-element-4888e73 elementor-widget__width-initial elementor-widget-mobile__width-initial elementor-widget elementor-widget-image\" data-id=\"4888e73\" data-element_type=\"widget\" data-e-type=\"widget\" data-widget_type=\"image.default\">\n\t\t\t\t<div class=\"elementor-widget-container\">\n\t\t\t\t\t\t\t\t\t\t\t\t\t\t\t<img fetchpriority=\"high\" decoding=\"async\" width=\"800\" height=\"600\" src=\"https:\/\/shatranj.art\/wp-content\/uploads\/2024\/05\/il_1588xN.5358651901_7asf-1-1-1024x768.jpg\" class=\"attachment-large size-large wp-image-593\" alt=\"\" srcset=\"https:\/\/shatranj.art\/wp-content\/uploads\/2024\/05\/il_1588xN.5358651901_7asf-1-1-1024x768.jpg 1024w, https:\/\/shatranj.art\/wp-content\/uploads\/2024\/05\/il_1588xN.5358651901_7asf-1-1-300x225.jpg 300w, https:\/\/shatranj.art\/wp-content\/uploads\/2024\/05\/il_1588xN.5358651901_7asf-1-1-768x576.jpg 768w, https:\/\/shatranj.art\/wp-content\/uploads\/2024\/05\/il_1588xN.5358651901_7asf-1-1-1536x1152.jpg 1536w, https:\/\/shatranj.art\/wp-content\/uploads\/2024\/05\/il_1588xN.5358651901_7asf-1-1.jpg 1588w\" sizes=\"(max-width: 800px) 100vw, 800px\" \/>\t\t\t\t\t\t\t\t\t\t\t\t\t\t\t<\/div>\n\t\t\t\t<\/div>\n\t\t\t\t<div class=\"elementor-element elementor-element-7e4018a elementor-widget__width-initial elementor-widget-mobile__width-initial elementor-widget elementor-widget-image\" data-id=\"7e4018a\" data-element_type=\"widget\" data-e-type=\"widget\" data-widget_type=\"image.default\">\n\t\t\t\t<div class=\"elementor-widget-container\">\n\t\t\t\t\t\t\t\t\t\t\t\t\t\t\t<img decoding=\"async\" width=\"599\" height=\"515\" src=\"https:\/\/shatranj.art\/wp-content\/uploads\/2026\/02\/soviet-magnetic-set-baku-design.jpeg\" class=\"attachment-large size-large wp-image-1264\" alt=\"\" srcset=\"https:\/\/shatranj.art\/wp-content\/uploads\/2026\/02\/soviet-magnetic-set-baku-design.jpeg 599w, https:\/\/shatranj.art\/wp-content\/uploads\/2026\/02\/soviet-magnetic-set-baku-design-300x258.jpeg 300w, https:\/\/shatranj.art\/wp-content\/uploads\/2026\/02\/soviet-magnetic-set-baku-design-14x12.jpeg 14w\" sizes=\"(max-width: 599px) 100vw, 599px\" \/>\t\t\t\t\t\t\t\t\t\t\t\t\t\t\t<\/div>\n\t\t\t\t<\/div>\n\t\t\t\t<div class=\"elementor-element elementor-element-0bbe733 elementor-widget__width-initial elementor-widget-mobile__width-inherit elementor-widget elementor-widget-image\" data-id=\"0bbe733\" data-element_type=\"widget\" data-e-type=\"widget\" data-widget_type=\"image.default\">\n\t\t\t\t<div class=\"elementor-widget-container\">\n\t\t\t\t\t\t\t\t\t\t\t\t\t\t\t<img decoding=\"async\" width=\"564\" height=\"407\" src=\"https:\/\/shatranj.art\/wp-content\/uploads\/2026\/02\/soviet-chess-set-1.jpg\" class=\"attachment-large size-large wp-image-1263\" alt=\"\" srcset=\"https:\/\/shatranj.art\/wp-content\/uploads\/2026\/02\/soviet-chess-set-1.jpg 564w, https:\/\/shatranj.art\/wp-content\/uploads\/2026\/02\/soviet-chess-set-1-300x216.jpg 300w, https:\/\/shatranj.art\/wp-content\/uploads\/2026\/02\/soviet-chess-set-1-18x12.jpg 18w\" sizes=\"(max-width: 564px) 100vw, 564px\" \/>\t\t\t\t\t\t\t\t\t\t\t\t\t\t\t<\/div>\n\t\t\t\t<\/div>\n\t\t\t\t<div class=\"elementor-element elementor-element-0c9e576 elementor-widget__width-initial elementor-widget-mobile__width-inherit elementor-widget elementor-widget-image\" data-id=\"0c9e576\" data-element_type=\"widget\" data-e-type=\"widget\" data-widget_type=\"image.default\">\n\t\t\t\t<div class=\"elementor-widget-container\">\n\t\t\t\t\t\t\t\t\t\t\t\t\t\t\t<img loading=\"lazy\" decoding=\"async\" width=\"683\" height=\"1024\" src=\"https:\/\/shatranj.art\/wp-content\/uploads\/2026\/02\/tamerkaratekin-yenisafak-tam-683x1024.jpg\" class=\"attachment-large size-large wp-image-1265\" alt=\"\" srcset=\"https:\/\/shatranj.art\/wp-content\/uploads\/2026\/02\/tamerkaratekin-yenisafak-tam-683x1024.jpg 683w, https:\/\/shatranj.art\/wp-content\/uploads\/2026\/02\/tamerkaratekin-yenisafak-tam-200x300.jpg 200w, https:\/\/shatranj.art\/wp-content\/uploads\/2026\/02\/tamerkaratekin-yenisafak-tam-8x12.jpg 8w, https:\/\/shatranj.art\/wp-content\/uploads\/2026\/02\/tamerkaratekin-yenisafak-tam.jpg 720w\" sizes=\"(max-width: 683px) 100vw, 683px\" \/>\t\t\t\t\t\t\t\t\t\t\t\t\t\t\t<\/div>\n\t\t\t\t<\/div>\n\t\t\t\t<\/div>\n\t\t<div class=\"elementor-element elementor-element-14728a8 e-con-full e-flex e-con e-child\" data-id=\"14728a8\" data-element_type=\"container\" data-e-type=\"container\">\n\t\t\t\t<div class=\"elementor-element elementor-element-98fcbd1 elementor-widget__width-initial elementor-widget-tablet__width-inherit elementor-widget elementor-widget-text-editor\" data-id=\"98fcbd1\" data-element_type=\"widget\" data-e-type=\"widget\" data-widget_type=\"text-editor.default\">\n\t\t\t\t<div class=\"elementor-widget-container\">\n\t\t\t\t\t\t\t\t\t<div class=\"elementor-element elementor-element-486eb829 elementor-widget__width-auto elementor-widget elementor-widget-text-editor\" data-id=\"486eb829\" data-element_type=\"widget\" data-widget_type=\"text-editor.default\"><div class=\"elementor-widget-container\"><p><b>Broar \u00f6ver gr\u00e4nser: Balkan och det socialistiska arvet (1950-1991)<\/b><span style=\"font-weight: 400;\"> \u265f\ufe0f<\/span><\/p><p>Denna samling b\u00e4rbara schackspel representerar en unik sk\u00e4rningspunkt mellan balkanska, slaviska, sovjetiska och turkiska kulturer. Snarare \u00e4n att \u00e5terspegla ett enda politiskt block, illustrerar dessa pj\u00e4ser ett m\u00e5ngsidigt intellektuellt landskap d\u00e4r distinkta m\u00f6nster blomstrade fr\u00e5n de alliansfria regionerna i Jugoslavien till hj\u00e4rtat av Sovjetunionen. F\u00f6r Tamer Karatekin, Turkiets nationella schackm\u00e4stare 2000 och FIDE-m\u00e4stare, fungerar dessa upps\u00e4ttningar som en personlig karta \u00f6ver hans utvecklingsresa och professionella milstolpar.<\/p><ul><li style=\"font-weight: 400;\" aria-level=\"1\"><b>Den bulgariska magnetupps\u00e4ttningen<\/b><span style=\"font-weight: 400;\">: En Balkan-design d\u00e4r Tamer f\u00f6rst l\u00e4rde sig spelet av sin far. Den har icke-religi\u00f6sa symboler, ett vanligt k\u00e4nnetecken f\u00f6r spel avsedda f\u00f6r bred regional anv\u00e4ndning.<\/span><\/li><li style=\"font-weight: 400;\" aria-level=\"1\"><b>Soviet Plastic Set i hopf\u00e4llbar tr\u00e4l\u00e5da<\/b><span style=\"font-weight: 400;\">: En klassisk, h\u00e5llbar design som fungerade som slagf\u00e4lt f\u00f6r otaliga spel mellan Tamer och hans farfar i deras sommarhus n\u00e4ra Silivri i Istanbul.<\/span><\/li><li style=\"font-weight: 400;\" aria-level=\"1\"><b>Magnetiskt reseset med sovjetisk Baku-design<\/b><span style=\"font-weight: 400;\">: Ett studieverktyg fr\u00e5n sovjettiden som Tamer anv\u00e4nde f\u00f6r att analysera m\u00e4starspel och f\u00f6rfina sina egna strategier.<\/span><\/li><li style=\"font-weight: 400;\" aria-level=\"1\"><b>Designupps\u00e4ttningen Subotica (Makedonien, Jugoslavien)<\/b><span style=\"font-weight: 400;\">: Den ikoniska jugoslaviska upps\u00e4ttningen Tamer brukade studera schack i sitt familjehem i Istanbuls gamla stadsdel. Tamer spelade m\u00e5nga partier med sin farfar, M\u00fccahit Kor\u00e7a, och l\u00e4rde sig spelets finesser genom just dessa pj\u00e4ser. Kor\u00e7a var en livsl\u00e5ng utbildare i fysik och spr\u00e5k och en banbrytande forskare som f\u00f6rfattade en av de f\u00f6rsta jugoslavisk-turkiska och albansk-turkiska ordb\u00f6ckerna p\u00e5 Balkan.<\/span><\/li><li style=\"font-weight: 400;\" aria-level=\"1\"><b>Upps\u00e4ttningen Varna 1962 \/ \u201cGambit\u201d<\/b><span style=\"font-weight: 400;\">: Denna specifika stil, som ursprungligen inspirerades av 1962 \u00e5rs Varnaolympiad och f\u00f6rdes till Turkiet av turkiska invandrare fr\u00e5n Bulgarien, var den officiella upps\u00e4ttningen f\u00f6r 2000 \u00e5rs turkiska schackm\u00e4sterskap, d\u00e4r Tamer kr\u00f6ntes till nationell m\u00e4stare. Samma designset kan ses i Tamers fotobakgrund som ett foto av honom n\u00e4r han spelar schack i en mycket yngre \u00e5lder. Mest anm\u00e4rkningsv\u00e4rt \u00e4r att det var exakt samma design som anv\u00e4ndes i Tamers uppvisningsmatcher 1997 som slutade oavgjort mot legendarerna Garry Kasparov och Anatoly Karpov.<\/span><\/li><\/ul><\/div><\/div>\t\t\t\t\t\t\t\t<\/div>\n\t\t\t\t<\/div>\n\t\t\t\t<\/div>\n\t\t\t\t\t<\/div>\n\t\t\t\t<\/div>\n\t\t\t\t<\/div>","protected":false},"excerpt":{"rendered":"<p>Bridges Across Borders: The Balkan and Socialist Legacy (1950\u20131991) \u265f\ufe0f This collection of portable chess sets represents a unique intersection of Balkan, Slavic, Soviet, and Turkish cultures. Rather than reflecting a single political bloc, these pieces illustrate a diverse intellectual landscape where distinct designs flourished from the Non-Aligned regions of Yugoslavia to the heart of [&hellip;]<\/p>\n","protected":false},"author":1,"featured_media":0,"parent":743,"menu_order":0,"comment_status":"closed","ping_status":"closed","template":"","meta":{"footnotes":""},"class_list":["post-1136","page","type-page","status-publish","hentry"],"_links":{"self":[{"href":"https:\/\/shatranj.art\/sv\/wp-json\/wp\/v2\/pages\/1136","targetHints":{"allow":["GET"]}}],"collection":[{"href":"https:\/\/shatranj.art\/sv\/wp-json\/wp\/v2\/pages"}],"about":[{"href":"https:\/\/shatranj.art\/sv\/wp-json\/wp\/v2\/types\/page"}],"author":[{"embeddable":true,"href":"https:\/\/shatranj.art\/sv\/wp-json\/wp\/v2\/users\/1"}],"replies":[{"embeddable":true,"href":"https:\/\/shatranj.art\/sv\/wp-json\/wp\/v2\/comments?post=1136"}],"version-history":[{"count":16,"href":"https:\/\/shatranj.art\/sv\/wp-json\/wp\/v2\/pages\/1136\/revisions"}],"predecessor-version":[{"id":1383,"href":"https:\/\/shatranj.art\/sv\/wp-json\/wp\/v2\/pages\/1136\/revisions\/1383"}],"up":[{"embeddable":true,"href":"https:\/\/shatranj.art\/sv\/wp-json\/wp\/v2\/pages\/743"}],"wp:attachment":[{"href":"https:\/\/shatranj.art\/sv\/wp-json\/wp\/v2\/media?parent=1136"}],"curies":[{"name":"wp","href":"https:\/\/api.w.org\/{rel}","templated":true}]}}