{"id":1465,"date":"2026-02-24T06:30:11","date_gmt":"2026-02-24T06:30:11","guid":{"rendered":"https:\/\/shatranj.art\/?page_id=1465"},"modified":"2026-02-24T07:42:10","modified_gmt":"2026-02-24T07:42:10","slug":"affisch-35","status":"publish","type":"page","link":"https:\/\/shatranj.art\/sv\/exhibit\/affisch-35\/","title":{"rendered":"affisch-35"},"content":{"rendered":"<div data-elementor-type=\"wp-page\" data-elementor-id=\"1465\" class=\"elementor elementor-1465\" data-elementor-post-type=\"page\">\n\t\t\t\t<div class=\"elementor-element elementor-element-08b263e e-flex e-con-boxed e-con e-parent\" data-id=\"08b263e\" data-element_type=\"container\" data-e-type=\"container\" data-settings=\"{&quot;background_background&quot;:&quot;classic&quot;}\">\n\t\t\t\t\t<div class=\"e-con-inner\">\n\t\t<div class=\"elementor-element elementor-element-7869a40 e-con-full e-flex e-con e-child\" data-id=\"7869a40\" data-element_type=\"container\" data-e-type=\"container\">\n\t\t\t\t<div class=\"elementor-element elementor-element-1c616f4 elementor-widget elementor-widget-image\" data-id=\"1c616f4\" data-element_type=\"widget\" data-e-type=\"widget\" data-widget_type=\"image.default\">\n\t\t\t\t<div class=\"elementor-widget-container\">\n\t\t\t\t\t\t\t\t\t\t\t\t\t\t\t<img fetchpriority=\"high\" decoding=\"async\" width=\"453\" height=\"371\" src=\"https:\/\/shatranj.art\/wp-content\/uploads\/2026\/02\/Cambridge_Springs_Staunton_Chessmen.jpg\" class=\"attachment-full size-full wp-image-1468\" alt=\"\" srcset=\"https:\/\/shatranj.art\/wp-content\/uploads\/2026\/02\/Cambridge_Springs_Staunton_Chessmen.jpg 453w, https:\/\/shatranj.art\/wp-content\/uploads\/2026\/02\/Cambridge_Springs_Staunton_Chessmen-300x246.jpg 300w, https:\/\/shatranj.art\/wp-content\/uploads\/2026\/02\/Cambridge_Springs_Staunton_Chessmen-15x12.jpg 15w\" sizes=\"(max-width: 453px) 100vw, 453px\" \/>\t\t\t\t\t\t\t\t\t\t\t\t\t\t\t<\/div>\n\t\t\t\t<\/div>\n\t\t\t\t<div class=\"elementor-element elementor-element-a5ffbc0 elementor-widget elementor-widget-text-editor\" data-id=\"a5ffbc0\" data-element_type=\"widget\" data-e-type=\"widget\" data-widget_type=\"text-editor.default\">\n\t\t\t\t<div class=\"elementor-widget-container\">\n\t\t\t\t\t\t\t\t\t<h3 data-path-to-node=\"0\">1904 \u00e5rs internationella upps\u00e4ttning i Cambridge Springs<\/h3><p data-path-to-node=\"2\">Den internationella schackkongressen 1904 i Cambridge Springs, Pennsylvania, markerade en historisk milstolpe som den f\u00f6rsta stora internationella turneringen som arrangerades i USA. Detta evenemang blev ett avg\u00f6rande \u00f6gonblick f\u00f6r schackets guld\u00e5lder och utgjorde en bro mellan de klassiska europeiska traditionerna och den amerikanska schackscenens framv\u00e4xt.<\/p><p data-path-to-node=\"2\">\u00a0<\/p><p data-path-to-node=\"3\"><strong>En samling av legendariska m\u00e4stare<\/strong><\/p><p data-path-to-node=\"3\">\u00a0<\/p><p data-path-to-node=\"4\">I turneringen deltog sexton av v\u00e4rldens mest framst\u00e5ende spelare, vilket gjorde den till en av de starkaste t\u00e4vlingarna i b\u00f6rjan av 1900-talet. Uppst\u00e4llningen inkluderade:<\/p><p data-path-to-node=\"5,0,0\">Emanuel Lasker: Den regerande v\u00e4rldsm\u00e4staren och en dominerande kraft inom schackstrategi.<\/p><p data-path-to-node=\"5,1,0\">Mikhail Chigorin: Den legendariske ryske m\u00e4staren och en av pionj\u00e4rerna i den sovjetiska schackskolan.<\/p><p data-path-to-node=\"5,2,0\">Dawid Janowski: En briljant polsk-fransk taktiker som \u00e4r k\u00e4nd f\u00f6r sitt aggressiva och kreativa spel.<\/p><p data-path-to-node=\"5,3,0\">Frank James Marshall: Den unge amerikanske utmanaren som chockade v\u00e4rlden genom att vinna turneringen obesegrad och sluta f\u00f6re v\u00e4rldsm\u00e4staren.<\/p><p data-path-to-node=\"5,4,0\">Andra framst\u00e5ende deltagare var Harry Nelson Pillsbury, Carl Schlechter och Richard Teichmann.<\/p><p data-path-to-node=\"5,4,0\">\u00a0<\/p><p>Avl\u00e4gsnandet av kungens kors fr\u00e5n Stauntons ursprungliga design var ett avsiktligt steg mot inkludering, som hedrade de internationella spelarnas olika bakgrunder genom att \u00e5terf\u00f6ra spelet till dess sekul\u00e4ra och abstrakta r\u00f6tter. Denna design etablerade schackbr\u00e4det som en neutral arena f\u00f6r logik, fri fr\u00e5n specifika religi\u00f6sa konnotationer.<\/p>\t\t\t\t\t\t\t\t<\/div>\n\t\t\t\t<\/div>\n\t\t\t\t<div class=\"elementor-element elementor-element-26ec034 elementor-widget elementor-widget-image\" data-id=\"26ec034\" data-element_type=\"widget\" data-e-type=\"widget\" data-widget_type=\"image.default\">\n\t\t\t\t<div class=\"elementor-widget-container\">\n\t\t\t\t\t\t\t\t\t\t\t\t\t\t\t<img decoding=\"async\" width=\"413\" height=\"520\" src=\"https:\/\/shatranj.art\/wp-content\/uploads\/2026\/02\/1904-cambridge-springs-chess-tournament.jpeg\" class=\"attachment-full size-full wp-image-1517\" alt=\"\" srcset=\"https:\/\/shatranj.art\/wp-content\/uploads\/2026\/02\/1904-cambridge-springs-chess-tournament.jpeg 413w, https:\/\/shatranj.art\/wp-content\/uploads\/2026\/02\/1904-cambridge-springs-chess-tournament-238x300.jpeg 238w, https:\/\/shatranj.art\/wp-content\/uploads\/2026\/02\/1904-cambridge-springs-chess-tournament-10x12.jpeg 10w\" sizes=\"(max-width: 413px) 100vw, 413px\" \/>\t\t\t\t\t\t\t\t\t\t\t\t\t\t\t<\/div>\n\t\t\t\t<\/div>\n\t\t\t\t<\/div>\n\t\t\t\t\t<\/div>\n\t\t\t\t<\/div>\n\t\t\t\t<\/div>","protected":false},"excerpt":{"rendered":"<p>The 1904 Cambridge Springs International Set The 1904 International Chess Congress in Cambridge Springs, Pennsylvania, marked a historic milestone as the first major international tournament hosted in the United States. This event became a defining moment for the Golden Age of chess, representing a bridge between the classic European traditions and the rising prominence of [&hellip;]<\/p>\n","protected":false},"author":1,"featured_media":0,"parent":743,"menu_order":0,"comment_status":"closed","ping_status":"closed","template":"","meta":{"footnotes":""},"class_list":["post-1465","page","type-page","status-publish","hentry"],"_links":{"self":[{"href":"https:\/\/shatranj.art\/sv\/wp-json\/wp\/v2\/pages\/1465","targetHints":{"allow":["GET"]}}],"collection":[{"href":"https:\/\/shatranj.art\/sv\/wp-json\/wp\/v2\/pages"}],"about":[{"href":"https:\/\/shatranj.art\/sv\/wp-json\/wp\/v2\/types\/page"}],"author":[{"embeddable":true,"href":"https:\/\/shatranj.art\/sv\/wp-json\/wp\/v2\/users\/1"}],"replies":[{"embeddable":true,"href":"https:\/\/shatranj.art\/sv\/wp-json\/wp\/v2\/comments?post=1465"}],"version-history":[{"count":17,"href":"https:\/\/shatranj.art\/sv\/wp-json\/wp\/v2\/pages\/1465\/revisions"}],"predecessor-version":[{"id":1520,"href":"https:\/\/shatranj.art\/sv\/wp-json\/wp\/v2\/pages\/1465\/revisions\/1520"}],"up":[{"embeddable":true,"href":"https:\/\/shatranj.art\/sv\/wp-json\/wp\/v2\/pages\/743"}],"wp:attachment":[{"href":"https:\/\/shatranj.art\/sv\/wp-json\/wp\/v2\/media?parent=1465"}],"curies":[{"name":"wp","href":"https:\/\/api.w.org\/{rel}","templated":true}]}}