{"id":1543,"date":"2026-02-24T08:36:27","date_gmt":"2026-02-24T08:36:27","guid":{"rendered":"https:\/\/shatranj.art\/?page_id=1543"},"modified":"2026-02-24T08:53:53","modified_gmt":"2026-02-24T08:53:53","slug":"affisch-41","status":"publish","type":"page","link":"https:\/\/shatranj.art\/sv\/exhibit\/affisch-41\/","title":{"rendered":"affisch-41"},"content":{"rendered":"<div data-elementor-type=\"wp-page\" data-elementor-id=\"1543\" class=\"elementor elementor-1543\" data-elementor-post-type=\"page\">\n\t\t\t\t<div class=\"elementor-element elementor-element-7a8daa7 e-flex e-con-boxed e-con e-parent\" data-id=\"7a8daa7\" data-element_type=\"container\" data-e-type=\"container\" data-settings=\"{&quot;background_background&quot;:&quot;classic&quot;}\">\n\t\t\t\t\t<div class=\"e-con-inner\">\n\t\t<div class=\"elementor-element elementor-element-26be55b e-con-full e-flex e-con e-child\" data-id=\"26be55b\" data-element_type=\"container\" data-e-type=\"container\">\n\t\t\t\t<div class=\"elementor-element elementor-element-3278af1 elementor-widget elementor-widget-image\" data-id=\"3278af1\" data-element_type=\"widget\" data-e-type=\"widget\" data-widget_type=\"image.default\">\n\t\t\t\t<div class=\"elementor-widget-container\">\n\t\t\t\t\t\t\t\t\t\t\t\t\t\t\t<img fetchpriority=\"high\" decoding=\"async\" width=\"1280\" height=\"960\" src=\"https:\/\/shatranj.art\/wp-content\/uploads\/2026\/02\/Sahi_Cannon_at_Fort_Nelson_UK.jpg\" class=\"attachment-full size-full wp-image-1545\" alt=\"\" srcset=\"https:\/\/shatranj.art\/wp-content\/uploads\/2026\/02\/Sahi_Cannon_at_Fort_Nelson_UK.jpg 1280w, https:\/\/shatranj.art\/wp-content\/uploads\/2026\/02\/Sahi_Cannon_at_Fort_Nelson_UK-300x225.jpg 300w, https:\/\/shatranj.art\/wp-content\/uploads\/2026\/02\/Sahi_Cannon_at_Fort_Nelson_UK-1024x768.jpg 1024w, https:\/\/shatranj.art\/wp-content\/uploads\/2026\/02\/Sahi_Cannon_at_Fort_Nelson_UK-768x576.jpg 768w, https:\/\/shatranj.art\/wp-content\/uploads\/2026\/02\/Sahi_Cannon_at_Fort_Nelson_UK-16x12.jpg 16w\" sizes=\"(max-width: 1280px) 100vw, 1280px\" \/>\t\t\t\t\t\t\t\t\t\t\t\t\t\t\t<\/div>\n\t\t\t\t<\/div>\n\t\t\t\t<div class=\"elementor-element elementor-element-6723efb elementor-widget elementor-widget-text-editor\" data-id=\"6723efb\" data-element_type=\"widget\" data-e-type=\"widget\" data-widget_type=\"text-editor.default\">\n\t\t\t\t<div class=\"elementor-widget-container\">\n\t\t\t\t\t\t\t\t\t<h3><b>Ursprunget till ordet \u015eAH\u00ce och dess koppling till schackspelets utveckling\u00a0<\/b><\/h3><p>SHAH (\u015eAHAH) \u00e4r en term som anv\u00e4nds i m\u00e5nga slaviska spr\u00e5k f\u00f6r schack. Det tyska ordet \u201cschach\u201d, det franska \u201c\u00e9checs\u201d och det engelska \u201cchess\u201d \u00e4r alla fonetiskt h\u00e4rledda fr\u00e5n ordet \u201cshah\u201d. Termen \u201c\u015eAH\u00ce\u201d som adjektiv betyder kunglig eller specifik f\u00f6r shahen. Det anv\u00e4nds ocks\u00e5 i litter\u00e4ra texter f\u00f6r att betyda stark och magnifik.<\/p><p>\u00a0<\/p><p>Kanonen \u015eAH\u00ce, som designats av den ungerske ingenj\u00f6ren Orban, spelade en avg\u00f6rande roll n\u00e4r Konstantinopels massiva murar och torn br\u00f6ts igenom under bel\u00e4gringen 1453, som leddes av sultanen Mehmed fr\u00e5n Fatih, och symboliserade en revolutionerande f\u00f6r\u00e4ndring i bel\u00e4gringskrigf\u00f6ringen.<\/p><p>\u00a0<\/p><p>Tre \u00e5rhundraden efter er\u00f6vringen av Istanbul, under Dardanellerna 1807, avfyrades en annan hundra\u00e5rig \u015eAH\u00ce-kanon mot brittiska fartyg, vilket orsakade betydande f\u00f6rluster. Den osmanska sultanen Abd\u00fclaziz sk\u00e4nkte denna kanon till drottning Victoria 1866. Ovanst\u00e5ende foto av \u015eAH\u00ce-kanonen \u00e4r fr\u00e5n Fort Nelson i Storbritannien.<\/p><p>\u00a0<\/p><p>Namnet \u015eAH\u00ce symboliserar tornets utveckling p\u00e5 olika spr\u00e5k, fr\u00e5n stridsvagn till torn, fr\u00e5n kanon till skepp, vilket \u00e5terspeglar schackspelets utveckling.<\/p><p>\u00a0<\/p><p>Schackspelet \u015eAH\u00ce har designats av Tamer Karatekin, en f\u00f6re detta f\u00f6rstabordsspelare i Massachusetts Institute of Technologys schacklag och en erfaren schackpedagog. Det representerar p\u00e5 ett elegant s\u00e4tt schackets historia och utveckling och \u00e4r utformat f\u00f6r b\u00e5de utbildning och turneringsbruk. Det \u00e4r utformat f\u00f6r att vara kulturellt och andligt inkluderande. Produktionen har f\u00e5tt st\u00f6d av bidrag fr\u00e5n Massachusetts Cultural Council och Europeiska unionens Erasmus+ Youth program.<\/p><p>\u00a0<\/p><p>L\u00e4s mer om \u015eAH\u00ce:s designhistoria p\u00e5\u00a0 \u00a0<a href=\"http:\/\/www.shahimasterset.com\/\">www.shahimasterset.com<\/a><\/p><p>Kolla ocks\u00e5 in v\u00e5ra relaterade projekt:<br \/>Schackbaserad AI-l\u00e4roplan: <a href=\"http:\/\/www.shatranj.ai\/\">shatranj.ai<\/a><\/p><p>Historisk utst\u00e4llning om tankespel: <a href=\"https:\/\/shatranj.art\/sv\/\">shatranj.art<\/a><\/p>\t\t\t\t\t\t\t\t<\/div>\n\t\t\t\t<\/div>\n\t\t\t\t<div class=\"elementor-element elementor-element-7946825 elementor-widget elementor-widget-image\" data-id=\"7946825\" data-element_type=\"widget\" data-e-type=\"widget\" data-widget_type=\"image.default\">\n\t\t\t\t<div class=\"elementor-widget-container\">\n\t\t\t\t\t\t\t\t\t\t\t\t\t\t\t<img decoding=\"async\" width=\"559\" height=\"397\" src=\"https:\/\/shatranj.art\/wp-content\/uploads\/2026\/02\/shahi-engish-brochure-A6-page1.png\" class=\"attachment-full size-full wp-image-1548\" alt=\"\" srcset=\"https:\/\/shatranj.art\/wp-content\/uploads\/2026\/02\/shahi-engish-brochure-A6-page1.png 559w, https:\/\/shatranj.art\/wp-content\/uploads\/2026\/02\/shahi-engish-brochure-A6-page1-300x213.png 300w, https:\/\/shatranj.art\/wp-content\/uploads\/2026\/02\/shahi-engish-brochure-A6-page1-18x12.png 18w\" sizes=\"(max-width: 559px) 100vw, 559px\" \/>\t\t\t\t\t\t\t\t\t\t\t\t\t\t\t<\/div>\n\t\t\t\t<\/div>\n\t\t\t\t<\/div>\n\t\t\t\t\t<\/div>\n\t\t\t\t<\/div>\n\t\t\t\t<\/div>","protected":false},"excerpt":{"rendered":"<p>The origins of the \u015eAH\u00ce\u00a0 word and its connection to the evolution of chess\u00a0 SHAH (\u015eAH) is a term used in many Slavic languages for chess. The German word &#8220;schach,&#8221; French &#8220;\u00e9checs,&#8221; and English &#8220;chess&#8221; are all phonetically derived from the word &#8220;shah.&#8221; The term &#8220;\u015eAH\u00ce&#8221; as an adjective means royal or specific to the [&hellip;]<\/p>\n","protected":false},"author":1,"featured_media":0,"parent":743,"menu_order":0,"comment_status":"closed","ping_status":"closed","template":"","meta":{"footnotes":""},"class_list":["post-1543","page","type-page","status-publish","hentry"],"_links":{"self":[{"href":"https:\/\/shatranj.art\/sv\/wp-json\/wp\/v2\/pages\/1543","targetHints":{"allow":["GET"]}}],"collection":[{"href":"https:\/\/shatranj.art\/sv\/wp-json\/wp\/v2\/pages"}],"about":[{"href":"https:\/\/shatranj.art\/sv\/wp-json\/wp\/v2\/types\/page"}],"author":[{"embeddable":true,"href":"https:\/\/shatranj.art\/sv\/wp-json\/wp\/v2\/users\/1"}],"replies":[{"embeddable":true,"href":"https:\/\/shatranj.art\/sv\/wp-json\/wp\/v2\/comments?post=1543"}],"version-history":[{"count":10,"href":"https:\/\/shatranj.art\/sv\/wp-json\/wp\/v2\/pages\/1543\/revisions"}],"predecessor-version":[{"id":1557,"href":"https:\/\/shatranj.art\/sv\/wp-json\/wp\/v2\/pages\/1543\/revisions\/1557"}],"up":[{"embeddable":true,"href":"https:\/\/shatranj.art\/sv\/wp-json\/wp\/v2\/pages\/743"}],"wp:attachment":[{"href":"https:\/\/shatranj.art\/sv\/wp-json\/wp\/v2\/media?parent=1543"}],"curies":[{"name":"wp","href":"https:\/\/api.w.org\/{rel}","templated":true}]}}