{"id":756,"date":"2026-02-21T09:44:01","date_gmt":"2026-02-21T09:44:01","guid":{"rendered":"https:\/\/shatranj.art\/?page_id=756"},"modified":"2026-03-02T06:56:13","modified_gmt":"2026-03-02T06:56:13","slug":"poster-1","status":"publish","type":"page","link":"https:\/\/shatranj.art\/sv\/exhibit\/poster-1\/","title":{"rendered":"affisch 1"},"content":{"rendered":"<div data-elementor-type=\"wp-page\" data-elementor-id=\"756\" class=\"elementor elementor-756\" data-elementor-post-type=\"page\">\n\t\t\t\t<div class=\"elementor-element elementor-element-5b2de3e e-flex e-con-boxed e-con e-parent\" data-id=\"5b2de3e\" data-element_type=\"container\" data-e-type=\"container\" data-settings=\"{&quot;background_background&quot;:&quot;classic&quot;}\">\n\t\t\t\t\t<div class=\"e-con-inner\">\n\t\t\t\t<div class=\"elementor-element elementor-element-2eb0d79 elementor-widget__width-initial elementor-widget elementor-widget-heading\" data-id=\"2eb0d79\" data-element_type=\"widget\" data-e-type=\"widget\" data-widget_type=\"heading.default\">\n\t\t\t\t<div class=\"elementor-widget-container\">\n\t\t\t\t\t<h1 class=\"elementor-heading-title elementor-size-default\">Spanska schackpj\u00e4sernas utveckling fr\u00e5n historiskt schack (acedrex) till modernt schack (ajedrez)<\/h1>\t\t\t\t<\/div>\n\t\t\t\t<\/div>\n\t\t\t\t<div class=\"elementor-element elementor-element-c101d50 elementor-widget elementor-widget-image\" data-id=\"c101d50\" data-element_type=\"widget\" data-e-type=\"widget\" data-widget_type=\"image.default\">\n\t\t\t\t<div class=\"elementor-widget-container\">\n\t\t\t\t\t\t\t\t\t\t\t\t\t\t\t<img fetchpriority=\"high\" decoding=\"async\" width=\"543\" height=\"755\" src=\"https:\/\/shatranj.art\/wp-content\/uploads\/2026\/02\/f82v-Grant-Acedrex.jpg\" class=\"attachment-full size-full wp-image-840\" alt=\"\" srcset=\"https:\/\/shatranj.art\/wp-content\/uploads\/2026\/02\/f82v-Grant-Acedrex.jpg 543w, https:\/\/shatranj.art\/wp-content\/uploads\/2026\/02\/f82v-Grant-Acedrex-216x300.jpg 216w\" sizes=\"(max-width: 543px) 100vw, 543px\" \/>\t\t\t\t\t\t\t\t\t\t\t\t\t\t\t<\/div>\n\t\t\t\t<\/div>\n\t\t\t\t<div class=\"elementor-element elementor-element-51d15d1 elementor-widget elementor-widget-text-editor\" data-id=\"51d15d1\" data-element_type=\"widget\" data-e-type=\"widget\" data-widget_type=\"text-editor.default\">\n\t\t\t\t<div class=\"elementor-widget-container\">\n\t\t\t\t\t\t\t\t\t<h3 data-path-to-node=\"2\"><b data-path-to-node=\"2\" data-index-in-node=\"0\">1. Det spr\u00e5kliga skiftet: Fr\u00e5n X till J<\/b><\/h3><p data-path-to-node=\"3\">Skillnaden mellan Acedrex och Ajedrez illustrerar den fonetiska utvecklingen av det spanska spr\u00e5ket n\u00e4r man f\u00f6rs\u00f6kte anpassa det ursprungliga arabiska namnet p\u00e5 spelet:<\/p><ul data-path-to-node=\"4\"><li><p data-path-to-node=\"4,0,0\"><b data-path-to-node=\"4,0,0\" data-index-in-node=\"0\">A<\/b><strong>cedrex (1200-talet):\u00a0<\/strong>Detta \u00e4r den prim\u00e4ra stavning som anv\u00e4nds i kung Alfonso X:s avhandling fr\u00e5n 1283, <i data-path-to-node=\"4,0,0\" data-index-in-node=\"97\">Boken om Acedrex<\/i>. Vid den h\u00e4r tiden anv\u00e4ndes \u201cc\u201d (f\u00f6re \u201ce\u201d) och \u201cx\u201d f\u00f6r att fonetiskt f\u00e5nga \u201csh\u201d-ljudet som \u00e4rvts fr\u00e5n det arabiska <i data-path-to-node=\"4,0,0\" data-index-in-node=\"234\">Shatranj<\/i>.<\/p><\/li><li><p data-path-to-node=\"4,1,0\"><b data-path-to-node=\"4,1,0\" data-index-in-node=\"0\">Ajedrez (1400-talet):<\/b> I takt med att spr\u00e5ket utvecklades \u00f6vergick \u201csh\u201d-ljudet till det moderna, gutturala \u201cj\u201d (det <i data-path-to-node=\"4,1,0\" data-index-in-node=\"112\">jota<\/i>). N\u00e4r Luis Ram\u00edrez de Lucena publicerade sitt banbrytande verk 1497 hade stavningen \u00f6verg\u00e5tt till den moderna formen.<\/p><\/li><\/ul>\t\t\t\t\t\t\t\t<\/div>\n\t\t\t\t<\/div>\n\t\t\t\t<div class=\"elementor-element elementor-element-868b6ed elementor-widget elementor-widget-image\" data-id=\"868b6ed\" data-element_type=\"widget\" data-e-type=\"widget\" data-widget_type=\"image.default\">\n\t\t\t\t<div class=\"elementor-widget-container\">\n\t\t\t\t\t\t\t\t\t\t\t\t\t\t\t<img decoding=\"async\" width=\"2560\" height=\"2560\" src=\"https:\/\/shatranj.art\/wp-content\/uploads\/2026\/02\/elephant-move-board-scaled.jpg\" class=\"attachment-full size-full wp-image-839\" alt=\"\" srcset=\"https:\/\/shatranj.art\/wp-content\/uploads\/2026\/02\/elephant-move-board-scaled.jpg 2560w, https:\/\/shatranj.art\/wp-content\/uploads\/2026\/02\/elephant-move-board-300x300.jpg 300w, https:\/\/shatranj.art\/wp-content\/uploads\/2026\/02\/elephant-move-board-1024x1024.jpg 1024w, https:\/\/shatranj.art\/wp-content\/uploads\/2026\/02\/elephant-move-board-150x150.jpg 150w, https:\/\/shatranj.art\/wp-content\/uploads\/2026\/02\/elephant-move-board-768x768.jpg 768w, https:\/\/shatranj.art\/wp-content\/uploads\/2026\/02\/elephant-move-board-1536x1536.jpg 1536w, https:\/\/shatranj.art\/wp-content\/uploads\/2026\/02\/elephant-move-board-2048x2048.jpg 2048w\" sizes=\"(max-width: 2560px) 100vw, 2560px\" \/>\t\t\t\t\t\t\t\t\t\t\t\t\t\t\t<\/div>\n\t\t\t\t<\/div>\n\t\t\t\t<div class=\"elementor-element elementor-element-0a642b0 elementor-widget elementor-widget-text-editor\" data-id=\"0a642b0\" data-element_type=\"widget\" data-e-type=\"widget\" data-widget_type=\"text-editor.default\">\n\t\t\t\t<div class=\"elementor-widget-container\">\n\t\t\t\t\t\t\t\t\t<br><h3 data-path-to-node=\"0\"><b data-path-to-node=\"0\" data-index-in-node=\"0\">2. Det mekaniska skiftet: \u201cEl Viejo\u201d vs. \u201cDe la Dama\u201d<\/b><\/h3>\n<p data-path-to-node=\"1\">Samtidigt som det fonetiska namnet \u00e4ndrades, genomgick reglerna en revolutionerande maktutvidgning som helt f\u00f6r\u00e4ndrade spelets tempo. Denna \u00f6verg\u00e5ng definieras b\u00e4st av de tv\u00e5 system som beskrivs i Lucena's verk fr\u00e5n 1497:<\/p>\n\n<ul data-path-to-node=\"2\">\n \t<li>\n<p data-path-to-node=\"2,0,0\"><b data-path-to-node=\"2,0,0\" data-index-in-node=\"0\">El Viejo (det gamla s\u00e4ttet):<\/b> Detta representerar de traditionella medeltida reglerna f\u00f6r Acedrex, d\u00e4r spelet var en l\u00e5ngsam, positionell kamp. I detta system var den pj\u00e4s som vi nu kallar Dama Alferza (kungens r\u00e5dgivare), som var begr\u00e4nsad till att flytta endast en ruta diagonalt. Samtidigt var den traditionella Alfil begr\u00e4nsad till att hoppa exakt tv\u00e5 rutor diagonalt och hoppa \u00f6ver andra pj\u00e4ser.<\/p>\n<\/li>\n \t<li>\n<p data-path-to-node=\"2,1,0\"><b data-path-to-node=\"2,1,0\" data-index-in-node=\"0\">De la Dama (Det moderna s\u00e4ttet):<\/b> Denna \u201cnya\u201d spelstil f\u00f6rvandlade schack till ett \u201csnabbt, taktiskt och explosivt\u201d m\u00f6te. Enligt dessa regler ersattes Alferza av \u201cDama\u201d, som fick obegr\u00e4nsad r\u00e4ckvidd i alla riktningar. Den moderna Alfilen utvecklades ocks\u00e5 till en obegr\u00e4nsad diagonal glidare och antog den kraftfulla r\u00f6relse som en g\u00e5ng var reserverad f\u00f6r experimentella pj\u00e4ser som krokodilen.<\/p>\n<\/li>\n<\/ul>\t\t\t\t\t\t\t\t<\/div>\n\t\t\t\t<\/div>\n\t\t\t\t<div class=\"elementor-element elementor-element-b676e1c elementor-widget elementor-widget-text-editor\" data-id=\"b676e1c\" data-element_type=\"widget\" data-e-type=\"widget\" data-widget_type=\"text-editor.default\">\n\t\t\t\t<div class=\"elementor-widget-container\">\n\t\t\t\t\t\t\t\t\t<h3 data-path-to-node=\"0\"><b data-path-to-node=\"0\" data-index-in-node=\"0\">\u00d6verg\u00e5ngen fr\u00e5n krokodil till elefant<\/b><\/h3>\t\t\t\t\t\t\t\t<\/div>\n\t\t\t\t<\/div>\n\t\t\t\t<div class=\"elementor-element elementor-element-2320411 elementor-widget elementor-widget-image\" data-id=\"2320411\" data-element_type=\"widget\" data-e-type=\"widget\" data-widget_type=\"image.default\">\n\t\t\t\t<div class=\"elementor-widget-container\">\n\t\t\t\t\t\t\t\t\t\t\t\t\t\t\t<img decoding=\"async\" width=\"640\" height=\"640\" src=\"https:\/\/shatranj.art\/wp-content\/uploads\/2026\/02\/cathedral-crocodile.jpg\" class=\"attachment-full size-full wp-image-864\" alt=\"\" srcset=\"https:\/\/shatranj.art\/wp-content\/uploads\/2026\/02\/cathedral-crocodile.jpg 640w, https:\/\/shatranj.art\/wp-content\/uploads\/2026\/02\/cathedral-crocodile-300x300.jpg 300w, https:\/\/shatranj.art\/wp-content\/uploads\/2026\/02\/cathedral-crocodile-150x150.jpg 150w\" sizes=\"(max-width: 640px) 100vw, 640px\" \/>\t\t\t\t\t\t\t\t\t\t\t\t\t\t\t<\/div>\n\t\t\t\t<\/div>\n\t\t\t\t<div class=\"elementor-element elementor-element-9760248 elementor-widget elementor-widget-image\" data-id=\"9760248\" data-element_type=\"widget\" data-e-type=\"widget\" data-widget_type=\"image.default\">\n\t\t\t\t<div class=\"elementor-widget-container\">\n\t\t\t\t\t\t\t\t\t\t\t\t\t\t\t<img loading=\"lazy\" decoding=\"async\" width=\"426\" height=\"640\" src=\"https:\/\/shatranj.art\/wp-content\/uploads\/2026\/02\/wooden-crocodile-seville-with-elephant-tusk.jpg\" class=\"attachment-full size-full wp-image-860\" alt=\"\" srcset=\"https:\/\/shatranj.art\/wp-content\/uploads\/2026\/02\/wooden-crocodile-seville-with-elephant-tusk.jpg 426w, https:\/\/shatranj.art\/wp-content\/uploads\/2026\/02\/wooden-crocodile-seville-with-elephant-tusk-200x300.jpg 200w\" sizes=\"(max-width: 426px) 100vw, 426px\" \/>\t\t\t\t\t\t\t\t\t\t\t\t\t\t\t<\/div>\n\t\t\t\t<\/div>\n\t\t\t\t<div class=\"elementor-element elementor-element-12b9be7 elementor-widget elementor-widget-text-editor\" data-id=\"12b9be7\" data-element_type=\"widget\" data-e-type=\"widget\" data-widget_type=\"text-editor.default\">\n\t\t\t\t<div class=\"elementor-widget-container\">\n\t\t\t\t\t\t\t\t\t<br><p data-path-to-node=\"0\">\u00d6verg\u00e5ngen fr\u00e5n det \u201cobegr\u00e4nsade diagonala\u201d draget till namnet \u201cAlfil\u201d i spansk litteratur markerar ett avg\u00f6rande skifte fr\u00e5n medeltida \u201cShatranj\u201d till modernt schack. Medan kung Alfonso X: s \u201cLibro de los Juegos (1283)\u201d f\u00f6rst introducerade det obegr\u00e4nsade diagonala draget genom en specifik pj\u00e4s som heter krokodilen (<i data-path-to-node=\"0\" data-index-in-node=\"298\">Cocodrilo<\/i>), \u00e5teranv\u00e4ndes inte namnet \u201cAlfil\u201d f\u00f6r denna r\u00f6relse i standardspelet 8\u00d78 f\u00f6rr\u00e4n i slutet av 1400-talet.<\/p>\n\n<h3 data-path-to-node=\"1\"><b data-path-to-node=\"1\" data-index-in-node=\"0\">1. \u201cKrokodilen\u201d i Alfonsos bok (1283)<\/b><\/h3>\n<p data-path-to-node=\"2\">I Alfonso X:s \u201cLibro de los Juegos<i data-path-to-node=\"2\" data-index-in-node=\"15\">\u201c<\/i>, var standard Alfil fortfarande den traditionella medeltida pj\u00e4sen som hoppade \u00f6ver exakt tv\u00e5 rutor diagonalt. Alfonso inkluderade dock en ut\u00f6kad 12\u00d712-variant som kallades \u201cGrande Acedrex<b data-path-to-node=\"2\" data-index-in-node=\"199\">\u201c<\/b> (Great Chess), som inneh\u00f6ll en ny pj\u00e4s kallad \u201cCrocodile\u201d (<i data-path-to-node=\"2\" data-index-in-node=\"278\">Cocodrilo<\/i>).<\/p>\n\n<ul data-path-to-node=\"3\">\n \t<li>\n<p data-path-to-node=\"3,0,0\"><b data-path-to-node=\"3,0,0\" data-index-in-node=\"0\">R\u00f6relsen:<\/b> Krokodilen r\u00f6rde sig precis som en modern pj\u00e4s - den gled hur l\u00e5ngt som helst l\u00e4ngs obehindrade diagonaler.<\/p>\n<\/li>\n \t<li>\n<p data-path-to-node=\"3,1,0\"><b data-path-to-node=\"3,1,0\" data-index-in-node=\"0\">Inspirationen:<\/b> Historiker kopplar detta namn till en ber\u00f6md diplomatisk g\u00e5va: en levande krokodil som skickades fr\u00e5n sultanen i Egypten till Alfonso X 1260, som en del av ett frieri till kungens dotter. En tr\u00e4modell i naturlig storlek av denna krokodil, k\u00e4nd som \u201cLagarto<i data-path-to-node=\"3,1,0\" data-index-in-node=\"198\">\u201c<\/i>, h\u00e4nger \u00e4n idag i Sevillas katedral.<\/p>\n<\/li>\n<\/ul>\n<h3 data-path-to-node=\"4\"><b data-path-to-node=\"4\" data-index-in-node=\"0\">2. \u00d6verg\u00e5ngen till \u201cAlfil\u201d under 1400-talet<\/b><\/h3>\n<p data-path-to-node=\"5\">Namnet \u201cAlfil\u201d anv\u00e4ndes officiellt f\u00f6r det obegr\u00e4nsade diagonala draget i standardspelet 8\u00d78 efter \u201cValenciareformen\u201d omkring 1475.<\/p>\n\n<ul data-path-to-node=\"6\">\n \t<li>\n<p data-path-to-node=\"6,0,0\"><b data-path-to-node=\"6,0,0\" data-index-in-node=\"0\">Scachs d'amor (ca 1475):<\/b> Denna valencianska dikt \u00e4r det f\u00f6rsta litter\u00e4ra verk som beskriver moderna schackregler. Den ger uttryckligen denna pj\u00e4s en \u201cmer dynamisk roll\u201d och flyttar s\u00e5 m\u00e5nga rutor den kan diagonalt. I dikten kallas dessa pj\u00e4ser redan f\u00f6r \u201cAlfil\u201ds (p\u00e5 valencianska\/katalanska), vilket illustrerar att namnet \u00f6verf\u00f6rdes fr\u00e5n den gamla \u201chopparen\u201d till den nya \u201cglidaren\u201d under denna period.<\/p>\n<\/li>\n \t<li>\n<p data-path-to-node=\"6,1,0\"><b data-path-to-node=\"6,1,0\" data-index-in-node=\"0\">Libre dels jochs partits dels schacs (1495):<\/b> Denna f\u00f6rsvunna bok, skriven av Francesc Vicent, anses vara den f\u00f6rsta avhandlingen om modernt schack. Den tros ha standardiserat namnet \u201cAlfil\u201d f\u00f6r den nya r\u00f6relsen \u00f6ver den iberiska halv\u00f6n.<\/p>\n<\/li>\n<\/ul>\n<h3 data-path-to-node=\"7\"><b data-path-to-node=\"7\" data-index-in-node=\"0\">3. F\u00f6rsta framtr\u00e4dandet i kastiliansk (spansk) litteratur<\/b><\/h3>\n<p data-path-to-node=\"8\">Om man letar specifikt efter kastiliansk (spansk) litteratur snarare \u00e4n valenciansk, finns den f\u00f6rsta definitiva anv\u00e4ndningen av \u201cAlfil\u201d f\u00f6r det moderna draget i:<\/p>\n\n<ul data-path-to-node=\"9\">\n \t<li>\n<p data-path-to-node=\"9,0,0\"><b data-path-to-node=\"9,0,0\" data-index-in-node=\"0\">Repetici\u00f3n de Amores y Arte de Ajedrez (1497):<\/b> Denna bok, skriven av Luis Ram\u00edrez de Lucena, \u00e4r den \u00e4ldsta bevarade tryckta boken om modernt schack p\u00e5 kastilianska.<\/p>\n<\/li>\n \t<li>\n<p data-path-to-node=\"9,1,0\">Lucena kallar stycket f\u00f6r Alfil (eller Arfil) och skiljer mellan de \u201cnya\u201d reglerna (de la dama) och de \u201cgamla\u201d reglerna (el viejo). Han bekr\u00e4ftar att den \u201cnya Alfilen\u201d nu g\u00e5r \u00f6ver diagonalen och effektivt absorberar den r\u00f6relse som ursprungligen tilldelades Alfonsos \u201cKrokodil\u201d.<\/p>\n<\/li>\n<\/ul>\t\t\t\t\t\t\t\t<\/div>\n\t\t\t\t<\/div>\n\t\t\t\t<div class=\"elementor-element elementor-element-ab774ba elementor-widget elementor-widget-text-editor\" data-id=\"ab774ba\" data-element_type=\"widget\" data-e-type=\"widget\" data-widget_type=\"text-editor.default\">\n\t\t\t\t<div class=\"elementor-widget-container\">\n\t\t\t\t\t\t\t\t\t<h3 data-path-to-node=\"0\"><b data-path-to-node=\"0\" data-index-in-node=\"0\">Fr\u00e5n Alferza till Dama (dam) och Reina (drottning)<\/b><\/h3>\t\t\t\t\t\t\t\t<\/div>\n\t\t\t\t<\/div>\n\t\t\t\t<div class=\"elementor-element elementor-element-d8494e7 elementor-widget elementor-widget-image\" data-id=\"d8494e7\" data-element_type=\"widget\" data-e-type=\"widget\" data-widget_type=\"image.default\">\n\t\t\t\t<div class=\"elementor-widget-container\">\n\t\t\t\t\t\t\t\t\t\t\t\t\t\t\t<img loading=\"lazy\" decoding=\"async\" width=\"960\" height=\"1109\" src=\"https:\/\/shatranj.art\/wp-content\/uploads\/2026\/02\/Spanish_-_Chess_Piece_of_a_Queen_-_Walters_71145_-_Three_Quarter.jpg\" class=\"attachment-full size-full wp-image-845\" alt=\"\" srcset=\"https:\/\/shatranj.art\/wp-content\/uploads\/2026\/02\/Spanish_-_Chess_Piece_of_a_Queen_-_Walters_71145_-_Three_Quarter.jpg 960w, https:\/\/shatranj.art\/wp-content\/uploads\/2026\/02\/Spanish_-_Chess_Piece_of_a_Queen_-_Walters_71145_-_Three_Quarter-260x300.jpg 260w, https:\/\/shatranj.art\/wp-content\/uploads\/2026\/02\/Spanish_-_Chess_Piece_of_a_Queen_-_Walters_71145_-_Three_Quarter-886x1024.jpg 886w, https:\/\/shatranj.art\/wp-content\/uploads\/2026\/02\/Spanish_-_Chess_Piece_of_a_Queen_-_Walters_71145_-_Three_Quarter-768x887.jpg 768w\" sizes=\"(max-width: 960px) 100vw, 960px\" \/>\t\t\t\t\t\t\t\t\t\t\t\t\t\t\t<\/div>\n\t\t\t\t<\/div>\n\t\t\t\t<div class=\"elementor-element elementor-element-1bedad7 elementor-widget elementor-widget-text-editor\" data-id=\"1bedad7\" data-element_type=\"widget\" data-e-type=\"widget\" data-widget_type=\"text-editor.default\">\n\t\t\t\t<div class=\"elementor-widget-container\">\n\t\t\t\t\t\t\t\t\t<br><p data-path-to-node=\"0\">B\u00e5da termerna anv\u00e4nds idag, men valet mellan \u201cdama\u201d och \u201creina\u201d i den spanska schacklitteraturen markerar \u00f6verg\u00e5ngen fr\u00e5n det medeltida spelet till det moderna schacket och \u00e5terspeglar en l\u00e5ngvarig str\u00e4van att undvika spr\u00e5kf\u00f6rbistring.<\/p>\n\n<h3 data-path-to-node=\"1\"><b data-path-to-node=\"1\" data-index-in-node=\"0\">1. Det f\u00f6rsta litter\u00e4ra framtr\u00e4dandet: Medeltidens \u201cReina\u201d<\/b><\/h3>\n<p data-path-to-node=\"2\">I en allm\u00e4n litter\u00e4r mening f\u00f6rekom termen \u201creina\u201d (drottning) i spanskrelaterad schackpoesi l\u00e5ngt innan det blev det standardiserade namnet p\u00e5 pj\u00e4sen p\u00e5 br\u00e4det.<\/p>\n\n<ul data-path-to-node=\"3\">\n \t<li>\n<p data-path-to-node=\"3,0,0\"><b data-path-to-node=\"3,0,0\" data-index-in-node=\"0\"><span class=\"citation-89\">11:e \u00e5rhundradet (Shegal):<\/span><\/b><span class=\"citation-89\"> Den spanska rabbinen \u201c<\/span><span class=\"citation-89\">Abraham ibn Ezra\u201d<\/span><span class=\"citation-89\"> skrev en dikt i slutet av 1000-talet som omn\u00e4mnde stycket som \u201c<\/span><span class=\"citation-89\">Shegal\u201d<\/span><span class=\"citation-89 citation-end-89\"> (en hebreisk term f\u00f6r drottning).<\/span><\/p>\n\n<div class=\"source-inline-chip-container ng-star-inserted\"><\/div><\/li>\n \t<li>\n<p data-path-to-node=\"3,1,0\"><b data-path-to-node=\"3,1,0\" data-index-in-node=\"0\">Medeltida romantik:<\/b><span class=\"citation-88\"> Under inflytande av Jacobus de Cessolis moraliska traktater kallades stycket ofta f\u00f6r \u2019<\/span><span class=\"citation-88\">regina\u201d<\/span><span class=\"citation-88\"> p\u00e5 latin och \u201c<\/span><span class=\"citation-88\">reina<\/span><b data-path-to-node=\"3,1,0\" data-index-in-node=\"134\"><span class=\"citation-88\">\u201c<\/span><\/b><span class=\"citation-88\"> i tidiga romanska spr\u00e5k, \u00e4ven om den fortfarande r\u00f6rde sig med den svaga diagonala r\u00f6relsen med en kvadrat som \u201c<\/span><span class=\"citation-88\">Alferza<\/span><b data-path-to-node=\"3,1,0\" data-index-in-node=\"246\"><span class=\"citation-88\">\u201c<\/span><\/b><span class=\"citation-88 citation-end-88\">.<\/span><\/p>\n\n<div class=\"source-inline-chip-container ng-star-inserted\"><\/div><\/li>\n<\/ul>\n<h3 data-path-to-node=\"4\"><b data-path-to-node=\"4\" data-index-in-node=\"0\">2. De f\u00f6rsta moderna avhandlingarna: \u201cDama\u201d som standard<\/b><\/h3>\n<p data-path-to-node=\"5\">N\u00e4r reglerna \u00e4ndrades i slutet av 1400-talet f\u00f6r att skapa det kraftfulla \u201cobegr\u00e4nsade\u201d stycket som vi k\u00e4nner till idag, var den f\u00f6redragna termen i spanska traktater faktiskt \u201cDama\u201d, inte Reina.<\/p>\n\n<ul data-path-to-node=\"6\">\n \t<li>\n<p data-path-to-node=\"6,0,0\"><b data-path-to-node=\"6,0,0\" data-index-in-node=\"0\"><span class=\"citation-87 citation-end-87\">Libre dels jochs partits dels schacs (1495):<\/span><\/b><span class=\"citation-86 citation-end-86\"> Denna bok, som skrevs av Francesc Vicent i Valencia, anses vara den f\u00f6rsta tryckta boken om modernt schack.<\/span> Den fokuserade p\u00e5 \u201cDama<b data-path-to-node=\"6,0,0\" data-index-in-node=\"162\">\u201c<\/b> (Lady) och anses ha standardiserat de \u201cnya\u201d r\u00f6relsereglerna.<\/p>\n<p data-path-to-node=\"6,1,0\"><b data-path-to-node=\"6,1,0\" data-index-in-node=\"0\"><span class=\"citation-85 citation-end-85\">Repetici\u00f3n de Amores y Arte de Ajedrez (1497):<\/span><\/b><span class=\"citation-84\"> Luis Ram\u00edrez de Lucena anv\u00e4nde uttryckligen termen \u201cDama\u201c f\u00f6r att definiera det moderna spelet (de la dama). Han anv\u00e4nde s\u00e4llan \u201cReina\u201d eftersom spelet ofta kallades \u201cDamens schack\u201d (ofta f\u00f6rknippat med drottning Isabella I av Kastilien).<\/span><\/p>\n<\/li>\n<\/ul>\n<h3 data-path-to-node=\"7\"><b data-path-to-node=\"7\" data-index-in-node=\"0\">3. N\u00e4r \u201cReina\u201d blev ett vanligt alternativ<\/b><\/h3>\n<p data-path-to-node=\"8\">\u00d6verg\u00e5ngen till \u201cReina\u201d i den vanliga spanska schacklitteraturen b\u00f6rjade ske allt oftare p\u00e5 1500-talet n\u00e4r spelet gick vidare fr\u00e5n sin f\u00f6rsta \u201creformperiod\u201d.<\/p>\n\n<ul data-path-to-node=\"9\">\n \t<li>\n<p data-path-to-node=\"9,0,0\"><b data-path-to-node=\"9,0,0\" data-index-in-node=\"0\">Ruy L\u00f3pez de Segura (1561):<\/b> I sitt grundl\u00e4ggande verk, \u201cLibro de la Invenci\u00f3n Liberal y Arte del Juego del Axedrez\u201d, anv\u00e4nde Ruy L\u00f3pez b\u00e5da termerna, \u00e4ven om \u201cDama<b data-path-to-node=\"9,0,0\" data-index-in-node=\"148\">\u201c<\/b> var fortsatt tekniskt dominerande i strategiska beskrivningar.<\/p>\n<\/li>\n \t<li>\n<p id=\"p-rc_22a1b7b1123caa87-52\" data-path-to-node=\"9,1,0\"><b data-path-to-node=\"9,1,0\" data-index-in-node=\"0\">\u201cR\u201d-konflikten:<\/b> Det fr\u00e4msta sk\u00e4let till att \u201cReina\u201d aldrig helt ersatte \u201cDama\u201d i teknisk schacklitteratur \u00e4r schacknotation. I spansk notation anv\u00e4nder \u201cRey\u201d (kungen) bokstaven \u201cR\u201c. F\u00f6r att undvika f\u00f6rv\u00e4xling tilldelas drottningen bokstaven \u201cD\u201c f\u00f6r \u201cDama\u201d.<\/p>\n<\/li>\n<\/ul>\t\t\t\t\t\t\t\t<\/div>\n\t\t\t\t<\/div>\n\t\t\t\t\t<\/div>\n\t\t\t\t<\/div>\n\t\t\t\t<\/div>","protected":false},"excerpt":{"rendered":"<p>Spanish chess piece evolution from historical chess (acedrex) toward modern chess (ajedrez) 1. The Linguistic Shift: From X to J The difference between Acedrex and Ajedrez illustrates the phonetic evolution of the Spanish language as it sought to adapt the original Arabic name for the game: Acedrex (The 13th Century):\u00a0This is the primary spelling used [&hellip;]<\/p>\n","protected":false},"author":1,"featured_media":0,"parent":743,"menu_order":0,"comment_status":"closed","ping_status":"closed","template":"","meta":{"footnotes":""},"class_list":["post-756","page","type-page","status-publish","hentry"],"_links":{"self":[{"href":"https:\/\/shatranj.art\/sv\/wp-json\/wp\/v2\/pages\/756","targetHints":{"allow":["GET"]}}],"collection":[{"href":"https:\/\/shatranj.art\/sv\/wp-json\/wp\/v2\/pages"}],"about":[{"href":"https:\/\/shatranj.art\/sv\/wp-json\/wp\/v2\/types\/page"}],"author":[{"embeddable":true,"href":"https:\/\/shatranj.art\/sv\/wp-json\/wp\/v2\/users\/1"}],"replies":[{"embeddable":true,"href":"https:\/\/shatranj.art\/sv\/wp-json\/wp\/v2\/comments?post=756"}],"version-history":[{"count":53,"href":"https:\/\/shatranj.art\/sv\/wp-json\/wp\/v2\/pages\/756\/revisions"}],"predecessor-version":[{"id":1883,"href":"https:\/\/shatranj.art\/sv\/wp-json\/wp\/v2\/pages\/756\/revisions\/1883"}],"up":[{"embeddable":true,"href":"https:\/\/shatranj.art\/sv\/wp-json\/wp\/v2\/pages\/743"}],"wp:attachment":[{"href":"https:\/\/shatranj.art\/sv\/wp-json\/wp\/v2\/media?parent=756"}],"curies":[{"name":"wp","href":"https:\/\/api.w.org\/{rel}","templated":true}]}}