{"id":799,"date":"2026-02-21T19:35:38","date_gmt":"2026-02-21T19:35:38","guid":{"rendered":"https:\/\/shatranj.art\/?page_id=799"},"modified":"2026-02-23T04:34:49","modified_gmt":"2026-02-23T04:34:49","slug":"poster-6","status":"publish","type":"page","link":"https:\/\/shatranj.art\/sv\/exhibit\/poster-6\/","title":{"rendered":"affisch 6"},"content":{"rendered":"<div data-elementor-type=\"wp-page\" data-elementor-id=\"799\" class=\"elementor elementor-799\" data-elementor-post-type=\"page\">\n\t\t\t\t<div class=\"elementor-element elementor-element-4cae77b e-flex e-con-boxed e-con e-parent\" data-id=\"4cae77b\" data-element_type=\"container\" data-e-type=\"container\" data-settings=\"{&quot;background_background&quot;:&quot;classic&quot;}\">\n\t\t\t\t\t<div class=\"e-con-inner\">\n\t\t\t\t<div class=\"elementor-element elementor-element-4273e1e elementor-widget elementor-widget-image\" data-id=\"4273e1e\" data-element_type=\"widget\" data-e-type=\"widget\" data-widget_type=\"image.default\">\n\t\t\t\t<div class=\"elementor-widget-container\">\n\t\t\t\t\t\t\t\t\t\t\t\t\t\t\t<img fetchpriority=\"high\" decoding=\"async\" width=\"1826\" height=\"1162\" src=\"https:\/\/shatranj.art\/wp-content\/uploads\/2026\/02\/6.jpg\" class=\"attachment-full size-full wp-image-801\" alt=\"\" srcset=\"https:\/\/shatranj.art\/wp-content\/uploads\/2026\/02\/6.jpg 1826w, https:\/\/shatranj.art\/wp-content\/uploads\/2026\/02\/6-300x191.jpg 300w, https:\/\/shatranj.art\/wp-content\/uploads\/2026\/02\/6-1024x652.jpg 1024w, https:\/\/shatranj.art\/wp-content\/uploads\/2026\/02\/6-768x489.jpg 768w, https:\/\/shatranj.art\/wp-content\/uploads\/2026\/02\/6-1536x977.jpg 1536w\" sizes=\"(max-width: 1826px) 100vw, 1826px\" \/>\t\t\t\t\t\t\t\t\t\t\t\t\t\t\t<\/div>\n\t\t\t\t<\/div>\n\t\t\t\t<div class=\"elementor-element elementor-element-a901a4c elementor-widget elementor-widget-text-editor\" data-id=\"a901a4c\" data-element_type=\"widget\" data-e-type=\"widget\" data-widget_type=\"text-editor.default\">\n\t\t\t\t<div class=\"elementor-widget-container\">\n\t\t\t\t\t\t\t\t\t<p><b>Elegans p\u00e5 toppm\u00f6tet: Arvet fr\u00e5n Lasker och Schlechter<\/b><\/p><p>\u00a0<\/p><p><span style=\"font-weight: 400;\">Sp\u00e4nningen i 1910 \u00e5rs v\u00e4rldsm\u00e4sterskap i schack kommer till liv i de enkla men v\u00e4rdiga linjerna i detta set. Som vittne till den legendariska kampen mellan Emanuel Lasker och Carl Schlechter \u00e4r denna design ett estetiskt uttryck f\u00f6r det tidiga 1900-talets europeiska hantverkskunnande. Dessa pj\u00e4ser \u00e4r inte l\u00e4ngre bara spelverktyg, utan har f\u00f6rvandlats till instrument d\u00e4r modern sportdisciplin m\u00f6ter klassisk konst, vilket symboliserar schackets utveckling till en global scen f\u00f6r intellektuell rivalitet.<\/span><\/p>\t\t\t\t\t\t\t\t<\/div>\n\t\t\t\t<\/div>\n\t\t<div class=\"elementor-element elementor-element-bf9c282 e-con-full e-flex e-con e-child\" data-id=\"bf9c282\" data-element_type=\"container\" data-e-type=\"container\">\n\t\t\t\t<div class=\"elementor-element elementor-element-771f573 elementor-widget elementor-widget-image\" data-id=\"771f573\" data-element_type=\"widget\" data-e-type=\"widget\" data-widget_type=\"image.default\">\n\t\t\t\t<div class=\"elementor-widget-container\">\n\t\t\t\t\t\t\t\t\t\t\t\t\t\t\t<img decoding=\"async\" width=\"1047\" height=\"441\" src=\"https:\/\/shatranj.art\/wp-content\/uploads\/2026\/02\/6.png\" class=\"attachment-full size-full wp-image-805\" alt=\"\" srcset=\"https:\/\/shatranj.art\/wp-content\/uploads\/2026\/02\/6.png 1047w, https:\/\/shatranj.art\/wp-content\/uploads\/2026\/02\/6-300x126.png 300w, https:\/\/shatranj.art\/wp-content\/uploads\/2026\/02\/6-1024x431.png 1024w, https:\/\/shatranj.art\/wp-content\/uploads\/2026\/02\/6-768x323.png 768w\" sizes=\"(max-width: 1047px) 100vw, 1047px\" \/>\t\t\t\t\t\t\t\t\t\t\t\t\t\t\t<\/div>\n\t\t\t\t<\/div>\n\t\t\t\t<div class=\"elementor-element elementor-element-c3cde6f elementor-widget elementor-widget-image\" data-id=\"c3cde6f\" data-element_type=\"widget\" data-e-type=\"widget\" data-widget_type=\"image.default\">\n\t\t\t\t<div class=\"elementor-widget-container\">\n\t\t\t\t\t\t\t\t\t\t\t\t\t\t\t<img decoding=\"async\" width=\"995\" height=\"427\" src=\"https:\/\/shatranj.art\/wp-content\/uploads\/2026\/02\/6-1.png\" class=\"attachment-full size-full wp-image-802\" alt=\"\" srcset=\"https:\/\/shatranj.art\/wp-content\/uploads\/2026\/02\/6-1.png 995w, https:\/\/shatranj.art\/wp-content\/uploads\/2026\/02\/6-1-300x129.png 300w, https:\/\/shatranj.art\/wp-content\/uploads\/2026\/02\/6-1-768x330.png 768w\" sizes=\"(max-width: 995px) 100vw, 995px\" \/>\t\t\t\t\t\t\t\t\t\t\t\t\t\t\t<\/div>\n\t\t\t\t<\/div>\n\t\t\t\t<\/div>\n\t\t\t\t<div class=\"elementor-element elementor-element-bf16949 elementor-widget elementor-widget-text-editor\" data-id=\"bf16949\" data-element_type=\"widget\" data-e-type=\"widget\" data-widget_type=\"text-editor.default\">\n\t\t\t\t<div class=\"elementor-widget-container\">\n\t\t\t\t\t\t\t\t\t<p><b>Demokratisk estetik: Schack i Wiens kaffehus<\/b><\/p><p>I 1880-talets Europa flyttade schacket fr\u00e5n de kungliga korridorerna till den r\u00f6kiga, intellektuella atmosf\u00e4ren p\u00e5 offentliga kaf\u00e9er med hj\u00e4lp av upps\u00e4ttningar som denna. Denna upps\u00e4ttning \u00e4r skuren i frukttr\u00e4 och \u00e4r ett utm\u00e4rkt exempel p\u00e5 stilen \u201cWiener Kaffeehaus\u201d (kaffehus), som k\u00e4nnetecknas av sina karakteristiskt stiliserade riddare och l\u00f6pare. Dessa pj\u00e4ser ber\u00e4ttar historien om hur spelet \u00f6verbryggade sociala klasser och blev ett demokratiskt underverk av hantverk som var tillg\u00e4ngligt f\u00f6r alla.<\/p>\t\t\t\t\t\t\t\t<\/div>\n\t\t\t\t<\/div>\n\t\t\t\t<div class=\"elementor-element elementor-element-40b8a07 elementor-widget elementor-widget-image\" data-id=\"40b8a07\" data-element_type=\"widget\" data-e-type=\"widget\" data-widget_type=\"image.default\">\n\t\t\t\t<div class=\"elementor-widget-container\">\n\t\t\t\t\t\t\t\t\t\t\t\t\t\t\t<img loading=\"lazy\" decoding=\"async\" width=\"724\" height=\"450\" src=\"https:\/\/shatranj.art\/wp-content\/uploads\/2026\/02\/6-3.png\" class=\"attachment-large size-large wp-image-803\" alt=\"\" srcset=\"https:\/\/shatranj.art\/wp-content\/uploads\/2026\/02\/6-3.png 724w, https:\/\/shatranj.art\/wp-content\/uploads\/2026\/02\/6-3-300x186.png 300w\" sizes=\"(max-width: 724px) 100vw, 724px\" \/>\t\t\t\t\t\t\t\t\t\t\t\t\t\t\t<\/div>\n\t\t\t\t<\/div>\n\t\t\t\t\t<\/div>\n\t\t\t\t<\/div>\n\t\t\t\t<\/div>","protected":false},"excerpt":{"rendered":"<p>Elegance at the Summit: The Legacy of Lasker and Schlechter \u00a0 The tension of the 1910 World Chess Championship comes to life in the simple yet dignified lines of this set. Witness to the legendary struggle between Emanuel Lasker and Carl Schlechter, this design is an aesthetic expression of early 20th-century European craftsmanship. No longer [&hellip;]<\/p>\n","protected":false},"author":1,"featured_media":0,"parent":743,"menu_order":0,"comment_status":"closed","ping_status":"closed","template":"","meta":{"footnotes":""},"class_list":["post-799","page","type-page","status-publish","hentry"],"_links":{"self":[{"href":"https:\/\/shatranj.art\/sv\/wp-json\/wp\/v2\/pages\/799","targetHints":{"allow":["GET"]}}],"collection":[{"href":"https:\/\/shatranj.art\/sv\/wp-json\/wp\/v2\/pages"}],"about":[{"href":"https:\/\/shatranj.art\/sv\/wp-json\/wp\/v2\/types\/page"}],"author":[{"embeddable":true,"href":"https:\/\/shatranj.art\/sv\/wp-json\/wp\/v2\/users\/1"}],"replies":[{"embeddable":true,"href":"https:\/\/shatranj.art\/sv\/wp-json\/wp\/v2\/comments?post=799"}],"version-history":[{"count":10,"href":"https:\/\/shatranj.art\/sv\/wp-json\/wp\/v2\/pages\/799\/revisions"}],"predecessor-version":[{"id":1186,"href":"https:\/\/shatranj.art\/sv\/wp-json\/wp\/v2\/pages\/799\/revisions\/1186"}],"up":[{"embeddable":true,"href":"https:\/\/shatranj.art\/sv\/wp-json\/wp\/v2\/pages\/743"}],"wp:attachment":[{"href":"https:\/\/shatranj.art\/sv\/wp-json\/wp\/v2\/media?parent=799"}],"curies":[{"name":"wp","href":"https:\/\/api.w.org\/{rel}","templated":true}]}}