{"id":905,"date":"2026-02-22T08:43:28","date_gmt":"2026-02-22T08:43:28","guid":{"rendered":"https:\/\/shatranj.art\/?page_id=905"},"modified":"2026-02-23T04:44:13","modified_gmt":"2026-02-23T04:44:13","slug":"poster-11","status":"publish","type":"page","link":"https:\/\/shatranj.art\/sv\/exhibit\/poster-11\/","title":{"rendered":"affisch 11"},"content":{"rendered":"<div data-elementor-type=\"wp-page\" data-elementor-id=\"905\" class=\"elementor elementor-905\" data-elementor-post-type=\"page\">\n\t\t\t\t<div class=\"elementor-element elementor-element-38091ce e-flex e-con-boxed e-con e-parent\" data-id=\"38091ce\" data-element_type=\"container\" data-e-type=\"container\" data-settings=\"{&quot;background_background&quot;:&quot;classic&quot;}\">\n\t\t\t\t\t<div class=\"e-con-inner\">\n\t\t<div class=\"elementor-element elementor-element-49333d8 e-con-full e-flex e-con e-child\" data-id=\"49333d8\" data-element_type=\"container\" data-e-type=\"container\">\n\t\t\t\t<div class=\"elementor-element elementor-element-ebeb97d elementor-widget__width-initial elementor-widget elementor-widget-image\" data-id=\"ebeb97d\" data-element_type=\"widget\" data-e-type=\"widget\" data-widget_type=\"image.default\">\n\t\t\t\t<div class=\"elementor-widget-container\">\n\t\t\t\t\t\t\t\t\t\t\t\t\t\t\t<img fetchpriority=\"high\" decoding=\"async\" width=\"736\" height=\"1024\" src=\"https:\/\/shatranj.art\/wp-content\/uploads\/2026\/02\/11-736x1024.jpg\" class=\"attachment-large size-large wp-image-908\" alt=\"\" srcset=\"https:\/\/shatranj.art\/wp-content\/uploads\/2026\/02\/11-736x1024.jpg 736w, https:\/\/shatranj.art\/wp-content\/uploads\/2026\/02\/11-216x300.jpg 216w, https:\/\/shatranj.art\/wp-content\/uploads\/2026\/02\/11-768x1069.jpg 768w, https:\/\/shatranj.art\/wp-content\/uploads\/2026\/02\/11.jpg 1101w\" sizes=\"(max-width: 736px) 100vw, 736px\" \/>\t\t\t\t\t\t\t\t\t\t\t\t\t\t\t<\/div>\n\t\t\t\t<\/div>\n\t\t\t\t<div class=\"elementor-element elementor-element-05bbc5f elementor-widget__width-initial elementor-widget elementor-widget-text-editor\" data-id=\"05bbc5f\" data-element_type=\"widget\" data-e-type=\"widget\" data-widget_type=\"text-editor.default\">\n\t\t\t\t<div class=\"elementor-widget-container\">\n\t\t\t\t\t\t\t\t\t<p><b>En tv\u00e4rkulturell portal: <\/b><b style=\"font-family: -apple-system, BlinkMacSystemFont, 'Segoe UI', Roboto, 'Helvetica Neue', Arial, 'Noto Sans', sans-serif, 'Apple Color Emoji', 'Segoe UI Emoji', 'Segoe UI Symbol', 'Noto Color Emoji';\">Revolutionen kodifierad av Lucena<\/b><\/p><p>\u00a0<\/p><p>Detta verk publicerades 1497 och \u00e4r det \u00e4ldsta bevarade tryckta dokumentet som markerar schackets \u00f6verg\u00e5ng till den moderna eran. F\u00f6rfattarens far, Juan Ram\u00edrez de Lucena, var en framst\u00e5ende diplomat och en \u201cconverso\u201d (en person av judisk h\u00e4rkomst) i de katolska monarkernas tj\u00e4nst. Denna m\u00e5ngkulturella familjebakgrund fungerade som en viktig intellektuell kanal som underl\u00e4ttade fl\u00f6det av kunskap fr\u00e5n Medelhavsomr\u00e5det, Nordafrika och Mellan\u00f6stern till Europa.<\/p><p>I detta verk upptr\u00e4der Lucena inte som uppfinnare utan som en m\u00e4sterlig sammanst\u00e4llare och kodifierare. F\u00f6rvandlingen av r\u00e5dgivarens (drottningens) schackpj\u00e4s fr\u00e5n en begr\u00e4nsad figur till den m\u00e4ktigaste kraften p\u00e5 br\u00e4det hade redan blommat ut som en allegori om k\u00e4rlek i dikter som Scachs d'amor fr\u00e5n 1475 l\u00e5ngt f\u00f6re Lucena. Genom att sannolikt h\u00e4mta inspiration fr\u00e5n (och kopiera) Francesch Vicents f\u00f6rlorade texter fr\u00e5n 1495 utnyttjade Lucena tryckpressens kraft f\u00f6r att universalisera dessa \u201cnya spelregler\u201d som redan ekade p\u00e5 gatorna och i poesin. Denna bok utg\u00f6r den f\u00f6rsta sammanst\u00e4llningen av \u00f6verg\u00e5ngen fr\u00e5n det l\u00e5ngsamma tempot i det antika Shatranj till dynamiken i det moderna schacket.<\/p>\t\t\t\t\t\t\t\t<\/div>\n\t\t\t\t<\/div>\n\t\t\t\t<div class=\"elementor-element elementor-element-8cf5756 elementor-widget elementor-widget-image\" data-id=\"8cf5756\" data-element_type=\"widget\" data-e-type=\"widget\" data-widget_type=\"image.default\">\n\t\t\t\t<div class=\"elementor-widget-container\">\n\t\t\t\t\t\t\t\t\t\t\t\t\t\t\t<img decoding=\"async\" width=\"800\" height=\"441\" src=\"https:\/\/shatranj.art\/wp-content\/uploads\/2026\/02\/11-1-1024x564.jpg\" class=\"attachment-large size-large wp-image-909\" alt=\"\" srcset=\"https:\/\/shatranj.art\/wp-content\/uploads\/2026\/02\/11-1-1024x564.jpg 1024w, https:\/\/shatranj.art\/wp-content\/uploads\/2026\/02\/11-1-300x165.jpg 300w, https:\/\/shatranj.art\/wp-content\/uploads\/2026\/02\/11-1-768x423.jpg 768w, https:\/\/shatranj.art\/wp-content\/uploads\/2026\/02\/11-1-1536x845.jpg 1536w, https:\/\/shatranj.art\/wp-content\/uploads\/2026\/02\/11-1.jpg 1844w\" sizes=\"(max-width: 800px) 100vw, 800px\" \/>\t\t\t\t\t\t\t\t\t\t\t\t\t\t\t<\/div>\n\t\t\t\t<\/div>\n\t\t\t\t<div class=\"elementor-element elementor-element-0101a54 elementor-widget__width-initial elementor-widget elementor-widget-text-editor\" data-id=\"0101a54\" data-element_type=\"widget\" data-e-type=\"widget\" data-widget_type=\"text-editor.default\">\n\t\t\t\t<div class=\"elementor-widget-container\">\n\t\t\t\t\t\t\t\t\t<p><b>Ett kungad\u00f6mes delade intellekt: <\/b><b>Europas f\u00f6rsta uppslagsverk om spel<\/b><\/p><p>\u00a0<\/p><p>Libro de los Juegos (Spelens bok) \u00e4r daterad 1283 och \u00e4r den f\u00f6rsta och mest omfattande encyklopedin \u00f6ver spelkulturen i Europa. Manuskriptet best\u00e4lldes av kung Alfonso X av Kastilien och \u00e4r det mest storslagna dokumentet om schackets tusen\u00e5riga resa fr\u00e5n Persien genom Medelhavsomr\u00e5det, Nordafrika och Mellan\u00f6stern till Europa. Boken presenterar schack inte bara som ett tidsf\u00f6rdriv utan som en simulering av universum, sammanfl\u00e4tat med astrologi och matematik. De mer \u00e4n 150 miniatyrerna f\u00f6revigar den civiliserade dialogen mellan m\u00e4nniskor fr\u00e5n olika religioner, kvinnor och forskare som m\u00f6ts runt samma bord och anv\u00e4nder sekul\u00e4ra och abstrakta pj\u00e4ser. Detta verk \u00e4r det mest lysande beviset fr\u00e5n medeltiden p\u00e5 att intellektet \u00e4r en bro som \u00f6verskrider alla trosuppfattningar.<\/p>\t\t\t\t\t\t\t\t<\/div>\n\t\t\t\t<\/div>\n\t\t\t\t<\/div>\n\t\t\t\t\t<\/div>\n\t\t\t\t<\/div>\n\t\t\t\t<\/div>","protected":false},"excerpt":{"rendered":"<p>A Cross-Cultural Gateway: The Revolution Codified by Lucena \u00a0 Published in 1497, this work is the oldest surviving printed document marking the transition of chess into the modern era. The author\u2019s father, Juan Ram\u00edrez de Lucena, was a prominent diplomat and a &#8220;converso&#8221; (a person of Jewish descent) in the service of the Catholic Monarchs. [&hellip;]<\/p>\n","protected":false},"author":1,"featured_media":0,"parent":743,"menu_order":0,"comment_status":"closed","ping_status":"closed","template":"","meta":{"footnotes":""},"class_list":["post-905","page","type-page","status-publish","hentry"],"_links":{"self":[{"href":"https:\/\/shatranj.art\/sv\/wp-json\/wp\/v2\/pages\/905","targetHints":{"allow":["GET"]}}],"collection":[{"href":"https:\/\/shatranj.art\/sv\/wp-json\/wp\/v2\/pages"}],"about":[{"href":"https:\/\/shatranj.art\/sv\/wp-json\/wp\/v2\/types\/page"}],"author":[{"embeddable":true,"href":"https:\/\/shatranj.art\/sv\/wp-json\/wp\/v2\/users\/1"}],"replies":[{"embeddable":true,"href":"https:\/\/shatranj.art\/sv\/wp-json\/wp\/v2\/comments?post=905"}],"version-history":[{"count":7,"href":"https:\/\/shatranj.art\/sv\/wp-json\/wp\/v2\/pages\/905\/revisions"}],"predecessor-version":[{"id":1201,"href":"https:\/\/shatranj.art\/sv\/wp-json\/wp\/v2\/pages\/905\/revisions\/1201"}],"up":[{"embeddable":true,"href":"https:\/\/shatranj.art\/sv\/wp-json\/wp\/v2\/pages\/743"}],"wp:attachment":[{"href":"https:\/\/shatranj.art\/sv\/wp-json\/wp\/v2\/media?parent=905"}],"curies":[{"name":"wp","href":"https:\/\/api.w.org\/{rel}","templated":true}]}}