{"id":926,"date":"2026-02-22T09:22:56","date_gmt":"2026-02-22T09:22:56","guid":{"rendered":"https:\/\/shatranj.art\/?page_id=926"},"modified":"2026-02-24T06:48:32","modified_gmt":"2026-02-24T06:48:32","slug":"poster-13","status":"publish","type":"page","link":"https:\/\/shatranj.art\/sv\/exhibit\/poster-13\/","title":{"rendered":"affisch 13"},"content":{"rendered":"<div data-elementor-type=\"wp-page\" data-elementor-id=\"926\" class=\"elementor elementor-926\" data-elementor-post-type=\"page\">\n\t\t\t\t<div class=\"elementor-element elementor-element-59c55bb e-flex e-con-boxed e-con e-parent\" data-id=\"59c55bb\" data-element_type=\"container\" data-e-type=\"container\" data-settings=\"{&quot;background_background&quot;:&quot;classic&quot;}\">\n\t\t\t\t\t<div class=\"e-con-inner\">\n\t\t<div class=\"elementor-element elementor-element-3c2b3e8 e-con-full e-flex e-con e-child\" data-id=\"3c2b3e8\" data-element_type=\"container\" data-e-type=\"container\">\n\t\t\t\t<div class=\"elementor-element elementor-element-6632aa9 elementor-widget__width-initial elementor-widget elementor-widget-text-editor\" data-id=\"6632aa9\" data-element_type=\"widget\" data-e-type=\"widget\" data-widget_type=\"text-editor.default\">\n\t\t\t\t<div class=\"elementor-widget-container\">\n\t\t\t\t\t\t\t\t\t<h3><b><span title=\"Spanskspr\u00e5kig text\"><i lang=\"es\">Libro de los juegos<\/i><\/span><\/b>\u00a0(spanska: \u201cSpelens bok\u201d), eller\u00a0<b><span title=\"Gammal spanskspr\u00e5kig text\"><i lang=\"osp\">Libro de axedrez, dados e tablas<\/i><\/span><\/b>\u00a0(\u201cBok om schack, t\u00e4rningar och bord\u201d, p\u00e5 gammal spanska)<\/h3><p>\u00a0<\/p><p>Libro de los Juegos (Spelboken), som best\u00e4lldes av kung Alfonso X av Kastilien \u00e5r 1283, anses vara den mest betydande medeltida europeiska avhandlingen om spel. Manuskriptet fungerar som ett viktigt historiskt dokument och dokumenterar schackets regler och estetik genom detaljerade illustrationer av abstrakta pj\u00e4sm\u00f6nster. Genom att presentera schack som en gemensam intellektuell utmaning lyfter Alfonsos verk fram br\u00e4det som en universell arena f\u00f6r logik och en viktig brygga i spelets internationella historia.<\/p>\t\t\t\t\t\t\t\t<\/div>\n\t\t\t\t<\/div>\n\t\t<div class=\"elementor-element elementor-element-e51b10e e-con-full e-flex e-con e-child\" data-id=\"e51b10e\" data-element_type=\"container\" data-e-type=\"container\">\n\t\t\t\t<div class=\"elementor-element elementor-element-de14a4b elementor-widget-mobile__width-inherit elementor-widget elementor-widget-image\" data-id=\"de14a4b\" data-element_type=\"widget\" data-e-type=\"widget\" data-widget_type=\"image.default\">\n\t\t\t\t<div class=\"elementor-widget-container\">\n\t\t\t\t\t\t\t\t\t\t\t\t\t\t\t<img fetchpriority=\"high\" decoding=\"async\" width=\"800\" height=\"534\" src=\"https:\/\/shatranj.art\/wp-content\/uploads\/2026\/02\/13-2-1024x683.jpg\" class=\"attachment-large size-large wp-image-931\" alt=\"\" srcset=\"https:\/\/shatranj.art\/wp-content\/uploads\/2026\/02\/13-2-1024x683.jpg 1024w, https:\/\/shatranj.art\/wp-content\/uploads\/2026\/02\/13-2-300x200.jpg 300w, https:\/\/shatranj.art\/wp-content\/uploads\/2026\/02\/13-2-768x512.jpg 768w, https:\/\/shatranj.art\/wp-content\/uploads\/2026\/02\/13-2-1536x1024.jpg 1536w, https:\/\/shatranj.art\/wp-content\/uploads\/2026\/02\/13-2.jpg 2008w\" sizes=\"(max-width: 800px) 100vw, 800px\" \/>\t\t\t\t\t\t\t\t\t\t\t\t\t\t\t<\/div>\n\t\t\t\t<\/div>\n\t\t\t\t<div class=\"elementor-element elementor-element-5e3ddb2 elementor-widget-mobile__width-inherit elementor-widget elementor-widget-image\" data-id=\"5e3ddb2\" data-element_type=\"widget\" data-e-type=\"widget\" data-widget_type=\"image.default\">\n\t\t\t\t<div class=\"elementor-widget-container\">\n\t\t\t\t\t\t\t\t\t\t\t\t\t\t\t<img decoding=\"async\" width=\"800\" height=\"509\" src=\"https:\/\/shatranj.art\/wp-content\/uploads\/2026\/02\/13-3-1024x652.jpg\" class=\"attachment-large size-large wp-image-932\" alt=\"\" srcset=\"https:\/\/shatranj.art\/wp-content\/uploads\/2026\/02\/13-3-1024x652.jpg 1024w, https:\/\/shatranj.art\/wp-content\/uploads\/2026\/02\/13-3-300x191.jpg 300w, https:\/\/shatranj.art\/wp-content\/uploads\/2026\/02\/13-3-768x489.jpg 768w, https:\/\/shatranj.art\/wp-content\/uploads\/2026\/02\/13-3.jpg 1205w\" sizes=\"(max-width: 800px) 100vw, 800px\" \/>\t\t\t\t\t\t\t\t\t\t\t\t\t\t\t<\/div>\n\t\t\t\t<\/div>\n\t\t\t\t<\/div>\n\t\t\t\t<div class=\"elementor-element elementor-element-ce25d0f elementor-widget__width-initial elementor-widget elementor-widget-text-editor\" data-id=\"ce25d0f\" data-element_type=\"widget\" data-e-type=\"widget\" data-widget_type=\"text-editor.default\">\n\t\t\t\t<div class=\"elementor-widget-container\">\n\t\t\t\t\t\t\t\t\t<p>Avhandlingen inneh\u00e5ller \u00f6ver 100 schackproblem och slutspel, noggrant illustrerade f\u00f6r att visa spelare som analyserar komplexa taktiska man\u00f6vrer. Ut\u00f6ver standardschack beskriver boken s\u00e4llsynta varianter som astronomiskt schack och Great Chess, som spelades p\u00e5 ett 12\u00d712 rutn\u00e4t med extra pj\u00e4ser. Den inneh\u00e5ller ocks\u00e5 avsnitt om t\u00e4rningar och bord, de medeltida f\u00f6rf\u00e4derna till modern backgammon, vilket g\u00f6r den till en omfattande encyklopedi \u00f6ver 1200-talets strategi och sociala kultur.<\/p>\t\t\t\t\t\t\t\t<\/div>\n\t\t\t\t<\/div>\n\t\t\t\t<div class=\"elementor-element elementor-element-a8f4139 elementor-widget__width-initial elementor-widget elementor-widget-text-editor\" data-id=\"a8f4139\" data-element_type=\"widget\" data-e-type=\"widget\" data-widget_type=\"text-editor.default\">\n\t\t\t\t<div class=\"elementor-widget-container\">\n\t\t\t\t\t\t\t\t\t<p><b>Dilaram-maten: En saga om uppoffring och r\u00e4ddning<br \/><\/b><b><\/b><br \/>Enligt legenden f\u00f6rlorade en adelsman och passionerad schackspelare allt i en match med h\u00f6ga insatser och satsade i desperation sin favoritfru, Dilaram, p\u00e5 det sista partiet. N\u00e4r matchen n\u00e5dde sitt klimax hamnade adelsmannen i en till synes hoppl\u00f6s position. Men Dilaram, som hade f\u00f6ljt spelet, uppt\u00e4ckte en lysande kombination som ingen annan s\u00e5g och viskade till sin man: \u201cOffra dina tv\u00e5 torn, men offra inte mig!\u201d St\u00e4rkt av hennes insikt offrade adelsmannen b\u00e5da sina torn i f\u00f6ljd f\u00f6r att leverera en fantastisk schackmatt med hj\u00e4lp av en springare och en l\u00f6pare (den historiska Alfil).<\/p><p>\u00a0<\/p><p><b>Strategisk briljans<\/b><\/p><p><br \/>Dilaram-mat \u00e4r ett av schackhistoriens \u00e4ldsta och mest estetiskt tilltalande exempel p\u00e5 \u201coffrandet av dubbla torn\u201d. Denna mansuba (problem) visar hur offrandet av tungt material (torn) kan leda till absolut seger genom perfekt samordning av mindre pj\u00e4ser (springare och l\u00f6pare). Namnet Dilaram betyder \u201cHj\u00e4rtats l\u00e4tthet\u201d p\u00e5 persiska och i \u00e5rhundraden har detta matt fungerat som ett bevis p\u00e5 att schack inte bara \u00e4r ett ber\u00e4kningsspel utan ocks\u00e5 ett spel som handlar om konst, k\u00e4nslor och djup intuition.<\/p>\t\t\t\t\t\t\t\t<\/div>\n\t\t\t\t<\/div>\n\t\t\t\t<\/div>\n\t\t<div class=\"elementor-element elementor-element-2711119 e-con-full e-flex e-con e-child\" data-id=\"2711119\" data-element_type=\"container\" data-e-type=\"container\">\n\t\t\t\t<div class=\"elementor-element elementor-element-89623f5 elementor-widget-mobile__width-inherit elementor-widget elementor-widget-image\" data-id=\"89623f5\" data-element_type=\"widget\" data-e-type=\"widget\" data-widget_type=\"image.default\">\n\t\t\t\t<div class=\"elementor-widget-container\">\n\t\t\t\t\t\t\t\t\t\t\t\t\t\t\t<img decoding=\"async\" width=\"800\" height=\"903\" src=\"https:\/\/shatranj.art\/wp-content\/uploads\/2026\/02\/13-907x1024.jpg\" class=\"attachment-large size-large wp-image-929\" alt=\"\" srcset=\"https:\/\/shatranj.art\/wp-content\/uploads\/2026\/02\/13-907x1024.jpg 907w, https:\/\/shatranj.art\/wp-content\/uploads\/2026\/02\/13-266x300.jpg 266w, https:\/\/shatranj.art\/wp-content\/uploads\/2026\/02\/13-768x867.jpg 768w, https:\/\/shatranj.art\/wp-content\/uploads\/2026\/02\/13.jpg 1186w\" sizes=\"(max-width: 800px) 100vw, 800px\" \/>\t\t\t\t\t\t\t\t\t\t\t\t\t\t\t<\/div>\n\t\t\t\t<\/div>\n\t\t\t\t<div class=\"elementor-element elementor-element-8baa56c elementor-widget-mobile__width-inherit elementor-widget elementor-widget-image\" data-id=\"8baa56c\" data-element_type=\"widget\" data-e-type=\"widget\" data-widget_type=\"image.default\">\n\t\t\t\t<div class=\"elementor-widget-container\">\n\t\t\t\t\t\t\t\t\t\t\t\t\t\t\t<img loading=\"lazy\" decoding=\"async\" width=\"800\" height=\"624\" src=\"https:\/\/shatranj.art\/wp-content\/uploads\/2026\/02\/13-1-1024x799.jpg\" class=\"attachment-large size-large wp-image-930\" alt=\"\" srcset=\"https:\/\/shatranj.art\/wp-content\/uploads\/2026\/02\/13-1-1024x799.jpg 1024w, https:\/\/shatranj.art\/wp-content\/uploads\/2026\/02\/13-1-300x234.jpg 300w, https:\/\/shatranj.art\/wp-content\/uploads\/2026\/02\/13-1-768x599.jpg 768w, https:\/\/shatranj.art\/wp-content\/uploads\/2026\/02\/13-1-1536x1199.jpg 1536w, https:\/\/shatranj.art\/wp-content\/uploads\/2026\/02\/13-1-2048x1598.jpg 2048w\" sizes=\"(max-width: 800px) 100vw, 800px\" \/>\t\t\t\t\t\t\t\t\t\t\t\t\t\t\t<\/div>\n\t\t\t\t<\/div>\n\t\t\t\t<div class=\"elementor-element elementor-element-1cf3c24 elementor-widget-mobile__width-inherit elementor-widget elementor-widget-image\" data-id=\"1cf3c24\" data-element_type=\"widget\" data-e-type=\"widget\" data-widget_type=\"image.default\">\n\t\t\t\t<div class=\"elementor-widget-container\">\n\t\t\t\t\t\t\t\t\t\t\t\t\t\t\t<img loading=\"lazy\" decoding=\"async\" width=\"800\" height=\"558\" src=\"https:\/\/shatranj.art\/wp-content\/uploads\/2026\/02\/dilaram-mate-alfoso-libro-acedrez.jpg\" class=\"attachment-large size-large wp-image-1282\" alt=\"\" srcset=\"https:\/\/shatranj.art\/wp-content\/uploads\/2026\/02\/dilaram-mate-alfoso-libro-acedrez.jpg 1024w, https:\/\/shatranj.art\/wp-content\/uploads\/2026\/02\/dilaram-mate-alfoso-libro-acedrez-300x209.jpg 300w, https:\/\/shatranj.art\/wp-content\/uploads\/2026\/02\/dilaram-mate-alfoso-libro-acedrez-768x536.jpg 768w, https:\/\/shatranj.art\/wp-content\/uploads\/2026\/02\/dilaram-mate-alfoso-libro-acedrez-18x12.jpg 18w\" sizes=\"(max-width: 800px) 100vw, 800px\" \/>\t\t\t\t\t\t\t\t\t\t\t\t\t\t\t<\/div>\n\t\t\t\t<\/div>\n\t\t\t\t<div class=\"elementor-element elementor-element-02d8218 elementor-widget-mobile__width-inherit elementor-widget elementor-widget-image\" data-id=\"02d8218\" data-element_type=\"widget\" data-e-type=\"widget\" data-widget_type=\"image.default\">\n\t\t\t\t<div class=\"elementor-widget-container\">\n\t\t\t\t\t\t\t\t\t\t\t\t\t\t\t<img loading=\"lazy\" decoding=\"async\" width=\"800\" height=\"817\" src=\"https:\/\/shatranj.art\/wp-content\/uploads\/2026\/02\/dilaram-mate-alfonso-font.jpg\" class=\"attachment-large size-large wp-image-1283\" alt=\"\" srcset=\"https:\/\/shatranj.art\/wp-content\/uploads\/2026\/02\/dilaram-mate-alfonso-font.jpg 1003w, https:\/\/shatranj.art\/wp-content\/uploads\/2026\/02\/dilaram-mate-alfonso-font-294x300.jpg 294w, https:\/\/shatranj.art\/wp-content\/uploads\/2026\/02\/dilaram-mate-alfonso-font-768x784.jpg 768w, https:\/\/shatranj.art\/wp-content\/uploads\/2026\/02\/dilaram-mate-alfonso-font-12x12.jpg 12w\" sizes=\"(max-width: 800px) 100vw, 800px\" \/>\t\t\t\t\t\t\t\t\t\t\t\t\t\t\t<\/div>\n\t\t\t\t<\/div>\n\t\t\t\t<\/div>\n\t\t\t\t\t<\/div>\n\t\t\t\t<\/div>\n\t\t\t\t<\/div>","protected":false},"excerpt":{"rendered":"<p>Libro de los juegos\u00a0(Spanish: &#8220;Book of games&#8221;), or\u00a0Libro de axedrez, dados e tablas\u00a0(&#8220;Book of chess, dice and tables&#8221;, in Old Spanish) \u00a0 Commissioned by King Alfonso X of Castile in 1283, the Libro de los Juegos (Book of Games) is considered the most significant medieval European treatise on games. The manuscript serves as a vital [&hellip;]<\/p>\n","protected":false},"author":1,"featured_media":0,"parent":743,"menu_order":0,"comment_status":"closed","ping_status":"closed","template":"","meta":{"footnotes":""},"class_list":["post-926","page","type-page","status-publish","hentry"],"_links":{"self":[{"href":"https:\/\/shatranj.art\/sv\/wp-json\/wp\/v2\/pages\/926","targetHints":{"allow":["GET"]}}],"collection":[{"href":"https:\/\/shatranj.art\/sv\/wp-json\/wp\/v2\/pages"}],"about":[{"href":"https:\/\/shatranj.art\/sv\/wp-json\/wp\/v2\/types\/page"}],"author":[{"embeddable":true,"href":"https:\/\/shatranj.art\/sv\/wp-json\/wp\/v2\/users\/1"}],"replies":[{"embeddable":true,"href":"https:\/\/shatranj.art\/sv\/wp-json\/wp\/v2\/comments?post=926"}],"version-history":[{"count":16,"href":"https:\/\/shatranj.art\/sv\/wp-json\/wp\/v2\/pages\/926\/revisions"}],"predecessor-version":[{"id":1487,"href":"https:\/\/shatranj.art\/sv\/wp-json\/wp\/v2\/pages\/926\/revisions\/1487"}],"up":[{"embeddable":true,"href":"https:\/\/shatranj.art\/sv\/wp-json\/wp\/v2\/pages\/743"}],"wp:attachment":[{"href":"https:\/\/shatranj.art\/sv\/wp-json\/wp\/v2\/media?parent=926"}],"curies":[{"name":"wp","href":"https:\/\/api.w.org\/{rel}","templated":true}]}}