{"id":936,"date":"2026-02-22T10:03:32","date_gmt":"2026-02-22T10:03:32","guid":{"rendered":"https:\/\/shatranj.art\/?page_id=936"},"modified":"2026-02-23T08:46:38","modified_gmt":"2026-02-23T08:46:38","slug":"poster-14","status":"publish","type":"page","link":"https:\/\/shatranj.art\/sv\/exhibit\/poster-14\/","title":{"rendered":"affisch 14"},"content":{"rendered":"<div data-elementor-type=\"wp-page\" data-elementor-id=\"936\" class=\"elementor elementor-936\" data-elementor-post-type=\"page\">\n\t\t\t\t<div class=\"elementor-element elementor-element-c355192 e-flex e-con-boxed e-con e-parent\" data-id=\"c355192\" data-element_type=\"container\" data-e-type=\"container\" data-settings=\"{&quot;background_background&quot;:&quot;classic&quot;}\">\n\t\t\t\t\t<div class=\"e-con-inner\">\n\t\t<div class=\"elementor-element elementor-element-5bf7f96 e-con-full e-flex e-con e-child\" data-id=\"5bf7f96\" data-element_type=\"container\" data-e-type=\"container\">\n\t\t\t\t<div class=\"elementor-element elementor-element-82eab3c elementor-widget__width-initial elementor-widget-mobile__width-inherit elementor-widget elementor-widget-image\" data-id=\"82eab3c\" data-element_type=\"widget\" data-e-type=\"widget\" data-widget_type=\"image.default\">\n\t\t\t\t<div class=\"elementor-widget-container\">\n\t\t\t\t\t\t\t\t\t\t\t\t\t\t\t<img fetchpriority=\"high\" decoding=\"async\" width=\"768\" height=\"1024\" src=\"https:\/\/shatranj.art\/wp-content\/uploads\/2026\/02\/14-768x1024.jpg\" class=\"attachment-large size-large wp-image-939\" alt=\"\" srcset=\"https:\/\/shatranj.art\/wp-content\/uploads\/2026\/02\/14-768x1024.jpg 768w, https:\/\/shatranj.art\/wp-content\/uploads\/2026\/02\/14-225x300.jpg 225w, https:\/\/shatranj.art\/wp-content\/uploads\/2026\/02\/14-1152x1536.jpg 1152w, https:\/\/shatranj.art\/wp-content\/uploads\/2026\/02\/14-1536x2048.jpg 1536w, https:\/\/shatranj.art\/wp-content\/uploads\/2026\/02\/14-scaled.jpg 1920w\" sizes=\"(max-width: 768px) 100vw, 768px\" \/>\t\t\t\t\t\t\t\t\t\t\t\t\t\t\t<\/div>\n\t\t\t\t<\/div>\n\t\t\t\t<div class=\"elementor-element elementor-element-f30dc26 elementor-widget__width-initial elementor-widget elementor-widget-text-editor\" data-id=\"f30dc26\" data-element_type=\"widget\" data-e-type=\"widget\" data-widget_type=\"text-editor.default\">\n\t\t\t\t<div class=\"elementor-widget-container\">\n\t\t\t\t\t\t\t\t\t<p><strong>Det intellektuella arvet fr\u00e5n en gorganitisk aristokrat<\/strong><\/p><p>\u00a0<\/p><p>Al-Suli var inte bara sin tids fr\u00e4mste schackm\u00e4stare, han var ocks\u00e5 \u201cnadim\u201d (hovkamrat) till de abbasidiska kaliferna, palatshistoriker och en skarpsinnig poet. Han f\u00f6ddes i Gorgan omkring 870 e.Kr. och hans sl\u00e4kt g\u00e5r tillbaka till det bef\u00e4sta fortet Sul p\u00e5 Dehistans st\u00e4pper, d\u00e4r hans farfar, den turkiske prinsen Sul tekin, en g\u00e5ng regerade. Detta \u00e4dla arv hedras idag med en staty vid sj\u00e4lvst\u00e4ndighetsmonumentet i Ashgabat, Turkmenistan.<\/p><p>\u00a0<\/p><p>Med rang av \u201cAliya\u201d, den h\u00f6gst uppn\u00e5eliga titeln i schack, f\u00f6rvandlade Al-Suli spelet till en strukturerad vetenskaplig arkitektur. I sitt banbrytande verk Kitab al-Shatranj var han den f\u00f6rste som systematiskt dokumenterade \u00f6ppningsformationer (tabiyas) och slutspelsstrategier (mansubas). Det teoretiska ramverk som han etablerade f\u00f6rblev det definitiva riktm\u00e4rket f\u00f6r m\u00e4sterskap och den prim\u00e4ra referensk\u00e4llan i \u00e5rhundraden, \u00e4nda fram till uppkomsten av moderna schackregler.<\/p>\t\t\t\t\t\t\t\t<\/div>\n\t\t\t\t<\/div>\n\t\t<div class=\"elementor-element elementor-element-8f27e89 e-con-full e-flex e-con e-child\" data-id=\"8f27e89\" data-element_type=\"container\" data-e-type=\"container\">\n\t\t\t\t<div class=\"elementor-element elementor-element-374a727 elementor-widget-mobile__width-inherit elementor-widget elementor-widget-image\" data-id=\"374a727\" data-element_type=\"widget\" data-e-type=\"widget\" data-widget_type=\"image.default\">\n\t\t\t\t<div class=\"elementor-widget-container\">\n\t\t\t\t\t\t\t\t\t\t\t\t\t\t\t<img decoding=\"async\" width=\"800\" height=\"457\" src=\"https:\/\/shatranj.art\/wp-content\/uploads\/2026\/02\/14-1-1024x585.jpg\" class=\"attachment-large size-large wp-image-940\" alt=\"\" srcset=\"https:\/\/shatranj.art\/wp-content\/uploads\/2026\/02\/14-1-1024x585.jpg 1024w, https:\/\/shatranj.art\/wp-content\/uploads\/2026\/02\/14-1-300x171.jpg 300w, https:\/\/shatranj.art\/wp-content\/uploads\/2026\/02\/14-1-768x439.jpg 768w, https:\/\/shatranj.art\/wp-content\/uploads\/2026\/02\/14-1-1536x877.jpg 1536w, https:\/\/shatranj.art\/wp-content\/uploads\/2026\/02\/14-1-2048x1170.jpg 2048w\" sizes=\"(max-width: 800px) 100vw, 800px\" \/>\t\t\t\t\t\t\t\t\t\t\t\t\t\t\t<\/div>\n\t\t\t\t<\/div>\n\t\t\t\t<div class=\"elementor-element elementor-element-118c953 elementor-widget-mobile__width-inherit elementor-widget elementor-widget-image\" data-id=\"118c953\" data-element_type=\"widget\" data-e-type=\"widget\" data-widget_type=\"image.default\">\n\t\t\t\t<div class=\"elementor-widget-container\">\n\t\t\t\t\t\t\t\t\t\t\t\t\t\t\t<img decoding=\"async\" width=\"800\" height=\"488\" src=\"https:\/\/shatranj.art\/wp-content\/uploads\/2026\/02\/14-2-1024x624.jpg\" class=\"attachment-large size-large wp-image-941\" alt=\"\" srcset=\"https:\/\/shatranj.art\/wp-content\/uploads\/2026\/02\/14-2-1024x624.jpg 1024w, https:\/\/shatranj.art\/wp-content\/uploads\/2026\/02\/14-2-300x183.jpg 300w, https:\/\/shatranj.art\/wp-content\/uploads\/2026\/02\/14-2-768x468.jpg 768w, https:\/\/shatranj.art\/wp-content\/uploads\/2026\/02\/14-2-1536x936.jpg 1536w, https:\/\/shatranj.art\/wp-content\/uploads\/2026\/02\/14-2-2048x1249.jpg 2048w\" sizes=\"(max-width: 800px) 100vw, 800px\" \/>\t\t\t\t\t\t\t\t\t\t\t\t\t\t\t<\/div>\n\t\t\t\t<\/div>\n\t\t\t\t<\/div>\n\t\t\t\t<div class=\"elementor-element elementor-element-bbcc28f elementor-widget__width-initial elementor-widget elementor-widget-text-editor\" data-id=\"bbcc28f\" data-element_type=\"widget\" data-e-type=\"widget\" data-widget_type=\"text-editor.default\">\n\t\t\t\t<div class=\"elementor-widget-container\">\n\t\t\t\t\t\t\t\t\t<p><b>Suli's diamant: Den millenniel\u00e5nga \u201col\u00f6sliga\u201d toppen av strategi<\/b><\/p><p>\u00a0<\/p><p>\u201cDiamanten\u201d komponerades p\u00e5 900-talet av den gorganitiske m\u00e4staren Abu Bakr bin Yahya al-Suli och \u00e4r den mest legendariska och omdiskuterade g\u00e5tan i schackhistorien. Trots sin absoluta yttre enkelhet - ett slutspel med endast en kung och en ferz (den historiska f\u00f6reg\u00e5ngaren till drottningen) p\u00e5 vardera sidan - f\u00f6rblev denna komposition schackv\u00e4rldens \u201col\u00f6sliga\u201d Everest i hela tusen \u00e5r. Denna lysande skapelse av Al-Suli \u00e4r en suver\u00e4n man\u00f6verkonst som t\u00e4njer p\u00e5 gr\u00e4nserna f\u00f6r det historiska schacket.<\/p><p>\u00a0<\/p><p><strong>Hemligheten bakom S\u00fcleymaniye-manuskriptet<\/strong><\/p><p>\u00a0<\/p><p>Den viktigaste uppteckningen av denna g\u00e5ta finns i den kopia av Kitab Ash-Shatranj som finns bevarad i S\u00fcleymaniye-biblioteket i Istanbul. \u00c4ven om sidorna i detta specifika manuskript \u00e4r intakta \u00e4r det uppenbart att vissa positioner och drag har transkriberats felaktigt eller ofullst\u00e4ndigt fr\u00e5n originalk\u00e4llan. Men \u00e4ven med dessa historiska skrivfel st\u00e4mmer den partiella l\u00f6sningen i texten perfekt \u00f6verens med det djupa analytiska arbete som utf\u00f6rdes av storm\u00e4staren Yuri Averbakh p\u00e5 1900-talet. Al-Suli f\u00f6revigade exklusiviteten i sitt m\u00e4sterskap med detta trotsiga p\u00e5st\u00e5ende:<\/p><p>\u201cIngen ska l\u00f6sa det, utom de som jag har instruerat\u201d<\/p><p>\u00a0<\/p><p><strong>Algoritmernas triumf:<\/strong> <strong>shatranj.ai<\/strong><\/p><p>\u00a0<\/p><p>\u201cDiamanten\u201d, som l\u00e4mnade m\u00e4nniskan i v\u00f6rdnad under ett \u00e5rtusende, har nu blivit helt upplyst av den digitala tids\u00e5lderns kraft. Inom ramen f\u00f6r shatranj.ai-projektet, med hj\u00e4lp av dynamiska programmeringsmetoder och moderna algoritmer med aktiverade \u201chash\u201d-funktioner (transpositionstabell), har varje variation av denna geniala komposition l\u00f6sts matematiskt. Denna resa, som str\u00e4cker sig fr\u00e5n S\u00fcleymaniye-manuskriptens linjer till modern kod, \u00e4r den ultimata verifieringen av Al-Sulis tidl\u00f6sa strategiska geni och bevisar att det som en g\u00e5ng var f\u00f6rbeh\u00e5llet m\u00e4starens utvalda elever nu kan f\u00f6rst\u00e5s med hj\u00e4lp av ren logik.<\/p>\t\t\t\t\t\t\t\t<\/div>\n\t\t\t\t<\/div>\n\t\t\t\t<\/div>\n\t\t\t\t\t<\/div>\n\t\t\t\t<\/div>\n\t\t\t\t<\/div>","protected":false},"excerpt":{"rendered":"<p>The Intellectual Legacy of a Gorganite Aristocrat \u00a0 Al-Suli was not merely the preeminent chess master of his age; he was a &#8220;nadim&#8221; (court companion) to Abbasid Caliphs, a palace historian, and a sharp-witted poet. Born in Gorgan around 870 AD, his lineage traces back to the fortified Fortress of Sul in the Dehistan steppes, [&hellip;]<\/p>\n","protected":false},"author":1,"featured_media":0,"parent":743,"menu_order":0,"comment_status":"closed","ping_status":"closed","template":"","meta":{"footnotes":""},"class_list":["post-936","page","type-page","status-publish","hentry"],"_links":{"self":[{"href":"https:\/\/shatranj.art\/sv\/wp-json\/wp\/v2\/pages\/936","targetHints":{"allow":["GET"]}}],"collection":[{"href":"https:\/\/shatranj.art\/sv\/wp-json\/wp\/v2\/pages"}],"about":[{"href":"https:\/\/shatranj.art\/sv\/wp-json\/wp\/v2\/types\/page"}],"author":[{"embeddable":true,"href":"https:\/\/shatranj.art\/sv\/wp-json\/wp\/v2\/users\/1"}],"replies":[{"embeddable":true,"href":"https:\/\/shatranj.art\/sv\/wp-json\/wp\/v2\/comments?post=936"}],"version-history":[{"count":31,"href":"https:\/\/shatranj.art\/sv\/wp-json\/wp\/v2\/pages\/936\/revisions"}],"predecessor-version":[{"id":1351,"href":"https:\/\/shatranj.art\/sv\/wp-json\/wp\/v2\/pages\/936\/revisions\/1351"}],"up":[{"embeddable":true,"href":"https:\/\/shatranj.art\/sv\/wp-json\/wp\/v2\/pages\/743"}],"wp:attachment":[{"href":"https:\/\/shatranj.art\/sv\/wp-json\/wp\/v2\/media?parent=936"}],"curies":[{"name":"wp","href":"https:\/\/api.w.org\/{rel}","templated":true}]}}