{"id":954,"date":"2026-02-22T15:10:21","date_gmt":"2026-02-22T15:10:21","guid":{"rendered":"https:\/\/shatranj.art\/?page_id=954"},"modified":"2026-02-24T09:18:28","modified_gmt":"2026-02-24T09:18:28","slug":"poster-16","status":"publish","type":"page","link":"https:\/\/shatranj.art\/sv\/exhibit\/poster-16\/","title":{"rendered":"affisch 16"},"content":{"rendered":"<div data-elementor-type=\"wp-page\" data-elementor-id=\"954\" class=\"elementor elementor-954\" data-elementor-post-type=\"page\">\n\t\t\t\t<div class=\"elementor-element elementor-element-05751de e-flex e-con-boxed e-con e-parent\" data-id=\"05751de\" data-element_type=\"container\" data-e-type=\"container\" data-settings=\"{&quot;background_background&quot;:&quot;classic&quot;}\">\n\t\t\t\t\t<div class=\"e-con-inner\">\n\t\t<div class=\"elementor-element elementor-element-415f3f4 e-con-full e-flex e-con e-child\" data-id=\"415f3f4\" data-element_type=\"container\" data-e-type=\"container\">\n\t\t\t\t<div class=\"elementor-element elementor-element-ee52ef0 elementor-widget__width-initial elementor-widget elementor-widget-image\" data-id=\"ee52ef0\" data-element_type=\"widget\" data-e-type=\"widget\" data-widget_type=\"image.default\">\n\t\t\t\t<div class=\"elementor-widget-container\">\n\t\t\t\t\t\t\t\t\t\t\t\t\t\t\t<img fetchpriority=\"high\" decoding=\"async\" width=\"723\" height=\"1024\" src=\"https:\/\/shatranj.art\/wp-content\/uploads\/2026\/02\/16-723x1024.jpg\" class=\"attachment-large size-large wp-image-959\" alt=\"\" srcset=\"https:\/\/shatranj.art\/wp-content\/uploads\/2026\/02\/16-723x1024.jpg 723w, https:\/\/shatranj.art\/wp-content\/uploads\/2026\/02\/16-212x300.jpg 212w, https:\/\/shatranj.art\/wp-content\/uploads\/2026\/02\/16-768x1087.jpg 768w, https:\/\/shatranj.art\/wp-content\/uploads\/2026\/02\/16-1085x1536.jpg 1085w, https:\/\/shatranj.art\/wp-content\/uploads\/2026\/02\/16-1447x2048.jpg 1447w, https:\/\/shatranj.art\/wp-content\/uploads\/2026\/02\/16.jpg 1557w\" sizes=\"(max-width: 723px) 100vw, 723px\" \/>\t\t\t\t\t\t\t\t\t\t\t\t\t\t\t<\/div>\n\t\t\t\t<\/div>\n\t\t\t\t<div class=\"elementor-element elementor-element-bc51b4f elementor-widget__width-initial elementor-widget elementor-widget-text-editor\" data-id=\"bc51b4f\" data-element_type=\"widget\" data-e-type=\"widget\" data-widget_type=\"text-editor.default\">\n\t\t\t\t<div class=\"elementor-widget-container\">\n\t\t\t\t\t\t\t\t\t<h3><b>Bucephalus: Den legendariska anden fr\u00e5n st\u00e4pperna och er\u00f6vringarna<\/b><\/h3><p>Betydelsen \u201coxhuvud\u201d (Boukephalos) p\u00e5 antik grekiska, sannolikt p\u00e5 grund av hans breda panna eller ett m\u00e4rke p\u00e5 axeln, \u00e4r Bucephalus den mest ikoniska stridsh\u00e4sten i historien. Enligt legenden erbj\u00f6ds han till kung Filip II av Philonicus av Thessalien f\u00f6r den svindlande summan av 13 talenter, men ingen kunde t\u00e4mja hans vilda ande. Den unge Alexander uppt\u00e4ckte att h\u00e4sten bara var r\u00e4dd f\u00f6r sin egen skugga och v\u00e4nde den mot solen f\u00f6r att lugna den. N\u00e4r kung Filip s\u00e5g detta f\u00f6rklarade han som bekant \u201cO min son, s\u00f6k dig ett kungarike som \u00e4r lika stort och v\u00e4rdigt dig sj\u00e4lv, f\u00f6r Makedonien \u00e4r f\u00f6r litet f\u00f6r dig!\u201d<\/p><p>\u00a0<\/p><p>Fr\u00e5n slagf\u00e4lt till od\u00f6dlighet<\/p><p>\u00a0<\/p><p>Bucephalus f\u00f6ljde Alexander genom hela hans f\u00e4ltt\u00e5g fr\u00e5n Grekland till hj\u00e4rtat av Indien. Han bar sin m\u00e4stare genom de blodigaste sammandrabbningarna, fr\u00e5n Granicus och Issus till Gaugamela och slaget vid Hydaspes. \u00c5r 326 f.Kr. under det indiska f\u00e4ltt\u00e5get avled han antingen av stridsskador eller \u00e5lderdom (n\u00e4stan 30 \u00e5r gammal). Till hans \u00e4ra grundade Alexander staden Alexandria Bucephala vid floden Jhelums strand i dagens Pakistan.<\/p><p>\u00a0<\/p><p>Kulturellt arv<\/p><p>\u00a0<\/p><p>I konst- och litteraturhistorien st\u00e5r Bucephalus som en symbol f\u00f6r makt, lojalitet och skarp instinkt. I \u00f6sterl\u00e4ndska traditioner, d\u00e4r Alexander ofta identifieras som \u201cIskandar\u201d, framst\u00e4lls Bucephalus som en lojal f\u00f6ljeslagare utrustad med \u00f6vernaturliga egenskaper. Han f\u00f6rblir den sanna \u201canden\u201d bakom historiens st\u00f6rsta er\u00f6vrare och representerar ett band som str\u00e4ckte sig \u00f6ver slagf\u00e4ltet.<\/p>\t\t\t\t\t\t\t\t<\/div>\n\t\t\t\t<\/div>\n\t\t\t\t<\/div>\n\t\t\t\t\t<\/div>\n\t\t\t\t<\/div>\n\t\t\t\t<\/div>","protected":false},"excerpt":{"rendered":"<p>Bucephalus: The Legendary Spirit of the Steppes and Conquests Meaning &#8220;Ox-headed&#8221; (Boukephalos) in Ancient Greek likely due to his broad brow or a branding on his shoulder Bucephalus is the most iconic warhorse in history. Legend tells that he was offered to King Philip II by Philonicus the Thessalian for the staggering sum of 13 [&hellip;]<\/p>\n","protected":false},"author":1,"featured_media":0,"parent":743,"menu_order":0,"comment_status":"closed","ping_status":"closed","template":"","meta":{"footnotes":""},"class_list":["post-954","page","type-page","status-publish","hentry"],"_links":{"self":[{"href":"https:\/\/shatranj.art\/sv\/wp-json\/wp\/v2\/pages\/954","targetHints":{"allow":["GET"]}}],"collection":[{"href":"https:\/\/shatranj.art\/sv\/wp-json\/wp\/v2\/pages"}],"about":[{"href":"https:\/\/shatranj.art\/sv\/wp-json\/wp\/v2\/types\/page"}],"author":[{"embeddable":true,"href":"https:\/\/shatranj.art\/sv\/wp-json\/wp\/v2\/users\/1"}],"replies":[{"embeddable":true,"href":"https:\/\/shatranj.art\/sv\/wp-json\/wp\/v2\/comments?post=954"}],"version-history":[{"count":13,"href":"https:\/\/shatranj.art\/sv\/wp-json\/wp\/v2\/pages\/954\/revisions"}],"predecessor-version":[{"id":1579,"href":"https:\/\/shatranj.art\/sv\/wp-json\/wp\/v2\/pages\/954\/revisions\/1579"}],"up":[{"embeddable":true,"href":"https:\/\/shatranj.art\/sv\/wp-json\/wp\/v2\/pages\/743"}],"wp:attachment":[{"href":"https:\/\/shatranj.art\/sv\/wp-json\/wp\/v2\/media?parent=954"}],"curies":[{"name":"wp","href":"https:\/\/api.w.org\/{rel}","templated":true}]}}