{"id":976,"date":"2026-02-22T15:26:41","date_gmt":"2026-02-22T15:26:41","guid":{"rendered":"https:\/\/shatranj.art\/?page_id=976"},"modified":"2026-02-23T04:57:59","modified_gmt":"2026-02-23T04:57:59","slug":"poster-19","status":"publish","type":"page","link":"https:\/\/shatranj.art\/sv\/exhibit\/poster-19\/","title":{"rendered":"affisch 19"},"content":{"rendered":"<div data-elementor-type=\"wp-page\" data-elementor-id=\"976\" class=\"elementor elementor-976\" data-elementor-post-type=\"page\">\n\t\t\t\t<div class=\"elementor-element elementor-element-bd53a03 e-flex e-con-boxed e-con e-parent\" data-id=\"bd53a03\" data-element_type=\"container\" data-e-type=\"container\" data-settings=\"{&quot;background_background&quot;:&quot;classic&quot;}\">\n\t\t\t\t\t<div class=\"e-con-inner\">\n\t\t<div class=\"elementor-element elementor-element-258a2d8 e-con-full e-flex e-con e-child\" data-id=\"258a2d8\" data-element_type=\"container\" data-e-type=\"container\">\n\t\t\t\t<div class=\"elementor-element elementor-element-54379e5 elementor-widget__width-initial elementor-widget elementor-widget-image\" data-id=\"54379e5\" data-element_type=\"widget\" data-e-type=\"widget\" data-widget_type=\"image.default\">\n\t\t\t\t<div class=\"elementor-widget-container\">\n\t\t\t\t\t\t\t\t\t\t\t\t\t\t\t<img fetchpriority=\"high\" decoding=\"async\" width=\"800\" height=\"842\" src=\"https:\/\/shatranj.art\/wp-content\/uploads\/2026\/02\/19-973x1024.jpg\" class=\"attachment-large size-large wp-image-979\" alt=\"\" srcset=\"https:\/\/shatranj.art\/wp-content\/uploads\/2026\/02\/19-973x1024.jpg 973w, https:\/\/shatranj.art\/wp-content\/uploads\/2026\/02\/19-285x300.jpg 285w, https:\/\/shatranj.art\/wp-content\/uploads\/2026\/02\/19-768x808.jpg 768w, https:\/\/shatranj.art\/wp-content\/uploads\/2026\/02\/19.jpg 1121w\" sizes=\"(max-width: 800px) 100vw, 800px\" \/>\t\t\t\t\t\t\t\t\t\t\t\t\t\t\t<\/div>\n\t\t\t\t<\/div>\n\t\t\t\t<div class=\"elementor-element elementor-element-38b79a5 elementor-widget__width-initial elementor-widget elementor-widget-text-editor\" data-id=\"38b79a5\" data-element_type=\"widget\" data-e-type=\"widget\" data-widget_type=\"text-editor.default\">\n\t\t\t\t<div class=\"elementor-widget-container\">\n\t\t\t\t\t\t\t\t\t<p><strong>Deep Blue mot Kasparov: Gryningen f\u00f6r maskinernas dominans<\/strong><\/p><p>\u00a0<\/p><p><span style=\"font-weight: 400;\">\u00c5r 1997 bevittnade v\u00e4rlden en historisk v\u00e4ndpunkt i f\u00f6rh\u00e5llandet mellan m\u00e4nniska och maskin. Superdatorn, som utvecklats av IBM, var <\/span>Djupbl\u00e5<span style=\"font-weight: 400;\"> besegrade den regerande v\u00e4rldsm\u00e4staren, <\/span>Garry Kasparov<span style=\"font-weight: 400;\">, i en serie om sex matcher. Detta var f\u00f6rsta g\u00e5ngen en dator hade slagit en v\u00e4rldsm\u00e4stare i en turneringsliknande match med standardtidskontroll.<\/span><\/p><p>\u00a0<\/p><p><b>Brute Force Power:<\/b><span style=\"font-weight: 400;\"> Deep Blue var ett m\u00e4sterverk av specialiserad h\u00e5rdvara som kunde ber\u00e4kna 200 miljoner positioner per sekund.<\/span><\/p><p>\u00a0<\/p><p><b>En symbolisk seger:<\/b><span style=\"font-weight: 400;\"> Denna match f\u00f6r\u00e4ndrade den globala uppfattningen om artificiell intelligens. Den bevisade att \u00e4ven om den m\u00e4nskliga intuitionen \u00e4r djup, kan en maskins rena ber\u00e4kningshastighet \u00f6vervinna den tidens st\u00f6rsta strategiska sinne.<\/span><\/p>\t\t\t\t\t\t\t\t<\/div>\n\t\t\t\t<\/div>\n\t\t\t\t<div class=\"elementor-element elementor-element-d1ad4e6 elementor-widget__width-initial elementor-widget elementor-widget-image\" data-id=\"d1ad4e6\" data-element_type=\"widget\" data-e-type=\"widget\" data-widget_type=\"image.default\">\n\t\t\t\t<div class=\"elementor-widget-container\">\n\t\t\t\t\t\t\t\t\t\t\t\t\t\t\t<img decoding=\"async\" width=\"800\" height=\"600\" src=\"https:\/\/shatranj.art\/wp-content\/uploads\/2026\/02\/19-1-1024x768.jpg\" class=\"attachment-large size-large wp-image-980\" alt=\"\" srcset=\"https:\/\/shatranj.art\/wp-content\/uploads\/2026\/02\/19-1-1024x768.jpg 1024w, https:\/\/shatranj.art\/wp-content\/uploads\/2026\/02\/19-1-300x225.jpg 300w, https:\/\/shatranj.art\/wp-content\/uploads\/2026\/02\/19-1-768x576.jpg 768w, https:\/\/shatranj.art\/wp-content\/uploads\/2026\/02\/19-1.jpg 1250w\" sizes=\"(max-width: 800px) 100vw, 800px\" \/>\t\t\t\t\t\t\t\t\t\t\t\t\t\t\t<\/div>\n\t\t\t\t<\/div>\n\t\t\t\t<div class=\"elementor-element elementor-element-e238e58 elementor-widget__width-initial elementor-widget elementor-widget-image\" data-id=\"e238e58\" data-element_type=\"widget\" data-e-type=\"widget\" data-widget_type=\"image.default\">\n\t\t\t\t<div class=\"elementor-widget-container\">\n\t\t\t\t\t\t\t\t\t\t\t\t\t\t\t<img decoding=\"async\" width=\"682\" height=\"1024\" src=\"https:\/\/shatranj.art\/wp-content\/uploads\/2026\/02\/19-2-682x1024.jpg\" class=\"attachment-large size-large wp-image-981\" alt=\"\" srcset=\"https:\/\/shatranj.art\/wp-content\/uploads\/2026\/02\/19-2-682x1024.jpg 682w, https:\/\/shatranj.art\/wp-content\/uploads\/2026\/02\/19-2-200x300.jpg 200w, https:\/\/shatranj.art\/wp-content\/uploads\/2026\/02\/19-2-768x1154.jpg 768w, https:\/\/shatranj.art\/wp-content\/uploads\/2026\/02\/19-2-1023x1536.jpg 1023w, https:\/\/shatranj.art\/wp-content\/uploads\/2026\/02\/19-2-1363x2048.jpg 1363w, https:\/\/shatranj.art\/wp-content\/uploads\/2026\/02\/19-2.jpg 1667w\" sizes=\"(max-width: 682px) 100vw, 682px\" \/>\t\t\t\t\t\t\t\t\t\t\t\t\t\t\t<\/div>\n\t\t\t\t<\/div>\n\t\t\t\t<div class=\"elementor-element elementor-element-a12f1b5 elementor-widget__width-inherit elementor-widget elementor-widget-text-editor\" data-id=\"a12f1b5\" data-element_type=\"widget\" data-e-type=\"widget\" data-widget_type=\"text-editor.default\">\n\t\t\t\t<div class=\"elementor-widget-container\">\n\t\t\t\t\t\t\t\t\t<h3><b>Stockfisk: Demokratiseringen av Grandmaster-analys<\/b><\/h3><p>Stockfisk<span style=\"font-weight: 400;\"> \u00e4r v\u00e4rldens mest kraftfulla schackmotor med \u00f6ppen k\u00e4llkod. Till skillnad fr\u00e5n tidigare exklusiva superdatorer \u00e4r Stockfish gratis och tillg\u00e4nglig f\u00f6r alla, fr\u00e5n amat\u00f6rhobbyister till storm\u00e4stare i v\u00e4rldsklass.<\/span><\/p><ul><li style=\"font-weight: 400;\" aria-level=\"1\"><b>Den globala standarden:<\/b><span style=\"font-weight: 400;\"> Stockfish rankas st\u00e4ndigt h\u00f6gst upp p\u00e5 motorernas topplistor och fungerar som det ultimata verktyget f\u00f6r spelanalys och strategiutveckling.<\/span><\/li><li style=\"font-weight: 400;\" aria-level=\"1\"><b>Neural evolution:<\/b><span style=\"font-weight: 400;\"> Stockfish baserades ursprungligen p\u00e5 klassiska \u201cs\u00f6k- och utv\u00e4rderingsalgoritmer\u201d, men i moderna versioner anv\u00e4nds nu <\/span>NNUE (effektivt uppdaterbara neurala n\u00e4tverk)<span style=\"font-weight: 400;\">. Denna fusion g\u00f6r det m\u00f6jligt att kombinera enorma ber\u00e4kningshastigheter med en djupare, n\u00e4stan m\u00e4nsklig \u201cf\u00f6rst\u00e5else\u201d av komplexa positioner och n\u00e5 ett ELO-betyg l\u00e5ngt \u00f6ver <\/span>3500<span style=\"font-weight: 400;\">.<\/span><\/li><\/ul>\t\t\t\t\t\t\t\t<\/div>\n\t\t\t\t<\/div>\n\t\t\t\t<div class=\"elementor-element elementor-element-5ec8752 elementor-widget__width-initial elementor-widget elementor-widget-image\" data-id=\"5ec8752\" data-element_type=\"widget\" data-e-type=\"widget\" data-widget_type=\"image.default\">\n\t\t\t\t<div class=\"elementor-widget-container\">\n\t\t\t\t\t\t\t\t\t\t\t\t\t\t\t<img loading=\"lazy\" decoding=\"async\" width=\"800\" height=\"800\" src=\"https:\/\/shatranj.art\/wp-content\/uploads\/2026\/02\/19-1024x1024.png\" class=\"attachment-large size-large wp-image-982\" alt=\"\" srcset=\"https:\/\/shatranj.art\/wp-content\/uploads\/2026\/02\/19-1024x1024.png 1024w, https:\/\/shatranj.art\/wp-content\/uploads\/2026\/02\/19-300x300.png 300w, https:\/\/shatranj.art\/wp-content\/uploads\/2026\/02\/19-150x150.png 150w, https:\/\/shatranj.art\/wp-content\/uploads\/2026\/02\/19-768x768.png 768w, https:\/\/shatranj.art\/wp-content\/uploads\/2026\/02\/19.png 1056w\" sizes=\"(max-width: 800px) 100vw, 800px\" \/>\t\t\t\t\t\t\t\t\t\t\t\t\t\t\t<\/div>\n\t\t\t\t<\/div>\n\t\t\t\t<div class=\"elementor-element elementor-element-f657508 elementor-widget__width-initial elementor-widget-tablet__width-inherit elementor-widget elementor-widget-text-editor\" data-id=\"f657508\" data-element_type=\"widget\" data-e-type=\"widget\" data-widget_type=\"text-editor.default\">\n\t\t\t\t<div class=\"elementor-widget-container\">\n\t\t\t\t\t\t\t\t\t<h3><b>AlphaZero: En era av maskinintuition och kreativitet<\/b><\/h3><p>AlphaZero utvecklades av Googles DeepMind och revolutionerade hur vi t\u00e4nker kring artificiell intelligens. Medan tidigare motorer \u201cl\u00e4rdes upp\u201d av m\u00e4nniskor med hj\u00e4lp av programmerade regler, var AlphaZero ett sj\u00e4lvl\u00e4rande system.<\/p><ul><li style=\"font-weight: 400;\" aria-level=\"1\"><b>Tabula Rasa (fr\u00e5n grunden):<\/b><span style=\"font-weight: 400;\"> AlphaZero fick bara de grundl\u00e4ggande reglerna i schack. Genom att spela miljontals partier mot sig sj\u00e4lv via Reinforcement Learning uppn\u00e5dde den en \u00f6verm\u00e4nsklig niv\u00e5 av beh\u00e4rskning p\u00e5 bara fyra timmar.<\/span><\/li><li style=\"font-weight: 400;\" aria-level=\"1\"><b>En kreativ revolution:<\/b><span style=\"font-weight: 400;\"> AlphaZero spelade inte som en typisk \u201ckalkylator\u201d. Det introducerade en mycket aggressiv, kreativ och intuitiv stil som ofta offrade material f\u00f6r ett l\u00e5ngsiktigt positionellt tryck. Det bevisade att maskiner inte bara kunde ber\u00e4kna snabbare \u00e4n m\u00e4nniskor utan ocks\u00e5 kunde \u201c\u00e5teruppfinna\u201d konsten och kreativiteten i sj\u00e4lva spelet.<\/span><\/li><\/ul>\t\t\t\t\t\t\t\t<\/div>\n\t\t\t\t<\/div>\n\t\t\t\t<\/div>\n\t\t\t\t\t<\/div>\n\t\t\t\t<\/div>\n\t\t\t\t<\/div>","protected":false},"excerpt":{"rendered":"<p>Deep Blue vs. Kasparov: The Dawn of Machine Dominance \u00a0 In 1997, the world witnessed a historic turning point in the relationship between man and machine. Developed by IBM, the supercomputer Deep Blue defeated the reigning World Champion, Garry Kasparov, in a six-match series. This was the first time a computer had beaten a world [&hellip;]<\/p>\n","protected":false},"author":1,"featured_media":0,"parent":743,"menu_order":0,"comment_status":"closed","ping_status":"closed","template":"","meta":{"footnotes":""},"class_list":["post-976","page","type-page","status-publish","hentry"],"_links":{"self":[{"href":"https:\/\/shatranj.art\/sv\/wp-json\/wp\/v2\/pages\/976","targetHints":{"allow":["GET"]}}],"collection":[{"href":"https:\/\/shatranj.art\/sv\/wp-json\/wp\/v2\/pages"}],"about":[{"href":"https:\/\/shatranj.art\/sv\/wp-json\/wp\/v2\/types\/page"}],"author":[{"embeddable":true,"href":"https:\/\/shatranj.art\/sv\/wp-json\/wp\/v2\/users\/1"}],"replies":[{"embeddable":true,"href":"https:\/\/shatranj.art\/sv\/wp-json\/wp\/v2\/comments?post=976"}],"version-history":[{"count":7,"href":"https:\/\/shatranj.art\/sv\/wp-json\/wp\/v2\/pages\/976\/revisions"}],"predecessor-version":[{"id":1228,"href":"https:\/\/shatranj.art\/sv\/wp-json\/wp\/v2\/pages\/976\/revisions\/1228"}],"up":[{"embeddable":true,"href":"https:\/\/shatranj.art\/sv\/wp-json\/wp\/v2\/pages\/743"}],"wp:attachment":[{"href":"https:\/\/shatranj.art\/sv\/wp-json\/wp\/v2\/media?parent=976"}],"curies":[{"name":"wp","href":"https:\/\/api.w.org\/{rel}","templated":true}]}}