{"id":1053,"date":"2026-02-22T18:09:29","date_gmt":"2026-02-22T18:09:29","guid":{"rendered":"https:\/\/shatranj.art\/?page_id=1053"},"modified":"2026-02-23T05:20:05","modified_gmt":"2026-02-23T05:20:05","slug":"poster-28","status":"publish","type":"page","link":"https:\/\/shatranj.art\/ta\/exhibit\/poster-28\/","title":{"rendered":"\u0baa\u0bcb\u0bb8\u0bcd\u0b9f\u0bb0\u0bcd 28"},"content":{"rendered":"<div data-elementor-type=\"wp-page\" data-elementor-id=\"1053\" class=\"elementor elementor-1053\" data-elementor-post-type=\"page\">\n\t\t\t\t<div class=\"elementor-element elementor-element-0bbd3b8 e-flex e-con-boxed e-con e-parent\" data-id=\"0bbd3b8\" data-element_type=\"container\" data-e-type=\"container\" data-settings=\"{&quot;background_background&quot;:&quot;classic&quot;}\">\n\t\t\t\t\t<div class=\"e-con-inner\">\n\t\t<div class=\"elementor-element elementor-element-c1f4b02 e-con-full e-flex e-con e-child\" data-id=\"c1f4b02\" data-element_type=\"container\" data-e-type=\"container\">\n\t\t\t\t<div class=\"elementor-element elementor-element-be9a805 elementor-widget__width-initial elementor-widget elementor-widget-image\" data-id=\"be9a805\" data-element_type=\"widget\" data-e-type=\"widget\" data-widget_type=\"image.default\">\n\t\t\t\t<div class=\"elementor-widget-container\">\n\t\t\t\t\t\t\t\t\t\t\t\t\t\t\t<img fetchpriority=\"high\" decoding=\"async\" width=\"683\" height=\"1024\" src=\"https:\/\/shatranj.art\/wp-content\/uploads\/2026\/02\/28-683x1024.jpg\" class=\"attachment-large size-large wp-image-1059\" alt=\"\" srcset=\"https:\/\/shatranj.art\/wp-content\/uploads\/2026\/02\/28-683x1024.jpg 683w, https:\/\/shatranj.art\/wp-content\/uploads\/2026\/02\/28-200x300.jpg 200w, https:\/\/shatranj.art\/wp-content\/uploads\/2026\/02\/28-768x1152.jpg 768w, https:\/\/shatranj.art\/wp-content\/uploads\/2026\/02\/28-1024x1536.jpg 1024w, https:\/\/shatranj.art\/wp-content\/uploads\/2026\/02\/28.jpg 1249w\" sizes=\"(max-width: 683px) 100vw, 683px\" \/>\t\t\t\t\t\t\t\t\t\t\t\t\t\t\t<\/div>\n\t\t\t\t<\/div>\n\t\t\t\t<div class=\"elementor-element elementor-element-b42301a elementor-widget__width-initial elementor-widget-tablet__width-inherit elementor-widget elementor-widget-text-editor\" data-id=\"b42301a\" data-element_type=\"widget\" data-e-type=\"widget\" data-widget_type=\"text-editor.default\">\n\t\t\t\t<div class=\"elementor-widget-container\">\n\t\t\t\t\t\t\t\t\t<p><b>\u015eah\u00ee \u0ba4\u0bca\u0b95\u0bc1\u0ba4\u0bbf: \u0bb0\u0bc0\u0b9c\u0bc6\u0ba9\u0bcd\u0b9a\u0bbf \u0b83\u0baa\u0bbf\u0bb2\u0bbf\u0b9f\u0bbe\u0bb0\u0bcd \u0baa\u0bbe\u0ba3\u0bcd<\/b><\/p><p>\u00a0<\/p><p>\u0b95\u0bbe\u0baa\u0bbf \u0bae\u0bb1\u0bcd\u0bb1\u0bc1\u0bae\u0bcd \u0b95\u0b83\u0baa\u0bc7\u0b95\u0bb3\u0bbf\u0ba9\u0bcd \u0baa\u0bb0\u0bb5\u0bb2\u0bcd, \u0b9a\u0ba4\u0bc1\u0bb0\u0b99\u0bcd\u0b95\u0ba4\u0bcd\u0ba4\u0bbf\u0ba9\u0bcd \u0baa\u0bb0\u0bbf\u0ba3\u0bbe\u0bae \u0bb5\u0bb3\u0bb0\u0bcd\u0b9a\u0bcd\u0b9a\u0bbf\u0baf\u0bc1\u0b9f\u0ba9\u0bcd \u0baa\u0bbf\u0ba9\u0bcd\u0ba9\u0bbf\u0baa\u0bcd \u0baa\u0bbf\u0ba3\u0bc8\u0ba8\u0bcd\u0ba4\u0bc1\u0bb3\u0bcd\u0bb3\u0ba4\u0bc1. \u0bb0\u0bc6\u0b9c\u0bc6\u0ba9\u0bcd\u0bb8\u0bcd \u0b83\u0baa\u0bbf\u0bb2\u0bbf\u0b9f\u0bbe\u0bb0\u0bcd \u0baa\u0bbf\u0bb8\u0bcd\u0ba4\u0bbe, \u0b85\u0bb1\u0bbf\u0bb5\u0bca\u0bb3\u0bbf\u0b95\u0bcd \u0b95\u0bbe\u0bb2\u0ba4\u0bcd\u0ba4\u0bbf\u0bb2\u0bcd \u0baa\u0bbe\u0bb0\u0bbf\u0bb8\u0bbf\u0ba9\u0bcd \u0bb0\u0bc6\u0b9c\u0bc6\u0ba9\u0bcd\u0bb8\u0bcd \u0b95\u0b83\u0baa\u0bc7\u0baf\u0bbf\u0bb2\u0bcd \u0b87\u0bb0\u0bc1\u0ba8\u0bcd\u0ba4 \u0b85\u0b9a\u0bb2\u0bcd \u0b9a\u0ba4\u0bc1\u0bb0\u0b99\u0bcd\u0b95\u0b95\u0bcd \u0b95\u0bc2\u0b9f\u0bcd\u0b9f\u0bbe\u0bb2\u0bc1\u0bae\u0bcd, \u0b85\u0b95\u0bcd\u0b95\u0bbe\u0bb2\u0ba4\u0bcd\u0ba4\u0bbf\u0ba9\u0bcd \u0bb5\u0bb2\u0bbf\u0bae\u0bc8\u0baf\u0bbe\u0ba9 \u0b86\u0b9f\u0bcd\u0b9f\u0b95\u0bcd\u0b95\u0bbe\u0bb0\u0bb0\u0bbe\u0ba9 \u0b83\u0baa\u0bbf\u0bb2\u0bbf\u0b9f\u0bbe\u0bb0\u0bbf\u0ba9\u0bcd \u0baa\u0bc1\u0b95\u0bb4\u0bcd\u0baa\u0bc6\u0bb1\u0bcd\u0bb1 \u0b9a\u0bca\u0bb1\u0bcd\u0bb1\u0bca\u0b9f\u0bb0\u0bbe\u0ba9, \u201c\u0baa\u0bbf\u0bb8\u0bcd\u0ba4\u0bbe\u0b95\u0bcd\u0b95\u0bb3\u0bc7 \u0b9a\u0ba4\u0bc1\u0bb0\u0b99\u0bcd\u0b95\u0ba4\u0bcd\u0ba4\u0bbf\u0ba9\u0bcd \u0b86\u0ba9\u0bcd\u0bae\u0bbe\" \u0b8e\u0ba9\u0bcd\u0baa\u0ba4\u0bbe\u0bb2\u0bc1\u0bae\u0bcd \u0b88\u0bb0\u0bcd\u0b95\u0bcd\u0b95\u0baa\u0bcd\u0baa\u0b9f\u0bcd\u0b9f\u0bc1 \u0b89\u0bb0\u0bc1\u0bb5\u0bbe\u0b95\u0bcd\u0b95\u0baa\u0bcd\u0baa\u0b9f\u0bcd\u0b9f\u0ba4\u0bc1.<\/p><p>\u00a0<\/p><p>\u0b9a\u0ba4\u0bc1\u0bb0\u0b99\u0bcd\u0b95 \u0b86\u0b9f\u0bcd\u0b9f\u0ba4\u0bcd\u0ba4\u0bbf\u0ba9\u0bcd \u0baa\u0bcb\u0b95\u0bcd\u0b95\u0bc8 \u0ba8\u0bbf\u0bb0\u0bcd\u0ba3\u0baf\u0bbf\u0b95\u0bcd\u0b95\u0bc1\u0bae\u0bcd \u0bae\u0bbf\u0b95 \u0bae\u0bc1\u0b95\u0bcd\u0b95\u0bbf\u0baf\u0bae\u0bbe\u0ba9 \u0b85\u0bb3\u0bb5\u0bc1\u0b95\u0bcb\u0bb2\u0bcd\u0b95\u0bb3\u0bbf\u0bb2\u0bcd \u0b92\u0ba9\u0bcd\u0bb1\u0bc1 \u0baa\u0bbe\u0bb5\u0bc1 \u0b85\u0bae\u0bc8\u0baa\u0bcd\u0baa\u0bc1 \u0b86\u0b95\u0bc1\u0bae\u0bcd, \u0bae\u0bc7\u0bb2\u0bc1\u0bae\u0bcd \u0baa\u0bb2 \u0ba8\u0bbf\u0bb2\u0bc8\u0b95\u0bb3\u0bcd \u0baa\u0bbe\u0bb5\u0bc1 \u0b85\u0bae\u0bc8\u0baa\u0bcd\u0baa\u0bc1\u0b95\u0bb3\u0bbf\u0ba9\u0bcd \u0b85\u0b9f\u0bbf\u0baa\u0bcd\u0baa\u0b9f\u0bc8\u0baf\u0bbf\u0bb2\u0bcd \u0bb5\u0b95\u0bc8\u0baa\u0bcd\u0baa\u0b9f\u0bc1\u0ba4\u0bcd\u0ba4\u0baa\u0bcd\u0baa\u0b9f\u0bc1\u0b95\u0bbf\u0ba9\u0bcd\u0bb1\u0ba9. \u0b92\u0bb0\u0bc1 \u0baa\u0bc1\u0b95\u0bb4\u0bcd\u0baa\u0bc6\u0bb1\u0bcd\u0bb1 \u0b9a\u0ba4\u0bc1\u0bb0\u0b99\u0bcd\u0b95 \u0b87\u0baf\u0ba8\u0bcd\u0ba4\u0bbf\u0bb0\u0bae\u0bbe\u0ba9 '\u0ba4\u0bc1\u0bb0\u0bc1\u0b95\u0bcd\u0b95\u0bc8' \u0ba4\u0bcb\u0bb1\u0bcd\u0b95\u0b9f\u0bbf\u0ba4\u0bcd\u0ba4 \u0b9a\u0bbf\u0bb2 \u0bb5\u0bc0\u0bb0\u0bb0\u0bcd\u0b95\u0bb3\u0bbf\u0bb2\u0bcd \u0b92\u0bb0\u0bc1\u0bb5\u0bb0\u0bc1\u0bae\u0bcd, \u0b92\u0bb0\u0bc1 \u0b93\u0baa\u0bb0\u0bbe \u0b87\u0b9a\u0bc8\u0baf\u0bae\u0bc8\u0baa\u0bcd\u0baa\u0bbe\u0bb3\u0bb0\u0bc1\u0bae\u0bbe\u0ba9 \u0b83\u0baa\u0bbf\u0bb2\u0bbf\u0b9f\u0bcb\u0bb0\u0bcd, \u0b9a\u0bbe\u0ba4\u0bbe\u0bb0\u0ba3 \u0b95\u0bc1\u0b9f\u0bbf\u0bae\u0b95\u0bcd\u0b95\u0bb3\u0bc8\u0baf\u0bc7 \u0b9a\u0bae\u0bc2\u0b95\u0ba4\u0bcd\u0ba4\u0bbf\u0ba9\u0bcd \u0b85\u0b9f\u0bbf\u0ba4\u0bcd\u0ba4\u0bb3\u0bae\u0bbe\u0b95\u0bb5\u0bc1\u0bae\u0bcd \u0b86\u0ba9\u0bcd\u0bae\u0bbe\u0bb5\u0bbe\u0b95\u0bb5\u0bc1\u0bae\u0bcd \u0bb5\u0bb2\u0bbf\u0baf\u0bc1\u0bb1\u0bc1\u0ba4\u0bcd\u0ba4\u0bbf\u0ba9\u0bbe\u0bb0\u0bcd.<\/p>\t\t\t\t\t\t\t\t<\/div>\n\t\t\t\t<\/div>\n\t\t\t\t<div class=\"elementor-element elementor-element-080136b elementor-widget__width-initial elementor-widget elementor-widget-image\" data-id=\"080136b\" data-element_type=\"widget\" data-e-type=\"widget\" data-widget_type=\"image.default\">\n\t\t\t\t<div class=\"elementor-widget-container\">\n\t\t\t\t\t\t\t\t\t\t\t\t\t\t\t<img decoding=\"async\" width=\"683\" height=\"1024\" src=\"https:\/\/shatranj.art\/wp-content\/uploads\/2026\/02\/28-1-683x1024.jpg\" class=\"attachment-large size-large wp-image-1060\" alt=\"\" srcset=\"https:\/\/shatranj.art\/wp-content\/uploads\/2026\/02\/28-1-683x1024.jpg 683w, https:\/\/shatranj.art\/wp-content\/uploads\/2026\/02\/28-1-200x300.jpg 200w, https:\/\/shatranj.art\/wp-content\/uploads\/2026\/02\/28-1-768x1152.jpg 768w, https:\/\/shatranj.art\/wp-content\/uploads\/2026\/02\/28-1-1024x1536.jpg 1024w, https:\/\/shatranj.art\/wp-content\/uploads\/2026\/02\/28-1.jpg 1262w\" sizes=\"(max-width: 683px) 100vw, 683px\" \/>\t\t\t\t\t\t\t\t\t\t\t\t\t\t\t<\/div>\n\t\t\t\t<\/div>\n\t\t\t\t<\/div>\n\t\t<div class=\"elementor-element elementor-element-94f3877 e-con-full e-flex e-con e-child\" data-id=\"94f3877\" data-element_type=\"container\" data-e-type=\"container\">\n\t\t<div class=\"elementor-element elementor-element-da14b56 e-con-full e-flex e-con e-child\" data-id=\"da14b56\" data-element_type=\"container\" data-e-type=\"container\">\n\t\t\t\t<div class=\"elementor-element elementor-element-3478291 elementor-widget elementor-widget-image\" data-id=\"3478291\" data-element_type=\"widget\" data-e-type=\"widget\" data-widget_type=\"image.default\">\n\t\t\t\t<div class=\"elementor-widget-container\">\n\t\t\t\t\t\t\t\t\t\t\t\t\t\t\t<img decoding=\"async\" width=\"800\" height=\"648\" src=\"https:\/\/shatranj.art\/wp-content\/uploads\/2026\/02\/28-2-1024x829.jpg\" class=\"attachment-large size-large wp-image-1064\" alt=\"\" srcset=\"https:\/\/shatranj.art\/wp-content\/uploads\/2026\/02\/28-2-1024x829.jpg 1024w, https:\/\/shatranj.art\/wp-content\/uploads\/2026\/02\/28-2-300x243.jpg 300w, https:\/\/shatranj.art\/wp-content\/uploads\/2026\/02\/28-2-768x622.jpg 768w, https:\/\/shatranj.art\/wp-content\/uploads\/2026\/02\/28-2-1536x1244.jpg 1536w, https:\/\/shatranj.art\/wp-content\/uploads\/2026\/02\/28-2.jpg 1973w\" sizes=\"(max-width: 800px) 100vw, 800px\" \/>\t\t\t\t\t\t\t\t\t\t\t\t\t\t\t<\/div>\n\t\t\t\t<\/div>\n\t\t\t\t<div class=\"elementor-element elementor-element-3621f13 elementor-widget-tablet__width-inherit elementor-widget elementor-widget-text-editor\" data-id=\"3621f13\" data-element_type=\"widget\" data-e-type=\"widget\" data-widget_type=\"text-editor.default\">\n\t\t\t\t<div class=\"elementor-widget-container\">\n\t\t\t\t\t\t\t\t\t<p><span style=\"font-weight: 400;\">\u0baa\u0bbe\u0b95\u0bcd\u0ba4\u0bbe\u0ba4\u0bcd\u0ba4\u0bc8\u0b9a\u0bcd \u0b9a\u0bc7\u0bb0\u0bcd\u0ba8\u0bcd\u0ba4 \u0b85\u0baa\u0bcd\u0baa\u0bbe\u0b9a\u0bbf\u0baf\u0b95\u0bcd \u0b95\u0bbe\u0bb2 \u0b9a\u0ba4\u0bc1\u0bb0\u0b99\u0bcd\u0b95\u0baa\u0bcd \u0baa\u0bbf\u0ba3\u0bc8, \u0b87\u0ba4\u0bc1 \u0b92\u0bb0\u0bc1 \u0ba4\u0ba9\u0bbf\u0ba4\u0bcd\u0ba4\u0bc1\u0bb5\u0bae\u0bbe\u0ba9 \u0bb5\u0b9f\u0bbf\u0bb5\u0bbf\u0baf\u0bb2\u0bcd \u0b85\u0bae\u0bc8\u0baa\u0bcd\u0baa\u0bc8\u0baf\u0bc1\u0bae\u0bcd \u0ba8\u0bc7\u0bb0\u0bcd\u0ba4\u0bcd\u0ba4\u0bbf\u0baf\u0bbe\u0ba9 \u0bae\u0bc7\u0bb1\u0bcd\u0baa\u0bb0\u0baa\u0bcd\u0baa\u0bc1\u0baa\u0bcd \u0baa\u0bca\u0bb1\u0bbf\u0baa\u0bcd\u0baa\u0bc1\u0b95\u0bb3\u0bc8\u0baf\u0bc1\u0bae\u0bcd \u0b95\u0bca\u0ba3\u0bcd\u0b9f\u0bc1\u0bb3\u0bcd\u0bb3\u0ba4\u0bc1. \u0b87\u0ba8\u0bcd\u0ba4\u0b95\u0bcd \u0b95\u0bbe\u0baf\u0bbe\u0ba9\u0ba4\u0bc1, \u0b85\u0ba4\u0ba9\u0bcd \u0ba4\u0ba9\u0bbf\u0ba4\u0bcd\u0ba4\u0bc1\u0bb5\u0bae\u0bbe\u0ba9 \u0bae\u0bb1\u0bcd\u0bb1\u0bc1\u0bae\u0bcd \u0bb5\u0bbf\u0bb0\u0bbf\u0bb5\u0bbe\u0ba9 \u0bb5\u0b9f\u0bbf\u0bb5\u0bae\u0bc8\u0baa\u0bcd\u0baa\u0bbf\u0ba9\u0bcd \u0bae\u0bc2\u0bb2\u0bae\u0bcd \u0baa\u0bbf\u0ba3\u0bc8\u0baf\u0bbf\u0ba9\u0bcd \u0b89\u0ba4\u0bcd\u0ba4\u0bbf\u0b9a\u0bbe\u0bb0\u0bcd\u0ba8\u0bcd\u0ba4 \u0bae\u0bc1\u0b95\u0bcd\u0b95\u0bbf\u0baf\u0ba4\u0bcd\u0ba4\u0bc1\u0bb5\u0ba4\u0bcd\u0ba4\u0bc8 \u0b8e\u0b9f\u0bc1\u0ba4\u0bcd\u0ba4\u0bc1\u0b95\u0bcd\u0b95\u0bbe\u0b9f\u0bcd\u0b9f\u0bbf, \u0b85\u0b95\u0bcd\u0b95\u0bbe\u0bb2\u0ba4\u0bcd\u0ba4\u0bbf\u0ba9\u0bcd \u0b9a\u0bc6\u0bae\u0bcd\u0bae\u0bc8\u0baf\u0bbe\u0ba9 \u0b95\u0bc8\u0bb5\u0bbf\u0ba9\u0bc8\u0ba4\u0bcd\u0ba4\u0bbf\u0bb1\u0ba9\u0bc8\u0baa\u0bcd \u0baa\u0bbf\u0bb0\u0ba4\u0bbf\u0baa\u0bb2\u0bbf\u0b95\u0bcd\u0b95\u0bbf\u0bb1\u0ba4\u0bc1.<\/span><\/p>\t\t\t\t\t\t\t\t<\/div>\n\t\t\t\t<\/div>\n\t\t\t\t<\/div>\n\t\t<div class=\"elementor-element elementor-element-3a10b69 e-con-full e-flex e-con e-child\" data-id=\"3a10b69\" data-element_type=\"container\" data-e-type=\"container\">\n\t\t\t\t<div class=\"elementor-element elementor-element-9fad6d9 elementor-widget elementor-widget-image\" data-id=\"9fad6d9\" data-element_type=\"widget\" data-e-type=\"widget\" data-widget_type=\"image.default\">\n\t\t\t\t<div class=\"elementor-widget-container\">\n\t\t\t\t\t\t\t\t\t\t\t\t\t\t\t<img loading=\"lazy\" decoding=\"async\" width=\"768\" height=\"1024\" src=\"https:\/\/shatranj.art\/wp-content\/uploads\/2026\/02\/28-3-768x1024.jpg\" class=\"attachment-large size-large wp-image-1061\" alt=\"\" srcset=\"https:\/\/shatranj.art\/wp-content\/uploads\/2026\/02\/28-3-768x1024.jpg 768w, https:\/\/shatranj.art\/wp-content\/uploads\/2026\/02\/28-3-225x300.jpg 225w, https:\/\/shatranj.art\/wp-content\/uploads\/2026\/02\/28-3-1152x1536.jpg 1152w, https:\/\/shatranj.art\/wp-content\/uploads\/2026\/02\/28-3.jpg 1195w\" sizes=\"(max-width: 768px) 100vw, 768px\" \/>\t\t\t\t\t\t\t\t\t\t\t\t\t\t\t<\/div>\n\t\t\t\t<\/div>\n\t\t\t\t<div class=\"elementor-element elementor-element-7ad603d elementor-widget-tablet__width-inherit elementor-widget elementor-widget-text-editor\" data-id=\"7ad603d\" data-element_type=\"widget\" data-e-type=\"widget\" data-widget_type=\"text-editor.default\">\n\t\t\t\t<div class=\"elementor-widget-container\">\n\t\t\t\t\t\t\t\t\t<p><b>1820 \u0b87\u0ba8\u0bcd\u0ba4\u0bbf\u0baf\u0baa\u0bcd \u0baa\u0bbf\u0baf\u0bcb\u0ba9\u0bcd \u0b95\u0bb2\u0bcd<\/b> <span style=\"font-weight: 400;\"><br \/><\/span><span style=\"font-weight: 400;\"><br \/><\/span><span style=\"font-weight: 400;\">\u0baa\u0bbe\u0bb0\u0bae\u0bcd\u0baa\u0bb0\u0bbf\u0baf \u0b87\u0ba8\u0bcd\u0ba4\u0bbf\u0baf \u0b86\u0b9f\u0bc8\u0b95\u0bb3\u0bcd \u0bae\u0bb1\u0bcd\u0bb1\u0bc1\u0bae\u0bcd \u0b85\u0ba3\u0bbf\u0b95\u0bb2\u0ba9\u0bcd\u0b95\u0bb3\u0bbe\u0bb2\u0bcd \u0b85\u0bb2\u0b99\u0bcd\u0b95\u0bb0\u0bbf\u0b95\u0bcd\u0b95\u0baa\u0bcd\u0baa\u0b9f\u0bcd\u0b9f, 1820 \u0b86\u0bae\u0bcd \u0b86\u0ba3\u0bcd\u0b9f\u0bc8\u0b9a\u0bcd \u0b9a\u0bc7\u0bb0\u0bcd\u0ba8\u0bcd\u0ba4 \u0b89\u0bb0\u0bc1\u0bb5\u0b9a\u0bcd \u0b9a\u0ba4\u0bc1\u0bb0\u0b99\u0bcd\u0b95\u0b95\u0bcd \u0b95\u0bbe\u0baf\u0bbf\u0ba9\u0bcd. \u0b87\u0ba8\u0bcd\u0ba4\u0b95\u0bcd \u0b95\u0bbe\u0baf\u0bcd, 19 \u0b86\u0bae\u0bcd \u0ba8\u0bc2\u0bb1\u0bcd\u0bb1\u0bbe\u0ba3\u0bcd\u0b9f\u0bc1 \u0b87\u0ba8\u0bcd\u0ba4\u0bbf\u0baf\u0bbe\u0bb5\u0bbf\u0ba9\u0bcd \u0b95\u0bb2\u0bbe\u0b9a\u0bcd\u0b9a\u0bbe\u0bb0\u0b95\u0bcd \u0b95\u0bc2\u0bb1\u0bc1\u0b95\u0bb3\u0bc8\u0baf\u0bc1\u0bae\u0bcd, \u0b85\u0b95\u0bcd\u0b95\u0bbe\u0bb2 \u0b9a\u0ba4\u0bc1\u0bb0\u0b99\u0bcd\u0b95\u0ba4\u0bcd \u0ba4\u0bca\u0b95\u0bc1\u0baa\u0bcd\u0baa\u0bc1\u0b95\u0bb3\u0bbf\u0bb2\u0bcd \u0baa\u0bb0\u0bb5\u0bb2\u0bbe\u0b95 \u0b87\u0bb0\u0bc1\u0ba8\u0bcd\u0ba4 \u0baf\u0ba4\u0bbe\u0bb0\u0bcd\u0ba4\u0bcd\u0ba4\u0bae\u0bbe\u0ba9 \u0bb5\u0b9f\u0bbf\u0bb5\u0bae\u0bc8\u0baa\u0bcd\u0baa\u0bc1\u0baa\u0bcd \u0baa\u0bcb\u0b95\u0bcd\u0b95\u0bc8\u0baf\u0bc1\u0bae\u0bcd \u0baa\u0bbf\u0bb0\u0ba4\u0bbf\u0baa\u0bb2\u0bbf\u0b95\u0bcd\u0b95\u0bbf\u0bb1\u0ba4\u0bc1.<\/span><\/p>\t\t\t\t\t\t\t\t<\/div>\n\t\t\t\t<\/div>\n\t\t\t\t<\/div>\n\t\t<div class=\"elementor-element elementor-element-926e3bd e-con-full e-flex e-con e-child\" data-id=\"926e3bd\" data-element_type=\"container\" data-e-type=\"container\">\n\t\t\t\t<div class=\"elementor-element elementor-element-8fc6637 elementor-widget elementor-widget-image\" data-id=\"8fc6637\" data-element_type=\"widget\" data-e-type=\"widget\" data-widget_type=\"image.default\">\n\t\t\t\t<div class=\"elementor-widget-container\">\n\t\t\t\t\t\t\t\t\t\t\t\t\t\t\t<img loading=\"lazy\" decoding=\"async\" width=\"800\" height=\"498\" src=\"https:\/\/shatranj.art\/wp-content\/uploads\/2026\/02\/28-5-1024x637.jpg\" class=\"attachment-large size-large wp-image-1062\" alt=\"\" srcset=\"https:\/\/shatranj.art\/wp-content\/uploads\/2026\/02\/28-5-1024x637.jpg 1024w, https:\/\/shatranj.art\/wp-content\/uploads\/2026\/02\/28-5-300x187.jpg 300w, https:\/\/shatranj.art\/wp-content\/uploads\/2026\/02\/28-5-768x478.jpg 768w, https:\/\/shatranj.art\/wp-content\/uploads\/2026\/02\/28-5-1536x955.jpg 1536w, https:\/\/shatranj.art\/wp-content\/uploads\/2026\/02\/28-5.jpg 1835w\" sizes=\"(max-width: 800px) 100vw, 800px\" \/>\t\t\t\t\t\t\t\t\t\t\t\t\t\t\t<\/div>\n\t\t\t\t<\/div>\n\t\t\t\t<div class=\"elementor-element elementor-element-ea860c4 elementor-widget-tablet__width-inherit elementor-widget elementor-widget-text-editor\" data-id=\"ea860c4\" data-element_type=\"widget\" data-e-type=\"widget\" data-widget_type=\"text-editor.default\">\n\t\t\t\t<div class=\"elementor-widget-container\">\n\t\t\t\t\t\t\t\t\t<p><b>\u0baa\u0bbf\u0bb0\u0bc6\u0b9e\u0bcd\u0b9a\u0bc1 \u0bb0\u0bc0\u0b9c\u0bc6\u0ba9\u0bcd\u0b9a\u0bbf \u0baa\u0ba3\u0baf\u0bae\u0bcd<\/b> <span style=\"font-weight: 400;\"><br \/><\/span><span style=\"font-weight: 400;\"><br \/><\/span><span style=\"font-weight: 400;\">18 \u0b86\u0bae\u0bcd \u0ba8\u0bc2\u0bb1\u0bcd\u0bb1\u0bbe\u0ba3\u0bcd\u0b9f\u0bbf\u0ba9\u0bcd \u0ba8\u0bc7\u0bb0\u0bcd\u0ba4\u0bcd\u0ba4\u0bbf\u0baf\u0bbe\u0ba9 \u0b85\u0bb4\u0b95\u0bbf\u0baf\u0bb2\u0bc8\u0baa\u0bcd \u0baa\u0bbf\u0bb0\u0ba4\u0bbf\u0baa\u0bb2\u0bbf\u0b95\u0bcd\u0b95\u0bc1\u0bae\u0bcd \u0bb5\u0b95\u0bc8\u0baf\u0bbf\u0bb2\u0bcd, \u0baa\u0bbf\u0bb0\u0bc6\u0b9e\u0bcd\u0b9a\u0bc1 \u0bb0\u0bc0\u0b9c\u0bc6\u0ba9\u0bcd\u0b9a\u0bbf \u0baa\u0bbf\u0baf\u0bbe\u0b9f\u0bcd, \u201c\u0baa\u0bbf\u0baf\u0bbe\u0b9f\u0bcd\u0b95\u0bb3\u0bcd \u0b9a\u0ba4\u0bc1\u0bb0\u0b99\u0bcd\u0b95\u0ba4\u0bcd\u0ba4\u0bbf\u0ba9\u0bcd \u0b86\u0ba9\u0bcd\u0bae\u0bbe\u201d \u0b8e\u0ba9\u0bcd\u0bb1 \u0baa\u0bbf\u0bb2\u0bbf\u0b9f\u0bcb\u0bb0\u0bbf\u0ba9\u0bcd \u0baa\u0bc1\u0b95\u0bb4\u0bcd\u0baa\u0bc6\u0bb1\u0bcd\u0bb1 \u0b95\u0bca\u0bb3\u0bcd\u0b95\u0bc8\u0baf\u0bc8 \u0b89\u0bb3\u0bcd\u0bb3\u0b9f\u0b95\u0bcd\u0b95\u0bbf\u0baf\u0ba4\u0bc1. \u0b87\u0ba8\u0bcd\u0ba4 \u0baa\u0bbe\u0ba3\u0bbf\u0baf\u0bc8\u0baa\u0bcd \u0baa\u0bbf\u0bb0\u0baa\u0bb2\u0baa\u0bcd\u0baa\u0b9f\u0bc1\u0ba4\u0bcd\u0ba4 \u0b89\u0ba4\u0bb5\u0bbf\u0baf \u0baa\u0bbf\u0bb2\u0bbf\u0b9f\u0bcb\u0bb0\u0bcd, \u201c\u0bae\u0bc6\u0b95\u0bcd\u0b95\u0bbe\u0ba9\u0bbf\u0b95\u0bcd\u0b95\u0bb2\u0bcd \u0ba4\u0bc1\u0bb0\u0bcd\u0b95\u0bcd\u201d \u0b8e\u0ba9\u0bcd\u0bb1 \u0b9a\u0ba4\u0bc1\u0bb0\u0b99\u0bcd\u0b95 \u0b87\u0baf\u0ba8\u0bcd\u0ba4\u0bbf\u0bb0\u0ba4\u0bcd\u0ba4\u0bc8 \u0ba4\u0bcb\u0bb1\u0bcd\u0b95\u0b9f\u0bbf\u0ba4\u0bcd\u0ba4\u0ba4\u0bb1\u0bcd\u0b95\u0bbe\u0b95\u0bb5\u0bc1\u0bae\u0bcd \u0ba8\u0bbf\u0ba9\u0bc8\u0bb5\u0bc1\u0b95\u0bc2\u0bb0\u0baa\u0bcd\u0baa\u0b9f\u0bc1\u0b95\u0bbf\u0bb1\u0bbe\u0bb0\u0bcd, \u0b87\u0ba4\u0ba9\u0bcd \u0bae\u0bc2\u0bb2\u0bae\u0bcd \u0b85\u0bb5\u0bb0\u0bcd \u0bb5\u0bbf\u0bb3\u0bc8\u0baf\u0bbe\u0b9f\u0bcd\u0b9f\u0bbf\u0bb2\u0bc1\u0bae\u0bcd \u0b85\u0b95\u0bcd\u0b95\u0bbe\u0bb2\u0ba4\u0bcd\u0ba4\u0bbf\u0ba9\u0bcd \u0baa\u0bc1\u0b95\u0bb4\u0bcd\u0baa\u0bc6\u0bb1\u0bcd\u0bb1 \u0bae\u0bbe\u0baf\u0bc8\u0b95\u0bb3\u0bbf\u0bb2\u0bc1\u0bae\u0bcd \u0ba4\u0ba9\u0ba4\u0bc1 \u0b86\u0ba4\u0bbf\u0b95\u0bcd\u0b95\u0ba4\u0bcd\u0ba4\u0bc8 \u0ba8\u0bbf\u0bb0\u0bc2\u0baa\u0bbf\u0ba4\u0bcd\u0ba4\u0bbe\u0bb0\u0bcd.<\/span><\/p>\t\t\t\t\t\t\t\t<\/div>\n\t\t\t\t<\/div>\n\t\t\t\t<\/div>\n\t\t\t\t<\/div>\n\t\t\t\t\t<\/div>\n\t\t\t\t<\/div>\n\t\t\t\t<\/div>","protected":false},"excerpt":{"rendered":"<p>The \u015eah\u00ee Set: Regency Philidor Pawn \u00a0 The spread of coffee and caf\u00e9s intertwines with the evolution of chess. The R\u00e9gence Philidor pawn is inspired by the authentic chess set from Paris-R\u00e9gence caf\u00e9 during the Age of Enlightenment and the famous phrase by the era&#8217;s strongest player, Philidor: &#8220;Pawns are the soul of chess. \u00a0 [&hellip;]<\/p>\n","protected":false},"author":1,"featured_media":0,"parent":743,"menu_order":0,"comment_status":"closed","ping_status":"closed","template":"","meta":{"footnotes":""},"class_list":["post-1053","page","type-page","status-publish","hentry"],"_links":{"self":[{"href":"https:\/\/shatranj.art\/ta\/wp-json\/wp\/v2\/pages\/1053","targetHints":{"allow":["GET"]}}],"collection":[{"href":"https:\/\/shatranj.art\/ta\/wp-json\/wp\/v2\/pages"}],"about":[{"href":"https:\/\/shatranj.art\/ta\/wp-json\/wp\/v2\/types\/page"}],"author":[{"embeddable":true,"href":"https:\/\/shatranj.art\/ta\/wp-json\/wp\/v2\/users\/1"}],"replies":[{"embeddable":true,"href":"https:\/\/shatranj.art\/ta\/wp-json\/wp\/v2\/comments?post=1053"}],"version-history":[{"count":10,"href":"https:\/\/shatranj.art\/ta\/wp-json\/wp\/v2\/pages\/1053\/revisions"}],"predecessor-version":[{"id":1252,"href":"https:\/\/shatranj.art\/ta\/wp-json\/wp\/v2\/pages\/1053\/revisions\/1252"}],"up":[{"embeddable":true,"href":"https:\/\/shatranj.art\/ta\/wp-json\/wp\/v2\/pages\/743"}],"wp:attachment":[{"href":"https:\/\/shatranj.art\/ta\/wp-json\/wp\/v2\/media?parent=1053"}],"curies":[{"name":"wp","href":"https:\/\/api.w.org\/{rel}","templated":true}]}}