{"id":1068,"date":"2026-02-22T18:39:42","date_gmt":"2026-02-22T18:39:42","guid":{"rendered":"https:\/\/shatranj.art\/?page_id=1068"},"modified":"2026-02-24T09:00:42","modified_gmt":"2026-02-24T09:00:42","slug":"poster-29","status":"publish","type":"page","link":"https:\/\/shatranj.art\/ta\/exhibit\/poster-29\/","title":{"rendered":"\u0baa\u0bcb\u0bb8\u0bcd\u0b9f\u0bb0\u0bcd 29"},"content":{"rendered":"<div data-elementor-type=\"wp-page\" data-elementor-id=\"1068\" class=\"elementor elementor-1068\" data-elementor-post-type=\"page\">\n\t\t\t\t<div class=\"elementor-element elementor-element-cfd54a0 e-flex e-con-boxed e-con e-parent\" data-id=\"cfd54a0\" data-element_type=\"container\" data-e-type=\"container\" data-settings=\"{&quot;background_background&quot;:&quot;classic&quot;}\">\n\t\t\t\t\t<div class=\"e-con-inner\">\n\t\t<div class=\"elementor-element elementor-element-00cae2a e-con-full e-flex e-con e-child\" data-id=\"00cae2a\" data-element_type=\"container\" data-e-type=\"container\">\n\t\t<div class=\"elementor-element elementor-element-edcf7ea e-con-full e-flex e-con e-child\" data-id=\"edcf7ea\" data-element_type=\"container\" data-e-type=\"container\">\n\t\t\t\t<div class=\"elementor-element elementor-element-411efec elementor-widget elementor-widget-image\" data-id=\"411efec\" data-element_type=\"widget\" data-e-type=\"widget\" data-widget_type=\"image.default\">\n\t\t\t\t<div class=\"elementor-widget-container\">\n\t\t\t\t\t\t\t\t\t\t\t\t\t\t\t<img fetchpriority=\"high\" decoding=\"async\" width=\"800\" height=\"384\" src=\"https:\/\/shatranj.art\/wp-content\/uploads\/2026\/02\/regence-cafe-chess-set-1780-1820-1-1024x491.png\" class=\"attachment-large size-large wp-image-1073\" alt=\"\" srcset=\"https:\/\/shatranj.art\/wp-content\/uploads\/2026\/02\/regence-cafe-chess-set-1780-1820-1-1024x491.png 1024w, https:\/\/shatranj.art\/wp-content\/uploads\/2026\/02\/regence-cafe-chess-set-1780-1820-1-300x144.png 300w, https:\/\/shatranj.art\/wp-content\/uploads\/2026\/02\/regence-cafe-chess-set-1780-1820-1-768x369.png 768w, https:\/\/shatranj.art\/wp-content\/uploads\/2026\/02\/regence-cafe-chess-set-1780-1820-1-1536x737.png 1536w, https:\/\/shatranj.art\/wp-content\/uploads\/2026\/02\/regence-cafe-chess-set-1780-1820-1.png 1886w\" sizes=\"(max-width: 800px) 100vw, 800px\" \/>\t\t\t\t\t\t\t\t\t\t\t\t\t\t\t<\/div>\n\t\t\t\t<\/div>\n\t\t\t\t<div class=\"elementor-element elementor-element-6e231da elementor-widget-tablet__width-inherit elementor-widget elementor-widget-text-editor\" data-id=\"6e231da\" data-element_type=\"widget\" data-e-type=\"widget\" data-widget_type=\"text-editor.default\">\n\t\t\t\t<div class=\"elementor-widget-container\">\n\t\t\t\t\t\t\t\t\t<p><strong>\u015eAH\u00ce \u0b85\u0bae\u0bc8\u0ba4\u0bcd\u0ba4 \u0bae\u0ba9\u0bcd\u0ba9\u0bb0\u0bcd\/\u0b85\u0bb0\u0b9a\u0bb0\u0bcd\/\u0bb7\u0bbe \u0b95\u0bbe\u0baf\u0bcd\u0b95\u0bb1\u0bbf: \u0b95\u0bbf\u0bb2\u0bcd\u0bb7\u0bbe<\/strong><\/p><p>\u0b95\u0bc1\u0bb2\u0bcd\u0bb7\u0bbe, \u0ba4\u0bb2\u0bc8\u0baa\u0bcd\u0baa\u0bbe\u0b95\u0bc8\u0baf\u0bbf\u0ba9\u0bcd \u0b9e\u0bbe\u0ba9\u0bae\u0bcd, \u0b95\u0bc1\u0bb5\u0bbf\u0bae\u0bbe\u0b9f\u0ba4\u0bcd\u0ba4\u0bbf\u0ba9\u0bcd \u0baa\u0bc1\u0ba9\u0bbf\u0ba4\u0ba4\u0bcd\u0ba4\u0ba9\u0bcd\u0bae\u0bc8 \u0bae\u0bb1\u0bcd\u0bb1\u0bc1\u0bae\u0bcd \u0b85\u0ba4\u0bbf\u0b95\u0bbe\u0bb0\u0bae\u0bcd, \u0bae\u0bb1\u0bcd\u0bb1\u0bc1\u0bae\u0bcd \u0b9a\u0ba4\u0bc1\u0bb0\u0b99\u0bcd\u0b95\u0ba4\u0bcd\u0ba4\u0bbf\u0bb2\u0bcd \u0b9a\u0bc6\u0b95\u0bcd\u0bae\u0bc7\u0b9f\u0bcd\u0b9f\u0bbf\u0bb2\u0bbf\u0bb0\u0bc1\u0ba8\u0bcd\u0ba4\u0bc1 \u0baa\u0bbe\u0ba4\u0bc1\u0b95\u0bbe\u0b95\u0bcd\u0b95\u0baa\u0bcd\u0baa\u0b9f \u0bb5\u0bc7\u0ba3\u0bcd\u0b9f\u0bbf\u0baf \u0bb5\u0bbe\u0bb4\u0bcd\u0b95\u0bcd\u0b95\u0bc8 \u0bae\u0bb1\u0bcd\u0bb1\u0bc1\u0bae\u0bcd \u0b85\u0bb4\u0b95\u0bbf\u0ba9\u0bcd \u0b9a\u0bbf\u0ba9\u0bcd\u0ba9\u0bae\u0bbe\u0b95 \u0bb0\u0bcb\u0b9c\u0bbe \u0b86\u0b95\u0bbf\u0baf\u0bb5\u0bb1\u0bcd\u0bb1\u0bc8\u0b95\u0bcd \u0b95\u0bc1\u0bb1\u0bbf\u0b95\u0bcd\u0b95\u0bbf\u0bb1\u0ba4\u0bc1. \u0b87\u0ba8\u0bcd\u0ba4\u0b95\u0bcd \u0b95\u0bc1\u0bb5\u0bbf\u0bae\u0bbe\u0b9f\u0bae\u0bcd, \u0bb9\u0bbe\u0b95\u0bbf\u0baf\u0bbe \u0b9a\u0bcb\u0baa\u0bbf\u0baf\u0bbe, \u0baa\u0bbe\u0ba9\u0bcd\u0ba4\u0bbf\u0baf\u0bcb\u0ba9\u0bcd \u0bae\u0bb1\u0bcd\u0bb1\u0bc1\u0bae\u0bcd \u0b8e\u0bae\u0bcd.\u0b90.\u0b9f\u0bbf \u0baa\u0bcb\u0ba9\u0bcd\u0bb1 \u0baa\u0bc1\u0b95\u0bb4\u0bcd\u0baa\u0bc6\u0bb1\u0bcd\u0bb1 \u0b95\u0b9f\u0bcd\u0b9f\u0bae\u0bc8\u0baa\u0bcd\u0baa\u0bc1\u0b95\u0bb3\u0bbf\u0bb2\u0bbf\u0bb0\u0bc1\u0ba8\u0bcd\u0ba4\u0bc1 \u0b89\u0ba4\u0bcd\u0bb5\u0bc7\u0b95\u0bae\u0bcd \u0baa\u0bc6\u0bb1\u0bc1\u0b95\u0bbf\u0bb1\u0ba4\u0bc1. \u0b87\u0ba8\u0bcd\u0ba4\u0ba4\u0bcd \u0ba4\u0bb2\u0bc8\u0baa\u0bcd\u0baa\u0bbe\u0b95\u0bc8, \u0b85\u0bb8\u0bcd-\u0b9a\u0bc1\u0bb2\u0bbf \u0bae\u0bb1\u0bcd\u0bb1\u0bc1\u0bae\u0bcd \u0bb8\u0bcd\u0b9f\u0bae\u0bcd\u0bae\u0bbe \u0baa\u0bcb\u0ba9\u0bcd\u0bb1 \u0b86\u0bb0\u0bae\u0bcd\u0baa\u0b95\u0bbe\u0bb2 \u0b9a\u0ba4\u0bc1\u0bb0\u0b99\u0bcd\u0b95 \u0b86\u0b9a\u0bbf\u0bb0\u0bbf\u0baf\u0bb0\u0bcd\u0b95\u0bb3\u0bbf\u0ba9\u0bcd \u0b85\u0bb1\u0bbf\u0bb5\u0bc1\u0b9a\u0bbe\u0bb0\u0bcd \u0baa\u0bbe\u0bb0\u0bae\u0bcd\u0baa\u0bb0\u0bbf\u0baf\u0ba4\u0bcd\u0ba4\u0bc8\u0baa\u0bcd \u0baa\u0bbf\u0bb0\u0ba4\u0bbf\u0baa\u0bb2\u0bbf\u0b95\u0bcd\u0b95\u0bbf\u0bb1\u0ba4\u0bc1, \u0b85\u0ba4\u0bc7 \u0ba8\u0bc7\u0bb0\u0ba4\u0bcd\u0ba4\u0bbf\u0bb2\u0bcd \u0b95\u0bbf\u0bb0\u0bc0\u0b9f\u0bae\u0bcd \u0baa\u0ba3\u0bcd\u0b9f\u0bc8\u0baf \u0b92\u0bb2\u0bbf\u0bae\u0bcd\u0baa\u0bbf\u0b95\u0bcd\u0b95\u0bbf\u0ba9\u0bcd \u0b86\u0bb2\u0bbf\u0bb5\u0bcd \u0bae\u0bb2\u0bb0\u0bcd \u0bb5\u0bb3\u0bc8\u0baf\u0b99\u0bcd\u0b95\u0bb3\u0bc8 \u0b92\u0ba4\u0bcd\u0ba4\u0bc1\u0bb3\u0bcd\u0bb3\u0ba4\u0bc1. \u0bb5\u0bb0\u0bb2\u0bbe\u0bb1\u0bcd\u0bb1\u0bc1 \u0bb0\u0bc0\u0ba4\u0bbf\u0baf\u0bbe\u0b95, \u0b87\u0ba8\u0bcd\u0ba4 \u0b95\u0bbe\u0baf\u0bc8 \u0bb0\u0bbe\u0b9c\u0bbe, \u0bb7\u0bbe, \u0b95\u0bbf\u0b99\u0bcd \u0b85\u0bb2\u0bcd\u0bb2\u0ba4\u0bc1 \u0b95\u0bae\u0bbe\u0ba3\u0bcd\u0b9f\u0bb0\u0bcd \u0b8e\u0ba9\u0bcd\u0bb1\u0bc1 \u0b85\u0bb4\u0bc8\u0ba4\u0bcd\u0ba4\u0bc1\u0bb3\u0bcd\u0bb3\u0ba9\u0bb0\u0bcd. \u0bae\u0ba4\u0bcd\u0ba4\u0bbf\u0baf \u0b86\u0b9a\u0bbf\u0baf \u0bae\u0bca\u0bb4\u0bbf\u0b95\u0bb3\u0bbf\u0bb2\u0bcd \u201c\u0b95\u0bc1\u0bb2\u0bcd\u201d \u0b8e\u0ba9\u0bcd\u0baa\u0ba4\u0bb1\u0bcd\u0b95\u0bc1 \u0bb0\u0bcb\u0b9c\u0bbe \u0b8e\u0ba9\u0bcd\u0bb1\u0bc1 \u0baa\u0bca\u0bb0\u0bc1\u0bb3\u0bcd. \u201c\u0bb7\u0bbe\u201d \u0b8e\u0ba9\u0bcd\u0bb1\u0bc1 \u0b89\u0b9a\u0bcd\u0b9a\u0bb0\u0bbf\u0b95\u0bcd\u0b95\u0baa\u0bcd\u0baa\u0b9f\u0bc1\u0bae\u0bcd \u2018\u015eah\u2019, \u0baa\u0bb2 \u0bae\u0bca\u0bb4\u0bbf\u0b95\u0bb3\u0bbf\u0bb2\u0bcd \u0b9a\u0ba4\u0bc1\u0bb0\u0b99\u0bcd\u0b95\u0ba4\u0bcd\u0ba4\u0bbf\u0bb1\u0bcd\u0b95\u0bbe\u0ba9 \u0baa\u0bc6\u0baf\u0bb0\u0bbe\u0b95\u0bc1\u0bae\u0bcd. \u0bb7\u0bbe \u0b8e\u0ba9\u0bcd\u0bb1 \u0b9a\u0bca\u0bb2\u0bcd \u0bae\u0bc1\u0ba4\u0bb2\u0bbf\u0bb2\u0bcd \u0b86\u0ba3\u0bcd \u0b86\u0b9f\u0bcd\u0b9a\u0bbf\u0baf\u0bbe\u0bb3\u0bb0\u0bcd\u0b95\u0bb3\u0bc8\u0b95\u0bcd \u0b95\u0bc1\u0bb1\u0bbf\u0ba4\u0bcd\u0ba4\u0ba4\u0bc1 \u0b8e\u0ba9\u0bcd\u0bb1\u0bbe\u0bb2\u0bc1\u0bae\u0bcd, \u0b85\u0ba4\u0ba9\u0bcd \u0b89\u0bb0\u0bc1\u0bb5\u0b95 \u0b85\u0bb2\u0bcd\u0bb2\u0ba4\u0bc1 \u0ba8\u0bb5\u0bc0\u0ba9 \u0baa\u0baf\u0ba9\u0bcd\u0baa\u0bbe\u0b9f\u0bc1\u0b95\u0bb3\u0bcd \u0baa\u0bbe\u0bb2\u0bbf\u0ba9-\u0ba8\u0b9f\u0bc1\u0ba8\u0bbf\u0bb2\u0bc8\u0baf\u0bbe\u0ba9\u0ba4\u0bbe\u0b95\u0bbf\u0bb5\u0bbf\u0b9f\u0bcd\u0b9f\u0ba9.<\/p>\t\t\t\t\t\t\t\t<\/div>\n\t\t\t\t<\/div>\n\t\t\t\t<div class=\"elementor-element elementor-element-10b021d elementor-widget elementor-widget-image\" data-id=\"10b021d\" data-element_type=\"widget\" data-e-type=\"widget\" data-widget_type=\"image.default\">\n\t\t\t\t<div class=\"elementor-widget-container\">\n\t\t\t\t\t\t\t\t\t\t\t\t\t\t\t<img decoding=\"async\" width=\"188\" height=\"237\" src=\"https:\/\/shatranj.art\/wp-content\/uploads\/2026\/02\/Philipp-Stamma-Public-Domain.jpg\" class=\"attachment-large size-large wp-image-1071\" alt=\"\" \/>\t\t\t\t\t\t\t\t\t\t\t\t\t\t\t<\/div>\n\t\t\t\t<\/div>\n\t\t\t\t<\/div>\n\t\t<div class=\"elementor-element elementor-element-538608d e-con-full e-flex e-con e-child\" data-id=\"538608d\" data-element_type=\"container\" data-e-type=\"container\">\n\t\t\t\t<div class=\"elementor-element elementor-element-60ca9fa elementor-widget elementor-widget-image\" data-id=\"60ca9fa\" data-element_type=\"widget\" data-e-type=\"widget\" data-widget_type=\"image.default\">\n\t\t\t\t<div class=\"elementor-widget-container\">\n\t\t\t\t\t\t\t\t\t\t\t\t\t\t\t<img decoding=\"async\" width=\"800\" height=\"800\" src=\"https:\/\/shatranj.art\/wp-content\/uploads\/2026\/02\/shahi-gulsah-king-piece-1-1024x1024.png\" class=\"attachment-large size-large wp-image-1074\" alt=\"\" srcset=\"https:\/\/shatranj.art\/wp-content\/uploads\/2026\/02\/shahi-gulsah-king-piece-1-1024x1024.png 1024w, https:\/\/shatranj.art\/wp-content\/uploads\/2026\/02\/shahi-gulsah-king-piece-1-300x300.png 300w, https:\/\/shatranj.art\/wp-content\/uploads\/2026\/02\/shahi-gulsah-king-piece-1-150x150.png 150w, https:\/\/shatranj.art\/wp-content\/uploads\/2026\/02\/shahi-gulsah-king-piece-1-768x768.png 768w, https:\/\/shatranj.art\/wp-content\/uploads\/2026\/02\/shahi-gulsah-king-piece-1-1536x1536.png 1536w, https:\/\/shatranj.art\/wp-content\/uploads\/2026\/02\/shahi-gulsah-king-piece-1-2048x2048.png 2048w\" sizes=\"(max-width: 800px) 100vw, 800px\" \/>\t\t\t\t\t\t\t\t\t\t\t\t\t\t\t<\/div>\n\t\t\t\t<\/div>\n\t\t\t\t<div class=\"elementor-element elementor-element-aa06c95 elementor-widget-tablet__width-inherit elementor-widget elementor-widget-text-editor\" data-id=\"aa06c95\" data-element_type=\"widget\" data-e-type=\"widget\" data-widget_type=\"text-editor.default\">\n\t\t\t\t<div class=\"elementor-widget-container\">\n\t\t\t\t\t\t\t\t\t<p><strong>\u0bb5\u0bbf\u0bb3\u0b95\u0bcd\u0b95\u0bae\u0bcd \u0bae\u0bb1\u0bcd\u0bb1\u0bc1\u0bae\u0bcd \u0baa\u0bbe\u0bb0\u0bae\u0bcd\u0baa\u0bb0\u0bbf\u0baf\u0bae\u0bcd<\/strong><\/p><p>\u0b95\u0bc1\u0bb2\u0bcd\u0bb7\u0bbe \u0baa\u0b9f\u0bc8\u0baa\u0bcd\u0baa\u0bc1, \u0b9a\u0ba4\u0bc1\u0bb0\u0b99\u0bcd\u0b95 \u0bb5\u0bb0\u0bb2\u0bbe\u0bb1\u0bcd\u0bb1\u0bbf\u0ba9\u0bcd \u0b85\u0bb1\u0bbf\u0bb5\u0bbe\u0bb0\u0bcd\u0ba8\u0bcd\u0ba4 \u0b9c\u0bbe\u0bae\u0bcd\u0baa\u0bb5\u0bbe\u0ba9\u0bcd\u0b95\u0bb3\u0bc8\u0b95\u0bcd \u0b95\u0bcc\u0bb0\u0bb5\u0bbf\u0b95\u0bcd\u0b95\u0bc1\u0bae\u0bcd \u0b92\u0bb0\u0bc1 \u0ba4\u0ba9\u0bbf\u0ba4\u0bcd\u0ba4\u0bc1\u0bb5\u0bae\u0bbe\u0ba9 \u0ba4\u0bb2\u0bc8\u0baa\u0bcd\u0baa\u0bbe\u0b95\u0bc8 \u0bb5\u0b9f\u0bbf\u0bb5\u0bae\u0bc8\u0baa\u0bcd\u0baa\u0bc8\u0b95\u0bcd \u0b95\u0bca\u0ba3\u0bcd\u0b9f\u0bc1\u0bb3\u0bcd\u0bb3\u0ba4\u0bc1. \u0b87\u0ba8\u0bcd\u0ba4\u0ba4\u0bcd \u0ba4\u0bb2\u0bc8\u0baa\u0bcd\u0baa\u0bbe\u0b95\u0bc8, \u0b87\u0b9f\u0bc8\u0b95\u0bcd\u0b95\u0bbe\u0bb2 \u0bae\u0bc7\u0ba4\u0bc8 \u0b85\u0bb8\u0bcd-\u0b9a\u0bc1\u0bb2\u0bbf \u0bae\u0bb1\u0bcd\u0bb1\u0bc1\u0bae\u0bcd 18 \u0b86\u0bae\u0bcd \u0ba8\u0bc2\u0bb1\u0bcd\u0bb1\u0bbe\u0ba3\u0bcd\u0b9f\u0bbf\u0ba9\u0bcd \u0bae\u0bc7\u0ba4\u0bc8 \u0bae\u0bb1\u0bcd\u0bb1\u0bc1\u0bae\u0bcd \u0b85\u0bb0\u0b9a \u0bae\u0bca\u0bb4\u0bbf\u0baa\u0bc6\u0baf\u0bb0\u0bcd\u0baa\u0bcd\u0baa\u0bbe\u0bb3\u0bb0\u0bbe\u0ba9 \u0b83\u0baa\u0bbf\u0bb2\u0bbf\u0baa\u0bcd \u0bb8\u0bcd\u0b9f\u0bbe\u0bae\u0bbe \u0baa\u0bcb\u0ba9\u0bcd\u0bb1\u0bb5\u0bb0\u0bcd\u0b95\u0bb3\u0bcd \u0b85\u0ba3\u0bbf\u0ba8\u0bcd\u0ba4 \u0baa\u0bbe\u0bb0\u0bae\u0bcd\u0baa\u0bb0\u0bbf\u0baf\u0ba4\u0bcd \u0ba4\u0bb2\u0bc8\u0baa\u0bcd\u0baa\u0bbe\u0b95\u0bc8\u0b95\u0bb3\u0bc8 \u0bae\u0bbe\u0ba4\u0bbf\u0bb0\u0bbf\u0baf\u0bbe\u0b95\u0b95\u0bcd \u0b95\u0bca\u0ba3\u0bcd\u0b9f\u0bc1 \u0bb5\u0b9f\u0bbf\u0bb5\u0bae\u0bc8\u0b95\u0bcd\u0b95\u0baa\u0bcd\u0baa\u0b9f\u0bcd\u0b9f\u0bc1\u0bb3\u0bcd\u0bb3\u0ba4\u0bc1. \u0b85\u0bb2\u0bc6\u0baa\u0bcd\u0baa\u0bcb\u0bb5\u0bbf\u0bb2\u0bcd \u0baa\u0bbf\u0bb1\u0ba8\u0bcd\u0ba4\u0bb5\u0bb0\u0bc1\u0bae\u0bcd, \u0bb2\u0ba3\u0bcd\u0b9f\u0ba9\u0bcd \u0bae\u0bb1\u0bcd\u0bb1\u0bc1\u0bae\u0bcd \u0baa\u0bbe\u0bb0\u0bbf\u0bb8\u0bcd \u0baa\u0bcb\u0ba9\u0bcd\u0bb1 \u0bae\u0bc1\u0b95\u0bcd\u0b95\u0bbf\u0baf \u0b85\u0bb1\u0bbf\u0bb5\u0bc1\u0b9a\u0bbe\u0bb0\u0bcd \u0bae\u0bc8\u0baf\u0b99\u0bcd\u0b95\u0bb3\u0bbf\u0bb2\u0bcd \u0ba4\u0bc0\u0bb5\u0bbf\u0bb0\u0bae\u0bbe\u0b95\u0b9a\u0bcd \u0b9a\u0bc6\u0baf\u0bb2\u0bcd\u0baa\u0b9f\u0bcd\u0b9f\u0bb5\u0bb0\u0bc1\u0bae\u0bbe\u0ba9 \u0bb8\u0bcd\u0b9f\u0bbe\u0bae\u0bbe, \u0b92\u0bb0\u0bc1 \u0b89\u0ba3\u0bcd\u0bae\u0bc8\u0baf\u0bbe\u0ba9 \u0baa\u0ba9\u0bcd\u0bae\u0bc1\u0b95\u0baa\u0bcd \u0baa\u0ba3\u0bcd\u0baa\u0bbe\u0b9f\u0bcd\u0b9f\u0bc1 \u0b86\u0bb3\u0bc1\u0bae\u0bc8\u0baf\u0bbe\u0b95\u0ba4\u0bcd \u0ba4\u0bbf\u0b95\u0bb4\u0bcd\u0ba8\u0bcd\u0ba4\u0bbe\u0bb0\u0bcd. \u0baa\u0bbf\u0bb0\u0bbf\u0b9f\u0bcd\u0b9f\u0bbf\u0bb7\u0bcd \u0b85\u0bb0\u0b9a\u0bc1\u0b95\u0bcd\u0b95\u0bbe\u0ba9 \u0bae\u0bca\u0bb4\u0bbf\u0baa\u0bc6\u0baf\u0bb0\u0bcd\u0baa\u0bcd\u0baa\u0bbe\u0bb3\u0bb0\u0bbe\u0b95 \u0b85\u0bb5\u0bb0\u0ba4\u0bc1 \u0baa\u0ba3\u0bbf\u0baf\u0bc1\u0bae\u0bcd, \u0b85\u0bb5\u0bb0\u0ba4\u0bc1 \u0bae\u0bc1\u0ba9\u0bcd\u0ba9\u0bcb\u0b9f\u0bbf \u0b9a\u0ba4\u0bc1\u0bb0\u0b99\u0bcd\u0b95\u0b95\u0bcd \u0b95\u0bc1\u0bb1\u0bbf\u0baa\u0bcd\u0baa\u0bc1 \u0bae\u0bc1\u0bb1\u0bc8\u0b95\u0bb3\u0bc1\u0bae\u0bcd \u0b95\u0bbf\u0bb4\u0b95\u0bcd\u0b95\u0ba4\u0bcd\u0ba4\u0bbf\u0baf \u0bae\u0bb1\u0bcd\u0bb1\u0bc1\u0bae\u0bcd \u0bae\u0bc7\u0bb1\u0bcd\u0b95\u0ba4\u0bcd\u0ba4\u0bbf\u0baf \u0bae\u0bb0\u0baa\u0bc1\u0b95\u0bb3\u0bc8 \u0b87\u0ba3\u0bc8\u0ba4\u0bcd\u0ba4\u0ba9. \u0b87\u0ba8\u0bcd\u0ba4 \u0bb5\u0b9f\u0bbf\u0bb5\u0bae\u0bc8\u0baa\u0bcd\u0baa\u0bc1, \u0b87\u0ba8\u0bcd\u0ba4\u0baa\u0bcd \u0baa\u0b9f\u0bc8\u0baa\u0bcd\u0baa\u0bbf\u0bb1\u0bcd\u0b95\u0bc1 \u0b86\u0bb4\u0bcd\u0ba8\u0bcd\u0ba4 \u0b9e\u0bbe\u0ba9\u0bae\u0bcd \u0bae\u0bb1\u0bcd\u0bb1\u0bc1\u0bae\u0bcd \u0b85\u0bb1\u0bbf\u0bb5\u0bbe\u0bb0\u0bcd\u0ba8\u0bcd\u0ba4 \u0b85\u0ba4\u0bbf\u0b95\u0bbe\u0bb0\u0bae\u0bcd \u0b8e\u0ba9\u0bcd\u0bb1 \u0b89\u0ba3\u0bb0\u0bcd\u0bb5\u0bc8 \u0b85\u0bb3\u0bbf\u0b95\u0bcd\u0b95\u0bbf\u0bb1\u0ba4\u0bc1.<\/p>\t\t\t\t\t\t\t\t<\/div>\n\t\t\t\t<\/div>\n\t\t\t\t<div class=\"elementor-element elementor-element-117e242 elementor-widget elementor-widget-image\" data-id=\"117e242\" data-element_type=\"widget\" data-e-type=\"widget\" data-widget_type=\"image.default\">\n\t\t\t\t<div class=\"elementor-widget-container\">\n\t\t\t\t\t\t\t\t\t\t\t\t\t\t\t<img loading=\"lazy\" decoding=\"async\" width=\"800\" height=\"592\" src=\"https:\/\/shatranj.art\/wp-content\/uploads\/2026\/02\/olive-crown-olympos-1024x758.jpg\" class=\"attachment-large size-large wp-image-1558\" alt=\"\" srcset=\"https:\/\/shatranj.art\/wp-content\/uploads\/2026\/02\/olive-crown-olympos-1024x758.jpg 1024w, https:\/\/shatranj.art\/wp-content\/uploads\/2026\/02\/olive-crown-olympos-300x222.jpg 300w, https:\/\/shatranj.art\/wp-content\/uploads\/2026\/02\/olive-crown-olympos-768x568.jpg 768w, https:\/\/shatranj.art\/wp-content\/uploads\/2026\/02\/olive-crown-olympos-16x12.jpg 16w, https:\/\/shatranj.art\/wp-content\/uploads\/2026\/02\/olive-crown-olympos.jpg 1280w\" sizes=\"(max-width: 800px) 100vw, 800px\" \/>\t\t\t\t\t\t\t\t\t\t\t\t\t\t\t<\/div>\n\t\t\t\t<\/div>\n\t\t\t\t<div class=\"elementor-element elementor-element-07417e4 elementor-widget-tablet__width-inherit elementor-widget elementor-widget-text-editor\" data-id=\"07417e4\" data-element_type=\"widget\" data-e-type=\"widget\" data-widget_type=\"text-editor.default\">\n\t\t\t\t<div class=\"elementor-widget-container\">\n\t\t\t\t\t\t\t\t\t<p><strong>\u0bb0\u0bcb\u0b9c\u0bbe \u0b87\u0ba4\u0bb4\u0bcd\u0b95\u0bb3\u0bc1\u0bae\u0bcd \u0b92\u0bb2\u0bbf\u0bae\u0bcd\u0baa\u0bb8\u0bbf\u0ba9\u0bcd \u0b86\u0bb2\u0bbf\u0bb5\u0bcd \u0b95\u0bbf\u0bb0\u0bc0\u0b9f\u0bae\u0bc1\u0bae\u0bcd<\/strong><\/p><p>\u015eAH\u00ce \u0bae\u0ba9\u0bcd\u0ba9\u0bb0\u0bcd \u0ba4\u0bc1\u0ba3\u0bcd\u0b9f\u0bbf\u0ba9\u0bcd \u0b95\u0bbf\u0bb0\u0bc0\u0b9f\u0ba4\u0bcd\u0ba4\u0bbf\u0bb2\u0bcd, \u0bb5\u0bbe\u0bb4\u0bcd\u0b95\u0bcd\u0b95\u0bc8\u0baf\u0bbf\u0ba9\u0bcd \u0b85\u0bb4\u0b95\u0bc1 \u0bae\u0bb1\u0bcd\u0bb1\u0bc1\u0bae\u0bcd \u0bae\u0bc6\u0ba9\u0bcd\u0bae\u0bc8\u0baf\u0bc8\u0b9a\u0bcd \u0b9a\u0bbf\u0ba9\u0bcd\u0ba9\u0baa\u0bcd\u0baa\u0b9f\u0bc1\u0ba4\u0bcd\u0ba4\u0bc1\u0bae\u0bcd \u0bb0\u0bcb\u0b9c\u0bbe \u0b87\u0ba4\u0bb4\u0bcd\u0b95\u0bb3\u0bcd \u0b87\u0b9f\u0bae\u0bcd\u0baa\u0bc6\u0bb1\u0bcd\u0bb1\u0bc1\u0bb3\u0bcd\u0bb3\u0ba9\u2014\u0b9a\u0bc6\u0b95\u0bcd\u0bae\u0bc7\u0b9f\u0bcd \u0ba4\u0b9f\u0bc1\u0baa\u0bcd\u0baa\u0ba4\u0bb1\u0bcd\u0b95\u0bbe\u0b95 \u0b9a\u0ba4\u0bc1\u0bb0\u0b99\u0bcd\u0b95 \u0baa\u0bb2\u0b95\u0bc8\u0baf\u0bbf\u0bb2\u0bcd \u0bae\u0ba9\u0bcd\u0ba9\u0bb0\u0bcd \u0baa\u0bbe\u0ba4\u0bc1\u0b95\u0bbe\u0b95\u0bcd\u0b95\u0baa\u0bcd\u0baa\u0b9f\u0bc1\u0bb5\u0ba4\u0bc8\u0baa\u0bcd \u0baa\u0bcb\u0bb2\u0bb5\u0bc7, \u0b87\u0ba8\u0bcd\u0ba4 \u0b85\u0bb0\u0bc1\u0bae\u0bc8\u0baf\u0bbe\u0ba9 \u0ba8\u0bbf\u0bb2\u0bc8\u0baf\u0bc1\u0bae\u0bcd \u0ba4\u0bc0\u0bb5\u0bbf\u0bb0\u0bae\u0bbe\u0b95\u0baa\u0bcd \u0baa\u0bbe\u0ba4\u0bc1\u0b95\u0bbe\u0b95\u0bcd\u0b95\u0baa\u0bcd\u0baa\u0b9f \u0bb5\u0bc7\u0ba3\u0bcd\u0b9f\u0bc1\u0bae\u0bcd. \u0b87\u0ba8\u0bcd\u0ba4 \u0bb5\u0b9f\u0bbf\u0bb5\u0bae\u0bc8\u0baa\u0bcd\u0baa\u0bc1, \u0bb5\u0bb0\u0bb2\u0bbe\u0bb1\u0bcd\u0bb1\u0bc1 \u0bb0\u0bc0\u0ba4\u0bbf\u0baf\u0bbe\u0ba9 \u0bb5\u0bc6\u0bb1\u0bcd\u0bb1\u0bbf\u0b95\u0bcd\u0b95\u0bbe\u0ba9 \u0ba4\u0bc7\u0b9f\u0bb2\u0bc8 \u0bb5\u0bbe\u0bb4\u0bcd\u0b95\u0bcd\u0b95\u0bc8\u0baf\u0bbf\u0ba9\u0bcd \u0bae\u0bc6\u0ba9\u0bcd\u0bae\u0bc8\u0baf\u0bbe\u0ba9 \u0ba4\u0ba9\u0bcd\u0bae\u0bc8\u0baf\u0bc8\u0baa\u0bcd \u0baa\u0bbe\u0ba4\u0bc1\u0b95\u0bbe\u0baa\u0bcd\u0baa\u0ba4\u0bcb\u0b9f\u0bc1 \u0b87\u0ba3\u0bc8\u0b95\u0bcd\u0b95\u0bc1\u0bae\u0bcd, \u0b92\u0bb2\u0bbf\u0bae\u0bcd\u0baa\u0bb8\u0bbf\u0ba9\u0bcd \u0b86\u0bb2\u0bbf\u0bb5\u0bcd \u0b95\u0bbf\u0bb0\u0bc0\u0b9f\u0ba4\u0bcd\u0ba4\u0bbe\u0bb2\u0bcd \u0bae\u0bc7\u0bb2\u0bc1\u0bae\u0bcd \u0b88\u0bb0\u0bcd\u0b95\u0bcd\u0b95\u0baa\u0bcd\u0baa\u0b9f\u0bcd\u0b9f\u0bc1\u0bb3\u0bcd\u0bb3\u0ba4\u0bc1.<\/p>\t\t\t\t\t\t\t\t<\/div>\n\t\t\t\t<\/div>\n\t\t\t\t<\/div>\n\t\t<div class=\"elementor-element elementor-element-2d81034 e-con-full e-flex e-con e-child\" data-id=\"2d81034\" data-element_type=\"container\" data-e-type=\"container\">\n\t\t\t\t<div class=\"elementor-element elementor-element-71345be elementor-widget elementor-widget-image\" data-id=\"71345be\" data-element_type=\"widget\" data-e-type=\"widget\" data-widget_type=\"image.default\">\n\t\t\t\t<div class=\"elementor-widget-container\">\n\t\t\t\t\t\t\t\t\t\t\t\t\t\t\t<img loading=\"lazy\" decoding=\"async\" width=\"600\" height=\"800\" src=\"https:\/\/shatranj.art\/wp-content\/uploads\/2026\/02\/suli-statue.jpg\" class=\"attachment-large size-large wp-image-1075\" alt=\"\" srcset=\"https:\/\/shatranj.art\/wp-content\/uploads\/2026\/02\/suli-statue.jpg 600w, https:\/\/shatranj.art\/wp-content\/uploads\/2026\/02\/suli-statue-225x300.jpg 225w\" sizes=\"(max-width: 600px) 100vw, 600px\" \/>\t\t\t\t\t\t\t\t\t\t\t\t\t\t\t<\/div>\n\t\t\t\t<\/div>\n\t\t\t\t<div class=\"elementor-element elementor-element-1f7e824 elementor-widget-tablet__width-inherit elementor-widget elementor-widget-text-editor\" data-id=\"1f7e824\" data-element_type=\"widget\" data-e-type=\"widget\" data-widget_type=\"text-editor.default\">\n\t\t\t\t<div class=\"elementor-widget-container\">\n\t\t\t\t\t\t\t\t\t<p><strong>\u0bb5\u0bbf\u0bb3\u0b95\u0bcd\u0b95\u0bbf\u0ba9\u0bcd \u0baa\u0bbe\u0bb0\u0bae\u0bcd\u0baa\u0bb0\u0bbf\u0baf\u0bae\u0bcd<\/strong><br \/><strong>\u015eah\u00ee \u0ba4\u0bca\u0b95\u0bc1\u0baa\u0bcd\u0baa\u0bbf\u0bb2\u0bcd \u0bb0\u0bc6\u0b9c\u0bc6\u0ba9\u0bcd\u0bb8\u0bcd \u0baa\u0bbe\u0bb0\u0bae\u0bcd\u0baa\u0bb0\u0bbf\u0baf\u0bae\u0bcd<\/strong><\/p><p>\u00a0<\/p><p>\u0baa\u0bbf\u0bb0\u0bc6\u0b9e\u0bcd\u0b9a\u0bc1 \u0bb0\u0bc0\u0b9c\u0bc6\u0ba9\u0bcd\u0bb8\u0bcd \u0b9a\u0ba4\u0bc1\u0bb0\u0b99\u0bcd\u0b95\u0b95\u0bcd \u0b95\u0bc1\u0bb4\u0bc1, \u0baa\u0b95\u0bc1\u0ba4\u0bcd\u0ba4\u0bb1\u0bbf\u0bb5\u0bc1 \u0bae\u0bb1\u0bcd\u0bb1\u0bc1\u0bae\u0bcd \u0b85\u0bb1\u0bbf\u0bb5\u0bbf\u0ba9\u0bcd \u0ba4\u0bc7\u0b9f\u0bb2\u0bbe\u0bb2\u0bcd \u0bb5\u0bb0\u0bc8\u0baf\u0bb1\u0bc1\u0b95\u0bcd\u0b95\u0baa\u0bcd\u0baa\u0b9f\u0bcd\u0b9f \u0baa\u0b95\u0bc1\u0ba4\u0bcd\u0ba4\u0bb1\u0bbf\u0bb5\u0bc1\u0b95\u0bcd \u0b95\u0bbe\u0bb2\u0ba4\u0bcd\u0ba4\u0bc8\u0b9a\u0bcd \u0b9a\u0bbf\u0ba9\u0bcd\u0ba9\u0baa\u0bcd\u0baa\u0b9f\u0bc1\u0ba4\u0bcd\u0ba4\u0bc1\u0b95\u0bbf\u0bb1\u0ba4\u0bc1. \u0baa\u0bc6\u0b9e\u0bcd\u0b9a\u0bae\u0bbf\u0ba9\u0bcd \u0baa\u0bbf\u0bb0\u0bbe\u0b99\u0bcd\u0b95\u0bbf\u0bb3\u0bbf\u0ba9\u0bcd, \u0ba8\u0bc6\u0baa\u0bcd\u0baa\u0bcb\u0bb2\u0bbf\u0baf\u0ba9\u0bcd \u0baa\u0bcb\u0ba9\u0baa\u0bbe\u0bb0\u0bcd\u0b9f\u0bcd \u0bae\u0bb1\u0bcd\u0bb1\u0bc1\u0bae\u0bcd \u0bae\u0bbe\u0bb8\u0bcd\u0b9f\u0bb0\u0bcd \u0baa\u0bbf\u0bb2\u0bbf\u0b9f\u0bcb\u0bb0\u0bcd \u0baa\u0bcb\u0ba9\u0bcd\u0bb1 \u0bb5\u0bb0\u0bb2\u0bbe\u0bb1\u0bcd\u0bb1\u0bc1 \u0b9c\u0bbe\u0bae\u0bcd\u0baa\u0bb5\u0bbe\u0ba9\u0bcd\u0b95\u0bb3\u0bbe\u0bb2\u0bcd \u0baa\u0bc1\u0b95\u0bb4\u0bcd\u0baa\u0bc6\u0bb1\u0bcd\u0bb1 \u0b95\u0b83\u0baa\u0bc7 \u0b9f\u0bbf \u0bb2\u0bbe \u0bb0\u0bc0\u0b9c\u0bc6\u0ba9\u0bcd\u0bb8\u0bbf\u0bb2\u0bcd \u0bb5\u0bbf\u0bb3\u0bc8\u0baf\u0bbe\u0b9f\u0baa\u0bcd\u0baa\u0b9f\u0bcd\u0b9f \u0b87\u0ba8\u0bcd\u0ba4\u0b95\u0bcd \u0b95\u0bc1\u0bb4\u0bc1, \u0b85\u0bb1\u0bbf\u0bb5\u0bbe\u0bb0\u0bcd\u0ba8\u0bcd\u0ba4 \u0baa\u0bcb\u0b9f\u0bcd\u0b9f\u0bbf\u0b95\u0bcd\u0b95\u0bbe\u0ba9 \u0ba4\u0bb0\u0bae\u0bbe\u0b95 \u0bae\u0bbe\u0bb1\u0bbf\u0baf\u0ba4\u0bc1. \u015eah\u00ee \u0b9a\u0ba4\u0bc1\u0bb0\u0b99\u0bcd\u0b95\u0b95\u0bcd \u0b95\u0bc1\u0bb4\u0bc1 \u0b87\u0ba8\u0bcd\u0ba4 \u0baa\u0bbe\u0bb0\u0bae\u0bcd\u0baa\u0bb0\u0bbf\u0baf\u0ba4\u0bcd\u0ba4\u0bc8 \u0bb5\u0bc7\u0ba3\u0bcd\u0b9f\u0bc1\u0bae\u0bc6\u0ba9\u0bcd\u0bb1\u0bc7 \u0baa\u0bbe\u0ba4\u0bc1\u0b95\u0bbe\u0b95\u0bcd\u0b95\u0bbf\u0bb1\u0ba4\u0bc1. \u0b95\u0bbf\u0bb2\u0bcd\u0bb7\u0bbe \u0b95\u0bbe\u0baf\u0bc8 \u0bb5\u0b9f\u0bbf\u0bb5\u0bae\u0bc8\u0b95\u0bcd\u0b95, \u0bb0\u0bc6\u0b9c\u0bc6\u0ba9\u0bcd\u0bb8\u0bcd \u0bae\u0ba9\u0bcd\u0ba9\u0bb0\u0bbf\u0ba9\u0bcd \u0bae\u0bb2\u0bb0\u0bcd \u0bb5\u0bc7\u0bb2\u0bc8\u0baa\u0bcd\u0baa\u0bbe\u0b9f\u0bc1\u0b95\u0bb3\u0bbf\u0bb2\u0bbf\u0bb0\u0bc1\u0ba8\u0bcd\u0ba4\u0bc1 \u0b89\u0ba4\u0bcd\u0bb5\u0bc7\u0b95\u0bae\u0bcd \u0baa\u0bc6\u0bb1\u0bcd\u0bb1\u0bc1, \u015eah\u00ee \u0b95\u0bc1\u0bb4\u0bc1 18 \u0b86\u0bae\u0bcd \u0ba8\u0bc2\u0bb1\u0bcd\u0bb1\u0bbe\u0ba3\u0bcd\u0b9f\u0bc1 \u0b90\u0bb0\u0bcb\u0baa\u0bcd\u0baa\u0bbf\u0baf \u0ba8\u0bc7\u0bb0\u0bcd\u0ba4\u0bcd\u0ba4\u0bbf\u0baf\u0bc8 \u0b95\u0bbf\u0bb4\u0b95\u0bcd\u0b95\u0bbf\u0ba9\u0bcd \u0b86\u0bb4\u0bcd\u0ba8\u0bcd\u0ba4 \u0b85\u0bb1\u0bbf\u0bb5\u0bbe\u0bb0\u0bcd\u0ba8\u0bcd\u0ba4 \u0bae\u0bb0\u0baa\u0bc1\u0b95\u0bb3\u0bc1\u0b9f\u0ba9\u0bcd \u0b87\u0ba3\u0bc8\u0ba4\u0bcd\u0ba4\u0bc1, \u0bb5\u0bbf\u0bb3\u0bc8\u0baf\u0bbe\u0b9f\u0bcd\u0b9f\u0bbf\u0ba9\u0bcd \u0baa\u0bca\u0bb1\u0bcd\u0b95\u0bbe\u0bb2\u0ba4\u0bcd\u0ba4\u0bc8 \u0bb5\u0bb0\u0bc8\u0baf\u0bb1\u0bc1\u0ba4\u0bcd\u0ba4 \u0bae\u0bc7\u0ba4\u0bc8\u0b95\u0bb3\u0bc1\u0b95\u0bcd\u0b95\u0bc1 \u0bae\u0bb0\u0bbf\u0baf\u0bbe\u0ba4\u0bc8 \u0b9a\u0bc6\u0bb2\u0bc1\u0ba4\u0bcd\u0ba4\u0bc1\u0b95\u0bbf\u0bb1\u0ba4\u0bc1.<\/p>\t\t\t\t\t\t\t\t<\/div>\n\t\t\t\t<\/div>\n\t\t\t\t<\/div>\n\t\t\t\t<\/div>\n\t\t\t\t\t<\/div>\n\t\t\t\t<\/div>\n\t\t\t\t<\/div>","protected":false},"excerpt":{"rendered":"<p>\u015eAH\u00ce set monarch\/king\/shah piece: G\u00fcl\u015fah G\u00fcl\u015fah represents the wisdom of the headwrap, the sanctity and authority of the dome, and rose as a symbol of life and beauty, which must be protected from checkmate. The dome draws inspiration from iconic structures like the Hagia Sophia, the Pantheon, and MIT. The headwrap reflects the intellectual legacy [&hellip;]<\/p>\n","protected":false},"author":1,"featured_media":0,"parent":743,"menu_order":0,"comment_status":"closed","ping_status":"closed","template":"","meta":{"footnotes":""},"class_list":["post-1068","page","type-page","status-publish","hentry"],"_links":{"self":[{"href":"https:\/\/shatranj.art\/ta\/wp-json\/wp\/v2\/pages\/1068","targetHints":{"allow":["GET"]}}],"collection":[{"href":"https:\/\/shatranj.art\/ta\/wp-json\/wp\/v2\/pages"}],"about":[{"href":"https:\/\/shatranj.art\/ta\/wp-json\/wp\/v2\/types\/page"}],"author":[{"embeddable":true,"href":"https:\/\/shatranj.art\/ta\/wp-json\/wp\/v2\/users\/1"}],"replies":[{"embeddable":true,"href":"https:\/\/shatranj.art\/ta\/wp-json\/wp\/v2\/comments?post=1068"}],"version-history":[{"count":10,"href":"https:\/\/shatranj.art\/ta\/wp-json\/wp\/v2\/pages\/1068\/revisions"}],"predecessor-version":[{"id":1561,"href":"https:\/\/shatranj.art\/ta\/wp-json\/wp\/v2\/pages\/1068\/revisions\/1561"}],"up":[{"embeddable":true,"href":"https:\/\/shatranj.art\/ta\/wp-json\/wp\/v2\/pages\/743"}],"wp:attachment":[{"href":"https:\/\/shatranj.art\/ta\/wp-json\/wp\/v2\/media?parent=1068"}],"curies":[{"name":"wp","href":"https:\/\/api.w.org\/{rel}","templated":true}]}}