{"id":809,"date":"2026-02-21T19:53:54","date_gmt":"2026-02-21T19:53:54","guid":{"rendered":"https:\/\/shatranj.art\/?page_id=809"},"modified":"2026-03-18T00:05:44","modified_gmt":"2026-03-18T00:05:44","slug":"poster-7","status":"publish","type":"page","link":"https:\/\/shatranj.art\/ta\/exhibit\/poster-7\/","title":{"rendered":"\u0baa\u0bcb\u0bb8\u0bcd\u0b9f\u0bb0\u0bcd 7"},"content":{"rendered":"<div data-elementor-type=\"wp-page\" data-elementor-id=\"809\" class=\"elementor elementor-809\" data-elementor-post-type=\"page\">\n\t\t\t\t<div class=\"elementor-element elementor-element-fa6cd04 e-flex e-con-boxed e-con e-parent\" data-id=\"fa6cd04\" data-element_type=\"container\" data-e-type=\"container\" data-settings=\"{&quot;background_background&quot;:&quot;classic&quot;}\">\n\t\t\t\t\t<div class=\"e-con-inner\">\n\t\t\t\t<div class=\"elementor-element elementor-element-5c7bc28 elementor-widget elementor-widget-image\" data-id=\"5c7bc28\" data-element_type=\"widget\" data-e-type=\"widget\" data-widget_type=\"image.default\">\n\t\t\t\t<div class=\"elementor-widget-container\">\n\t\t\t\t\t\t\t\t\t\t\t\t\t\t\t<img fetchpriority=\"high\" decoding=\"async\" width=\"1968\" height=\"1288\" src=\"https:\/\/shatranj.art\/wp-content\/uploads\/2026\/02\/7.jpg\" class=\"attachment-full size-full wp-image-812\" alt=\"\" srcset=\"https:\/\/shatranj.art\/wp-content\/uploads\/2026\/02\/7.jpg 1968w, https:\/\/shatranj.art\/wp-content\/uploads\/2026\/02\/7-300x196.jpg 300w, https:\/\/shatranj.art\/wp-content\/uploads\/2026\/02\/7-1024x670.jpg 1024w, https:\/\/shatranj.art\/wp-content\/uploads\/2026\/02\/7-768x503.jpg 768w, https:\/\/shatranj.art\/wp-content\/uploads\/2026\/02\/7-1536x1005.jpg 1536w\" sizes=\"(max-width: 1968px) 100vw, 1968px\" \/>\t\t\t\t\t\t\t\t\t\t\t\t\t\t\t<\/div>\n\t\t\t\t<\/div>\n\t\t\t\t<div class=\"elementor-element elementor-element-a06796b elementor-widget elementor-widget-text-editor\" data-id=\"a06796b\" data-element_type=\"widget\" data-e-type=\"widget\" data-widget_type=\"text-editor.default\">\n\t\t\t\t<div class=\"elementor-widget-container\">\n\t\t\t\t\t\t\t\t\t<h3><b>\u0bb5\u0bbf\u0bb3\u0b95\u0bcd\u0b95\u0bbf\u0ba9\u0bcd \u0b85\u0bb4\u0b95\u0bbf\u0baf\u0bb2\u0bcd: \u0b83\u0baa\u0bbf\u0bb2\u0bbf\u0b9f\u0bcb\u0bb0\u0bcd \u0bae\u0bb1\u0bcd\u0bb1\u0bc1\u0bae\u0bcd \u0ba8\u0bc6\u0baa\u0bcd\u0baa\u0bcb\u0bb2\u0bbf\u0baf\u0ba9\u0bbf\u0ba9\u0bcd \u0bb0\u0bc6\u0b9c\u0bc6\u0ba9\u0bcd\u0bb8\u0bcd \u0bae\u0bb0\u0baa\u0bc1<\/b><\/h3><p>\u0b9a\u0ba4\u0bc1\u0bb0\u0b99\u0bcd\u0b95 \u0bb5\u0bb0\u0bb2\u0bbe\u0bb1\u0bcd\u0bb1\u0bbf\u0bb2\u0bcd \u0bae\u0bbf\u0b95\u0bb5\u0bc1\u0bae\u0bcd \u0bae\u0ba4\u0bbf\u0baa\u0bcd\u0baa\u0bc1\u0bae\u0bbf\u0b95\u0bcd\u0b95 \u0bae\u0bb1\u0bcd\u0bb1\u0bc1\u0bae\u0bcd \u0b9a\u0bbf\u0ba9\u0bcd\u0ba9\u0bae\u0bbe\u0ba9 \u0bb5\u0b9f\u0bbf\u0bb5\u0bae\u0bc8\u0baa\u0bcd\u0baa\u0bc1\u0b95\u0bb3\u0bbf\u0bb2\u0bcd \u0b92\u0ba9\u0bcd\u0bb1\u0bbe\u0ba9 \u0bb0\u0bc6\u0b9c\u0bc6\u0ba9\u0bcd\u0bb8\u0bcd \u0baa\u0bbe\u0ba3\u0bbf, \u0baa\u0bbe\u0bb0\u0bbf\u0bb8\u0bbf\u0bb2\u0bcd \u0b89\u0bb3\u0bcd\u0bb3 \u0baa\u0bc1\u0b95\u0bb4\u0bcd\u0baa\u0bc6\u0bb1\u0bcd\u0bb1 \u0b95\u0b83\u0baa\u0bc7 \u0b9f\u0bbf \u0bb2\u0bbe \u0bb0\u0bc6\u0b9c\u0bc6\u0ba9\u0bcd\u0bb8\u0bcd \u0b8e\u0ba9\u0bcd\u0baa\u0ba4\u0bbf\u0bb2\u0bbf\u0bb0\u0bc1\u0ba8\u0bcd\u0ba4\u0bc1 \u0b85\u0ba4\u0ba9\u0bcd \u0baa\u0bc6\u0baf\u0bb0\u0bc8\u0baa\u0bcd \u0baa\u0bc6\u0bb1\u0bc1\u0b95\u0bbf\u0bb1\u0ba4\u0bc1. \u0b87\u0ba8\u0bcd\u0ba4\u0ba4\u0bcd \u0ba4\u0bca\u0b95\u0bc1\u0baa\u0bcd\u0baa\u0bc1\u0b95\u0bb3\u0bcd, \u0b9a\u0ba4\u0bc1\u0bb0\u0b99\u0bcd\u0b95\u0bae\u0bcd \u0b85\u0bb0\u0b9a\u0bb5\u0bc8\u0b95\u0bb3\u0bbf\u0bb2\u0bbf\u0bb0\u0bc1\u0ba8\u0bcd\u0ba4\u0bc1 \u0b90\u0bb0\u0bcb\u0baa\u0bcd\u0baa\u0bbe\u0bb5\u0bbf\u0ba9\u0bcd \u0b85\u0bb1\u0bbf\u0bb5\u0bc1\u0b9a\u0bbe\u0bb0\u0bcd \u0bae\u0bc8\u0baf\u0ba4\u0bcd\u0ba4\u0bbf\u0bb1\u0bcd\u0b95\u0bc1\u0b95\u0bcd \u0b95\u0bc1\u0b9f\u0bbf\u0baa\u0bc6\u0baf\u0bb0\u0bcd\u0ba8\u0bcd\u0ba4\u0bc1, \u0ba4\u0ba4\u0bcd\u0ba4\u0bc1\u0bb5\u0b9e\u0bbe\u0ba9\u0bbf\u0b95\u0bb3\u0bcd, \u0bb5\u0bbf\u0b9e\u0bcd\u0b9e\u0bbe\u0ba9\u0bbf\u0b95\u0bb3\u0bcd \u0bae\u0bb1\u0bcd\u0bb1\u0bc1\u0bae\u0bcd \u0baa\u0bc1\u0bb0\u0b9f\u0bcd\u0b9a\u0bbf\u0baf\u0bbe\u0bb3\u0bb0\u0bcd\u0b95\u0bb3\u0bbf\u0ba9\u0bcd \u0bae\u0bc7\u0b9a\u0bc8\u0b95\u0bb3\u0bc8 \u0b85\u0bb2\u0b99\u0bcd\u0b95\u0bb0\u0bbf\u0ba4\u0bcd\u0ba4 \u0b92\u0bb0\u0bc1 \u0b95\u0bbe\u0bb2\u0ba4\u0bcd\u0ba4\u0bc8 \u0bb5\u0bc6\u0bb3\u0bbf\u0baa\u0bcd\u0baa\u0b9f\u0bc1\u0ba4\u0bcd\u0ba4\u0bc1\u0b95\u0bbf\u0ba9\u0bcd\u0bb1\u0ba9. 18 \u0b86\u0bae\u0bcd \u0ba8\u0bc2\u0bb1\u0bcd\u0bb1\u0bbe\u0ba3\u0bcd\u0b9f\u0bc1 \u0bae\u0bc1\u0bb4\u0bc1\u0bb5\u0ba4\u0bc1\u0bae\u0bcd \u0bae\u0bb1\u0bcd\u0bb1\u0bc1\u0bae\u0bcd 19 \u0b86\u0bae\u0bcd \u0ba8\u0bc2\u0bb1\u0bcd\u0bb1\u0bbe\u0ba3\u0bcd\u0b9f\u0bbf\u0ba9\u0bcd \u0baa\u0bc6\u0bb0\u0bc1\u0bae\u0bcd\u0baa\u0b95\u0bc1\u0ba4\u0bbf\u0baf\u0bbf\u0bb2\u0bc1\u0bae\u0bcd, \u0b87\u0ba8\u0bcd\u0ba4 \u0bb5\u0b9f\u0bbf\u0bb5\u0bae\u0bc8\u0baa\u0bcd\u0baa\u0bc1 \u0bb5\u0bbf\u0bb3\u0bc8\u0baf\u0bbe\u0b9f\u0bcd\u0b9f\u0bbf\u0ba9\u0bcd \u0b89\u0bb2\u0b95\u0bb3\u0bbe\u0bb5\u0bbf\u0baf \u0bae\u0bca\u0bb4\u0bbf\u0baf\u0bbe\u0b95\u0baa\u0bcd \u0baa\u0baf\u0ba9\u0bcd\u0baa\u0b9f\u0bcd\u0b9f\u0ba4\u0bc1. \u0ba8\u0bc6\u0baa\u0bcd\u0baa\u0bcb\u0bb2\u0bbf\u0baf\u0ba9\u0bcd \u0baa\u0bcb\u0ba9\u0baa\u0bbe\u0bb0\u0bcd\u0b9f\u0bcd, \u0baa\u0bc6\u0b9e\u0bcd\u0b9a\u0bae\u0bbf\u0ba9\u0bcd \u0baa\u0bbf\u0bb0\u0bbe\u0b99\u0bcd\u0b95\u0bcd\u0bb3\u0bbf\u0ba9\u0bcd, \u0bae\u0bb1\u0bcd\u0bb1\u0bc1\u0bae\u0bcd \u0bb5\u0bbe\u0bb2\u0bcd\u0b9f\u0bc7\u0bb0\u0bcd \u0baa\u0bcb\u0ba9\u0bcd\u0bb1 \u0bb5\u0bb0\u0bb2\u0bbe\u0bb1\u0bcd\u0bb1\u0bbf\u0ba9\u0bcd \u0baa\u0bcb\u0b95\u0bcd\u0b95\u0bc8\u0baf\u0bc7 \u0bae\u0bbe\u0bb1\u0bcd\u0bb1\u0bbf\u0baf \u0b85\u0bb1\u0bbf\u0bb5\u0bbe\u0bb3\u0bb0\u0bcd\u0b95\u0bb3\u0bbf\u0ba9\u0bcd \u0ba4\u0ba8\u0bcd\u0ba4\u0bbf\u0bb0\u0bcb\u0baa\u0bbe\u0baf \u0ba8\u0b95\u0bb0\u0bcd\u0bb5\u0bc1\u0b95\u0bb3\u0bc1\u0b95\u0bcd\u0b95\u0bc1 \u0b87\u0ba4\u0bc1 \u0b9a\u0bbe\u0b9f\u0bcd\u0b9a\u0bbf\u0baf\u0bbe\u0b95 \u0b87\u0bb0\u0bc1\u0ba8\u0bcd\u0ba4\u0ba4\u0bc1.<\/p><p><span style=\"font-weight: 400;\">\u0b87\u0ba8\u0bcd\u0ba4\u0b95\u0bcd \u0b95\u0bbe\u0bb2\u0b95\u0b9f\u0bcd\u0b9f\u0ba4\u0bcd\u0ba4\u0bbf\u0bb2\u0bcd, \u0bae\u0bbe\u0baa\u0bc6\u0bb0\u0bc1\u0bae\u0bcd \u0bae\u0bc7\u0ba4\u0bc8 \u0b83\u0baa\u0bbf\u0bb0\u0bbe\u0ba9\u0bcd\u0b9a\u0bc1\u0bb5\u0bbe-\u0b86\u0ba3\u0bcd\u0b9f\u0bcd\u0bb0\u0bc7 \u0b9f\u0bbe\u0ba9\u0bbf\u0b95\u0ba9\u0bcd \u0b83\u0baa\u0bbf\u0bb2\u0bbf\u0b9f\u0bbe\u0bb0\u0bcd, ... \u0b8e\u0ba9\u0bcd\u0bb1\u0bc1 \u0b85\u0bb1\u0bbf\u0bb5\u0bbf\u0ba4\u0bcd\u0ba4\u0bc1, \u0b86\u0b9f\u0bcd\u0b9f\u0ba4\u0bcd\u0ba4\u0bbf\u0bb1\u0bcd\u0b95\u0bc1 \u0b92\u0bb0\u0bc1 \u0ba8\u0bb5\u0bc0\u0ba9 \u0b95\u0bcb\u0b9f\u0bcd\u0baa\u0bbe\u0b9f\u0bcd\u0b9f\u0bc1 \u0b85\u0b9f\u0bbf\u0ba4\u0bcd\u0ba4\u0bb3\u0ba4\u0bcd\u0ba4\u0bc8 \u0bb5\u0bb4\u0b99\u0bcd\u0b95\u0bbf\u0ba9\u0bbe\u0bb0\u0bcd. <\/span><b>\u201c\u0b95\u0bbe\u0baf\u0bcd\u0b95\u0bb3\u0bc7 \u0b9a\u0ba4\u0bc1\u0bb0\u0b99\u0bcd\u0b95\u0ba4\u0bcd\u0ba4\u0bbf\u0ba9\u0bcd \u0b86\u0ba9\u0bcd\u0bae\u0bbe.\u201d<\/b> \u0bb0\u0bc6\u0b9c\u0bc6\u0ba9\u0bcd\u0bb8\u0bcd \u0baa\u0b9f\u0bc8\u0baa\u0bcd\u0baa\u0bc1\u0b95\u0bb3\u0bbf\u0ba9\u0bcd \u0bae\u0bc6\u0bb2\u0bbf\u0ba4\u0bbe\u0ba9, \u0b85\u0b9f\u0bc1\u0b95\u0bcd\u0b95\u0bc1\u0b95\u0bb3\u0bcd \u0b95\u0bca\u0ba3\u0bcd\u0b9f, \u0bae\u0bb1\u0bcd\u0bb1\u0bc1\u0bae\u0bcd \u0b95\u0b9f\u0bcd\u0b9f\u0bbf\u0b9f\u0b95\u0bcd\u0b95\u0bb2\u0bc8 \u0b9a\u0bbe\u0bb0\u0bcd\u0ba8\u0bcd\u0ba4 \u0b95\u0bcb\u0b9f\u0bc1\u0b95\u0bb3\u0bcd \u0b87\u0ba8\u0bcd\u0ba4 \u0b85\u0bb1\u0bbf\u0bb5\u0bc1\u0b9a\u0bbe\u0bb0\u0bcd \u0baa\u0bc1\u0bb0\u0b9f\u0bcd\u0b9a\u0bbf\u0baf\u0bbf\u0ba9\u0bcd \u0b95\u0bbe\u0b9f\u0bcd\u0b9a\u0bbf\u0baa\u0bcd \u0b85\u0b9f\u0bc8\u0baf\u0bbe\u0bb3\u0bae\u0bbe\u0b95 \u0bae\u0bbe\u0bb1\u0bbf\u0baf\u0ba4\u0bc1. \u0b87\u0ba8\u0bcd\u0ba4\u0ba4\u0bcd \u0ba4\u0bca\u0b95\u0bc1\u0baa\u0bcd\u0baa\u0bc1, \u0b85\u0bb1\u0bbf\u0bb5\u0bca\u0bb3\u0bbf\u0baf\u0bbf\u0ba9\u0bcd \u0bb5\u0bbf\u0b9f\u0bc1\u0bb5\u0bbf\u0b95\u0bcd\u0b95\u0baa\u0bcd\u0baa\u0b9f\u0bcd\u0b9f, \u0ba8\u0bc7\u0bb0\u0bcd\u0ba4\u0bcd\u0ba4\u0bbf\u0baf\u0bbe\u0ba9, \u0bae\u0bb1\u0bcd\u0bb1\u0bc1\u0bae\u0bcd \u0b89\u0ba4\u0bcd\u0ba4\u0bbf \u0b9a\u0bbe\u0bb0\u0bcd\u0ba8\u0bcd\u0ba4 \u0baa\u0bbe\u0bb0\u0bae\u0bcd\u0baa\u0bb0\u0bbf\u0baf\u0ba4\u0bcd\u0ba4\u0bc8 \u0b87\u0ba9\u0bcd\u0bb1\u0bc8\u0baf \u0ba8\u0bbe\u0bb3\u0bc1\u0b95\u0bcd\u0b95\u0bc1\u0bb3\u0bcd \u0b95\u0bca\u0ba3\u0bcd\u0b9f\u0bc1 \u0b9a\u0bc6\u0bb2\u0bcd\u0bb2\u0bc1\u0bae\u0bcd \u0b92\u0bb0\u0bc1 \u0bb5\u0bbe\u0bb4\u0bc1\u0bae\u0bcd \u0ba8\u0bbf\u0ba9\u0bc8\u0bb5\u0bbe\u0b95 \u0ba8\u0bbf\u0bb1\u0bcd\u0b95\u0bbf\u0bb1\u0ba4\u0bc1.<\/p>\t\t\t\t\t\t\t\t<\/div>\n\t\t\t\t<\/div>\n\t\t\t\t<div class=\"elementor-element elementor-element-9452bb3 elementor-widget elementor-widget-image\" data-id=\"9452bb3\" data-element_type=\"widget\" data-e-type=\"widget\" data-widget_type=\"image.default\">\n\t\t\t\t<div class=\"elementor-widget-container\">\n\t\t\t\t\t\t\t\t\t\t\t\t\t\t\t<img decoding=\"async\" width=\"1873\" height=\"1232\" src=\"https:\/\/shatranj.art\/wp-content\/uploads\/2026\/02\/7-1.jpg\" class=\"attachment-full size-full wp-image-813\" alt=\"\" srcset=\"https:\/\/shatranj.art\/wp-content\/uploads\/2026\/02\/7-1.jpg 1873w, https:\/\/shatranj.art\/wp-content\/uploads\/2026\/02\/7-1-300x197.jpg 300w, https:\/\/shatranj.art\/wp-content\/uploads\/2026\/02\/7-1-1024x674.jpg 1024w, https:\/\/shatranj.art\/wp-content\/uploads\/2026\/02\/7-1-768x505.jpg 768w, https:\/\/shatranj.art\/wp-content\/uploads\/2026\/02\/7-1-1536x1010.jpg 1536w\" sizes=\"(max-width: 1873px) 100vw, 1873px\" \/>\t\t\t\t\t\t\t\t\t\t\t\t\t\t\t<\/div>\n\t\t\t\t<\/div>\n\t\t\t\t<div class=\"elementor-element elementor-element-cae2144 elementor-widget elementor-widget-text-editor\" data-id=\"cae2144\" data-element_type=\"widget\" data-e-type=\"widget\" data-widget_type=\"text-editor.default\">\n\t\t\t\t<div class=\"elementor-widget-container\">\n\t\t\t\t\t\t\t\t\t<h3><b>\u0b87\u0bb8\u0bcd\u0ba4\u0bbe\u0ba9\u0bcd\u0baa\u0bc1\u0bb2\u0bcd \u0b9a\u0ba4\u0bc1\u0bb0\u0b99\u0bcd\u0b95 \u0b9a\u0b99\u0bcd\u0b95\u0ba4\u0bcd\u0ba4\u0bbf\u0ba9\u0bcd \u0ba8\u0bbf\u0bb1\u0bc1\u0bb5\u0ba9 \u0b89\u0bb1\u0bc1\u0baa\u0bcd\u0baa\u0bbf\u0ba9\u0bb0\u0bcd \u0baa\u0bc7\u0bb0\u0bbe\u0b9a\u0bbf\u0bb0\u0bbf\u0baf\u0bb0\u0bcd \u0b9f\u0bbe\u0b95\u0bcd\u0b9f\u0bb0\u0bcd \u0b85\u0b95\u0bae\u0ba4\u0bc1 \u0ba4\u0bc6\u0bb5\u0bcd\u0b83\u0baa\u0bbf\u0b95\u0bcd \u0baf\u0bc1\u0b9a\u0bc6\u0b9a\u0bcb\u0baf\u0bbf\u0ba9\u0bcd \u0bb0\u0bc6\u0b9c\u0bc6\u0ba9\u0bcd\u0bb8\u0bcd \u0bae\u0bbe\u0b9f\u0bb2\u0bcd \u0b9a\u0ba4\u0bc1\u0bb0\u0b99\u0bcd\u0b95\u0b95\u0bcd \u0b95\u0bc2\u0b9f\u0bcd\u0b9f\u0bae\u0bcd (\u0baa\u0bbe\u0b95\u0bcd\u0bb8\u0bcd\u0bb5\u0bc1\u0b9f\u0bcd\u0b9f\u0bbf\u0ba9\u0bbe\u0bb2\u0bcd \u0b86\u0ba9\u0ba4\u0bc1)<\/b><\/h3><p>\u0b9a\u0bc6\u0bb8\u0bcd \u0b9a\u0bc6\u0b9f\u0bcd \u0baa\u0bc1\u0b95\u0bc8\u0baa\u0bcd\u0baa\u0b9f\u0ba4\u0bcd\u0ba4\u0bc8\u0baf\u0bc1\u0bae\u0bcd, \u0b85\u0ba4\u0ba9\u0bc1\u0b9f\u0ba9\u0bcd A. \u0b9f\u0bcb\u0b95\u0ba9\u0bcd \u0b95\u0bc1\u0ba9\u0bcd\u0b9a\u0bbe\u0bb5\u0bcd \u0b8e\u0ba9\u0bcd\u0baa\u0bb5\u0bb0\u0bcd \u0b9a\u0bc6\u0bb0\u0bcd\u0b9f\u0bbe\u0b9a\u0bcd \u0b9f\u0bb2\u0bcd\u0b95\u0bbf\u0bb0\u0bbe\u0ba9\u0bc1\u0b95\u0bcd\u0b95\u0bc1 \u0b8e\u0bb4\u0bc1\u0ba4\u0bbf\u0baf \u0b95\u0b9f\u0bbf\u0ba4\u0ba4\u0bcd\u0ba4\u0bc8\u0baf\u0bc1\u0bae\u0bcd \u0b95\u0bc0\u0bb4\u0bc7 \u0b95\u0bbe\u0ba3\u0bb2\u0bbe\u0bae\u0bcd. \u0baf\u0bc2\u0b9a\u0bc6\u0b9a\u0bcb\u0baf\u0bbf\u0ba9\u0bcd \u0bae\u0bb0\u0ba3\u0ba4\u0bcd\u0ba4\u0bbf\u0bb1\u0bcd\u0b95\u0bc1\u0baa\u0bcd \u0baa\u0bbf\u0bb1\u0b95\u0bc1, \u0b85\u0bb5\u0bb0\u0ba4\u0bc1 \u0b95\u0bc1\u0b9f\u0bc1\u0bae\u0bcd\u0baa\u0ba4\u0bcd\u0ba4\u0bbf\u0ba9\u0bb0\u0bbe\u0bb2\u0bcd \u0b85\u0ba8\u0bcd\u0ba4 \u0b9a\u0bc6\u0bb8\u0bcd \u0b9a\u0bc6\u0b9f\u0bcd \u0ba4\u0ba9\u0b95\u0bcd\u0b95\u0bc1\u0baa\u0bcd \u0baa\u0bb0\u0bbf\u0b9a\u0bbe\u0b95 \u0bb5\u0bb4\u0b99\u0bcd\u0b95\u0baa\u0bcd\u0baa\u0b9f\u0bcd\u0b9f\u0ba4\u0bbe\u0b95 \u0b95\u0bc1\u0ba9\u0bcd\u0b9a\u0bbe\u0bb5\u0bcd \u0b95\u0bc1\u0bb1\u0bbf\u0baa\u0bcd\u0baa\u0bbf\u0b9f\u0bc1\u0b95\u0bbf\u0bb1\u0bbe\u0bb0\u0bcd.<\/p>\t\t\t\t\t\t\t\t<\/div>\n\t\t\t\t<\/div>\n\t\t\t\t<div class=\"elementor-element elementor-element-60a889e elementor-widget elementor-widget-image\" data-id=\"60a889e\" data-element_type=\"widget\" data-e-type=\"widget\" data-widget_type=\"image.default\">\n\t\t\t\t<div class=\"elementor-widget-container\">\n\t\t\t\t\t\t\t\t\t\t\t\t\t\t\t<img decoding=\"async\" width=\"2560\" height=\"1920\" src=\"https:\/\/shatranj.art\/wp-content\/uploads\/2026\/03\/ISD-Kurucu-uyesi-Prof.-Dr.-Ahmet-Tevfik-Yucesoyun-asirlik-simsir-agacindan-yapilmis-Rejans-Modeli-satranc-takimi-scaled.jpg\" class=\"attachment-full size-full wp-image-1885\" alt=\"\" srcset=\"https:\/\/shatranj.art\/wp-content\/uploads\/2026\/03\/ISD-Kurucu-uyesi-Prof.-Dr.-Ahmet-Tevfik-Yucesoyun-asirlik-simsir-agacindan-yapilmis-Rejans-Modeli-satranc-takimi-scaled.jpg 2560w, https:\/\/shatranj.art\/wp-content\/uploads\/2026\/03\/ISD-Kurucu-uyesi-Prof.-Dr.-Ahmet-Tevfik-Yucesoyun-asirlik-simsir-agacindan-yapilmis-Rejans-Modeli-satranc-takimi-300x225.jpg 300w, https:\/\/shatranj.art\/wp-content\/uploads\/2026\/03\/ISD-Kurucu-uyesi-Prof.-Dr.-Ahmet-Tevfik-Yucesoyun-asirlik-simsir-agacindan-yapilmis-Rejans-Modeli-satranc-takimi-1024x768.jpg 1024w, https:\/\/shatranj.art\/wp-content\/uploads\/2026\/03\/ISD-Kurucu-uyesi-Prof.-Dr.-Ahmet-Tevfik-Yucesoyun-asirlik-simsir-agacindan-yapilmis-Rejans-Modeli-satranc-takimi-768x576.jpg 768w, https:\/\/shatranj.art\/wp-content\/uploads\/2026\/03\/ISD-Kurucu-uyesi-Prof.-Dr.-Ahmet-Tevfik-Yucesoyun-asirlik-simsir-agacindan-yapilmis-Rejans-Modeli-satranc-takimi-1536x1152.jpg 1536w, https:\/\/shatranj.art\/wp-content\/uploads\/2026\/03\/ISD-Kurucu-uyesi-Prof.-Dr.-Ahmet-Tevfik-Yucesoyun-asirlik-simsir-agacindan-yapilmis-Rejans-Modeli-satranc-takimi-2048x1536.jpg 2048w, https:\/\/shatranj.art\/wp-content\/uploads\/2026\/03\/ISD-Kurucu-uyesi-Prof.-Dr.-Ahmet-Tevfik-Yucesoyun-asirlik-simsir-agacindan-yapilmis-Rejans-Modeli-satranc-takimi-16x12.jpg 16w\" sizes=\"(max-width: 2560px) 100vw, 2560px\" \/>\t\t\t\t\t\t\t\t\t\t\t\t\t\t\t<\/div>\n\t\t\t\t<\/div>\n\t\t\t\t<div class=\"elementor-element elementor-element-0b39a21 elementor-widget elementor-widget-image\" data-id=\"0b39a21\" data-element_type=\"widget\" data-e-type=\"widget\" data-widget_type=\"image.default\">\n\t\t\t\t<div class=\"elementor-widget-container\">\n\t\t\t\t\t\t\t\t\t\t\t\t\t\t\t<img loading=\"lazy\" decoding=\"async\" width=\"1700\" height=\"2338\" src=\"https:\/\/shatranj.art\/wp-content\/uploads\/2026\/03\/dogan-gunsav-in-ahmet-tevfik-yucesoy-takimi-hk-001.jpg\" class=\"attachment-full size-full wp-image-1886\" alt=\"\" srcset=\"https:\/\/shatranj.art\/wp-content\/uploads\/2026\/03\/dogan-gunsav-in-ahmet-tevfik-yucesoy-takimi-hk-001.jpg 1700w, https:\/\/shatranj.art\/wp-content\/uploads\/2026\/03\/dogan-gunsav-in-ahmet-tevfik-yucesoy-takimi-hk-001-218x300.jpg 218w, https:\/\/shatranj.art\/wp-content\/uploads\/2026\/03\/dogan-gunsav-in-ahmet-tevfik-yucesoy-takimi-hk-001-745x1024.jpg 745w, https:\/\/shatranj.art\/wp-content\/uploads\/2026\/03\/dogan-gunsav-in-ahmet-tevfik-yucesoy-takimi-hk-001-768x1056.jpg 768w, https:\/\/shatranj.art\/wp-content\/uploads\/2026\/03\/dogan-gunsav-in-ahmet-tevfik-yucesoy-takimi-hk-001-1117x1536.jpg 1117w, https:\/\/shatranj.art\/wp-content\/uploads\/2026\/03\/dogan-gunsav-in-ahmet-tevfik-yucesoy-takimi-hk-001-1489x2048.jpg 1489w, https:\/\/shatranj.art\/wp-content\/uploads\/2026\/03\/dogan-gunsav-in-ahmet-tevfik-yucesoy-takimi-hk-001-9x12.jpg 9w\" sizes=\"(max-width: 1700px) 100vw, 1700px\" \/>\t\t\t\t\t\t\t\t\t\t\t\t\t\t\t<\/div>\n\t\t\t\t<\/div>\n\t\t\t\t\t<\/div>\n\t\t\t\t<\/div>\n\t\t\t\t<\/div>","protected":false},"excerpt":{"rendered":"<p>Aesthetics of the Enlightenment: The R\u00e9gence Legacy of Philidor and Napoleon As one of the most prestigious and iconic designs in chess history, the R\u00e9gence style takes its name from the legendary Caf\u00e9 de la R\u00e9gence in Paris. These sets embody the era when chess migrated from royal courts to the intellectual heart of Europe, [&hellip;]<\/p>\n","protected":false},"author":1,"featured_media":0,"parent":743,"menu_order":0,"comment_status":"closed","ping_status":"closed","template":"","meta":{"footnotes":""},"class_list":["post-809","page","type-page","status-publish","hentry"],"_links":{"self":[{"href":"https:\/\/shatranj.art\/ta\/wp-json\/wp\/v2\/pages\/809","targetHints":{"allow":["GET"]}}],"collection":[{"href":"https:\/\/shatranj.art\/ta\/wp-json\/wp\/v2\/pages"}],"about":[{"href":"https:\/\/shatranj.art\/ta\/wp-json\/wp\/v2\/types\/page"}],"author":[{"embeddable":true,"href":"https:\/\/shatranj.art\/ta\/wp-json\/wp\/v2\/users\/1"}],"replies":[{"embeddable":true,"href":"https:\/\/shatranj.art\/ta\/wp-json\/wp\/v2\/comments?post=809"}],"version-history":[{"count":16,"href":"https:\/\/shatranj.art\/ta\/wp-json\/wp\/v2\/pages\/809\/revisions"}],"predecessor-version":[{"id":1895,"href":"https:\/\/shatranj.art\/ta\/wp-json\/wp\/v2\/pages\/809\/revisions\/1895"}],"up":[{"embeddable":true,"href":"https:\/\/shatranj.art\/ta\/wp-json\/wp\/v2\/pages\/743"}],"wp:attachment":[{"href":"https:\/\/shatranj.art\/ta\/wp-json\/wp\/v2\/media?parent=809"}],"curies":[{"name":"wp","href":"https:\/\/api.w.org\/{rel}","templated":true}]}}