{"id":1068,"date":"2026-02-22T18:39:42","date_gmt":"2026-02-22T18:39:42","guid":{"rendered":"https:\/\/shatranj.art\/?page_id=1068"},"modified":"2026-02-24T09:00:42","modified_gmt":"2026-02-24T09:00:42","slug":"poster-29","status":"publish","type":"page","link":"https:\/\/shatranj.art\/te\/exhibit\/poster-29\/","title":{"rendered":"\u0c2a\u0c4b\u0c38\u0c4d\u0c1f\u0c30\u0c4d 29"},"content":{"rendered":"<div data-elementor-type=\"wp-page\" data-elementor-id=\"1068\" class=\"elementor elementor-1068\" data-elementor-post-type=\"page\">\n\t\t\t\t<div class=\"elementor-element elementor-element-cfd54a0 e-flex e-con-boxed e-con e-parent\" data-id=\"cfd54a0\" data-element_type=\"container\" data-e-type=\"container\" data-settings=\"{&quot;background_background&quot;:&quot;classic&quot;}\">\n\t\t\t\t\t<div class=\"e-con-inner\">\n\t\t<div class=\"elementor-element elementor-element-00cae2a e-con-full e-flex e-con e-child\" data-id=\"00cae2a\" data-element_type=\"container\" data-e-type=\"container\">\n\t\t<div class=\"elementor-element elementor-element-edcf7ea e-con-full e-flex e-con e-child\" data-id=\"edcf7ea\" data-element_type=\"container\" data-e-type=\"container\">\n\t\t\t\t<div class=\"elementor-element elementor-element-411efec elementor-widget elementor-widget-image\" data-id=\"411efec\" data-element_type=\"widget\" data-e-type=\"widget\" data-widget_type=\"image.default\">\n\t\t\t\t<div class=\"elementor-widget-container\">\n\t\t\t\t\t\t\t\t\t\t\t\t\t\t\t<img fetchpriority=\"high\" decoding=\"async\" width=\"800\" height=\"384\" src=\"https:\/\/shatranj.art\/wp-content\/uploads\/2026\/02\/regence-cafe-chess-set-1780-1820-1-1024x491.png\" class=\"attachment-large size-large wp-image-1073\" alt=\"\" srcset=\"https:\/\/shatranj.art\/wp-content\/uploads\/2026\/02\/regence-cafe-chess-set-1780-1820-1-1024x491.png 1024w, https:\/\/shatranj.art\/wp-content\/uploads\/2026\/02\/regence-cafe-chess-set-1780-1820-1-300x144.png 300w, https:\/\/shatranj.art\/wp-content\/uploads\/2026\/02\/regence-cafe-chess-set-1780-1820-1-768x369.png 768w, https:\/\/shatranj.art\/wp-content\/uploads\/2026\/02\/regence-cafe-chess-set-1780-1820-1-1536x737.png 1536w, https:\/\/shatranj.art\/wp-content\/uploads\/2026\/02\/regence-cafe-chess-set-1780-1820-1.png 1886w\" sizes=\"(max-width: 800px) 100vw, 800px\" \/>\t\t\t\t\t\t\t\t\t\t\t\t\t\t\t<\/div>\n\t\t\t\t<\/div>\n\t\t\t\t<div class=\"elementor-element elementor-element-6e231da elementor-widget-tablet__width-inherit elementor-widget elementor-widget-text-editor\" data-id=\"6e231da\" data-element_type=\"widget\" data-e-type=\"widget\" data-widget_type=\"text-editor.default\">\n\t\t\t\t<div class=\"elementor-widget-container\">\n\t\t\t\t\t\t\t\t\t<p><strong>\u015eAH\u00ce \u0c38\u0c46\u0c1f\u0c4d \u0c30\u0c3e\u0c1c\u0c41\/\u0c2e\u0c4b\u0c28\u0c3e\u0c30\u0c4d\u0c15\u0c4d\/\u0c37\u0c3e \u0c2e\u0c41\u0c15\u0c4d\u0c15: \u0c17\u0c41\u0c32\u0c4d\u0c37\u0c3e<\/strong><\/p><p>\u0c17\u0c41\u0c32\u0c4d\u0c37\u0c3e\u0c39\u0c4d, \u0c24\u0c32\u0c15\u0c1f\u0c4d\u0c1f\u0c41 \u0c2f\u0c4a\u0c15\u0c4d\u0c15 \u0c1c\u0c4d\u0c1e\u0c3e\u0c28\u0c3e\u0c28\u0c3f\u0c15\u0c3f, \u0c17\u0c41\u0c2e\u0c4d\u0c2e\u0c1f\u0c02 \u0c2f\u0c4a\u0c15\u0c4d\u0c15 \u0c2a\u0c35\u0c3f\u0c24\u0c4d\u0c30\u0c24\u0c15\u0c41 \u0c2e\u0c30\u0c3f\u0c2f\u0c41 \u0c05\u0c27\u0c3f\u0c15\u0c3e\u0c30\u0c3e\u0c28\u0c3f\u0c15\u0c3f, \u0c2e\u0c30\u0c3f\u0c2f\u0c41 \u0c1c\u0c40\u0c35\u0c3f\u0c24\u0c02, \u0c05\u0c02\u0c26\u0c3e\u0c28\u0c3f\u0c15\u0c3f \u0c2a\u0c4d\u0c30\u0c24\u0c40\u0c15\u0c17\u0c3e \u0c28\u0c3f\u0c32\u0c3f\u0c1a\u0c47 \u0c17\u0c41\u0c32\u0c3e\u0c2c\u0c40\u0c15\u0c3f \u0c2a\u0c4d\u0c30\u0c3e\u0c24\u0c3f\u0c28\u0c3f\u0c27\u0c4d\u0c2f\u0c02 \u0c35\u0c39\u0c3f\u0c38\u0c4d\u0c24\u0c41\u0c02\u0c26\u0c3f, \u0c26\u0c40\u0c28\u0c3f\u0c28\u0c3f \u0c1a\u0c46\u0c15\u0c4d\u200c\u0c2e\u0c47\u0c1f\u0c4d \u0c28\u0c41\u0c02\u0c21\u0c3f \u0c30\u0c15\u0c4d\u0c37\u0c3f\u0c02\u0c1a\u0c3e\u0c32\u0c3f. \u0c08 \u0c17\u0c41\u0c2e\u0c4d\u0c2e\u0c1f\u0c02, \u0c39\u0c3e\u0c17\u093f\u092f\u093e \u0c38\u0c4b\u0c2b\u0c3f\u0c2f\u0c3e, \u0c2a\u0c4d\u0c2f\u0c3e\u0c02\u0c25\u0c3f\u0c2f\u0c28\u0c4d, \u0c2e\u0c30\u0c3f\u0c2f\u0c41 MIT \u0c35\u0c02\u0c1f\u0c3f \u0c2a\u0c4d\u0c30\u0c38\u0c3f\u0c26\u0c4d\u0c27 \u0c28\u0c3f\u0c30\u0c4d\u0c2e\u0c3e\u0c23\u0c3e\u0c32 \u0c28\u0c41\u0c02\u0c21\u0c3f \u0c2a\u0c4d\u0c30\u0c47\u0c30\u0c23 \u0c2a\u0c4a\u0c02\u0c26\u0c3f\u0c02\u0c26\u0c3f. \u0c24\u0c32\u0c15\u0c1f\u0c4d\u0c1f\u0c41, \u0c05\u0c38\u0c4d-\u0c38\u0c41\u0c32\u0c40 \u0c2e\u0c30\u0c3f\u0c2f\u0c41 \u0c38\u0c4d\u0c24\u0c02\u0c2e\u0c3e \u0c35\u0c02\u0c1f\u0c3f \u0c2a\u0c4d\u0c30\u0c3e\u0c1a\u0c40\u0c28 \u0c1a\u0c26\u0c30\u0c02\u0c17 \u0c30\u0c1a\u0c2f\u0c3f\u0c24\u0c32 \u0c2e\u0c47\u0c27\u0c4b \u0c35\u0c3e\u0c30\u0c38\u0c24\u0c4d\u0c35\u0c3e\u0c28\u0c4d\u0c28\u0c3f \u0c2a\u0c4d\u0c30\u0c24\u0c3f\u0c2c\u0c3f\u0c02\u0c2c\u0c3f\u0c38\u0c4d\u0c24\u0c41\u0c02\u0c26\u0c3f, \u0c05\u0c26\u0c47 \u0c38\u0c2e\u0c2f\u0c02\u0c32\u0c4b \u0c15\u0c3f\u0c30\u0c40\u0c1f\u0c02 \u0c2a\u0c4d\u0c30\u0c3e\u0c1a\u0c40\u0c28 \u0c12\u0c32\u0c3f\u0c02\u0c2a\u0c3f\u0c15\u0c4d\u0c38\u0c4d\u200c\u0c32\u0c4b\u0c28\u0c3f \u0c06\u0c32\u0c3f\u0c35\u0c4d \u0c2a\u0c42\u0c32 \u0c26\u0c02\u0c21\u0c32\u0c28\u0c41 \u0c2a\u0c4b\u0c32\u0c3f \u0c09\u0c02\u0c1f\u0c41\u0c02\u0c26\u0c3f. \u0c1a\u0c3e\u0c30\u0c3f\u0c24\u0c4d\u0c30\u0c3e\u0c24\u0c4d\u0c2e\u0c15\u0c02\u0c17\u0c3e, \u0c08 \u0c2e\u0c41\u0c15\u0c4d\u0c15\u0c28\u0c41 \u0c30\u0c3e\u0c1c\u0c3e, \u0c37\u0c3e, \u0c15\u0c3f\u0c02\u0c17\u0c4d \u0c32\u0c47\u0c26\u0c3e \u0c15\u0c2e\u0c3e\u0c02\u0c21\u0c30\u0c4d \u0c05\u0c28\u0c3f \u0c2a\u0c3f\u0c32\u0c41\u0c38\u0c4d\u0c24\u0c3e\u0c30\u0c41. \u0c2e\u0c27\u0c4d\u0c2f \u0c06\u0c38\u0c3f\u0c2f\u0c3e \u0c2d\u0c3e\u0c37\u0c32\u0c32\u0c4b \u201c\u0c17\u0c41\u0c32\u0c4d\u201d \u0c05\u0c02\u0c1f\u0c47 \u0c17\u0c41\u0c32\u0c3e\u0c2c\u0c40 \u0c05\u0c28\u0c3f \u0c05\u0c30\u0c4d\u0c25\u0c02. \u201c\u0c37\u0c3e\u201d \u0c05\u0c28\u0c3f \u0c09\u0c1a\u0c4d\u0c1b\u0c30\u0c3f\u0c02\u0c1a\u0c2c\u0c21\u0c47 \u2018\u015eah\u2019, \u0c05\u0c28\u0c47\u0c15 \u0c2d\u0c3e\u0c37\u0c32\u0c32\u0c4b \u0c1a\u0c26\u0c30\u0c02\u0c17\u0c02 \u0c15\u0c4b\u0c38\u0c02 \u0c35\u0c3e\u0c21\u0c47 \u0c2a\u0c47\u0c30\u0c41. \u0c37\u0c3e \u0c05\u0c28\u0c47 \u0c2a\u0c26\u0c02 \u0c2e\u0c4a\u0c26\u0c1f\u0c4d\u0c32\u0c4b \u0c2a\u0c41\u0c30\u0c41\u0c37 \u0c2a\u0c3e\u0c32\u0c15\u0c41\u0c32\u0c28\u0c41 \u0c38\u0c42\u0c1a\u0c3f\u0c02\u0c1a\u0c3f\u0c28\u0c2a\u0c4d\u0c2a\u0c1f\u0c3f\u0c15\u0c40, \u0c26\u0c3e\u0c28\u0c3f \u0c30\u0c42\u0c2a\u0c15 \u0c32\u0c47\u0c26\u0c3e \u0c06\u0c27\u0c41\u0c28\u0c3f\u0c15 \u0c35\u0c3e\u0c21\u0c15\u0c02 \u0c32\u0c3f\u0c02\u0c17-\u0c24\u0c1f\u0c38\u0c4d\u0c25\u0c02\u0c17\u0c3e \u0c2e\u0c3e\u0c30\u0c3f\u0c02\u0c26\u0c3f.<\/p>\t\t\t\t\t\t\t\t<\/div>\n\t\t\t\t<\/div>\n\t\t\t\t<div class=\"elementor-element elementor-element-10b021d elementor-widget elementor-widget-image\" data-id=\"10b021d\" data-element_type=\"widget\" data-e-type=\"widget\" data-widget_type=\"image.default\">\n\t\t\t\t<div class=\"elementor-widget-container\">\n\t\t\t\t\t\t\t\t\t\t\t\t\t\t\t<img decoding=\"async\" width=\"188\" height=\"237\" src=\"https:\/\/shatranj.art\/wp-content\/uploads\/2026\/02\/Philipp-Stamma-Public-Domain.jpg\" class=\"attachment-large size-large wp-image-1071\" alt=\"\" \/>\t\t\t\t\t\t\t\t\t\t\t\t\t\t\t<\/div>\n\t\t\t\t<\/div>\n\t\t\t\t<\/div>\n\t\t<div class=\"elementor-element elementor-element-538608d e-con-full e-flex e-con e-child\" data-id=\"538608d\" data-element_type=\"container\" data-e-type=\"container\">\n\t\t\t\t<div class=\"elementor-element elementor-element-60ca9fa elementor-widget elementor-widget-image\" data-id=\"60ca9fa\" data-element_type=\"widget\" data-e-type=\"widget\" data-widget_type=\"image.default\">\n\t\t\t\t<div class=\"elementor-widget-container\">\n\t\t\t\t\t\t\t\t\t\t\t\t\t\t\t<img decoding=\"async\" width=\"800\" height=\"800\" src=\"https:\/\/shatranj.art\/wp-content\/uploads\/2026\/02\/shahi-gulsah-king-piece-1-1024x1024.png\" class=\"attachment-large size-large wp-image-1074\" alt=\"\" srcset=\"https:\/\/shatranj.art\/wp-content\/uploads\/2026\/02\/shahi-gulsah-king-piece-1-1024x1024.png 1024w, https:\/\/shatranj.art\/wp-content\/uploads\/2026\/02\/shahi-gulsah-king-piece-1-300x300.png 300w, https:\/\/shatranj.art\/wp-content\/uploads\/2026\/02\/shahi-gulsah-king-piece-1-150x150.png 150w, https:\/\/shatranj.art\/wp-content\/uploads\/2026\/02\/shahi-gulsah-king-piece-1-768x768.png 768w, https:\/\/shatranj.art\/wp-content\/uploads\/2026\/02\/shahi-gulsah-king-piece-1-1536x1536.png 1536w, https:\/\/shatranj.art\/wp-content\/uploads\/2026\/02\/shahi-gulsah-king-piece-1-2048x2048.png 2048w\" sizes=\"(max-width: 800px) 100vw, 800px\" \/>\t\t\t\t\t\t\t\t\t\t\t\t\t\t\t<\/div>\n\t\t\t\t<\/div>\n\t\t\t\t<div class=\"elementor-element elementor-element-aa06c95 elementor-widget-tablet__width-inherit elementor-widget elementor-widget-text-editor\" data-id=\"aa06c95\" data-element_type=\"widget\" data-e-type=\"widget\" data-widget_type=\"text-editor.default\">\n\t\t\t\t<div class=\"elementor-widget-container\">\n\t\t\t\t\t\t\t\t\t<p><strong>\u0c35\u0c3f\u0c35\u0c30\u0c23 \u0c2e\u0c30\u0c3f\u0c2f\u0c41 \u0c35\u0c3e\u0c30\u0c38\u0c24\u0c4d\u0c35\u0c02<\/strong><\/p><p>\u0c17\u0c41\u0c32\u0c4d\u0c37\u0c3e\u0c39\u0c4d \u0c2e\u0c41\u0c15\u0c4d\u0c15\u0c32\u0c4b, \u0c1a\u0c26\u0c30\u0c02\u0c17 \u0c1a\u0c30\u0c3f\u0c24\u0c4d\u0c30\u0c32\u0c4b\u0c28\u0c3f \u0c2e\u0c47\u0c27\u0c3e\u0c35\u0c41\u0c32\u0c15\u0c41 \u0c17\u0c4c\u0c30\u0c35\u0c38\u0c42\u0c1a\u0c15\u0c02\u0c17\u0c3e \u0c12\u0c15 \u0c35\u0c3f\u0c32\u0c15\u0c4d\u0c37\u0c23\u0c2e\u0c48\u0c28 \u0c24\u0c32\u0c15\u0c1f\u0c4d\u0c1f\u0c41 \u0c21\u0c3f\u0c1c\u0c48\u0c28\u0c4d \u0c09\u0c02\u0c26\u0c3f. \u0c08 \u0c24\u0c32\u0c15\u0c1f\u0c4d\u0c1f\u0c41\u0c28\u0c41, \u0c2e\u0c27\u0c4d\u0c2f\u0c2f\u0c41\u0c17\u0c2a\u0c41 \u0c17\u0c41\u0c30\u0c41\u0c35\u0c41 \u0c05\u0c38\u0c4d-\u0c38\u0c41\u0c32\u0c3f \u0c2e\u0c30\u0c3f\u0c2f\u0c41 18\u0c35 \u0c36\u0c24\u0c3e\u0c2c\u0c4d\u0c26\u0c2a\u0c41 \u0c17\u0c41\u0c30\u0c41\u0c35\u0c41, \u0c30\u0c3e\u0c1a\u0c30\u0c3f\u0c15 \u0c05\u0c28\u0c41\u0c35\u0c3e\u0c26\u0c15\u0c41\u0c21\u0c48\u0c28 \u0c2b\u0c3f\u0c32\u0c3f\u0c2a\u0c4d \u0c38\u0c4d\u0c1f\u0c3e\u0c2e\u0c4d\u0c2e\u0c3e \u0c35\u0c02\u0c1f\u0c3f \u0c35\u0c4d\u0c2f\u0c15\u0c4d\u0c24\u0c41\u0c32\u0c41 \u0c27\u0c30\u0c3f\u0c02\u0c1a\u0c3f\u0c28 \u0c38\u0c3e\u0c02\u0c2a\u0c4d\u0c30\u0c26\u0c3e\u0c2f \u0c1f\u0c30\u0c4d\u0c2c\u0c28\u0c4d\u200c\u0c32 \u0c06\u0c27\u0c3e\u0c30\u0c02\u0c17\u0c3e \u0c30\u0c42\u0c2a\u0c4a\u0c02\u0c26\u0c3f\u0c02\u0c1a\u0c3e\u0c30\u0c41. \u0c05\u0c32\u0c46\u0c2a\u0c4d\u0c2a\u0c4b\u0c32\u0c4b \u0c1c\u0c28\u0c4d\u0c2e\u0c3f\u0c02\u0c1a\u0c3f, \u0c32\u0c02\u0c21\u0c28\u0c4d \u0c2e\u0c30\u0c3f\u0c2f\u0c41 \u0c2a\u0c3e\u0c30\u0c3f\u0c38\u0c4d \u0c35\u0c02\u0c1f\u0c3f \u0c2a\u0c4d\u0c30\u0c27\u0c3e\u0c28 \u0c2e\u0c47\u0c27\u0c4b \u0c15\u0c47\u0c02\u0c26\u0c4d\u0c30\u0c3e\u0c32\u0c32\u0c4b \u0c1a\u0c41\u0c30\u0c41\u0c15\u0c41\u0c17\u0c3e \u0c09\u0c28\u0c4d\u0c28 \u0c38\u0c4d\u0c1f\u0c3e\u0c2e\u0c4d\u0c2e\u0c3e, \u0c28\u0c3f\u0c1c\u0c02\u0c17\u0c3e \u0c12\u0c15 \u0c2c\u0c39\u0c41\u0c33 \u0c38\u0c3e\u0c02\u0c38\u0c4d\u0c15\u0c43\u0c24\u0c3f\u0c15 \u0c35\u0c4d\u0c2f\u0c15\u0c4d\u0c24\u0c3f. \u0c2c\u0c4d\u0c30\u0c3f\u0c1f\u0c3f\u0c37\u0c4d \u0c2a\u0c4d\u0c30\u0c2d\u0c41\u0c24\u0c4d\u0c35\u0c3e\u0c28\u0c3f\u0c15\u0c3f \u0c26\u0c41\u0c2c\u0c3e\u0c38\u0c40\u0c17\u0c3e \u0c06\u0c2f\u0c28 \u0c1a\u0c47\u0c38\u0c3f\u0c28 \u0c2a\u0c28\u0c3f \u0c2e\u0c30\u0c3f\u0c2f\u0c41 \u0c06\u0c2f\u0c28 \u0c2a\u0c4d\u0c30\u0c35\u0c47\u0c36\u0c2a\u0c46\u0c1f\u0c4d\u0c1f\u0c3f\u0c28 \u0c1a\u0c26\u0c30\u0c02\u0c17 \u0c28\u0c4b\u0c1f\u0c47\u0c37\u0c28\u0c4d \u0c2a\u0c26\u0c4d\u0c27\u0c24\u0c41\u0c32\u0c41 \u0c24\u0c42\u0c30\u0c4d\u0c2a\u0c41 \u0c2e\u0c30\u0c3f\u0c2f\u0c41 \u0c2a\u0c36\u0c4d\u0c1a\u0c3f\u0c2e \u0c38\u0c02\u0c2a\u0c4d\u0c30\u0c26\u0c3e\u0c2f\u0c3e\u0c32\u0c28\u0c41 \u0c05\u0c28\u0c41\u0c38\u0c02\u0c27\u0c3e\u0c28\u0c3f\u0c02\u0c1a\u0c3e\u0c2f\u0c3f. \u0c08 \u0c21\u0c3f\u0c1c\u0c48\u0c28\u0c4d \u0c08 \u0c15\u0c33\u0c3e\u0c16\u0c02\u0c21\u0c3e\u0c28\u0c3f\u0c15\u0c3f \u0c17\u0c3e\u0c22\u0c2e\u0c48\u0c28 \u0c1c\u0c4d\u0c1e\u0c3e\u0c28\u0c02 \u0c2e\u0c30\u0c3f\u0c2f\u0c41 \u0c2a\u0c02\u0c21\u0c3f\u0c24 \u0c2a\u0c4d\u0c30\u0c24\u0c3f\u0c37\u0c4d\u0c1f\u0c28\u0c41 \u0c05\u0c02\u0c26\u0c3f\u0c38\u0c4d\u0c24\u0c41\u0c02\u0c26\u0c3f.<\/p>\t\t\t\t\t\t\t\t<\/div>\n\t\t\t\t<\/div>\n\t\t\t\t<div class=\"elementor-element elementor-element-117e242 elementor-widget elementor-widget-image\" data-id=\"117e242\" data-element_type=\"widget\" data-e-type=\"widget\" data-widget_type=\"image.default\">\n\t\t\t\t<div class=\"elementor-widget-container\">\n\t\t\t\t\t\t\t\t\t\t\t\t\t\t\t<img loading=\"lazy\" decoding=\"async\" width=\"800\" height=\"592\" src=\"https:\/\/shatranj.art\/wp-content\/uploads\/2026\/02\/olive-crown-olympos-1024x758.jpg\" class=\"attachment-large size-large wp-image-1558\" alt=\"\" srcset=\"https:\/\/shatranj.art\/wp-content\/uploads\/2026\/02\/olive-crown-olympos-1024x758.jpg 1024w, https:\/\/shatranj.art\/wp-content\/uploads\/2026\/02\/olive-crown-olympos-300x222.jpg 300w, https:\/\/shatranj.art\/wp-content\/uploads\/2026\/02\/olive-crown-olympos-768x568.jpg 768w, https:\/\/shatranj.art\/wp-content\/uploads\/2026\/02\/olive-crown-olympos-16x12.jpg 16w, https:\/\/shatranj.art\/wp-content\/uploads\/2026\/02\/olive-crown-olympos.jpg 1280w\" sizes=\"(max-width: 800px) 100vw, 800px\" \/>\t\t\t\t\t\t\t\t\t\t\t\t\t\t\t<\/div>\n\t\t\t\t<\/div>\n\t\t\t\t<div class=\"elementor-element elementor-element-07417e4 elementor-widget-tablet__width-inherit elementor-widget elementor-widget-text-editor\" data-id=\"07417e4\" data-element_type=\"widget\" data-e-type=\"widget\" data-widget_type=\"text-editor.default\">\n\t\t\t\t<div class=\"elementor-widget-container\">\n\t\t\t\t\t\t\t\t\t<p><strong>\u0c30\u0c4b\u0c1c\u0c41\u0c32 \u0c30\u0c47\u0c15\u0c41\u0c32\u0c41 \u0c2e\u0c30\u0c3f\u0c2f\u0c41 \u0c12\u0c32\u0c3f\u0c02\u0c2a\u0c38\u0c4d \u0c2f\u0c4a\u0c15\u0c4d\u0c15 \u0c06\u0c32\u0c3f\u0c35\u0c4d \u0c15\u0c3f\u0c30\u0c40\u0c1f\u0c02<\/strong><\/p><p>\u015eAH\u00ce \u0c2e\u0c4b\u0c28\u0c3e\u0c30\u0c4d\u0c15\u0c4d \u0c2e\u0c41\u0c15\u0c4d\u0c15 \u0c2f\u0c4a\u0c15\u0c4d\u0c15 \u0c15\u0c3f\u0c30\u0c40\u0c1f\u0c02\u0c2a\u0c48 \u0c09\u0c28\u0c4d\u0c28 \u0c17\u0c41\u0c32\u0c3e\u0c2c\u0c40 \u0c30\u0c47\u0c15\u0c41\u0c32\u0c41 \u0c1c\u0c40\u0c35\u0c3f\u0c24\u0c2a\u0c41 \u0c05\u0c02\u0c26\u0c3e\u0c28\u0c4d\u0c28\u0c3f, \u0c38\u0c41\u0c28\u0c4d\u0c28\u0c3f\u0c24\u0c24\u0c4d\u0c35\u0c3e\u0c28\u0c4d\u0c28\u0c3f \u0c38\u0c42\u0c1a\u0c3f\u0c38\u0c4d\u0c24\u0c3e\u0c2f\u0c3f\u2014\u0c1a\u0c26\u0c30\u0c02\u0c17\u0c02\u0c32\u0c4b \u0c1a\u0c26\u0c30\u0c4d\u0c30\u0c3e\u0c1c\u0c41\u0c28\u0c41 \u0c1a\u0c46\u0c15\u0c4d\u200c\u0c2e\u0c47\u0c1f\u0c4d \u0c28\u0c41\u0c02\u0c21\u0c3f \u0c15\u0c3e\u0c2a\u0c3e\u0c21\u0c3f\u0c28\u0c1f\u0c4d\u0c32\u0c41\u0c17\u0c3e, \u0c08 \u0c05\u0c2e\u0c42\u0c32\u0c4d\u0c2f\u0c2e\u0c48\u0c28 \u0c38\u0c4d\u0c25\u0c3f\u0c24\u0c3f\u0c28\u0c3f \u0c15\u0c42\u0c21\u0c3e \u0c24\u0c40\u0c35\u0c4d\u0c30\u0c02\u0c17\u0c3e \u0c15\u0c3e\u0c2a\u0c3e\u0c21\u0c41\u0c15\u0c4b\u0c35\u0c3e\u0c32\u0c3f. \u0c08 \u0c30\u0c42\u0c2a\u0c15\u0c32\u0c4d\u0c2a\u0c28 \u0c12\u0c32\u0c3f\u0c02\u0c2a\u0c38\u0c4d \u0c2f\u0c4a\u0c15\u0c4d\u0c15 \u0c06\u0c32\u0c3f\u0c35\u0c4d \u0c15\u0c3f\u0c30\u0c40\u0c1f\u0c02 \u0c28\u0c41\u0c02\u0c21\u0c3f \u0c15\u0c42\u0c21\u0c3e \u0c2a\u0c4d\u0c30\u0c47\u0c30\u0c23 \u0c2a\u0c4a\u0c02\u0c26\u0c3f\u0c02\u0c26\u0c3f, \u0c07\u0c26\u0c3f \u0c35\u0c3f\u0c1c\u0c2f\u0c02 \u0c15\u0c4b\u0c38\u0c02 \u0c1a\u0c3e\u0c30\u0c3f\u0c24\u0c4d\u0c30\u0c15 \u0c05\u0c28\u0c4d\u0c35\u0c47\u0c37\u0c23\u0c28\u0c41 \u0c1c\u0c40\u0c35\u0c3f\u0c24\u0c2a\u0c41 \u0c38\u0c41\u0c28\u0c4d\u0c28\u0c3f\u0c24\u0c2e\u0c48\u0c28 \u0c38\u0c4d\u0c35\u0c2d\u0c3e\u0c35\u0c02 \u0c2a\u0c30\u0c3f\u0c30\u0c15\u0c4d\u0c37\u0c23\u0c24\u0c4b \u0c38\u0c2e\u0c28\u0c4d\u0c35\u0c2f\u0c02 \u0c1a\u0c47\u0c38\u0c4d\u0c24\u0c41\u0c02\u0c26\u0c3f.<\/p>\t\t\t\t\t\t\t\t<\/div>\n\t\t\t\t<\/div>\n\t\t\t\t<\/div>\n\t\t<div class=\"elementor-element elementor-element-2d81034 e-con-full e-flex e-con e-child\" data-id=\"2d81034\" data-element_type=\"container\" data-e-type=\"container\">\n\t\t\t\t<div class=\"elementor-element elementor-element-71345be elementor-widget elementor-widget-image\" data-id=\"71345be\" data-element_type=\"widget\" data-e-type=\"widget\" data-widget_type=\"image.default\">\n\t\t\t\t<div class=\"elementor-widget-container\">\n\t\t\t\t\t\t\t\t\t\t\t\t\t\t\t<img loading=\"lazy\" decoding=\"async\" width=\"600\" height=\"800\" src=\"https:\/\/shatranj.art\/wp-content\/uploads\/2026\/02\/suli-statue.jpg\" class=\"attachment-large size-large wp-image-1075\" alt=\"\" srcset=\"https:\/\/shatranj.art\/wp-content\/uploads\/2026\/02\/suli-statue.jpg 600w, https:\/\/shatranj.art\/wp-content\/uploads\/2026\/02\/suli-statue-225x300.jpg 225w\" sizes=\"(max-width: 600px) 100vw, 600px\" \/>\t\t\t\t\t\t\t\t\t\t\t\t\t\t\t<\/div>\n\t\t\t\t<\/div>\n\t\t\t\t<div class=\"elementor-element elementor-element-1f7e824 elementor-widget-tablet__width-inherit elementor-widget elementor-widget-text-editor\" data-id=\"1f7e824\" data-element_type=\"widget\" data-e-type=\"widget\" data-widget_type=\"text-editor.default\">\n\t\t\t\t<div class=\"elementor-widget-container\">\n\t\t\t\t\t\t\t\t\t<p><strong>\u0c1c\u0c4d\u0c1e\u0c3e\u0c28\u0c4b\u0c26\u0c2f \u0c35\u0c3e\u0c30\u0c38\u0c24\u0c4d\u0c35\u0c02<\/strong><br \/><strong>\u015eah\u00ee \u0c38\u0c46\u0c1f\u0c4d\u200c\u0c32\u0c4b \u0c30\u0c46\u0c1c\u0c46\u0c28\u0c4d\u0c38\u0c4d \u0c35\u0c3e\u0c30\u0c38\u0c24\u0c4d\u0c35\u0c02<\/strong><\/p><p>\u00a0<\/p><p>\u0c2b\u0c4d\u0c30\u0c46\u0c02\u0c1a\u0c4d \u0c30\u0c46\u0c1c\u0c46\u0c28\u0c4d\u0c38\u0c4d \u0c38\u0c46\u0c1f\u0c4d, \u0c35\u0c3f\u0c35\u0c47\u0c1a\u0c28 \u0c2e\u0c30\u0c3f\u0c2f\u0c41 \u0c1c\u0c4d\u0c1e\u0c3e\u0c28\u0c3e\u0c28\u0c4d\u0c35\u0c47\u0c37\u0c23\u0c24\u0c4b \u0c28\u0c3f\u0c30\u0c4d\u0c35\u0c1a\u0c3f\u0c02\u0c1a\u0c2c\u0c21\u0c3f\u0c28 \u0c2a\u0c4d\u0c30\u0c2c\u0c4b\u0c27\u0c28 \u0c2f\u0c41\u0c17\u0c3e\u0c28\u0c3f\u0c15\u0c3f \u0c2a\u0c4d\u0c30\u0c24\u0c40\u0c15\u0c17\u0c3e \u0c28\u0c3f\u0c32\u0c41\u0c38\u0c4d\u0c24\u0c41\u0c02\u0c26\u0c3f. \u0c2c\u0c46\u0c02\u0c1c\u0c2e\u0c3f\u0c28\u0c4d \u0c2b\u0c4d\u0c30\u0c3e\u0c02\u0c15\u0c4d\u0c32\u0c3f\u0c28\u0c4d, \u0c28\u0c46\u0c2a\u0c4b\u0c32\u0c3f\u0c2f\u0c28\u0c4d \u0c2c\u0c4b\u0c28\u0c2a\u0c3e\u0c30\u0c4d\u0c1f\u0c47 \u0c2e\u0c30\u0c3f\u0c2f\u0c41 \u0c2e\u0c3e\u0c38\u0c4d\u0c1f\u0c30\u0c4d \u0c2b\u0c3f\u0c32\u0c3f\u0c21\u0c3e\u0c30\u0c4d \u0c35\u0c02\u0c1f\u0c3f \u0c1a\u0c3e\u0c30\u0c3f\u0c24\u0c4d\u0c30\u0c15 \u0c26\u0c3f\u0c17\u0c4d\u0c17\u0c1c\u0c3e\u0c32\u0c41 \u0c2a\u0c4d\u0c30\u0c38\u0c3f\u0c26\u0c4d\u0c27 \u0c15\u0c47\u0c2b\u0c4d \u0c21\u0c3f \u0c32\u0c3e \u0c30\u0c46\u0c1c\u0c46\u0c28\u0c4d\u0c38\u0c4d\u200c\u0c32\u0c4b \u0c06\u0c21\u0c3f\u0c28 \u0c08 \u0c38\u0c46\u0c1f\u0c4d, \u0c2e\u0c47\u0c27\u0c4b\u0c2a\u0c30\u0c2e\u0c48\u0c28 \u0c2a\u0c4b\u0c1f\u0c40\u0c15\u0c3f \u0c2a\u0c4d\u0c30\u0c2e\u0c3e\u0c23\u0c02\u0c17\u0c3e \u0c2e\u0c3e\u0c30\u0c3f\u0c02\u0c26\u0c3f. \u015eah\u00ee \u0c1a\u0c26\u0c30\u0c02\u0c17\u0c02 \u0c38\u0c46\u0c1f\u0c4d \u0c08 \u0c35\u0c3e\u0c30\u0c38\u0c24\u0c4d\u0c35\u0c3e\u0c28\u0c4d\u0c28\u0c3f \u0c09\u0c26\u0c4d\u0c26\u0c47\u0c36\u0c2a\u0c42\u0c30\u0c4d\u0c35\u0c15\u0c02\u0c17\u0c3e \u0c15\u0c3e\u0c2a\u0c3e\u0c21\u0c41\u0c24\u0c41\u0c02\u0c26\u0c3f. \u0c17\u0c41\u0c32\u0c4d\u0c37\u0c3e\u0c39\u0c4d \u0c2e\u0c41\u0c15\u0c4d\u0c15 \u0c15\u0c4b\u0c38\u0c02 \u0c30\u0c46\u0c1c\u0c46\u0c28\u0c4d\u0c38\u0c4d \u0c15\u0c3f\u0c02\u0c17\u0c4d \u0c2f\u0c4a\u0c15\u0c4d\u0c15 \u0c2a\u0c42\u0c32 \u0c28\u0c2e\u0c42\u0c28\u0c3e\u0c32 \u0c28\u0c41\u0c02\u0c21\u0c3f \u0c2a\u0c4d\u0c30\u0c47\u0c30\u0c23 \u0c2a\u0c4a\u0c02\u0c26\u0c3f, \u015eah\u00ee \u0c38\u0c46\u0c1f\u0c4d 18\u0c35 \u0c36\u0c24\u0c3e\u0c2c\u0c4d\u0c26\u0c2a\u0c41 \u0c2f\u0c42\u0c30\u0c4b\u0c2a\u0c3f\u0c2f\u0c28\u0c4d \u0c38\u0c4a\u0c17\u0c38\u0c41\u0c28\u0c41 \u0c24\u0c42\u0c30\u0c4d\u0c2a\u0c41 \u0c26\u0c47\u0c36\u0c3e\u0c32 \u0c32\u0c4b\u0c24\u0c48\u0c28 \u0c2a\u0c02\u0c21\u0c3f\u0c24 \u0c38\u0c02\u0c2a\u0c4d\u0c30\u0c26\u0c3e\u0c2f\u0c3e\u0c32\u0c24\u0c4b \u0c05\u0c28\u0c41\u0c38\u0c02\u0c27\u0c3e\u0c28\u0c3f\u0c38\u0c4d\u0c24\u0c41\u0c02\u0c26\u0c3f, \u0c08 \u0c06\u0c1f \u0c2f\u0c4a\u0c15\u0c4d\u0c15 \u0c38\u0c4d\u0c35\u0c30\u0c4d\u0c23\u0c2f\u0c41\u0c17\u0c3e\u0c28\u0c4d\u0c28\u0c3f \u0c28\u0c3f\u0c30\u0c4d\u0c35\u0c1a\u0c3f\u0c02\u0c1a\u0c3f\u0c28 \u0c17\u0c4a\u0c2a\u0c4d\u0c2a \u0c06\u0c1f\u0c17\u0c3e\u0c33\u0c4d\u0c32\u0c15\u0c41 \u0c17\u0c4c\u0c30\u0c35\u0c02 \u0c07\u0c38\u0c4d\u0c24\u0c41\u0c02\u0c26\u0c3f.<\/p>\t\t\t\t\t\t\t\t<\/div>\n\t\t\t\t<\/div>\n\t\t\t\t<\/div>\n\t\t\t\t<\/div>\n\t\t\t\t\t<\/div>\n\t\t\t\t<\/div>\n\t\t\t\t<\/div>","protected":false},"excerpt":{"rendered":"<p>\u015eAH\u00ce set monarch\/king\/shah piece: G\u00fcl\u015fah G\u00fcl\u015fah represents the wisdom of the headwrap, the sanctity and authority of the dome, and rose as a symbol of life and beauty, which must be protected from checkmate. The dome draws inspiration from iconic structures like the Hagia Sophia, the Pantheon, and MIT. The headwrap reflects the intellectual legacy [&hellip;]<\/p>\n","protected":false},"author":1,"featured_media":0,"parent":743,"menu_order":0,"comment_status":"closed","ping_status":"closed","template":"","meta":{"footnotes":""},"class_list":["post-1068","page","type-page","status-publish","hentry"],"_links":{"self":[{"href":"https:\/\/shatranj.art\/te\/wp-json\/wp\/v2\/pages\/1068","targetHints":{"allow":["GET"]}}],"collection":[{"href":"https:\/\/shatranj.art\/te\/wp-json\/wp\/v2\/pages"}],"about":[{"href":"https:\/\/shatranj.art\/te\/wp-json\/wp\/v2\/types\/page"}],"author":[{"embeddable":true,"href":"https:\/\/shatranj.art\/te\/wp-json\/wp\/v2\/users\/1"}],"replies":[{"embeddable":true,"href":"https:\/\/shatranj.art\/te\/wp-json\/wp\/v2\/comments?post=1068"}],"version-history":[{"count":10,"href":"https:\/\/shatranj.art\/te\/wp-json\/wp\/v2\/pages\/1068\/revisions"}],"predecessor-version":[{"id":1561,"href":"https:\/\/shatranj.art\/te\/wp-json\/wp\/v2\/pages\/1068\/revisions\/1561"}],"up":[{"embeddable":true,"href":"https:\/\/shatranj.art\/te\/wp-json\/wp\/v2\/pages\/743"}],"wp:attachment":[{"href":"https:\/\/shatranj.art\/te\/wp-json\/wp\/v2\/media?parent=1068"}],"curies":[{"name":"wp","href":"https:\/\/api.w.org\/{rel}","templated":true}]}}