{"id":1355,"date":"2026-02-23T08:47:26","date_gmt":"2026-02-23T08:47:26","guid":{"rendered":"https:\/\/shatranj.art\/?page_id=1355"},"modified":"2026-02-24T06:17:29","modified_gmt":"2026-02-24T06:17:29","slug":"poster-33","status":"publish","type":"page","link":"https:\/\/shatranj.art\/te\/exhibit\/poster-33\/","title":{"rendered":"\u0c2a\u0c4b\u0c38\u0c4d\u0c1f\u0c30\u0c4d 33"},"content":{"rendered":"<div data-elementor-type=\"wp-page\" data-elementor-id=\"1355\" class=\"elementor elementor-1355\" data-elementor-post-type=\"page\">\n\t\t\t\t<div class=\"elementor-element elementor-element-2851794 e-flex e-con-boxed e-con e-parent\" data-id=\"2851794\" data-element_type=\"container\" data-e-type=\"container\" data-settings=\"{&quot;background_background&quot;:&quot;classic&quot;}\">\n\t\t\t\t\t<div class=\"e-con-inner\">\n\t\t<div class=\"elementor-element elementor-element-ed4d108 e-con-full e-flex e-con e-child\" data-id=\"ed4d108\" data-element_type=\"container\" data-e-type=\"container\">\n\t\t\t\t<div class=\"elementor-element elementor-element-2753e94 elementor-widget elementor-widget-image\" data-id=\"2753e94\" data-element_type=\"widget\" data-e-type=\"widget\" data-widget_type=\"image.default\">\n\t\t\t\t<div class=\"elementor-widget-container\">\n\t\t\t\t\t\t\t\t\t\t\t\t\t\t\t<img fetchpriority=\"high\" decoding=\"async\" width=\"800\" height=\"534\" src=\"https:\/\/shatranj.art\/wp-content\/uploads\/2026\/02\/ulku-ve-dalkiran-kultur-un-1024x683.jpeg\" class=\"attachment-large size-large wp-image-1359\" alt=\"\" srcset=\"https:\/\/shatranj.art\/wp-content\/uploads\/2026\/02\/ulku-ve-dalkiran-kultur-un-1024x683.jpeg 1024w, https:\/\/shatranj.art\/wp-content\/uploads\/2026\/02\/ulku-ve-dalkiran-kultur-un-300x200.jpeg 300w, https:\/\/shatranj.art\/wp-content\/uploads\/2026\/02\/ulku-ve-dalkiran-kultur-un-768x512.jpeg 768w, https:\/\/shatranj.art\/wp-content\/uploads\/2026\/02\/ulku-ve-dalkiran-kultur-un-1536x1024.jpeg 1536w, https:\/\/shatranj.art\/wp-content\/uploads\/2026\/02\/ulku-ve-dalkiran-kultur-un-2048x1365.jpeg 2048w, https:\/\/shatranj.art\/wp-content\/uploads\/2026\/02\/ulku-ve-dalkiran-kultur-un-18x12.jpeg 18w\" sizes=\"(max-width: 800px) 100vw, 800px\" \/>\t\t\t\t\t\t\t\t\t\t\t\t\t\t\t<\/div>\n\t\t\t\t<\/div>\n\t\t\t\t<div class=\"elementor-element elementor-element-1b1dadb elementor-widget-tablet__width-inherit elementor-widget elementor-widget-text-editor\" data-id=\"1b1dadb\" data-element_type=\"widget\" data-e-type=\"widget\" data-widget_type=\"text-editor.default\">\n\t\t\t\t<div class=\"elementor-widget-container\">\n\t\t\t\t\t\t\t\t\t<h3><strong>\u0c2e\u0c41\u0c38\u0c4d\u0c1f\u0c3e\u0c2b\u0c3e \u0c15\u0c46\u0c2e\u0c3e\u0c32\u0c4d \u0c05\u0c1f\u0c24\u0c41\u0c30\u0c4d\u0c15\u0c4d \u0c2f\u0c4a\u0c15\u0c4d\u0c15 \u0c1a\u0c26\u0c30\u0c02\u0c17\u0c02 \u0c38\u0c46\u0c1f\u0c4d<\/strong><span style=\"font-weight: 400;\"><br \/><\/span><span style=\"font-weight: 400;\"><br \/><\/span><\/h3><p><span style=\"font-weight: 400;\">\u0c08 \u0c2a\u0c4d\u0c30\u0c26\u0c30\u0c4d\u0c36\u0c28\u0c32\u0c4b\u0c28\u0c3f \u0c35\u0c3f\u0c2d\u0c3e\u0c17\u0c02 \u0c1f\u0c30\u0c4d\u0c15\u0c40 \u0c1a\u0c30\u0c3f\u0c24\u0c4d\u0c30\u0c32\u0c4b \u0c12\u0c15 \u0c2a\u0c4d\u0c30\u0c24\u0c4d\u0c2f\u0c47\u0c15\u0c2e\u0c48\u0c28 \u0c05\u0c02\u0c36\u0c3e\u0c28\u0c4d\u0c28\u0c3f \u0c2a\u0c4d\u0c30\u0c2e\u0c41\u0c16\u0c02\u0c17\u0c3e \u0c1a\u0c42\u0c2a\u0c41\u0c24\u0c41\u0c02\u0c26\u0c3f: \u0c1f\u0c30\u0c4d\u0c15\u0c40 \u0c17\u0c23\u0c24\u0c02\u0c24\u0c4d\u0c30 \u0c35\u0c4d\u0c2f\u0c35\u0c38\u0c4d\u0c25 \u0c38\u0c4d\u0c25\u0c3e\u0c2a\u0c15\u0c41\u0c21\u0c48\u0c28 \u0c2e\u0c41\u0c38\u0c4d\u0c1f\u0c3e\u0c2b\u0c3e \u0c15\u0c46\u0c2e\u0c3e\u0c32\u0c4d \u0c05\u0c1f\u0c24\u0c41\u0c30\u0c4d\u0c15\u0c4d \u0c2f\u0c4a\u0c15\u0c4d\u0c15 \u0c35\u0c4d\u0c2f\u0c15\u0c4d\u0c24\u0c3f\u0c17\u0c24 \u0c1a\u0c26\u0c30\u0c02\u0c17\u0c02 \u0c38\u0c46\u0c1f\u0c4d. \u0c17\u0c4d\u0c2f\u0c3e\u0c32\u0c30\u0c40 \u0c2b\u0c4b\u0c1f\u0c4b\u0c32\u0c4b, \u0c05\u0c1f\u0c24\u0c41\u0c30\u0c4d\u0c15\u0c4d \u0c2f\u0c4a\u0c15\u0c4d\u0c15 \u0c26\u0c24\u0c4d\u0c24\u0c2a\u0c41\u0c24\u0c4d\u0c30\u0c3f\u0c15 \u0c09\u0c32\u0c4d\u0c15\u0c41 \u0c05\u0c21\u0c3e\u0c1f\u0c46\u0c2a\u0c47\u0c24\u0c4b \u0c15\u0c32\u0c3f\u0c38\u0c3f \u0c39\u0c46\u0c1a\u0c4d. \u0c38\u0c46\u0c30\u0c4d\u0c1f\u0c3e\u0c1a\u0c4d \u0c26\u0c32\u0c4d\u0c15\u0c3f\u0c30\u0c3e\u0c28\u0c4d \u0c06 \u0c38\u0c46\u0c1f\u0c4d\u200c\u0c28\u0c41 \u0c17\u0c30\u0c4d\u0c35\u0c02\u0c17\u0c3e \u0c2a\u0c4d\u0c30\u0c26\u0c30\u0c4d\u0c36\u0c3f\u0c38\u0c4d\u0c24\u0c41\u0c28\u0c4d\u0c28\u0c3e\u0c30\u0c41.<\/span><span style=\"font-weight: 400;\"><br \/><\/span><span style=\"font-weight: 400;\"><br \/><\/span><span style=\"font-weight: 400;\">\u0c08 \u0c1a\u0c26\u0c30\u0c02\u0c17\u0c02 \u0c38\u0c46\u0c1f\u0c4d\u200c\u0c28\u0c41 \u0c2c\u0c3e\u0c15\u0c4d\u0c38\u0c4d\u200c\u0c35\u0c41\u0c21\u0c4d\u200c\u0c24\u0c4b \u0c2a\u0c4d\u0c30\u0c24\u0c4d\u0c2f\u0c47\u0c15\u0c2e\u0c48\u0c28 \u0c21\u0c3f\u0c1c\u0c48\u0c28\u0c4d\u200c\u0c17\u0c3e \u0c1a\u0c46\u0c15\u0c4d\u0c15\u0c3e\u0c30\u0c41. \u0c07\u0c26\u0c3f \u0c17\u0c32\u0c4d\u0c32\u0c3f\u0c2a\u0c4b\u0c32\u0c3f \u0c2f\u0c41\u0c26\u0c4d\u0c27\u0c02 \u0c28\u0c41\u0c02\u0c21\u0c3f \u0c2a\u0c4d\u0c30\u0c47\u0c30\u0c23 \u0c2a\u0c4a\u0c02\u0c26\u0c3f\u0c02\u0c26\u0c3f \u0c2e\u0c30\u0c3f\u0c2f\u0c41 \u0c26\u0c40\u0c28\u0c3f\u0c28\u0c3f \u0c24\u0c39\u0c4d\u0c38\u0c3f\u0c28\u0c4d \u0c1a\u0c41\u0c15\u0c42\u0c30\u0c4d\u200c\u0c32\u0c41\u0c13\u0c17\u0c4d\u0c32\u0c41 \u0c30\u0c42\u0c2a\u0c4a\u0c02\u0c26\u0c3f\u0c02\u0c1a\u0c3e\u0c30\u0c41. \u0c06\u0c2f\u0c28 \u0c05\u0c1fat\u00fcrk \u0c2b\u0c3e\u0c30\u0c46\u0c38\u0c4d\u0c1f\u0c4d \u0c2b\u0c3e\u0c30\u0c4d\u0c2e\u0c4d \u0c38\u0c4d\u0c1f\u0c47\u0c37\u0c28\u0c4d \u0c1a\u0c40\u0c2b\u0c4d, \u0c1c\u0c41\u0c2c\u0c47\u0c26\u0c3e \u0c39\u0c3e\u0c28\u0c3f\u0c2e\u0c4d \u0c26\u0c24\u0c4d\u0c24\u0c24 \u0c15\u0c41\u0c2e\u0c3e\u0c30\u0c4d\u0c24\u0c46 \u0c35\u0c38\u0c4d\u0c2b\u0c3f\u0c2f\u0c47 \u0c39\u0c3e\u0c28\u0c3f\u0c2e\u0c4d\u200c\u0c15\u0c41 \u0c2d\u0c30\u0c4d\u0c24, \u0c2e\u0c30\u0c3f\u0c2f\u0c41 \u0c05\u0c1fat\u00fcrk \u0c26\u0c24\u0c4d\u0c24\u0c24 \u0c15\u0c41\u0c2e\u0c3e\u0c30\u0c4d\u0c24\u0c46 \u0c09\u0c32\u0c4d\u0c15\u0c41 \u0c05\u0c21\u0c3e\u0c1f\u0c46\u0c2a\u0c47\u0c15\u0c41 \u0c24\u0c02\u0c21\u0c4d\u0c30\u0c3f. \u0c26\u0c40\u0c28\u0c3f\u0c28\u0c3f \u0c05\u0c1fat\u00fcrk\u0c15\u0c41 \u0c2c\u0c39\u0c41\u0c2e\u0c24\u0c3f\u0c17\u0c3e \u0c05\u0c02\u0c26\u0c3f\u0c02\u0c1a\u0c3e\u0c30\u0c41. \u0c1a\u0c3e\u0c32\u0c3e \u0c26\u0c15\u0c4d\u0c37\u0c3f\u0c23-\u0c38\u0c4d\u0c32\u0c3e\u0c35\u0c3f\u0c15\u0c4d \u0c2e\u0c30\u0c3f\u0c2f\u0c41 \u0c2c\u0c3e\u0c32\u0c4d\u0c15\u0c28\u0c4d \u0c2d\u0c3e\u0c37\u0c32\u0c32\u0c4b \u0c08 \u0c2e\u0c41\u0c15\u0c4d\u0c15\u0c28\u0c41 \u201c\u0c15\u0c46\u0c28\u0c3e\u0c28\u0c4d\u201d (cannon), '\u0c1f\u0c3e\u0c2a\u0c4d' (top) \u0c05\u0c28\u0c3f \u0c2a\u0c3f\u0c32\u0c41\u0c38\u0c4d\u0c24\u0c3e\u0c30\u0c41 \u0c15\u0c3e\u0c2c\u0c1f\u0c4d\u0c1f\u0c3f, \u0c30\u0c42\u0c15\u0c4d\u200c\u0c32\u0c28\u0c41 \u0c2b\u0c3f\u0c30\u0c02\u0c17\u0c41\u0c32\u0c41\u0c17\u0c3e \u0c1a\u0c3f\u0c24\u0c4d\u0c30\u0c40\u0c15\u0c30\u0c3f\u0c02\u0c1a\u0c3e\u0c30\u0c41.\u00a0<\/span><\/p><p><span style=\"font-weight: 400;\">\u0c05\u0c1fat\u00fcrk \u0c2e\u0c30\u0c23\u0c02 \u0c24\u0c30\u0c41\u0c35\u0c3e\u0c24, \u0c08 \u0c15\u0c41\u0c1f\u0c41\u0c02\u0c2c\u0c02 \u0c08 \u0c38\u0c46\u0c1f\u0c4d\u200c\u0c28\u0c41 \u0c2d\u0c26\u0c4d\u0c30\u0c2a\u0c30\u0c3f\u0c1a\u0c3f\u0c02\u0c26\u0c3f. \u0c24\u0c39\u0c4d\u0c38\u0c3f\u0c28\u0c4d \u0c1a\u0c41\u0c15\u0c42\u0c30\u0c41\u0c32\u0c4b\u0c35\u0c42 \u0c2e\u0c30\u0c23\u0c3f\u0c02\u0c1a\u0c3f\u0c28\u0c2a\u0c4d\u0c2a\u0c41\u0c21\u0c41, \u0c08 \u0c38\u0c46\u0c1f\u0c4d\u200c\u0c28\u0c41 \u0c35\u0c3e\u0c30\u0c3f \u0c07\u0c38\u0c4d\u0c24\u0c3e\u0c02\u0c2c\u0c41\u0c32\u0c4d\u200c\u0c32\u0c4b\u0c28\u0c3f \u0c1a\u0c46\u0c35\u0c3f\u0c1c\u0c3f\u0c32\u0c3f \u0c28\u0c3f\u0c35\u0c3e\u0c38\u0c02\u0c32\u0c4b, \u0c1a\u0c46\u0c38\u0c4d \u0c38\u0c2e\u0c3e\u0c1c\u0c02\u0c32\u0c4b \u0c17\u0c4c\u0c30\u0c35\u0c28\u0c40\u0c2f \u0c35\u0c4d\u0c2f\u0c15\u0c4d\u0c24\u0c3f \u0c05\u0c2f\u0c3f\u0c28 \u0c05\u0c24\u0c28\u0c3f \u0c38\u0c28\u0c4d\u0c28\u0c3f\u0c39\u0c3f\u0c24 \u0c2e\u0c3f\u0c24\u0c4d\u0c30\u0c41\u0c21\u0c41 \u0c38\u0c46\u0c32\u0c3e\u0c39\u0c24\u0c4d\u0c24\u0c3f\u0c28\u0c4d \u0c06\u0c37\u0c4d\u0c15\u0c28\u0c4d\u200c\u0c15\u0c41 \u0c1c\u0c4d\u0c1e\u0c3e\u0c2a\u0c3f\u0c15\u0c17\u0c3e \u0c07\u0c1a\u0c4d\u0c1a\u0c3e\u0c30\u0c41.<\/span><\/p><p><span style=\"font-weight: 400;\">\u0c24\u0c30\u0c41\u0c35\u0c3e\u0c24, \u0c1f\u0c30\u0c4d\u0c15\u0c40\u0c32\u0c4b \u0c1a\u0c26\u0c30\u0c02\u0c17\u0c02 \u0c30\u0c02\u0c17\u0c3e\u0c28\u0c3f\u0c15\u0c3f \u0c06\u0c2f\u0c28 \u0c05\u0c02\u0c26\u0c3f\u0c02\u0c1a\u0c3f\u0c28 \u0c05\u0c24\u0c4d\u0c2f\u0c41\u0c24\u0c4d\u0c24\u0c2e \u0c38\u0c47\u0c35\u0c32\u0c15\u0c41 \u0c17\u0c41\u0c30\u0c4d\u0c24\u0c3f\u0c02\u0c2a\u0c41\u0c17\u0c3e, \u0c2e\u0c28 \u0c26\u0c47\u0c36\u0c02\u0c32\u0c4b \u0c2e\u0c4a\u0c1f\u0c4d\u0c1f\u0c2e\u0c4a\u0c26\u0c1f\u0c3f \u0c1a\u0c26\u0c30\u0c02\u0c17 \u0c2a\u0c3e\u0c20\u0c36\u0c3e\u0c32 \u0c2e\u0c30\u0c3f\u0c2f\u0c41 \u0c2e\u0c4d\u0c2f\u0c42\u0c1c\u0c3f\u0c2f\u0c02\u0c28\u0c41 \u0c38\u0c4d\u0c25\u0c3e\u0c2a\u0c3f\u0c02\u0c1a\u0c3f\u0c28 \u0c39\u0c46\u0c1a\u0c4d. \u0c38\u0c46\u0c30\u0c4d\u0c24\u0c3e\u0c1a\u0c4d \u0c21\u0c32\u0c4d\u0c15\u0c3f\u0c30\u0c3e\u0c28\u0c4d\u200c\u0c15\u0c41 \u0c08 \u0c38\u0c46\u0c1f\u0c4d\u200c\u0c28\u0c41 \u0c2c\u0c39\u0c41\u0c2e\u0c24\u0c3f\u0c17\u0c3e \u0c07\u0c1a\u0c4d\u0c1a\u0c3e\u0c30\u0c41. \u0c05\u0c1f\u0c24\u0c41\u0c30\u0c4d\u0c15\u0c4d \u0c08 \u0c38\u0c46\u0c1f\u0c4d\u200c\u0c24\u0c4b\u0c28\u0c47 \u0c07\u0c38\u0c4d\u0c2e\u0c46\u0c24\u0c4d \u0c07\u0c28\u0c4b\u0c28\u0c41, \u0c38\u0c46\u0c32\u0c3e\u0c39\u0c24\u0c4d\u0c24\u0c3f\u0c28\u0c4d \u0c05\u0c26\u0c3f\u0c32\u0c4d \u0c2a\u0c3e\u0c37\u0c3e \u0c2e\u0c30\u0c3f\u0c2f\u0c41 \u0c07\u0c24\u0c30 \u0c38\u0c39\u0c1a\u0c30 \u0c38\u0c48\u0c28\u0c3f\u0c15\u0c41\u0c32\u0c24\u0c4b \u0c06\u0c21\u0c3f\u0c28\u0c1f\u0c4d\u0c32\u0c41\u0c17\u0c3e \u0c2a\u0c4d\u0c30\u0c38\u0c3f\u0c26\u0c4d\u0c27\u0c3f \u0c1a\u0c46\u0c02\u0c26\u0c3f\u0c02\u0c26\u0c3f.<\/span><\/p>\t\t\t\t\t\t\t\t<\/div>\n\t\t\t\t<\/div>\n\t\t\t\t<div class=\"elementor-element elementor-element-8077669 elementor-widget elementor-widget-image\" data-id=\"8077669\" data-element_type=\"widget\" data-e-type=\"widget\" data-widget_type=\"image.default\">\n\t\t\t\t<div class=\"elementor-widget-container\">\n\t\t\t\t\t\t\t\t\t\t\t\t\t\t\t<img decoding=\"async\" width=\"800\" height=\"576\" src=\"https:\/\/shatranj.art\/wp-content\/uploads\/2026\/02\/ataturkun-takimi-afis-calismasi-1-1024x737.jpg\" class=\"attachment-large size-large wp-image-1358\" alt=\"\" srcset=\"https:\/\/shatranj.art\/wp-content\/uploads\/2026\/02\/ataturkun-takimi-afis-calismasi-1-1024x737.jpg 1024w, https:\/\/shatranj.art\/wp-content\/uploads\/2026\/02\/ataturkun-takimi-afis-calismasi-1-300x216.jpg 300w, https:\/\/shatranj.art\/wp-content\/uploads\/2026\/02\/ataturkun-takimi-afis-calismasi-1-768x553.jpg 768w, https:\/\/shatranj.art\/wp-content\/uploads\/2026\/02\/ataturkun-takimi-afis-calismasi-1-1536x1106.jpg 1536w, https:\/\/shatranj.art\/wp-content\/uploads\/2026\/02\/ataturkun-takimi-afis-calismasi-1-2048x1475.jpg 2048w, https:\/\/shatranj.art\/wp-content\/uploads\/2026\/02\/ataturkun-takimi-afis-calismasi-1-18x12.jpg 18w\" sizes=\"(max-width: 800px) 100vw, 800px\" \/>\t\t\t\t\t\t\t\t\t\t\t\t\t\t\t<\/div>\n\t\t\t\t<\/div>\n\t\t\t\t<div class=\"elementor-element elementor-element-887b309 elementor-widget elementor-widget-image\" data-id=\"887b309\" data-element_type=\"widget\" data-e-type=\"widget\" data-widget_type=\"image.default\">\n\t\t\t\t<div class=\"elementor-widget-container\">\n\t\t\t\t\t\t\t\t\t\t\t\t\t\t\t<img decoding=\"async\" width=\"800\" height=\"504\" src=\"https:\/\/shatranj.art\/wp-content\/uploads\/2026\/02\/mustafa-kemal-ataturk-chess-set-reduced-size-1024x645.jpg\" class=\"attachment-large size-large wp-image-1446\" alt=\"\" srcset=\"https:\/\/shatranj.art\/wp-content\/uploads\/2026\/02\/mustafa-kemal-ataturk-chess-set-reduced-size-1024x645.jpg 1024w, https:\/\/shatranj.art\/wp-content\/uploads\/2026\/02\/mustafa-kemal-ataturk-chess-set-reduced-size-300x189.jpg 300w, https:\/\/shatranj.art\/wp-content\/uploads\/2026\/02\/mustafa-kemal-ataturk-chess-set-reduced-size-768x484.jpg 768w, https:\/\/shatranj.art\/wp-content\/uploads\/2026\/02\/mustafa-kemal-ataturk-chess-set-reduced-size-1536x968.jpg 1536w, https:\/\/shatranj.art\/wp-content\/uploads\/2026\/02\/mustafa-kemal-ataturk-chess-set-reduced-size-2048x1291.jpg 2048w, https:\/\/shatranj.art\/wp-content\/uploads\/2026\/02\/mustafa-kemal-ataturk-chess-set-reduced-size-18x12.jpg 18w\" sizes=\"(max-width: 800px) 100vw, 800px\" \/>\t\t\t\t\t\t\t\t\t\t\t\t\t\t\t<\/div>\n\t\t\t\t<\/div>\n\t\t\t\t<div class=\"elementor-element elementor-element-67db2a3 elementor-widget elementor-widget-image\" data-id=\"67db2a3\" data-element_type=\"widget\" data-e-type=\"widget\" data-widget_type=\"image.default\">\n\t\t\t\t<div class=\"elementor-widget-container\">\n\t\t\t\t\t\t\t\t\t\t\t\t\t\t\t<img loading=\"lazy\" decoding=\"async\" width=\"768\" height=\"1024\" src=\"https:\/\/shatranj.art\/wp-content\/uploads\/2026\/02\/ulku-adatepe-my-childhood-with-ataturk-768x1024.jpg\" class=\"attachment-large size-large wp-image-1451\" alt=\"\" srcset=\"https:\/\/shatranj.art\/wp-content\/uploads\/2026\/02\/ulku-adatepe-my-childhood-with-ataturk-768x1024.jpg 768w, https:\/\/shatranj.art\/wp-content\/uploads\/2026\/02\/ulku-adatepe-my-childhood-with-ataturk-225x300.jpg 225w, https:\/\/shatranj.art\/wp-content\/uploads\/2026\/02\/ulku-adatepe-my-childhood-with-ataturk-1152x1536.jpg 1152w, https:\/\/shatranj.art\/wp-content\/uploads\/2026\/02\/ulku-adatepe-my-childhood-with-ataturk-1536x2048.jpg 1536w, https:\/\/shatranj.art\/wp-content\/uploads\/2026\/02\/ulku-adatepe-my-childhood-with-ataturk-9x12.jpg 9w, https:\/\/shatranj.art\/wp-content\/uploads\/2026\/02\/ulku-adatepe-my-childhood-with-ataturk-scaled.jpg 1920w\" sizes=\"(max-width: 768px) 100vw, 768px\" \/>\t\t\t\t\t\t\t\t\t\t\t\t\t\t\t<\/div>\n\t\t\t\t<\/div>\n\t\t\t\t<div class=\"elementor-element elementor-element-00467b4 elementor-widget elementor-widget-image\" data-id=\"00467b4\" data-element_type=\"widget\" data-e-type=\"widget\" data-widget_type=\"image.default\">\n\t\t\t\t<div class=\"elementor-widget-container\">\n\t\t\t\t\t\t\t\t\t\t\t\t\t\t\t<img loading=\"lazy\" decoding=\"async\" width=\"768\" height=\"1024\" src=\"https:\/\/shatranj.art\/wp-content\/uploads\/2026\/02\/ulku-adatepe-ataturk-memoirs-768x1024.jpg\" class=\"attachment-large size-large wp-image-1447\" alt=\"\" srcset=\"https:\/\/shatranj.art\/wp-content\/uploads\/2026\/02\/ulku-adatepe-ataturk-memoirs-768x1024.jpg 768w, https:\/\/shatranj.art\/wp-content\/uploads\/2026\/02\/ulku-adatepe-ataturk-memoirs-225x300.jpg 225w, https:\/\/shatranj.art\/wp-content\/uploads\/2026\/02\/ulku-adatepe-ataturk-memoirs-1152x1536.jpg 1152w, https:\/\/shatranj.art\/wp-content\/uploads\/2026\/02\/ulku-adatepe-ataturk-memoirs-1536x2048.jpg 1536w, https:\/\/shatranj.art\/wp-content\/uploads\/2026\/02\/ulku-adatepe-ataturk-memoirs-9x12.jpg 9w, https:\/\/shatranj.art\/wp-content\/uploads\/2026\/02\/ulku-adatepe-ataturk-memoirs-scaled.jpg 1920w\" sizes=\"(max-width: 768px) 100vw, 768px\" \/>\t\t\t\t\t\t\t\t\t\t\t\t\t\t\t<\/div>\n\t\t\t\t<\/div>\n\t\t\t\t<div class=\"elementor-element elementor-element-9bf6bee elementor-widget elementor-widget-image\" data-id=\"9bf6bee\" data-element_type=\"widget\" data-e-type=\"widget\" data-widget_type=\"image.default\">\n\t\t\t\t<div class=\"elementor-widget-container\">\n\t\t\t\t\t\t\t\t\t\t\t\t\t\t\t<img loading=\"lazy\" decoding=\"async\" width=\"530\" height=\"800\" src=\"https:\/\/shatranj.art\/wp-content\/uploads\/2026\/02\/mustafa-kemal-atatur-ulku-adatepe.jpg\" class=\"attachment-large size-large wp-image-1449\" alt=\"\" srcset=\"https:\/\/shatranj.art\/wp-content\/uploads\/2026\/02\/mustafa-kemal-atatur-ulku-adatepe.jpg 530w, https:\/\/shatranj.art\/wp-content\/uploads\/2026\/02\/mustafa-kemal-atatur-ulku-adatepe-199x300.jpg 199w, https:\/\/shatranj.art\/wp-content\/uploads\/2026\/02\/mustafa-kemal-atatur-ulku-adatepe-8x12.jpg 8w\" sizes=\"(max-width: 530px) 100vw, 530px\" \/>\t\t\t\t\t\t\t\t\t\t\t\t\t\t\t<\/div>\n\t\t\t\t<\/div>\n\t\t\t\t<div class=\"elementor-element elementor-element-c32a832 elementor-widget elementor-widget-image\" data-id=\"c32a832\" data-element_type=\"widget\" data-e-type=\"widget\" data-widget_type=\"image.default\">\n\t\t\t\t<div class=\"elementor-widget-container\">\n\t\t\t\t\t\t\t\t\t\t\t\t\t\t\t<img loading=\"lazy\" decoding=\"async\" width=\"640\" height=\"1024\" src=\"https:\/\/shatranj.art\/wp-content\/uploads\/2026\/02\/tahsin-cukurluoglu-ulku-adatepe-chesset-memory-640x1024.jpg\" class=\"attachment-large size-large wp-image-1450\" alt=\"\" srcset=\"https:\/\/shatranj.art\/wp-content\/uploads\/2026\/02\/tahsin-cukurluoglu-ulku-adatepe-chesset-memory-640x1024.jpg 640w, https:\/\/shatranj.art\/wp-content\/uploads\/2026\/02\/tahsin-cukurluoglu-ulku-adatepe-chesset-memory-187x300.jpg 187w, https:\/\/shatranj.art\/wp-content\/uploads\/2026\/02\/tahsin-cukurluoglu-ulku-adatepe-chesset-memory-7x12.jpg 7w, https:\/\/shatranj.art\/wp-content\/uploads\/2026\/02\/tahsin-cukurluoglu-ulku-adatepe-chesset-memory.jpg 652w\" sizes=\"(max-width: 640px) 100vw, 640px\" \/>\t\t\t\t\t\t\t\t\t\t\t\t\t\t\t<\/div>\n\t\t\t\t<\/div>\n\t\t\t\t<div class=\"elementor-element elementor-element-4fc3267 elementor-widget elementor-widget-image\" data-id=\"4fc3267\" data-element_type=\"widget\" data-e-type=\"widget\" data-widget_type=\"image.default\">\n\t\t\t\t<div class=\"elementor-widget-container\">\n\t\t\t\t\t\t\t\t\t\t\t\t\t\t\t<img loading=\"lazy\" decoding=\"async\" width=\"580\" height=\"984\" src=\"https:\/\/shatranj.art\/wp-content\/uploads\/2026\/02\/Tahsin-Cukurluoglu.jpg\" class=\"attachment-large size-large wp-image-1448\" alt=\"\" srcset=\"https:\/\/shatranj.art\/wp-content\/uploads\/2026\/02\/Tahsin-Cukurluoglu.jpg 580w, https:\/\/shatranj.art\/wp-content\/uploads\/2026\/02\/Tahsin-Cukurluoglu-177x300.jpg 177w, https:\/\/shatranj.art\/wp-content\/uploads\/2026\/02\/Tahsin-Cukurluoglu-7x12.jpg 7w\" sizes=\"(max-width: 580px) 100vw, 580px\" \/>\t\t\t\t\t\t\t\t\t\t\t\t\t\t\t<\/div>\n\t\t\t\t<\/div>\n\t\t\t\t<div class=\"elementor-element elementor-element-7c081ec elementor-widget-tablet__width-inherit elementor-widget elementor-widget-text-editor\" data-id=\"7c081ec\" data-element_type=\"widget\" data-e-type=\"widget\" data-widget_type=\"text-editor.default\">\n\t\t\t\t<div class=\"elementor-widget-container\">\n\t\t\t\t\t\t\t\t\t<h3><b>\u0c2b\u0c46\u0c28\u0c30\u0c4d\u200c\u0c2c\u0c3e\u0c39\u0c4d\u0c1a\u0c46 \u0c38\u0c4d\u0c1f\u0c47\u0c21\u0c3f\u0c2f\u0c02\u0c32\u0c4b \u0c2a\u0c4d\u0c30\u0c24\u0c4d\u0c2f\u0c15\u0c4d\u0c37 \u0c26\u0c3f\u0c17\u0c4d\u0c17\u0c1c \u0c1a\u0c26\u0c30\u0c02\u0c17 \u0c2a\u0c4d\u0c30\u0c26\u0c30\u0c4d\u0c36\u0c28 (1997)<\/b><\/h3><p><b>\u0c38\u0c4d\u0c1f\u0c47\u0c21\u0c3f\u0c2f\u0c02 \u0c15\u0c4a\u0c32\u0c4d\u0c32\u0c3e\u0c1c\u0c4d \u0c06\u0c27\u0c3e\u0c30\u0c02\u0c17\u0c3e.<\/b><\/p><p><span style=\"font-weight: 400;\">\u0c08 \u0c05\u0c26\u0c4d\u0c2d\u0c41\u0c24\u0c2e\u0c48\u0c28 \u0c26\u0c43\u0c36\u0c4d\u0c2f\u0c02, \u0c1f\u0c30\u0c4d\u0c15\u0c40 \u0c2f\u0c4a\u0c15\u0c4d\u0c15 \u0c05\u0c24\u0c4d\u0c2f\u0c02\u0c24 \u0c2a\u0c4d\u0c30\u0c38\u0c3f\u0c26\u0c4d\u0c27 \u0c15\u0c4d\u0c30\u0c40\u0c21\u0c3e \u0c15\u0c4d\u0c32\u0c2c\u0c4d\u200c\u0c32\u0c32\u0c4b \u0c12\u0c15\u0c1f\u0c48\u0c28 \u0c2b\u0c46\u0c28\u0c30\u0c4d\u200c\u0c2c\u0c3e\u0c1a\u0c46 \u0c38\u0c4d\u0c1f\u0c47\u0c21\u0c3f\u0c2f\u0c02\u0c32\u0c4b 1997\u0c32\u0c4b \u0c1c\u0c30\u0c3f\u0c17\u0c3f\u0c28 \u0c12\u0c15 \u0c2d\u0c3e\u0c30\u0c40 \u201c\u0c32\u0c48\u0c35\u0c4d \u0c1a\u0c46\u0c38\u0c4d\u201d \u0c15\u0c3e\u0c30\u0c4d\u0c2f\u0c15\u0c4d\u0c30\u0c2e\u0c3e\u0c28\u0c4d\u0c28\u0c3f \u0c2a\u0c4d\u0c30\u0c26\u0c30\u0c4d\u0c36\u0c3f\u0c38\u0c4d\u0c24\u0c41\u0c02\u0c26\u0c3f.<\/span><\/p><p><span style=\"font-weight: 400;\">\u0c08 \u0c15\u0c3e\u0c30\u0c4d\u0c2f\u0c15\u0c4d\u0c30\u0c2e\u0c02\u0c32\u0c4b, \u0c2b\u0c41\u0c1f\u0c4d\u200c\u0c2c\u0c3e\u0c32\u0c4d \u0c2e\u0c48\u0c26\u0c3e\u0c28\u0c3e\u0c28\u0c4d\u0c28\u0c3f \u0c12\u0c15 \u0c2d\u0c3e\u0c30\u0c40 \u0c1a\u0c26\u0c30\u0c02\u0c17 \u0c2c\u0c4b\u0c30\u0c4d\u0c21\u0c41\u0c17\u0c3e \u0c2e\u0c3e\u0c30\u0c4d\u0c1a\u0c3e\u0c30\u0c41. \u0c2a\u0c4d\u0c30\u0c24\u0c4d\u0c2f\u0c47\u0c15 \u0c35\u0c38\u0c4d\u0c24\u0c4d\u0c30\u0c3e\u0c32\u0c41 \u0c27\u0c30\u0c3f\u0c02\u0c1a\u0c3f\u0c28 \u0c2a\u0c4d\u0c30\u0c26\u0c30\u0c4d\u0c36\u0c15\u0c41\u0c32\u0c41, \u0c1a\u0c26\u0c30\u0c02\u0c17 \u0c2e\u0c41\u0c15\u0c4d\u0c15\u0c32\u0c41\u0c17\u0c3e \u0c28\u0c1f\u0c3f\u0c38\u0c4d\u0c24\u0c42, \u0c38\u0c4d\u0c1f\u0c47\u0c21\u0c3f\u0c2f\u0c02\u0c32\u0c4b\u0c28\u0c3f \u0c2a\u0c4d\u0c30\u0c47\u0c15\u0c4d\u0c37\u0c15\u0c41\u0c32 \u0c2e\u0c41\u0c02\u0c26\u0c41 \u0c06 \u0c35\u0c4d\u0c2f\u0c42\u0c39\u0c3e\u0c24\u0c4d\u0c2e\u0c15 \u0c06\u0c1f\u0c15\u0c41 \u0c1c\u0c40\u0c35\u0c02 \u0c2a\u0c4b\u0c36\u0c3e\u0c30\u0c41. \u0c08 \u0c26\u0c43\u0c36\u0c4d\u0c2f\u0c02, \u0c1a\u0c26\u0c30\u0c02\u0c17\u0c02 \u0c2f\u0c4a\u0c15\u0c4d\u0c15 \u0c2e\u0c47\u0c27\u0c4b\u0c2a\u0c30\u0c2e\u0c48\u0c28 \u0c32\u0c4b\u0c24\u0c41\u0c28\u0c41 \u0c36\u0c3e\u0c30\u0c40\u0c30\u0c15 \u0c26\u0c43\u0c36\u0c4d\u0c2f \u0c35\u0c3f\u0c02\u0c26\u0c41 \u0c2e\u0c30\u0c3f\u0c2f\u0c41 \u0c15\u0c4d\u0c30\u0c40\u0c21\u0c3e \u0c38\u0c02\u0c38\u0c4d\u0c15\u0c43\u0c24\u0c3f\u0c24\u0c4b \u0c05\u0c24\u0c41\u0c15\u0c41\u0c32\u0c41 \u0c32\u0c47\u0c15\u0c41\u0c02\u0c21\u0c3e \u0c2e\u0c3f\u0c33\u0c3f\u0c24\u0c02 \u0c1a\u0c47\u0c38\u0c4d\u0c24\u0c41\u0c02\u0c26\u0c3f. \u0c38\u0c4d\u0c1f\u0c47\u0c21\u0c3f\u0c2f\u0c02\u0c32\u0c4b\u0c28\u0c3f \u0c12\u0c15 \u0c1c\u0c46\u0c02\u0c21\u0c3e\u0c2a\u0c48 \u0c05\u0c1fat\u00fcrk \u0c2b\u0c4b\u0c1f\u0c4b\u0c28\u0c41 \u0c1a\u0c42\u0c21\u0c35\u0c1a\u0c4d\u0c1a\u0c41.<\/span><\/p><p><b>\u0c2a\u0c4d\u0c30\u0c3e\u0c1a\u0c41\u0c30\u0c4d\u0c2f \u0c17\u0c2e\u0c28\u0c3f\u0c15:<\/b><span style=\"font-weight: 400;\"> \u0c05\u0c38\u0c32\u0c41 \u0c1b\u0c3e\u0c2f\u0c3e\u0c1a\u0c3f\u0c24\u0c4d\u0c30\u0c02\u0c32\u0c4b \u0c2a\u0c47\u0c30\u0c4d\u0c15\u0c4a\u0c28\u0c4d\u0c28\u0c1f\u0c4d\u0c32\u0c41\u0c17\u0c3e, \u0c08 \u0c2a\u0c4d\u0c30\u0c24\u0c4d\u0c2f\u0c47\u0c15\u0c2e\u0c48\u0c28 \u0c1a\u0c26\u0c30\u0c02\u0c17 \u0c1a\u0c30\u0c3f\u0c24\u0c4d\u0c30 \u0c2d\u0c3e\u0c17\u0c02, FIDE \u0c05\u0c02\u0c24\u0c30\u0c4d\u0c1c\u0c3e\u0c24\u0c40\u0c2f \u0c1a\u0c26\u0c30\u0c02\u0c17 \u0c05\u0c30\u0c4d\u0c2c\u0c48\u0c1f\u0c30\u0c4d \u0c2e\u0c30\u0c3f\u0c2f\u0c41 \u0c30\u0c1a\u0c2f\u0c3f\u0c24 \u0c2f\u0c4a\u0c15\u0c4d\u0c15 \u0c35\u0c4d\u0c2f\u0c15\u0c4d\u0c24\u0c3f\u0c17\u0c24 \u0c06\u0c30\u0c4d\u0c15\u0c48\u0c35\u0c4d \u0c2e\u0c30\u0c3f\u0c2f\u0c41 \u0c38\u0c47\u0c15\u0c30\u0c23 \u0c28\u0c41\u0c02\u0c21\u0c3f \u0c2a\u0c4d\u0c30\u0c26\u0c30\u0c4d\u0c36\u0c3f\u0c02\u0c1a\u0c2c\u0c21\u0c3f\u0c02\u0c26\u0c3f, <\/span><b>\u0c39\u0c46\u0c1a\u0c4d. \u0c38\u0c46\u0c30\u0c4d\u0c24\u0c3e\u0c1a\u0c4d \u0c21\u0c32\u0c4d\u0c15\u0c3f\u0c30\u0c3e\u0c28\u0c4d<\/b><span style=\"font-weight: 400;\">.<\/span><\/p>\t\t\t\t\t\t\t\t<\/div>\n\t\t\t\t<\/div>\n\t\t\t\t<div class=\"elementor-element elementor-element-2284ad2 elementor-widget elementor-widget-image\" data-id=\"2284ad2\" data-element_type=\"widget\" data-e-type=\"widget\" data-widget_type=\"image.default\">\n\t\t\t\t<div class=\"elementor-widget-container\">\n\t\t\t\t\t\t\t\t\t\t\t\t\t\t\t<img loading=\"lazy\" decoding=\"async\" width=\"800\" height=\"557\" src=\"https:\/\/shatranj.art\/wp-content\/uploads\/2026\/02\/Fenerbahce-stadi-bale-1997-1024x713.jpg\" class=\"attachment-large size-large wp-image-1360\" alt=\"\" srcset=\"https:\/\/shatranj.art\/wp-content\/uploads\/2026\/02\/Fenerbahce-stadi-bale-1997-1024x713.jpg 1024w, https:\/\/shatranj.art\/wp-content\/uploads\/2026\/02\/Fenerbahce-stadi-bale-1997-300x209.jpg 300w, https:\/\/shatranj.art\/wp-content\/uploads\/2026\/02\/Fenerbahce-stadi-bale-1997-768x535.jpg 768w, https:\/\/shatranj.art\/wp-content\/uploads\/2026\/02\/Fenerbahce-stadi-bale-1997-1536x1070.jpg 1536w, https:\/\/shatranj.art\/wp-content\/uploads\/2026\/02\/Fenerbahce-stadi-bale-1997-2048x1426.jpg 2048w, https:\/\/shatranj.art\/wp-content\/uploads\/2026\/02\/Fenerbahce-stadi-bale-1997-18x12.jpg 18w\" sizes=\"(max-width: 800px) 100vw, 800px\" \/>\t\t\t\t\t\t\t\t\t\t\t\t\t\t\t<\/div>\n\t\t\t\t<\/div>\n\t\t\t\t<\/div>\n\t\t\t\t\t<\/div>\n\t\t\t\t<\/div>\n\t\t\t\t<\/div>","protected":false},"excerpt":{"rendered":"<p>The chess set of Mustafa Kemal Atat\u00fcrk This section of the exhibit highlights a unique piece of Turkish history: the personal chess set of Mustafa Kemal Atat\u00fcrk, the founder of the Republic of Turkey. The gallery photo shows H. Serta\u00e7 Dalk\u0131ran alongside Atat\u00fcrk&#8217;s adopted daughter, \u00dclk\u00fc Adatepe, proudly presenting the set. This chess set was [&hellip;]<\/p>\n","protected":false},"author":1,"featured_media":0,"parent":743,"menu_order":0,"comment_status":"closed","ping_status":"closed","template":"","meta":{"footnotes":""},"class_list":["post-1355","page","type-page","status-publish","hentry"],"_links":{"self":[{"href":"https:\/\/shatranj.art\/te\/wp-json\/wp\/v2\/pages\/1355","targetHints":{"allow":["GET"]}}],"collection":[{"href":"https:\/\/shatranj.art\/te\/wp-json\/wp\/v2\/pages"}],"about":[{"href":"https:\/\/shatranj.art\/te\/wp-json\/wp\/v2\/types\/page"}],"author":[{"embeddable":true,"href":"https:\/\/shatranj.art\/te\/wp-json\/wp\/v2\/users\/1"}],"replies":[{"embeddable":true,"href":"https:\/\/shatranj.art\/te\/wp-json\/wp\/v2\/comments?post=1355"}],"version-history":[{"count":16,"href":"https:\/\/shatranj.art\/te\/wp-json\/wp\/v2\/pages\/1355\/revisions"}],"predecessor-version":[{"id":1457,"href":"https:\/\/shatranj.art\/te\/wp-json\/wp\/v2\/pages\/1355\/revisions\/1457"}],"up":[{"embeddable":true,"href":"https:\/\/shatranj.art\/te\/wp-json\/wp\/v2\/pages\/743"}],"wp:attachment":[{"href":"https:\/\/shatranj.art\/te\/wp-json\/wp\/v2\/media?parent=1355"}],"curies":[{"name":"wp","href":"https:\/\/api.w.org\/{rel}","templated":true}]}}