{"id":1068,"date":"2026-02-22T18:39:42","date_gmt":"2026-02-22T18:39:42","guid":{"rendered":"https:\/\/shatranj.art\/?page_id=1068"},"modified":"2026-02-24T09:00:42","modified_gmt":"2026-02-24T09:00:42","slug":"poster-29","status":"publish","type":"page","link":"https:\/\/shatranj.art\/th\/exhibit\/poster-29\/","title":{"rendered":"\u0e42\u0e1b\u0e2a\u0e40\u0e15\u0e2d\u0e23\u0e4c 29"},"content":{"rendered":"<div data-elementor-type=\"wp-page\" data-elementor-id=\"1068\" class=\"elementor elementor-1068\" data-elementor-post-type=\"page\">\n\t\t\t\t<div class=\"elementor-element elementor-element-cfd54a0 e-flex e-con-boxed e-con e-parent\" data-id=\"cfd54a0\" data-element_type=\"container\" data-e-type=\"container\" data-settings=\"{&quot;background_background&quot;:&quot;classic&quot;}\">\n\t\t\t\t\t<div class=\"e-con-inner\">\n\t\t<div class=\"elementor-element elementor-element-00cae2a e-con-full e-flex e-con e-child\" data-id=\"00cae2a\" data-element_type=\"container\" data-e-type=\"container\">\n\t\t<div class=\"elementor-element elementor-element-edcf7ea e-con-full e-flex e-con e-child\" data-id=\"edcf7ea\" data-element_type=\"container\" data-e-type=\"container\">\n\t\t\t\t<div class=\"elementor-element elementor-element-411efec elementor-widget elementor-widget-image\" data-id=\"411efec\" data-element_type=\"widget\" data-e-type=\"widget\" data-widget_type=\"image.default\">\n\t\t\t\t<div class=\"elementor-widget-container\">\n\t\t\t\t\t\t\t\t\t\t\t\t\t\t\t<img fetchpriority=\"high\" decoding=\"async\" width=\"800\" height=\"384\" src=\"https:\/\/shatranj.art\/wp-content\/uploads\/2026\/02\/regence-cafe-chess-set-1780-1820-1-1024x491.png\" class=\"attachment-large size-large wp-image-1073\" alt=\"\" srcset=\"https:\/\/shatranj.art\/wp-content\/uploads\/2026\/02\/regence-cafe-chess-set-1780-1820-1-1024x491.png 1024w, https:\/\/shatranj.art\/wp-content\/uploads\/2026\/02\/regence-cafe-chess-set-1780-1820-1-300x144.png 300w, https:\/\/shatranj.art\/wp-content\/uploads\/2026\/02\/regence-cafe-chess-set-1780-1820-1-768x369.png 768w, https:\/\/shatranj.art\/wp-content\/uploads\/2026\/02\/regence-cafe-chess-set-1780-1820-1-1536x737.png 1536w, https:\/\/shatranj.art\/wp-content\/uploads\/2026\/02\/regence-cafe-chess-set-1780-1820-1.png 1886w\" sizes=\"(max-width: 800px) 100vw, 800px\" \/>\t\t\t\t\t\t\t\t\t\t\t\t\t\t\t<\/div>\n\t\t\t\t<\/div>\n\t\t\t\t<div class=\"elementor-element elementor-element-6e231da elementor-widget-tablet__width-inherit elementor-widget elementor-widget-text-editor\" data-id=\"6e231da\" data-element_type=\"widget\" data-e-type=\"widget\" data-widget_type=\"text-editor.default\">\n\t\t\t\t<div class=\"elementor-widget-container\">\n\t\t\t\t\t\t\t\t\t<p><strong>\u015eAH\u00ce \u0e0a\u0e38\u0e14\u0e15\u0e31\u0e27\u0e2b\u0e21\u0e32\u0e01\u0e23\u0e38\u0e01\u0e41\u0e1a\u0e1a\u0e21\u0e2b\u0e32\u0e23\u0e32\u0e0a\/\u0e01\u0e29\u0e31\u0e15\u0e23\u0e34\u0e22\u0e4c\/\u0e0a\u0e32\u0e2b\u0e4c: \u0e01\u0e38\u0e25\u0e0a\u0e32\u0e2b\u0e4c<\/strong><\/p><p>\u0e01\u0e38\u0e25\u0e0b\u0e32\u0e2b\u0e4c\u0e40\u0e1b\u0e47\u0e19\u0e15\u0e31\u0e27\u0e41\u0e17\u0e19\u0e02\u0e2d\u0e07\u0e1b\u0e31\u0e0d\u0e0d\u0e32\u0e41\u0e2b\u0e48\u0e07\u0e1c\u0e49\u0e32\u0e04\u0e25\u0e38\u0e21\u0e28\u0e35\u0e23\u0e29\u0e30 \u0e04\u0e27\u0e32\u0e21\u0e28\u0e31\u0e01\u0e14\u0e34\u0e4c\u0e2a\u0e34\u0e17\u0e18\u0e34\u0e4c\u0e41\u0e25\u0e30\u0e2d\u0e33\u0e19\u0e32\u0e08\u0e02\u0e2d\u0e07\u0e42\u0e14\u0e21 \u0e41\u0e25\u0e30\u0e01\u0e38\u0e2b\u0e25\u0e32\u0e1a\u0e17\u0e35\u0e48\u0e40\u0e1b\u0e47\u0e19\u0e2a\u0e31\u0e0d\u0e25\u0e31\u0e01\u0e29\u0e13\u0e4c\u0e02\u0e2d\u0e07\u0e0a\u0e35\u0e27\u0e34\u0e15\u0e41\u0e25\u0e30\u0e04\u0e27\u0e32\u0e21\u0e07\u0e32\u0e21 \u0e0b\u0e36\u0e48\u0e07\u0e15\u0e49\u0e2d\u0e07\u0e44\u0e14\u0e49\u0e23\u0e31\u0e1a\u0e01\u0e32\u0e23\u0e1b\u0e01\u0e1b\u0e49\u0e2d\u0e07\u0e08\u0e32\u0e01\u0e01\u0e32\u0e23\u0e16\u0e39\u0e01\u0e40\u0e0a\u0e47\u0e01\u0e40\u0e21\u0e15 \u0e42\u0e14\u0e21\u0e44\u0e14\u0e49\u0e23\u0e31\u0e1a\u0e41\u0e23\u0e07\u0e1a\u0e31\u0e19\u0e14\u0e32\u0e25\u0e43\u0e08\u0e08\u0e32\u0e01\u0e42\u0e04\u0e23\u0e07\u0e2a\u0e23\u0e49\u0e32\u0e07\u0e17\u0e35\u0e48\u0e40\u0e1b\u0e47\u0e19\u0e2a\u0e31\u0e0d\u0e25\u0e31\u0e01\u0e29\u0e13\u0e4c \u0e40\u0e0a\u0e48\u0e19 \u0e2e\u0e32\u0e40\u0e01\u0e35\u0e22\u0e42\u0e0b\u0e40\u0e1f\u0e35\u0e22, \u0e41\u0e1e\u0e19\u0e18\u0e35\u0e2d\u0e2d\u0e19 \u0e41\u0e25\u0e30 MIT \u0e1c\u0e49\u0e32\u0e04\u0e25\u0e38\u0e21\u0e28\u0e35\u0e23\u0e29\u0e30\u0e2a\u0e30\u0e17\u0e49\u0e2d\u0e19\u0e16\u0e36\u0e07\u0e21\u0e23\u0e14\u0e01\u0e17\u0e32\u0e07\u0e1b\u0e31\u0e0d\u0e0d\u0e32\u0e02\u0e2d\u0e07\u0e19\u0e31\u0e01\u0e40\u0e02\u0e35\u0e22\u0e19\u0e2b\u0e21\u0e32\u0e01\u0e23\u0e38\u0e01\u0e22\u0e38\u0e04\u0e41\u0e23\u0e01 \u0e40\u0e0a\u0e48\u0e19 \u0e2d\u0e31\u0e2a-\u0e0b\u0e39\u0e25\u0e35 \u0e41\u0e25\u0e30\u0e2a\u0e15\u0e31\u0e21\u0e21\u0e32 \u0e43\u0e19\u0e02\u0e13\u0e30\u0e17\u0e35\u0e48\u0e21\u0e07\u0e01\u0e38\u0e0e\u0e21\u0e35\u0e25\u0e31\u0e01\u0e29\u0e13\u0e30\u0e04\u0e25\u0e49\u0e32\u0e22\u0e01\u0e31\u0e1a\u0e1e\u0e27\u0e07\u0e2b\u0e23\u0e35\u0e14\u0e21\u0e30\u0e01\u0e2d\u0e01\u0e02\u0e2d\u0e07\u0e42\u0e2d\u0e25\u0e34\u0e21\u0e1b\u0e34\u0e01\u0e42\u0e1a\u0e23\u0e32\u0e13\u0e43\u0e19\u0e2d\u0e14\u0e35\u0e15 \u0e0a\u0e34\u0e49\u0e19\u0e19\u0e35\u0e49\u0e16\u0e39\u0e01\u0e40\u0e23\u0e35\u0e22\u0e01\u0e27\u0e48\u0e32 \u0e23\u0e32\u0e0a\u0e32, \u0e0a\u0e32\u0e2b\u0e4c, \u0e01\u0e29\u0e31\u0e15\u0e23\u0e34\u0e22\u0e4c \u0e2b\u0e23\u0e37\u0e2d\u0e1c\u0e39\u0e49\u0e1a\u0e31\u0e0d\u0e0a\u0e32\u0e01\u0e32\u0e23 \u201cG\u00fcl\u201d \u0e2b\u0e21\u0e32\u0e22\u0e16\u0e36\u0e07\u0e14\u0e2d\u0e01\u0e01\u0e38\u0e2b\u0e25\u0e32\u0e1a\u0e43\u0e19\u0e20\u0e32\u0e29\u0e32\u0e40\u0e2d\u0e40\u0e0a\u0e35\u0e22\u0e01\u0e25\u0e32\u0e07 \u201c\u015eah\u201d \u0e2d\u0e2d\u0e01\u0e40\u0e2a\u0e35\u0e22\u0e07\u0e27\u0e48\u0e32 \u2018\u0e0a\u0e32\u0e2b\u0e4c\u2019 \u0e40\u0e1b\u0e47\u0e19\u0e0a\u0e37\u0e48\u0e2d\u0e02\u0e2d\u0e07\u0e2b\u0e21\u0e32\u0e01\u0e23\u0e38\u0e01\u0e43\u0e19\u0e2b\u0e25\u0e32\u0e22\u0e20\u0e32\u0e29\u0e32 \u0e41\u0e21\u0e49\u0e27\u0e48\u0e32\u0e0a\u0e32\u0e2b\u0e4c\u0e08\u0e30\u0e2b\u0e21\u0e32\u0e22\u0e16\u0e36\u0e07\u0e1c\u0e39\u0e49\u0e1b\u0e01\u0e04\u0e23\u0e2d\u0e07\u0e17\u0e35\u0e48\u0e40\u0e1b\u0e47\u0e19\u0e0a\u0e32\u0e22\u0e43\u0e19\u0e04\u0e27\u0e32\u0e21\u0e2b\u0e21\u0e32\u0e22\u0e14\u0e31\u0e49\u0e07\u0e40\u0e14\u0e34\u0e21 \u0e41\u0e15\u0e48\u0e01\u0e32\u0e23\u0e43\u0e0a\u0e49\u0e43\u0e19\u0e40\u0e0a\u0e34\u0e07\u0e40\u0e1b\u0e23\u0e35\u0e22\u0e1a\u0e40\u0e17\u0e35\u0e22\u0e1a\u0e2b\u0e23\u0e37\u0e2d\u0e2a\u0e21\u0e31\u0e22\u0e43\u0e2b\u0e21\u0e48\u0e44\u0e14\u0e49\u0e01\u0e25\u0e32\u0e22\u0e40\u0e1b\u0e47\u0e19\u0e04\u0e33\u0e17\u0e35\u0e48\u0e44\u0e21\u0e48\u0e08\u0e33\u0e01\u0e31\u0e14\u0e40\u0e1e\u0e28.<\/p>\t\t\t\t\t\t\t\t<\/div>\n\t\t\t\t<\/div>\n\t\t\t\t<div class=\"elementor-element elementor-element-10b021d elementor-widget elementor-widget-image\" data-id=\"10b021d\" data-element_type=\"widget\" data-e-type=\"widget\" data-widget_type=\"image.default\">\n\t\t\t\t<div class=\"elementor-widget-container\">\n\t\t\t\t\t\t\t\t\t\t\t\t\t\t\t<img decoding=\"async\" width=\"188\" height=\"237\" src=\"https:\/\/shatranj.art\/wp-content\/uploads\/2026\/02\/Philipp-Stamma-Public-Domain.jpg\" class=\"attachment-large size-large wp-image-1071\" alt=\"\" \/>\t\t\t\t\t\t\t\t\t\t\t\t\t\t\t<\/div>\n\t\t\t\t<\/div>\n\t\t\t\t<\/div>\n\t\t<div class=\"elementor-element elementor-element-538608d e-con-full e-flex e-con e-child\" data-id=\"538608d\" data-element_type=\"container\" data-e-type=\"container\">\n\t\t\t\t<div class=\"elementor-element elementor-element-60ca9fa elementor-widget elementor-widget-image\" data-id=\"60ca9fa\" data-element_type=\"widget\" data-e-type=\"widget\" data-widget_type=\"image.default\">\n\t\t\t\t<div class=\"elementor-widget-container\">\n\t\t\t\t\t\t\t\t\t\t\t\t\t\t\t<img decoding=\"async\" width=\"800\" height=\"800\" src=\"https:\/\/shatranj.art\/wp-content\/uploads\/2026\/02\/shahi-gulsah-king-piece-1-1024x1024.png\" class=\"attachment-large size-large wp-image-1074\" alt=\"\" srcset=\"https:\/\/shatranj.art\/wp-content\/uploads\/2026\/02\/shahi-gulsah-king-piece-1-1024x1024.png 1024w, https:\/\/shatranj.art\/wp-content\/uploads\/2026\/02\/shahi-gulsah-king-piece-1-300x300.png 300w, https:\/\/shatranj.art\/wp-content\/uploads\/2026\/02\/shahi-gulsah-king-piece-1-150x150.png 150w, https:\/\/shatranj.art\/wp-content\/uploads\/2026\/02\/shahi-gulsah-king-piece-1-768x768.png 768w, https:\/\/shatranj.art\/wp-content\/uploads\/2026\/02\/shahi-gulsah-king-piece-1-1536x1536.png 1536w, https:\/\/shatranj.art\/wp-content\/uploads\/2026\/02\/shahi-gulsah-king-piece-1-2048x2048.png 2048w\" sizes=\"(max-width: 800px) 100vw, 800px\" \/>\t\t\t\t\t\t\t\t\t\t\t\t\t\t\t<\/div>\n\t\t\t\t<\/div>\n\t\t\t\t<div class=\"elementor-element elementor-element-aa06c95 elementor-widget-tablet__width-inherit elementor-widget elementor-widget-text-editor\" data-id=\"aa06c95\" data-element_type=\"widget\" data-e-type=\"widget\" data-widget_type=\"text-editor.default\">\n\t\t\t\t<div class=\"elementor-widget-container\">\n\t\t\t\t\t\t\t\t\t<p><strong>\u0e04\u0e33\u0e2d\u0e18\u0e34\u0e1a\u0e32\u0e22\u0e41\u0e25\u0e30\u0e21\u0e23\u0e14\u0e01<\/strong><\/p><p>\u0e0a\u0e34\u0e49\u0e19\u0e07\u0e32\u0e19 G\u00fcl\u015fah \u0e21\u0e35\u0e01\u0e32\u0e23\u0e2d\u0e2d\u0e01\u0e41\u0e1a\u0e1a\u0e1c\u0e49\u0e32\u0e42\u0e1e\u0e01\u0e28\u0e35\u0e23\u0e29\u0e30\u0e17\u0e35\u0e48\u0e40\u0e1b\u0e47\u0e19\u0e40\u0e2d\u0e01\u0e25\u0e31\u0e01\u0e29\u0e13\u0e4c\u0e0b\u0e36\u0e48\u0e07\u0e40\u0e1b\u0e47\u0e19\u0e01\u0e32\u0e23\u0e22\u0e01\u0e22\u0e48\u0e2d\u0e07\u0e1a\u0e38\u0e04\u0e04\u0e25\u0e2a\u0e33\u0e04\u0e31\u0e0d\u0e17\u0e32\u0e07\u0e1b\u0e31\u0e0d\u0e0d\u0e32\u0e43\u0e19\u0e1b\u0e23\u0e30\u0e27\u0e31\u0e15\u0e34\u0e28\u0e32\u0e2a\u0e15\u0e23\u0e4c\u0e2b\u0e21\u0e32\u0e01\u0e23\u0e38\u0e01 \u0e40\u0e04\u0e23\u0e37\u0e48\u0e2d\u0e07\u0e2a\u0e27\u0e21\u0e28\u0e35\u0e23\u0e29\u0e30\u0e19\u0e35\u0e49\u0e44\u0e14\u0e49\u0e23\u0e31\u0e1a\u0e41\u0e23\u0e07\u0e1a\u0e31\u0e19\u0e14\u0e32\u0e25\u0e43\u0e08\u0e08\u0e32\u0e01\u0e1c\u0e49\u0e32\u0e42\u0e1e\u0e01\u0e28\u0e35\u0e23\u0e29\u0e30\u0e41\u0e1a\u0e1a\u0e14\u0e31\u0e49\u0e07\u0e40\u0e14\u0e34\u0e21\u0e17\u0e35\u0e48\u0e2a\u0e27\u0e21\u0e43\u0e2a\u0e48\u0e42\u0e14\u0e22\u0e1a\u0e38\u0e04\u0e04\u0e25\u0e2a\u0e33\u0e04\u0e31\u0e0d\u0e40\u0e0a\u0e48\u0e19\u0e1b\u0e23\u0e21\u0e32\u0e08\u0e32\u0e23\u0e22\u0e4c\u0e22\u0e38\u0e04\u0e01\u0e25\u0e32\u0e07 as-Suli \u0e41\u0e25\u0e30 Philipp Stamma \u0e1b\u0e23\u0e21\u0e32\u0e08\u0e32\u0e23\u0e22\u0e4c\u0e41\u0e25\u0e30\u0e19\u0e31\u0e01\u0e41\u0e1b\u0e25\u0e02\u0e2d\u0e07\u0e23\u0e32\u0e0a\u0e27\u0e07\u0e28\u0e4c\u0e43\u0e19\u0e28\u0e15\u0e27\u0e23\u0e23\u0e29\u0e17\u0e35\u0e48 18\u0e40\u0e01\u0e34\u0e14\u0e17\u0e35\u0e48\u0e40\u0e21\u0e37\u0e2d\u0e07\u0e2d\u0e40\u0e25\u0e1b\u0e42\u0e1b\u0e41\u0e25\u0e30\u0e21\u0e35\u0e1a\u0e17\u0e1a\u0e32\u0e17\u0e43\u0e19\u0e28\u0e39\u0e19\u0e22\u0e4c\u0e01\u0e25\u0e32\u0e07\u0e17\u0e32\u0e07\u0e1b\u0e31\u0e0d\u0e0d\u0e32\u0e17\u0e35\u0e48\u0e2a\u0e33\u0e04\u0e31\u0e0d\u0e02\u0e2d\u0e07\u0e25\u0e2d\u0e19\u0e14\u0e2d\u0e19\u0e41\u0e25\u0e30\u0e1b\u0e32\u0e23\u0e35\u0e2a \u0e2a\u0e15\u0e31\u0e21\u0e21\u0e32\u0e40\u0e1b\u0e47\u0e19\u0e1a\u0e38\u0e04\u0e04\u0e25\u0e17\u0e35\u0e48\u0e21\u0e35\u0e04\u0e27\u0e32\u0e21\u0e2b\u0e25\u0e32\u0e01\u0e2b\u0e25\u0e32\u0e22\u0e17\u0e32\u0e07\u0e27\u0e31\u0e12\u0e19\u0e18\u0e23\u0e23\u0e21\u0e2d\u0e22\u0e48\u0e32\u0e07\u0e41\u0e17\u0e49\u0e08\u0e23\u0e34\u0e07 \u0e07\u0e32\u0e19\u0e02\u0e2d\u0e07\u0e40\u0e02\u0e32\u0e43\u0e19\u0e10\u0e32\u0e19\u0e30\u0e25\u0e48\u0e32\u0e21\u0e43\u0e2b\u0e49\u0e01\u0e31\u0e1a\u0e23\u0e31\u0e10\u0e2d\u0e31\u0e07\u0e01\u0e24\u0e29\u0e41\u0e25\u0e30\u0e23\u0e30\u0e1a\u0e1a\u0e01\u0e32\u0e23\u0e1a\u0e31\u0e19\u0e17\u0e36\u0e01\u0e2b\u0e21\u0e32\u0e01\u0e23\u0e38\u0e01\u0e17\u0e35\u0e48\u0e1a\u0e38\u0e01\u0e40\u0e1a\u0e34\u0e01\u0e02\u0e2d\u0e07\u0e40\u0e02\u0e32\u0e44\u0e14\u0e49\u0e40\u0e0a\u0e37\u0e48\u0e2d\u0e21\u0e42\u0e22\u0e07\u0e1b\u0e23\u0e30\u0e40\u0e1e\u0e13\u0e35\u0e15\u0e30\u0e27\u0e31\u0e19\u0e2d\u0e2d\u0e01\u0e41\u0e25\u0e30\u0e15\u0e30\u0e27\u0e31\u0e19\u0e15\u0e01\u0e40\u0e02\u0e49\u0e32\u0e14\u0e49\u0e27\u0e22\u0e01\u0e31\u0e19 \u0e01\u0e32\u0e23\u0e2d\u0e2d\u0e01\u0e41\u0e1a\u0e1a\u0e19\u0e35\u0e49\u0e44\u0e14\u0e49\u0e16\u0e48\u0e32\u0e22\u0e17\u0e2d\u0e14\u0e04\u0e27\u0e32\u0e21\u0e23\u0e39\u0e49\u0e2a\u0e36\u0e01\u0e02\u0e2d\u0e07\u0e1b\u0e31\u0e0d\u0e0d\u0e32\u0e2d\u0e31\u0e19\u0e25\u0e36\u0e01\u0e0b\u0e36\u0e49\u0e07\u0e41\u0e25\u0e30\u0e2d\u0e33\u0e19\u0e32\u0e08\u0e17\u0e32\u0e07\u0e27\u0e34\u0e0a\u0e32\u0e01\u0e32\u0e23\u0e43\u0e2b\u0e49\u0e01\u0e31\u0e1a\u0e0a\u0e34\u0e49\u0e19\u0e07\u0e32\u0e19\u0e19\u0e35\u0e49.<\/p>\t\t\t\t\t\t\t\t<\/div>\n\t\t\t\t<\/div>\n\t\t\t\t<div class=\"elementor-element elementor-element-117e242 elementor-widget elementor-widget-image\" data-id=\"117e242\" data-element_type=\"widget\" data-e-type=\"widget\" data-widget_type=\"image.default\">\n\t\t\t\t<div class=\"elementor-widget-container\">\n\t\t\t\t\t\t\t\t\t\t\t\t\t\t\t<img loading=\"lazy\" decoding=\"async\" width=\"800\" height=\"592\" src=\"https:\/\/shatranj.art\/wp-content\/uploads\/2026\/02\/olive-crown-olympos-1024x758.jpg\" class=\"attachment-large size-large wp-image-1558\" alt=\"\" srcset=\"https:\/\/shatranj.art\/wp-content\/uploads\/2026\/02\/olive-crown-olympos-1024x758.jpg 1024w, https:\/\/shatranj.art\/wp-content\/uploads\/2026\/02\/olive-crown-olympos-300x222.jpg 300w, https:\/\/shatranj.art\/wp-content\/uploads\/2026\/02\/olive-crown-olympos-768x568.jpg 768w, https:\/\/shatranj.art\/wp-content\/uploads\/2026\/02\/olive-crown-olympos-16x12.jpg 16w, https:\/\/shatranj.art\/wp-content\/uploads\/2026\/02\/olive-crown-olympos.jpg 1280w\" sizes=\"(max-width: 800px) 100vw, 800px\" \/>\t\t\t\t\t\t\t\t\t\t\t\t\t\t\t<\/div>\n\t\t\t\t<\/div>\n\t\t\t\t<div class=\"elementor-element elementor-element-07417e4 elementor-widget-tablet__width-inherit elementor-widget elementor-widget-text-editor\" data-id=\"07417e4\" data-element_type=\"widget\" data-e-type=\"widget\" data-widget_type=\"text-editor.default\">\n\t\t\t\t<div class=\"elementor-widget-container\">\n\t\t\t\t\t\t\t\t\t<p><strong>\u0e01\u0e25\u0e35\u0e1a\u0e01\u0e38\u0e2b\u0e25\u0e32\u0e1a\u0e41\u0e25\u0e30\u0e21\u0e07\u0e01\u0e38\u0e0e\u0e21\u0e30\u0e01\u0e2d\u0e01\u0e41\u0e2b\u0e48\u0e07\u0e42\u0e2d\u0e25\u0e34\u0e21\u0e1b\u0e2d\u0e2a<\/strong><\/p><p>\u0e21\u0e07\u0e01\u0e38\u0e0e\u0e02\u0e2d\u0e07\u0e0a\u0e34\u0e49\u0e19\u0e2a\u0e48\u0e27\u0e19\u0e01\u0e29\u0e31\u0e15\u0e23\u0e34\u0e22\u0e4c \u015eAH\u00ce \u0e1b\u0e23\u0e30\u0e14\u0e31\u0e1a\u0e14\u0e49\u0e27\u0e22\u0e01\u0e25\u0e35\u0e1a\u0e01\u0e38\u0e2b\u0e25\u0e32\u0e1a\u0e17\u0e35\u0e48\u0e40\u0e1b\u0e47\u0e19\u0e2a\u0e31\u0e0d\u0e25\u0e31\u0e01\u0e29\u0e13\u0e4c\u0e02\u0e2d\u0e07\u0e04\u0e27\u0e32\u0e21\u0e07\u0e32\u0e21\u0e41\u0e25\u0e30\u0e04\u0e27\u0e32\u0e21\u0e40\u0e1b\u0e23\u0e32\u0e30\u0e1a\u0e32\u0e07\u0e02\u0e2d\u0e07\u0e0a\u0e35\u0e27\u0e34\u0e15\u2014\u0e2a\u0e16\u0e32\u0e19\u0e30\u0e2d\u0e31\u0e19\u0e25\u0e49\u0e33\u0e04\u0e48\u0e32\u0e17\u0e35\u0e48\u0e15\u0e49\u0e2d\u0e07\u0e44\u0e14\u0e49\u0e23\u0e31\u0e1a\u0e01\u0e32\u0e23\u0e1b\u0e01\u0e1b\u0e49\u0e2d\u0e07\u0e2d\u0e22\u0e48\u0e32\u0e07\u0e40\u0e02\u0e49\u0e21\u0e41\u0e02\u0e47\u0e07 \u0e40\u0e0a\u0e48\u0e19\u0e40\u0e14\u0e35\u0e22\u0e27\u0e01\u0e31\u0e1a\u0e17\u0e35\u0e48\u0e01\u0e29\u0e31\u0e15\u0e23\u0e34\u0e22\u0e4c\u0e44\u0e14\u0e49\u0e23\u0e31\u0e1a\u0e01\u0e32\u0e23\u0e1b\u0e01\u0e1b\u0e49\u0e2d\u0e07\u0e1a\u0e19\u0e01\u0e23\u0e30\u0e14\u0e32\u0e19\u0e2b\u0e21\u0e32\u0e01\u0e23\u0e38\u0e01\u0e40\u0e1e\u0e37\u0e48\u0e2d\u0e1b\u0e49\u0e2d\u0e07\u0e01\u0e31\u0e19\u0e01\u0e32\u0e23\u0e16\u0e39\u0e01\u0e40\u0e0a\u0e47\u0e01\u0e40\u0e21\u0e17 \u0e01\u0e32\u0e23\u0e2d\u0e2d\u0e01\u0e41\u0e1a\u0e1a\u0e19\u0e35\u0e49\u0e44\u0e14\u0e49\u0e23\u0e31\u0e1a\u0e41\u0e23\u0e07\u0e1a\u0e31\u0e19\u0e14\u0e32\u0e25\u0e43\u0e08\u0e40\u0e1e\u0e34\u0e48\u0e21\u0e40\u0e15\u0e34\u0e21\u0e08\u0e32\u0e01\u0e21\u0e07\u0e01\u0e38\u0e0e\u0e21\u0e30\u0e01\u0e2d\u0e01\u0e41\u0e2b\u0e48\u0e07\u0e42\u0e2d\u0e25\u0e34\u0e21\u0e1b\u0e31\u0e2a \u0e40\u0e0a\u0e37\u0e48\u0e2d\u0e21\u0e42\u0e22\u0e07\u0e01\u0e32\u0e23\u0e41\u0e2a\u0e27\u0e07\u0e2b\u0e32\u0e0a\u0e31\u0e22\u0e0a\u0e19\u0e30\u0e43\u0e19\u0e1b\u0e23\u0e30\u0e27\u0e31\u0e15\u0e34\u0e28\u0e32\u0e2a\u0e15\u0e23\u0e4c\u0e01\u0e31\u0e1a\u0e01\u0e32\u0e23\u0e23\u0e31\u0e01\u0e29\u0e32\u0e18\u0e23\u0e23\u0e21\u0e0a\u0e32\u0e15\u0e34\u0e2d\u0e31\u0e19\u0e25\u0e30\u0e40\u0e2d\u0e35\u0e22\u0e14\u0e2d\u0e48\u0e2d\u0e19\u0e02\u0e2d\u0e07\u0e0a\u0e35\u0e27\u0e34\u0e15.<\/p>\t\t\t\t\t\t\t\t<\/div>\n\t\t\t\t<\/div>\n\t\t\t\t<\/div>\n\t\t<div class=\"elementor-element elementor-element-2d81034 e-con-full e-flex e-con e-child\" data-id=\"2d81034\" data-element_type=\"container\" data-e-type=\"container\">\n\t\t\t\t<div class=\"elementor-element elementor-element-71345be elementor-widget elementor-widget-image\" data-id=\"71345be\" data-element_type=\"widget\" data-e-type=\"widget\" data-widget_type=\"image.default\">\n\t\t\t\t<div class=\"elementor-widget-container\">\n\t\t\t\t\t\t\t\t\t\t\t\t\t\t\t<img loading=\"lazy\" decoding=\"async\" width=\"600\" height=\"800\" src=\"https:\/\/shatranj.art\/wp-content\/uploads\/2026\/02\/suli-statue.jpg\" class=\"attachment-large size-large wp-image-1075\" alt=\"\" srcset=\"https:\/\/shatranj.art\/wp-content\/uploads\/2026\/02\/suli-statue.jpg 600w, https:\/\/shatranj.art\/wp-content\/uploads\/2026\/02\/suli-statue-225x300.jpg 225w\" sizes=\"(max-width: 600px) 100vw, 600px\" \/>\t\t\t\t\t\t\t\t\t\t\t\t\t\t\t<\/div>\n\t\t\t\t<\/div>\n\t\t\t\t<div class=\"elementor-element elementor-element-1f7e824 elementor-widget-tablet__width-inherit elementor-widget elementor-widget-text-editor\" data-id=\"1f7e824\" data-element_type=\"widget\" data-e-type=\"widget\" data-widget_type=\"text-editor.default\">\n\t\t\t\t<div class=\"elementor-widget-container\">\n\t\t\t\t\t\t\t\t\t<p><strong>\u0e21\u0e23\u0e14\u0e01\u0e41\u0e2b\u0e48\u0e07\u0e01\u0e32\u0e23\u0e15\u0e23\u0e31\u0e2a\u0e23\u0e39\u0e49<\/strong><br \/><strong>\u0e21\u0e23\u0e14\u0e01\u0e40\u0e23\u0e2d\u0e2d\u0e07\u0e0b\u0e4c\u0e43\u0e19\u0e0a\u0e38\u0e14 \u015eah\u00ee<\/strong><\/p><p>\u00a0<\/p><p>\u0e0a\u0e38\u0e14\u0e2b\u0e21\u0e32\u0e01\u0e23\u0e38\u0e01\u0e1d\u0e23\u0e31\u0e48\u0e07\u0e40\u0e28\u0e2a\u0e22\u0e38\u0e04\u0e40\u0e23\u0e2d\u0e2d\u0e07\u0e0b\u0e4c\u0e40\u0e1b\u0e47\u0e19\u0e2a\u0e31\u0e0d\u0e25\u0e31\u0e01\u0e29\u0e13\u0e4c\u0e02\u0e2d\u0e07\u0e22\u0e38\u0e04\u0e41\u0e2b\u0e48\u0e07\u0e01\u0e32\u0e23\u0e15\u0e23\u0e31\u0e2a\u0e23\u0e39\u0e49 \u0e0b\u0e36\u0e48\u0e07\u0e40\u0e1b\u0e47\u0e19\u0e22\u0e38\u0e04\u0e17\u0e35\u0e48\u0e19\u0e34\u0e22\u0e32\u0e21\u0e14\u0e49\u0e27\u0e22\u0e04\u0e27\u0e32\u0e21\u0e21\u0e35\u0e40\u0e2b\u0e15\u0e38\u0e1c\u0e25\u0e41\u0e25\u0e30\u0e01\u0e32\u0e23\u0e41\u0e2a\u0e27\u0e07\u0e2b\u0e32\u0e04\u0e27\u0e32\u0e21\u0e23\u0e39\u0e49 \u0e16\u0e39\u0e01\u0e40\u0e25\u0e48\u0e19\u0e42\u0e14\u0e22\u0e1a\u0e38\u0e04\u0e04\u0e25\u0e2a\u0e33\u0e04\u0e31\u0e0d\u0e17\u0e32\u0e07\u0e1b\u0e23\u0e30\u0e27\u0e31\u0e15\u0e34\u0e28\u0e32\u0e2a\u0e15\u0e23\u0e4c \u0e40\u0e0a\u0e48\u0e19 \u0e40\u0e1a\u0e19\u0e08\u0e32\u0e21\u0e34\u0e19 \u0e41\u0e1f\u0e23\u0e07\u0e04\u0e25\u0e34\u0e19, \u0e19\u0e42\u0e1b\u0e40\u0e25\u0e35\u0e22\u0e19 \u0e42\u0e1a\u0e19\u0e32\u0e1b\u0e32\u0e23\u0e4c\u0e15 \u0e41\u0e25\u0e30\u0e1b\u0e23\u0e21\u0e32\u0e08\u0e32\u0e23\u0e22\u0e4c\u0e1f\u0e34\u0e25\u0e34\u0e14\u0e2d\u0e23\u0e4c \u0e17\u0e35\u0e48\u0e04\u0e32\u0e40\u0e1f\u0e48\u0e40\u0e14\u0e2d\u0e25\u0e32\u0e40\u0e23\u0e2d\u0e2d\u0e07\u0e0b\u0e4c\u0e2d\u0e31\u0e19\u0e42\u0e14\u0e48\u0e07\u0e14\u0e31\u0e07 \u0e0a\u0e38\u0e14\u0e19\u0e35\u0e49\u0e01\u0e25\u0e32\u0e22\u0e40\u0e1b\u0e47\u0e19\u0e21\u0e32\u0e15\u0e23\u0e10\u0e32\u0e19\u0e2a\u0e33\u0e2b\u0e23\u0e31\u0e1a\u0e01\u0e32\u0e23\u0e41\u0e02\u0e48\u0e07\u0e02\u0e31\u0e19\u0e17\u0e32\u0e07\u0e1b\u0e31\u0e0d\u0e0d\u0e32\u0e0a\u0e38\u0e14\u0e2b\u0e21\u0e32\u0e01\u0e23\u0e38\u0e01 \u015eah\u00ee \u0e44\u0e14\u0e49\u0e15\u0e31\u0e49\u0e07\u0e43\u0e08\u0e23\u0e31\u0e01\u0e29\u0e32\u0e44\u0e27\u0e49\u0e0b\u0e36\u0e48\u0e07\u0e21\u0e23\u0e14\u0e01\u0e17\u0e32\u0e07\u0e27\u0e31\u0e12\u0e19\u0e18\u0e23\u0e23\u0e21\u0e19\u0e35\u0e49 \u0e14\u0e49\u0e27\u0e22\u0e01\u0e32\u0e23\u0e19\u0e33\u0e41\u0e23\u0e07\u0e1a\u0e31\u0e19\u0e14\u0e32\u0e25\u0e43\u0e08\u0e08\u0e32\u0e01\u0e25\u0e27\u0e14\u0e25\u0e32\u0e22\u0e14\u0e2d\u0e01\u0e44\u0e21\u0e49\u0e02\u0e2d\u0e07\u0e01\u0e29\u0e31\u0e15\u0e23\u0e34\u0e22\u0e4c\u0e40\u0e23\u0e2d\u0e2d\u0e07\u0e2a\u0e4c\u0e21\u0e32\u0e43\u0e0a\u0e49\u0e01\u0e31\u0e1a\u0e15\u0e31\u0e27\u0e2b\u0e21\u0e32\u0e01 \"\u0e01\u0e39\u0e25\u0e0a\u0e32\u0e2b\u0e4c\" \u0e0a\u0e38\u0e14 \u015eah\u00ee \u0e44\u0e14\u0e49\u0e40\u0e0a\u0e37\u0e48\u0e2d\u0e21\u0e42\u0e22\u0e07\u0e04\u0e27\u0e32\u0e21\u0e2a\u0e07\u0e48\u0e32\u0e02\u0e2d\u0e07\u0e22\u0e38\u0e42\u0e23\u0e1b\u0e43\u0e19\u0e28\u0e15\u0e27\u0e23\u0e23\u0e29\u0e17\u0e35\u0e48 18 \u0e01\u0e31\u0e1a\u0e1b\u0e23\u0e30\u0e40\u0e1e\u0e13\u0e35\u0e17\u0e32\u0e07\u0e27\u0e34\u0e0a\u0e32\u0e01\u0e32\u0e23\u0e17\u0e35\u0e48\u0e25\u0e36\u0e01\u0e0b\u0e36\u0e49\u0e07\u0e02\u0e2d\u0e07\u0e15\u0e30\u0e27\u0e31\u0e19\u0e2d\u0e2d\u0e01 \u0e1e\u0e23\u0e49\u0e2d\u0e21\u0e17\u0e31\u0e49\u0e07\u0e43\u0e2b\u0e49\u0e40\u0e01\u0e35\u0e22\u0e23\u0e15\u0e34\u0e41\u0e01\u0e48\u0e1a\u0e23\u0e23\u0e14\u0e32\u0e1b\u0e23\u0e21\u0e32\u0e08\u0e32\u0e23\u0e22\u0e4c\u0e17\u0e35\u0e48\u0e44\u0e14\u0e49\u0e01\u0e33\u0e2b\u0e19\u0e14\u0e22\u0e38\u0e04\u0e17\u0e2d\u0e07\u0e02\u0e2d\u0e07\u0e40\u0e01\u0e21\u0e2b\u0e21\u0e32\u0e01\u0e23\u0e38\u0e01\u0e44\u0e27\u0e49.<\/p>\t\t\t\t\t\t\t\t<\/div>\n\t\t\t\t<\/div>\n\t\t\t\t<\/div>\n\t\t\t\t<\/div>\n\t\t\t\t\t<\/div>\n\t\t\t\t<\/div>\n\t\t\t\t<\/div>","protected":false},"excerpt":{"rendered":"<p>\u015eAH\u00ce set monarch\/king\/shah piece: G\u00fcl\u015fah G\u00fcl\u015fah represents the wisdom of the headwrap, the sanctity and authority of the dome, and rose as a symbol of life and beauty, which must be protected from checkmate. The dome draws inspiration from iconic structures like the Hagia Sophia, the Pantheon, and MIT. The headwrap reflects the intellectual legacy [&hellip;]<\/p>\n","protected":false},"author":1,"featured_media":0,"parent":743,"menu_order":0,"comment_status":"closed","ping_status":"closed","template":"","meta":{"footnotes":""},"class_list":["post-1068","page","type-page","status-publish","hentry"],"_links":{"self":[{"href":"https:\/\/shatranj.art\/th\/wp-json\/wp\/v2\/pages\/1068","targetHints":{"allow":["GET"]}}],"collection":[{"href":"https:\/\/shatranj.art\/th\/wp-json\/wp\/v2\/pages"}],"about":[{"href":"https:\/\/shatranj.art\/th\/wp-json\/wp\/v2\/types\/page"}],"author":[{"embeddable":true,"href":"https:\/\/shatranj.art\/th\/wp-json\/wp\/v2\/users\/1"}],"replies":[{"embeddable":true,"href":"https:\/\/shatranj.art\/th\/wp-json\/wp\/v2\/comments?post=1068"}],"version-history":[{"count":10,"href":"https:\/\/shatranj.art\/th\/wp-json\/wp\/v2\/pages\/1068\/revisions"}],"predecessor-version":[{"id":1561,"href":"https:\/\/shatranj.art\/th\/wp-json\/wp\/v2\/pages\/1068\/revisions\/1561"}],"up":[{"embeddable":true,"href":"https:\/\/shatranj.art\/th\/wp-json\/wp\/v2\/pages\/743"}],"wp:attachment":[{"href":"https:\/\/shatranj.art\/th\/wp-json\/wp\/v2\/media?parent=1068"}],"curies":[{"name":"wp","href":"https:\/\/api.w.org\/{rel}","templated":true}]}}