{"id":809,"date":"2026-02-21T19:53:54","date_gmt":"2026-02-21T19:53:54","guid":{"rendered":"https:\/\/shatranj.art\/?page_id=809"},"modified":"2026-03-18T00:05:44","modified_gmt":"2026-03-18T00:05:44","slug":"poster-7","status":"publish","type":"page","link":"https:\/\/shatranj.art\/th\/exhibit\/poster-7\/","title":{"rendered":"\u0e42\u0e1b\u0e2a\u0e40\u0e15\u0e2d\u0e23\u0e4c 7"},"content":{"rendered":"<div data-elementor-type=\"wp-page\" data-elementor-id=\"809\" class=\"elementor elementor-809\" data-elementor-post-type=\"page\">\n\t\t\t\t<div class=\"elementor-element elementor-element-fa6cd04 e-flex e-con-boxed e-con e-parent\" data-id=\"fa6cd04\" data-element_type=\"container\" data-e-type=\"container\" data-settings=\"{&quot;background_background&quot;:&quot;classic&quot;}\">\n\t\t\t\t\t<div class=\"e-con-inner\">\n\t\t\t\t<div class=\"elementor-element elementor-element-5c7bc28 elementor-widget elementor-widget-image\" data-id=\"5c7bc28\" data-element_type=\"widget\" data-e-type=\"widget\" data-widget_type=\"image.default\">\n\t\t\t\t<div class=\"elementor-widget-container\">\n\t\t\t\t\t\t\t\t\t\t\t\t\t\t\t<img fetchpriority=\"high\" decoding=\"async\" width=\"1968\" height=\"1288\" src=\"https:\/\/shatranj.art\/wp-content\/uploads\/2026\/02\/7.jpg\" class=\"attachment-full size-full wp-image-812\" alt=\"\" srcset=\"https:\/\/shatranj.art\/wp-content\/uploads\/2026\/02\/7.jpg 1968w, https:\/\/shatranj.art\/wp-content\/uploads\/2026\/02\/7-300x196.jpg 300w, https:\/\/shatranj.art\/wp-content\/uploads\/2026\/02\/7-1024x670.jpg 1024w, https:\/\/shatranj.art\/wp-content\/uploads\/2026\/02\/7-768x503.jpg 768w, https:\/\/shatranj.art\/wp-content\/uploads\/2026\/02\/7-1536x1005.jpg 1536w\" sizes=\"(max-width: 1968px) 100vw, 1968px\" \/>\t\t\t\t\t\t\t\t\t\t\t\t\t\t\t<\/div>\n\t\t\t\t<\/div>\n\t\t\t\t<div class=\"elementor-element elementor-element-a06796b elementor-widget elementor-widget-text-editor\" data-id=\"a06796b\" data-element_type=\"widget\" data-e-type=\"widget\" data-widget_type=\"text-editor.default\">\n\t\t\t\t<div class=\"elementor-widget-container\">\n\t\t\t\t\t\t\t\t\t<h3><b>\u0e2a\u0e38\u0e19\u0e17\u0e23\u0e35\u0e22\u0e28\u0e32\u0e2a\u0e15\u0e23\u0e4c\u0e41\u0e2b\u0e48\u0e07\u0e22\u0e38\u0e04\u0e41\u0e2b\u0e48\u0e07\u0e01\u0e32\u0e23\u0e15\u0e23\u0e31\u0e2a\u0e23\u0e39\u0e49: \u0e21\u0e23\u0e14\u0e01\u0e22\u0e38\u0e04\u0e40\u0e23\u0e2d\u0e2d\u0e07\u0e0b\u0e4c\u0e02\u0e2d\u0e07\u0e1f\u0e35\u0e25\u0e34\u0e14\u0e2d\u0e23\u0e4c\u0e41\u0e25\u0e30\u0e19\u0e42\u0e1b\u0e40\u0e25\u0e35\u0e22\u0e19<\/b><\/h3><p>\u0e43\u0e19\u0e10\u0e32\u0e19\u0e30\u0e2b\u0e19\u0e36\u0e48\u0e07\u0e43\u0e19\u0e14\u0e35\u0e44\u0e0b\u0e19\u0e4c\u0e17\u0e35\u0e48\u0e17\u0e23\u0e07\u0e40\u0e01\u0e35\u0e22\u0e23\u0e15\u0e34\u0e41\u0e25\u0e30\u0e42\u0e14\u0e14\u0e40\u0e14\u0e48\u0e19\u0e17\u0e35\u0e48\u0e2a\u0e38\u0e14\u0e43\u0e19\u0e1b\u0e23\u0e30\u0e27\u0e31\u0e15\u0e34\u0e28\u0e32\u0e2a\u0e15\u0e23\u0e4c\u0e2b\u0e21\u0e32\u0e01\u0e23\u0e38\u0e01 \u0e2a\u0e44\u0e15\u0e25\u0e4c\u0e40\u0e23\u0e2d\u0e2d\u0e07\u0e0b\u0e4c\u0e44\u0e14\u0e49\u0e23\u0e31\u0e1a\u0e0a\u0e37\u0e48\u0e2d\u0e08\u0e32\u0e01\u0e04\u0e32\u0e40\u0e1f\u0e48\u0e43\u0e19\u0e15\u0e33\u0e19\u0e32\u0e19 Caf\u00e9 de la R\u00e9gence \u0e43\u0e19\u0e01\u0e23\u0e38\u0e07\u0e1b\u0e32\u0e23\u0e35\u0e2a \u0e0a\u0e38\u0e14\u0e2b\u0e21\u0e32\u0e01\u0e23\u0e38\u0e01\u0e40\u0e2b\u0e25\u0e48\u0e32\u0e19\u0e35\u0e49\u0e2a\u0e30\u0e17\u0e49\u0e2d\u0e19\u0e16\u0e36\u0e07\u0e22\u0e38\u0e04\u0e2a\u0e21\u0e31\u0e22\u0e17\u0e35\u0e48\u0e2b\u0e21\u0e32\u0e01\u0e23\u0e38\u0e01\u0e44\u0e14\u0e49\u0e22\u0e49\u0e32\u0e22\u0e08\u0e32\u0e01\u0e23\u0e32\u0e0a\u0e2a\u0e33\u0e19\u0e31\u0e01\u0e44\u0e1b\u0e2a\u0e39\u0e48\u0e2b\u0e31\u0e27\u0e43\u0e08\u0e17\u0e32\u0e07\u0e1b\u0e31\u0e0d\u0e0d\u0e32\u0e02\u0e2d\u0e07\u0e22\u0e38\u0e42\u0e23\u0e1b \u0e1b\u0e23\u0e30\u0e14\u0e31\u0e1a\u0e42\u0e15\u0e4a\u0e30\u0e02\u0e2d\u0e07\u0e19\u0e31\u0e01\u0e1b\u0e23\u0e31\u0e0a\u0e0d\u0e32 \u0e19\u0e31\u0e01\u0e27\u0e34\u0e17\u0e22\u0e32\u0e28\u0e32\u0e2a\u0e15\u0e23\u0e4c \u0e41\u0e25\u0e30\u0e19\u0e31\u0e01\u0e1b\u0e0f\u0e34\u0e27\u0e31\u0e15\u0e34\u0e15\u0e25\u0e2d\u0e14\u0e28\u0e15\u0e27\u0e23\u0e23\u0e29\u0e17\u0e35\u0e48 18 \u0e41\u0e25\u0e30\u0e2a\u0e48\u0e27\u0e19\u0e43\u0e2b\u0e0d\u0e48\u0e02\u0e2d\u0e07\u0e28\u0e15\u0e27\u0e23\u0e23\u0e29\u0e17\u0e35\u0e48 19 \u0e01\u0e32\u0e23\u0e2d\u0e2d\u0e01\u0e41\u0e1a\u0e1a\u0e19\u0e35\u0e49\u0e17\u0e33\u0e2b\u0e19\u0e49\u0e32\u0e17\u0e35\u0e48\u0e40\u0e1b\u0e47\u0e19\u0e20\u0e32\u0e29\u0e32\u0e2a\u0e32\u0e01\u0e25\u0e02\u0e2d\u0e07\u0e40\u0e01\u0e21 \u0e40\u0e1b\u0e47\u0e19\u0e1e\u0e22\u0e32\u0e19\u0e43\u0e19\u0e01\u0e32\u0e23\u0e40\u0e04\u0e25\u0e37\u0e48\u0e2d\u0e19\u0e44\u0e2b\u0e27\u0e40\u0e0a\u0e34\u0e07\u0e01\u0e25\u0e22\u0e38\u0e17\u0e18\u0e4c\u0e02\u0e2d\u0e07\u0e08\u0e34\u0e15\u0e43\u0e08\u0e17\u0e35\u0e48\u0e40\u0e1b\u0e25\u0e35\u0e48\u0e22\u0e19\u0e40\u0e2a\u0e49\u0e19\u0e17\u0e32\u0e07\u0e02\u0e2d\u0e07\u0e1b\u0e23\u0e30\u0e27\u0e31\u0e15\u0e34\u0e28\u0e32\u0e2a\u0e15\u0e23\u0e4c \u0e40\u0e0a\u0e48\u0e19 \u0e19\u0e42\u0e1b\u0e40\u0e25\u0e35\u0e22\u0e19 \u0e42\u0e1a\u0e19\u0e32\u0e1b\u0e32\u0e23\u0e4c\u0e15 \u0e40\u0e1a\u0e19\u0e08\u0e32\u0e21\u0e34\u0e19 \u0e41\u0e1f\u0e23\u0e07\u0e04\u0e25\u0e34\u0e19 \u0e41\u0e25\u0e30\u0e27\u0e2d\u0e25\u0e41\u0e15\u0e23\u0e4c.<\/p><p><span style=\"font-weight: 400;\">\u0e43\u0e19\u0e22\u0e38\u0e04\u0e2a\u0e21\u0e31\u0e22\u0e19\u0e35\u0e49 \u0e40\u0e21\u0e37\u0e48\u0e2d\u0e1b\u0e23\u0e21\u0e32\u0e08\u0e32\u0e23\u0e22\u0e4c\u0e1c\u0e39\u0e49\u0e22\u0e34\u0e48\u0e07\u0e43\u0e2b\u0e0d\u0e48 \u0e1f\u0e23\u0e2d\u0e07\u0e0b\u0e31\u0e27\u0e2a\u0e4c-\u0e2d\u0e47\u0e2d\u0e07\u0e40\u0e14\u0e23 \u0e14\u0e32\u0e40\u0e19\u0e35\u0e22\u0e07 \u0e1f\u0e34\u0e25\u0e34\u0e42\u0e14\u0e23\u0e4c \u0e44\u0e14\u0e49\u0e21\u0e2d\u0e1a\u0e23\u0e32\u0e01\u0e10\u0e32\u0e19\u0e17\u0e32\u0e07\u0e17\u0e24\u0e29\u0e0e\u0e35\u0e2a\u0e21\u0e31\u0e22\u0e43\u0e2b\u0e21\u0e48\u0e43\u0e2b\u0e49\u0e01\u0e31\u0e1a\u0e40\u0e01\u0e21 \u0e42\u0e14\u0e22\u0e1b\u0e23\u0e30\u0e01\u0e32\u0e28\u0e27\u0e48\u0e32 <\/span><b>\u201c\u0e40\u0e1a\u0e35\u0e49\u0e22\u0e04\u0e37\u0e2d\u0e08\u0e34\u0e15\u0e27\u0e34\u0e0d\u0e0d\u0e32\u0e13\u0e02\u0e2d\u0e07\u0e2b\u0e21\u0e32\u0e01\u0e23\u0e38\u0e01\u201d<\/b> \u0e40\u0e2a\u0e49\u0e19\u0e2a\u0e32\u0e22\u0e17\u0e35\u0e48\u0e40\u0e1e\u0e23\u0e35\u0e22\u0e27\u0e1a\u0e32\u0e07 \u0e40\u0e1b\u0e47\u0e19\u0e0a\u0e31\u0e49\u0e19 \u0e46 \u0e41\u0e25\u0e30\u0e21\u0e35\u0e25\u0e31\u0e01\u0e29\u0e13\u0e30\u0e2a\u0e16\u0e32\u0e1b\u0e31\u0e15\u0e22\u0e01\u0e23\u0e23\u0e21\u0e02\u0e2d\u0e07\u0e0a\u0e34\u0e49\u0e19\u0e07\u0e32\u0e19\u0e2a\u0e44\u0e15\u0e25\u0e4c\u0e40\u0e23\u0e2d\u0e2d\u0e07\u0e0b\u0e4c\u0e44\u0e14\u0e49\u0e01\u0e25\u0e32\u0e22\u0e40\u0e1b\u0e47\u0e19\u0e40\u0e2d\u0e01\u0e25\u0e31\u0e01\u0e29\u0e13\u0e4c\u0e17\u0e32\u0e07\u0e2a\u0e32\u0e22\u0e15\u0e32\u0e02\u0e2d\u0e07\u0e01\u0e32\u0e23\u0e1b\u0e0f\u0e34\u0e27\u0e31\u0e15\u0e34\u0e17\u0e32\u0e07\u0e1b\u0e31\u0e0d\u0e0d\u0e32\u0e04\u0e23\u0e31\u0e49\u0e07\u0e19\u0e35\u0e49 \u0e0a\u0e38\u0e14\u0e19\u0e35\u0e49\u0e22\u0e37\u0e19\u0e2b\u0e22\u0e31\u0e14\u0e40\u0e1b\u0e47\u0e19\u0e04\u0e27\u0e32\u0e21\u0e17\u0e23\u0e07\u0e08\u0e33\u0e17\u0e35\u0e48\u0e21\u0e35\u0e0a\u0e35\u0e27\u0e34\u0e15 \u0e19\u0e33\u0e1e\u0e32\u0e04\u0e27\u0e32\u0e21\u0e2d\u0e34\u0e2a\u0e23\u0e30 \u0e04\u0e27\u0e32\u0e21\u0e2a\u0e07\u0e48\u0e32\u0e07\u0e32\u0e21 \u0e41\u0e25\u0e30\u0e01\u0e25\u0e22\u0e38\u0e17\u0e18\u0e4c\u0e02\u0e2d\u0e07\u0e22\u0e38\u0e04\u0e41\u0e2b\u0e48\u0e07\u0e01\u0e32\u0e23\u0e23\u0e39\u0e49\u0e41\u0e08\u0e49\u0e07\u0e21\u0e32\u0e2a\u0e39\u0e48\u0e1b\u0e31\u0e08\u0e08\u0e38\u0e1a\u0e31\u0e19.<\/p>\t\t\t\t\t\t\t\t<\/div>\n\t\t\t\t<\/div>\n\t\t\t\t<div class=\"elementor-element elementor-element-9452bb3 elementor-widget elementor-widget-image\" data-id=\"9452bb3\" data-element_type=\"widget\" data-e-type=\"widget\" data-widget_type=\"image.default\">\n\t\t\t\t<div class=\"elementor-widget-container\">\n\t\t\t\t\t\t\t\t\t\t\t\t\t\t\t<img decoding=\"async\" width=\"1873\" height=\"1232\" src=\"https:\/\/shatranj.art\/wp-content\/uploads\/2026\/02\/7-1.jpg\" class=\"attachment-full size-full wp-image-813\" alt=\"\" srcset=\"https:\/\/shatranj.art\/wp-content\/uploads\/2026\/02\/7-1.jpg 1873w, https:\/\/shatranj.art\/wp-content\/uploads\/2026\/02\/7-1-300x197.jpg 300w, https:\/\/shatranj.art\/wp-content\/uploads\/2026\/02\/7-1-1024x674.jpg 1024w, https:\/\/shatranj.art\/wp-content\/uploads\/2026\/02\/7-1-768x505.jpg 768w, https:\/\/shatranj.art\/wp-content\/uploads\/2026\/02\/7-1-1536x1010.jpg 1536w\" sizes=\"(max-width: 1873px) 100vw, 1873px\" \/>\t\t\t\t\t\t\t\t\t\t\t\t\t\t\t<\/div>\n\t\t\t\t<\/div>\n\t\t\t\t<div class=\"elementor-element elementor-element-cae2144 elementor-widget elementor-widget-text-editor\" data-id=\"cae2144\" data-element_type=\"widget\" data-e-type=\"widget\" data-widget_type=\"text-editor.default\">\n\t\t\t\t<div class=\"elementor-widget-container\">\n\t\t\t\t\t\t\t\t\t<h3><b>\u0e0a\u0e38\u0e14\u0e2b\u0e21\u0e32\u0e01\u0e23\u0e38\u0e01\u0e41\u0e1a\u0e1a\u0e40\u0e23\u0e40\u0e08\u0e19\u0e0b\u0e4c\u0e02\u0e2d\u0e07\u0e2a\u0e21\u0e32\u0e04\u0e21\u0e2b\u0e21\u0e32\u0e01\u0e23\u0e38\u0e01\u0e2d\u0e34\u0e2a\u0e15\u0e31\u0e19\u0e1a\u0e39\u0e25 \u0e2a\u0e21\u0e32\u0e0a\u0e34\u0e01\u0e1c\u0e39\u0e49\u0e01\u0e48\u0e2d\u0e15\u0e31\u0e49\u0e07 \u0e28\u0e32\u0e2a\u0e15\u0e23\u0e32\u0e08\u0e32\u0e23\u0e22\u0e4c \u0e14\u0e23. \u0e2d\u0e32\u0e2b\u0e4c\u0e40\u0e21\u0e15 \u0e40\u0e15\u0e1f\u0e1f\u0e34\u0e01 \u0e22\u0e39\u0e40\u0e0b\u0e42\u0e0b\u0e22 (\u0e17\u0e33\u0e08\u0e32\u0e01\u0e44\u0e21\u0e49\u0e1a\u0e4a\u0e2d\u0e01\u0e0b\u0e4c\u0e27\u0e39\u0e14)<\/b><\/h3><p>\u0e04\u0e38\u0e13\u0e2a\u0e32\u0e21\u0e32\u0e23\u0e16\u0e14\u0e39\u0e20\u0e32\u0e1e\u0e16\u0e48\u0e32\u0e22\u0e0a\u0e38\u0e14\u0e2b\u0e21\u0e32\u0e01\u0e23\u0e38\u0e01\u0e41\u0e25\u0e30\u0e08\u0e14\u0e2b\u0e21\u0e32\u0e22\u0e1b\u0e23\u0e30\u0e01\u0e2d\u0e1a\u0e08\u0e32\u0e01\u0e04\u0e38\u0e13 A. Do\u011fan G\u00fcnsav \u0e16\u0e36\u0e07\u0e04\u0e38\u0e13 Serta\u00e7 Dalk\u0131ran \u0e44\u0e14\u0e49\u0e14\u0e49\u0e32\u0e19\u0e25\u0e48\u0e32\u0e07\u0e19\u0e35\u0e49 G\u00fcnsav \u0e40\u0e25\u0e48\u0e32\u0e27\u0e48\u0e32\u0e0a\u0e38\u0e14\u0e2b\u0e21\u0e32\u0e01\u0e23\u0e38\u0e01\u0e19\u0e35\u0e49\u0e44\u0e14\u0e49\u0e23\u0e31\u0e1a\u0e40\u0e1b\u0e47\u0e19\u0e02\u0e2d\u0e07\u0e02\u0e27\u0e31\u0e0d\u0e08\u0e32\u0e01\u0e04\u0e23\u0e2d\u0e1a\u0e04\u0e23\u0e31\u0e27\u0e02\u0e2d\u0e07\u0e28\u0e32\u0e2a\u0e15\u0e23\u0e32\u0e08\u0e32\u0e23\u0e22\u0e4c Yucesoy \u0e2b\u0e25\u0e31\u0e07\u0e08\u0e32\u0e01\u0e17\u0e35\u0e48\u0e40\u0e02\u0e32\u0e40\u0e2a\u0e35\u0e22\u0e0a\u0e35\u0e27\u0e34\u0e15.<\/p>\t\t\t\t\t\t\t\t<\/div>\n\t\t\t\t<\/div>\n\t\t\t\t<div class=\"elementor-element elementor-element-60a889e elementor-widget elementor-widget-image\" data-id=\"60a889e\" data-element_type=\"widget\" data-e-type=\"widget\" data-widget_type=\"image.default\">\n\t\t\t\t<div class=\"elementor-widget-container\">\n\t\t\t\t\t\t\t\t\t\t\t\t\t\t\t<img decoding=\"async\" width=\"2560\" height=\"1920\" src=\"https:\/\/shatranj.art\/wp-content\/uploads\/2026\/03\/ISD-Kurucu-uyesi-Prof.-Dr.-Ahmet-Tevfik-Yucesoyun-asirlik-simsir-agacindan-yapilmis-Rejans-Modeli-satranc-takimi-scaled.jpg\" class=\"attachment-full size-full wp-image-1885\" alt=\"\" srcset=\"https:\/\/shatranj.art\/wp-content\/uploads\/2026\/03\/ISD-Kurucu-uyesi-Prof.-Dr.-Ahmet-Tevfik-Yucesoyun-asirlik-simsir-agacindan-yapilmis-Rejans-Modeli-satranc-takimi-scaled.jpg 2560w, https:\/\/shatranj.art\/wp-content\/uploads\/2026\/03\/ISD-Kurucu-uyesi-Prof.-Dr.-Ahmet-Tevfik-Yucesoyun-asirlik-simsir-agacindan-yapilmis-Rejans-Modeli-satranc-takimi-300x225.jpg 300w, https:\/\/shatranj.art\/wp-content\/uploads\/2026\/03\/ISD-Kurucu-uyesi-Prof.-Dr.-Ahmet-Tevfik-Yucesoyun-asirlik-simsir-agacindan-yapilmis-Rejans-Modeli-satranc-takimi-1024x768.jpg 1024w, https:\/\/shatranj.art\/wp-content\/uploads\/2026\/03\/ISD-Kurucu-uyesi-Prof.-Dr.-Ahmet-Tevfik-Yucesoyun-asirlik-simsir-agacindan-yapilmis-Rejans-Modeli-satranc-takimi-768x576.jpg 768w, https:\/\/shatranj.art\/wp-content\/uploads\/2026\/03\/ISD-Kurucu-uyesi-Prof.-Dr.-Ahmet-Tevfik-Yucesoyun-asirlik-simsir-agacindan-yapilmis-Rejans-Modeli-satranc-takimi-1536x1152.jpg 1536w, https:\/\/shatranj.art\/wp-content\/uploads\/2026\/03\/ISD-Kurucu-uyesi-Prof.-Dr.-Ahmet-Tevfik-Yucesoyun-asirlik-simsir-agacindan-yapilmis-Rejans-Modeli-satranc-takimi-2048x1536.jpg 2048w, https:\/\/shatranj.art\/wp-content\/uploads\/2026\/03\/ISD-Kurucu-uyesi-Prof.-Dr.-Ahmet-Tevfik-Yucesoyun-asirlik-simsir-agacindan-yapilmis-Rejans-Modeli-satranc-takimi-16x12.jpg 16w\" sizes=\"(max-width: 2560px) 100vw, 2560px\" \/>\t\t\t\t\t\t\t\t\t\t\t\t\t\t\t<\/div>\n\t\t\t\t<\/div>\n\t\t\t\t<div class=\"elementor-element elementor-element-0b39a21 elementor-widget elementor-widget-image\" data-id=\"0b39a21\" data-element_type=\"widget\" data-e-type=\"widget\" data-widget_type=\"image.default\">\n\t\t\t\t<div class=\"elementor-widget-container\">\n\t\t\t\t\t\t\t\t\t\t\t\t\t\t\t<img loading=\"lazy\" decoding=\"async\" width=\"1700\" height=\"2338\" src=\"https:\/\/shatranj.art\/wp-content\/uploads\/2026\/03\/dogan-gunsav-in-ahmet-tevfik-yucesoy-takimi-hk-001.jpg\" class=\"attachment-full size-full wp-image-1886\" alt=\"\" srcset=\"https:\/\/shatranj.art\/wp-content\/uploads\/2026\/03\/dogan-gunsav-in-ahmet-tevfik-yucesoy-takimi-hk-001.jpg 1700w, https:\/\/shatranj.art\/wp-content\/uploads\/2026\/03\/dogan-gunsav-in-ahmet-tevfik-yucesoy-takimi-hk-001-218x300.jpg 218w, https:\/\/shatranj.art\/wp-content\/uploads\/2026\/03\/dogan-gunsav-in-ahmet-tevfik-yucesoy-takimi-hk-001-745x1024.jpg 745w, https:\/\/shatranj.art\/wp-content\/uploads\/2026\/03\/dogan-gunsav-in-ahmet-tevfik-yucesoy-takimi-hk-001-768x1056.jpg 768w, https:\/\/shatranj.art\/wp-content\/uploads\/2026\/03\/dogan-gunsav-in-ahmet-tevfik-yucesoy-takimi-hk-001-1117x1536.jpg 1117w, https:\/\/shatranj.art\/wp-content\/uploads\/2026\/03\/dogan-gunsav-in-ahmet-tevfik-yucesoy-takimi-hk-001-1489x2048.jpg 1489w, https:\/\/shatranj.art\/wp-content\/uploads\/2026\/03\/dogan-gunsav-in-ahmet-tevfik-yucesoy-takimi-hk-001-9x12.jpg 9w\" sizes=\"(max-width: 1700px) 100vw, 1700px\" \/>\t\t\t\t\t\t\t\t\t\t\t\t\t\t\t<\/div>\n\t\t\t\t<\/div>\n\t\t\t\t\t<\/div>\n\t\t\t\t<\/div>\n\t\t\t\t<\/div>","protected":false},"excerpt":{"rendered":"<p>Aesthetics of the Enlightenment: The R\u00e9gence Legacy of Philidor and Napoleon As one of the most prestigious and iconic designs in chess history, the R\u00e9gence style takes its name from the legendary Caf\u00e9 de la R\u00e9gence in Paris. These sets embody the era when chess migrated from royal courts to the intellectual heart of Europe, [&hellip;]<\/p>\n","protected":false},"author":1,"featured_media":0,"parent":743,"menu_order":0,"comment_status":"closed","ping_status":"closed","template":"","meta":{"footnotes":""},"class_list":["post-809","page","type-page","status-publish","hentry"],"_links":{"self":[{"href":"https:\/\/shatranj.art\/th\/wp-json\/wp\/v2\/pages\/809","targetHints":{"allow":["GET"]}}],"collection":[{"href":"https:\/\/shatranj.art\/th\/wp-json\/wp\/v2\/pages"}],"about":[{"href":"https:\/\/shatranj.art\/th\/wp-json\/wp\/v2\/types\/page"}],"author":[{"embeddable":true,"href":"https:\/\/shatranj.art\/th\/wp-json\/wp\/v2\/users\/1"}],"replies":[{"embeddable":true,"href":"https:\/\/shatranj.art\/th\/wp-json\/wp\/v2\/comments?post=809"}],"version-history":[{"count":16,"href":"https:\/\/shatranj.art\/th\/wp-json\/wp\/v2\/pages\/809\/revisions"}],"predecessor-version":[{"id":1895,"href":"https:\/\/shatranj.art\/th\/wp-json\/wp\/v2\/pages\/809\/revisions\/1895"}],"up":[{"embeddable":true,"href":"https:\/\/shatranj.art\/th\/wp-json\/wp\/v2\/pages\/743"}],"wp:attachment":[{"href":"https:\/\/shatranj.art\/th\/wp-json\/wp\/v2\/media?parent=809"}],"curies":[{"name":"wp","href":"https:\/\/api.w.org\/{rel}","templated":true}]}}